{"id":8119,"date":"2024-07-12T02:36:37","date_gmt":"2024-07-12T02:36:37","guid":{"rendered":"https:\/\/imiapower.com\/?post_type=product&#038;p=8119"},"modified":"2024-07-24T00:39:12","modified_gmt":"2024-07-24T00:39:12","slug":"travel-smart-adapter","status":"publish","type":"product","link":"https:\/\/imiapower.com\/tr\/products\/travel-adapter\/travel-smart-adapter\/","title":{"rendered":"\u00c7in&#039;den ucuz seyahat ak\u0131ll\u0131 adapt\u00f6r 20w"},"content":{"rendered":"<ul>\n<li><strong>seyahat ak\u0131ll\u0131 adapt\u00f6r<\/strong><\/li>\n<li><strong>USB Tip C Ba\u011flant\u0131 Noktalar\u0131:\u00a0<\/strong> 5V\/3A, 9V\/2,23A, 12V\/1,67A, 20V\/1A, (20W Maks.)<\/li>\n<li><strong>USB A Ba\u011flant\u0131 Noktalar\u0131:<\/strong> Ak\u0131ll\u0131 5V\/2,4A Maks,<\/li>\n<li><strong>AC giri\u015fi:<\/strong>100V \u2013 250V 50\/60HZ<\/li>\n<li><strong>Klima \u00c7\u0131k\u0131\u015f\u0131:<\/strong> 880W-110V\/2000W-250V \/ Sigorta 8Amp maks<\/li>\n<li><strong>\u00dcr\u00fcn boyutu:<\/strong> 70*50*55mm<\/li>\n<li><strong>Malzemeler:\u00a0<\/strong> Yang\u0131n Geciktirici PC + Saf bak\u0131r<\/li>\n<li><strong>Fi\u015f tipi:<\/strong>\u00a0 AB \u0130ngiltere ABD AUS fi\u015fleri hepsi bir arada<\/li>\n<li><strong>Di\u015fi Soket:\u00a0<\/strong> D\u00fcnya \u00c7ap\u0131nda Evrensel<\/li>\n<li><strong>Uygun Alan:<\/strong>\u00a0 170&#039;den fazla \u00fclke i\u00e7in evrensel Uluslararas\u0131 seyahatler i\u00e7in en iyi arkada\u015f<\/li>\n<li><strong>Topraklama:<\/strong> Hi\u00e7biri Topraklama<\/li>\n<li><strong>Renk:\u00a0<\/strong> Beyaz, Siyah, renkleri \u00f6zelle\u015ftirin<\/li>\n<li><strong>Kalite Standard\u0131:<\/strong>\u00a0 CE FCC ROHS Onayland\u0131<\/li>\n<li><strong>Numune temin s\u00fcresi:\u00a0<\/strong> \u00d6zel Logo 3 g\u00fcn, \u00d6zel paketleme 5 g\u00fcn, \u00d6zel \u00fcr\u00fcn renk \u00f6rne\u011fi 10 g\u00fcn.<\/li>\n<li><strong>Garanti:\u00a0<\/strong> Ar\u0131zal\u0131 \u00fcr\u00fcn\u00fc 12 ayl\u0131k Garanti S\u00fcresi i\u00e7erisinde \u00fccretsiz olarak yenisiyle de\u011fi\u015ftiriyoruz<\/li>\n<li><strong>M\u00fc\u015fteri servisi:<\/strong>\u00a0 OEM paketiniz i\u00e7in \u00fccretsiz tasar\u0131m ve \u00fcr\u00fcnlere \u00fccretsiz OEM logo bask\u0131s\u0131 sa\u011fl\u0131yoruz.<\/li>\n<\/ul>","protected":false},"excerpt":{"rendered":"<p>Travel smart adapt\u00f6r, farkl\u0131 \u00fclkelere i\u015f seyahatlerimiz s\u0131ras\u0131nda getirebilece\u011fimiz d\u00fcnya \u00e7ap\u0131nda bir adapt\u00f6rd\u00fcr<\/p>","protected":false},"featured_media":8117,"comment_status":"open","ping_status":"closed","template":"","meta":{"rank_math_lock_modified_date":false,"site-sidebar-layout":"default","site-content-layout":"","ast-site-content-layout":"default","site-content-style":"default","site-sidebar-style":"default","ast-global-header-display":"","ast-banner-title-visibility":"","ast-main-header-display":"","ast-hfb-above-header-display":"","ast-hfb-below-header-display":"","ast-hfb-mobile-header-display":"","site-post-title":"","ast-breadcrumbs-content":"","ast-featured-img":"","footer-sml-layout":"","ast-disable-related-posts":"","theme-transparent-header-meta":"default","adv-header-id-meta":"","stick-header-meta":"","header-above-stick-meta":"","header-main-stick-meta":"","header-below-stick-meta":"","astra-migrate-meta-layouts":"set","ast-page-background-enabled":"default","ast-page-background-meta":{"desktop":{"background-color":"","background-image":"","background-repeat":"repeat","background-position":"center center","background-size":"auto","background-attachment":"scroll","background-type":"","background-media":"","overlay-type":"","overlay-color":"","overlay-opacity":"","overlay-gradient":""},"tablet":{"background-color":"","background-image":"","background-repeat":"repeat","background-position":"center center","background-size":"auto","background-attachment":"scroll","background-type":"","background-media":"","overlay-type":"","overlay-color":"","overlay-opacity":"","overlay-gradient":""},"mobile":{"background-color":"","background-image":"","background-repeat":"repeat","background-position":"center center","background-size":"auto","background-attachment":"scroll","background-type":"","background-media":"","overlay-type":"","overlay-color":"","overlay-opacity":"","overlay-gradient":""}},"ast-content-background-meta":{"desktop":{"background-color":"var(--ast-global-color-5)","background-image":"","background-repeat":"repeat","background-position":"center center","background-size":"auto","background-attachment":"scroll","background-type":"","background-media":"","overlay-type":"","overlay-color":"","overlay-opacity":"","overlay-gradient":""},"tablet":{"background-color":"var(--ast-global-color-5)","background-image":"","background-repeat":"repeat","background-position":"center center","background-size":"auto","background-attachment":"scroll","background-type":"","background-media":"","overlay-type":"","overlay-color":"","overlay-opacity":"","overlay-gradient":""},"mobile":{"background-color":"var(--ast-global-color-5)","background-image":"","background-repeat":"repeat","background-position":"center center","background-size":"auto","background-attachment":"scroll","background-type":"","background-media":"","overlay-type":"","overlay-color":"","overlay-opacity":"","overlay-gradient":""}}},"product_cat":[64],"product_tag":[],"class_list":{"0":"post-8119","1":"product","2":"type-product","3":"status-publish","4":"has-post-thumbnail","6":"product_cat-travel-adapter","7":"desktop-align-center","8":"tablet-align-center","9":"mobile-align-center","11":"first","12":"instock","13":"shipping-taxable","14":"product-type-simple"},"_links":{"self":[{"href":"https:\/\/imiapower.com\/tr\/wp-json\/wp\/v2\/product\/8119","targetHints":{"allow":["GET"]}}],"collection":[{"href":"https:\/\/imiapower.com\/tr\/wp-json\/wp\/v2\/product"}],"about":[{"href":"https:\/\/imiapower.com\/tr\/wp-json\/wp\/v2\/types\/product"}],"replies":[{"embeddable":true,"href":"https:\/\/imiapower.com\/tr\/wp-json\/wp\/v2\/comments?post=8119"}],"version-history":[{"count":5,"href":"https:\/\/imiapower.com\/tr\/wp-json\/wp\/v2\/product\/8119\/revisions"}],"predecessor-version":[{"id":8125,"href":"https:\/\/imiapower.com\/tr\/wp-json\/wp\/v2\/product\/8119\/revisions\/8125"}],"wp:featuredmedia":[{"embeddable":true,"href":"https:\/\/imiapower.com\/tr\/wp-json\/wp\/v2\/media\/8117"}],"wp:attachment":[{"href":"https:\/\/imiapower.com\/tr\/wp-json\/wp\/v2\/media?parent=8119"}],"wp:term":[{"taxonomy":"product_cat","embeddable":true,"href":"https:\/\/imiapower.com\/tr\/wp-json\/wp\/v2\/product_cat?post=8119"},{"taxonomy":"product_tag","embeddable":true,"href":"https:\/\/imiapower.com\/tr\/wp-json\/wp\/v2\/product_tag?post=8119"}],"curies":[{"name":"wp","href":"https:\/\/api.w.org\/{rel}","templated":true}]}}