{"id":8204,"date":"2024-07-31T03:36:57","date_gmt":"2024-07-31T03:36:57","guid":{"rendered":"https:\/\/imiapower.com\/?post_type=product&#038;p=8204"},"modified":"2024-07-31T06:47:08","modified_gmt":"2024-07-31T06:47:08","slug":"perfect-travel-adaptor","status":"publish","type":"product","link":"https:\/\/imiapower.com\/tr\/products\/travel-adapter\/perfect-travel-adaptor\/","title":{"rendered":"M\u00fckemmel seyahat adapt\u00f6r\u00fc 12w tedarik\u00e7isi"},"content":{"rendered":"<ul>\n<li><strong>M\u00fckemmel seyahat adapt\u00f6r\u00fc<\/strong><\/li>\n<li><strong>AC giri\u015fi:<\/strong>110-240V\/AC 50-60Hz<\/li>\n<li><strong>\u00a0AC \u00e7\u0131k\u0131\u015f\u0131:<\/strong>6A Maks.(660W\/110V veya 1440W\/240V)<\/li>\n<li><strong>USB1+USB2+USB3 +Tip C \u00e7\u0131k\u0131\u015f\u0131:<\/strong>5V \/2400mA<\/li>\n<li><strong>\u00a0Boyut:<\/strong>50x70x55mm<\/li>\n<li><strong>\u00a0Malzeme:<\/strong> Pi\u015fmi\u015f PC + Cooper metal<\/li>\n<li><strong>A\u00e7\u0131klama:<\/strong> AB\/AU\/\u0130ngiltere\/ABD hepsi bir arada 170&#039;den fazla \u00fclkede kullan\u0131labilir<\/li>\n<li><strong>\u00a0Sertifika:<\/strong> CE, Rohs<\/li>\n<\/ul>","protected":false},"excerpt":{"rendered":"<p>M\u00fckemmel seyahat adapt\u00f6r\u00fc AC giri\u015fi: 110-240V\/AC 50-60Hz AC \u00e7\u0131k\u0131\u015f\u0131: 6A Maks. (660W\/110V veya 1440W\/240V) USB1+USB2+USB3 +Tip C \u00e7\u0131k\u0131\u015f\u0131: 5V \/ 2400mA Boyut: 50x70x55 mm Malzeme: Ate\u015fli PC + Bak\u0131r metal A\u00e7\u0131klama: AB\/AU\/UK\/ABD hepsi bir arada 170&#039;den fazla \u00fclkede kullan\u0131labilir Sertifika: CE, Rohs<\/p>","protected":false},"featured_media":8208,"comment_status":"open","ping_status":"closed","template":"","meta":{"rank_math_lock_modified_date":false,"site-sidebar-layout":"default","site-content-layout":"","ast-site-content-layout":"default","site-content-style":"default","site-sidebar-style":"default","ast-global-header-display":"","ast-banner-title-visibility":"","ast-main-header-display":"","ast-hfb-above-header-display":"","ast-hfb-below-header-display":"","ast-hfb-mobile-header-display":"","site-post-title":"","ast-breadcrumbs-content":"","ast-featured-img":"","footer-sml-layout":"","ast-disable-related-posts":"","theme-transparent-header-meta":"default","adv-header-id-meta":"","stick-header-meta":"","header-above-stick-meta":"","header-main-stick-meta":"","header-below-stick-meta":"","astra-migrate-meta-layouts":"set","ast-page-background-enabled":"default","ast-page-background-meta":{"desktop":{"background-color":"","background-image":"","background-repeat":"repeat","background-position":"center center","background-size":"auto","background-attachment":"scroll","background-type":"","background-media":"","overlay-type":"","overlay-color":"","overlay-opacity":"","overlay-gradient":""},"tablet":{"background-color":"","background-image":"","background-repeat":"repeat","background-position":"center center","background-size":"auto","background-attachment":"scroll","background-type":"","background-media":"","overlay-type":"","overlay-color":"","overlay-opacity":"","overlay-gradient":""},"mobile":{"background-color":"","background-image":"","background-repeat":"repeat","background-position":"center center","background-size":"auto","background-attachment":"scroll","background-type":"","background-media":"","overlay-type":"","overlay-color":"","overlay-opacity":"","overlay-gradient":""}},"ast-content-background-meta":{"desktop":{"background-color":"var(--ast-global-color-5)","background-image":"","background-repeat":"repeat","background-position":"center center","background-size":"auto","background-attachment":"scroll","background-type":"","background-media":"","overlay-type":"","overlay-color":"","overlay-opacity":"","overlay-gradient":""},"tablet":{"background-color":"var(--ast-global-color-5)","background-image":"","background-repeat":"repeat","background-position":"center center","background-size":"auto","background-attachment":"scroll","background-type":"","background-media":"","overlay-type":"","overlay-color":"","overlay-opacity":"","overlay-gradient":""},"mobile":{"background-color":"var(--ast-global-color-5)","background-image":"","background-repeat":"repeat","background-position":"center center","background-size":"auto","background-attachment":"scroll","background-type":"","background-media":"","overlay-type":"","overlay-color":"","overlay-opacity":"","overlay-gradient":""}}},"product_cat":[64],"product_tag":[],"class_list":{"0":"post-8204","1":"product","2":"type-product","3":"status-publish","4":"has-post-thumbnail","6":"product_cat-travel-adapter","7":"desktop-align-center","8":"tablet-align-center","9":"mobile-align-center","11":"first","12":"instock","13":"shipping-taxable","14":"product-type-simple"},"_links":{"self":[{"href":"https:\/\/imiapower.com\/tr\/wp-json\/wp\/v2\/product\/8204","targetHints":{"allow":["GET"]}}],"collection":[{"href":"https:\/\/imiapower.com\/tr\/wp-json\/wp\/v2\/product"}],"about":[{"href":"https:\/\/imiapower.com\/tr\/wp-json\/wp\/v2\/types\/product"}],"replies":[{"embeddable":true,"href":"https:\/\/imiapower.com\/tr\/wp-json\/wp\/v2\/comments?post=8204"}],"version-history":[{"count":3,"href":"https:\/\/imiapower.com\/tr\/wp-json\/wp\/v2\/product\/8204\/revisions"}],"predecessor-version":[{"id":8210,"href":"https:\/\/imiapower.com\/tr\/wp-json\/wp\/v2\/product\/8204\/revisions\/8210"}],"wp:featuredmedia":[{"embeddable":true,"href":"https:\/\/imiapower.com\/tr\/wp-json\/wp\/v2\/media\/8208"}],"wp:attachment":[{"href":"https:\/\/imiapower.com\/tr\/wp-json\/wp\/v2\/media?parent=8204"}],"wp:term":[{"taxonomy":"product_cat","embeddable":true,"href":"https:\/\/imiapower.com\/tr\/wp-json\/wp\/v2\/product_cat?post=8204"},{"taxonomy":"product_tag","embeddable":true,"href":"https:\/\/imiapower.com\/tr\/wp-json\/wp\/v2\/product_tag?post=8204"}],"curies":[{"name":"wp","href":"https:\/\/api.w.org\/{rel}","templated":true}]}}