{"id":8212,"date":"2024-08-01T03:32:18","date_gmt":"2024-08-01T03:32:18","guid":{"rendered":"https:\/\/imiapower.com\/?post_type=product&#038;p=8212"},"modified":"2024-08-16T10:07:26","modified_gmt":"2024-08-16T10:07:26","slug":"travel-plug-adapters","status":"publish","type":"product","link":"https:\/\/imiapower.com\/tr\/products\/travel-adapter\/travel-plug-adapters\/","title":{"rendered":"\u00c7in&#039;de g\u00fc\u00e7l\u00fc seyahat fi\u015fi adapt\u00f6rleri 30w tedarik\u00e7isi"},"content":{"rendered":"<ul>\n<li><strong>seyahat fi\u015fi adapt\u00f6rleri<\/strong><\/li>\n<li><strong>AC giri\u015fi:<\/strong>100~250V\/AC 50-60Hz<\/li>\n<li><strong>AC \u00e7\u0131k\u0131\u015f\u0131:<\/strong>6A Maks.(660W\/100V veya 1330W\/250V)<\/li>\n<li><strong>PD \u00c7\u0131k\u0131\u015f\u0131:<\/strong> 5V3A\/9V3A\/12V2.5A\/15V2A\/20V1.5A (Maks. 30W)<\/li>\n<li><strong>QC3.0 \u00c7\u0131k\u0131\u015f\u0131:<\/strong> 5V3A\/9V2A\/12V1.5A (Maks. 18W)<\/li>\n<li><strong>PD+ Kalite Kontrol:<\/strong> 5V 4A (Maks. 20W\uff09<\/li>\n<li><strong>Boyut:<\/strong>50x70x55mm<\/li>\n<li><strong>Malzeme:<\/strong> Pi\u015fmi\u015f PC + bak\u0131r metal + kau\u00e7uk Ya\u011f\u0131<\/li>\n<li><strong>A\u00e7\u0131klama:<\/strong> AB\/AU\/\u0130ngiltere\/ABD hepsi bir arada 170&#039;den fazla \u00fclkede kullan\u0131labilir<\/li>\n<li><strong>Sertifika:<\/strong> CE, Rohs<\/li>\n<\/ul>","protected":false},"excerpt":{"rendered":"<p>Bu 30w seyahat fi\u015fi adapt\u00f6r\u00fcn\u00fcn iki versiyonu var, biri 1 USB-A ve Type-C ba\u011flant\u0131 noktas\u0131na sahip, \u00e7\u00fcnk\u00fc baz\u0131 m\u00fc\u015fteriler daha ucuz bir fiyata 1 USB-A ve 1 USB-C evrensel seyahat adapt\u00f6r\u00fcn\u00fc tercih ediyor ve di\u011feri ise ayn\u0131 anda bir\u00e7ok cihaz\u0131 \u015farj edebilen \u00e7ift USB-A ve \u00e7ift Type-C ba\u011flant\u0131 noktas\u0131na sahip, her zaman pazar trendlerine ve t\u00fcketici al\u0131\u015fkanl\u0131klar\u0131na g\u00f6re \u00fcr\u00fcn tasarl\u0131yoruz<\/p>\n<p>&nbsp;<\/p>","protected":false},"featured_media":8215,"comment_status":"open","ping_status":"closed","template":"","meta":{"rank_math_lock_modified_date":false,"site-sidebar-layout":"default","site-content-layout":"","ast-site-content-layout":"default","site-content-style":"default","site-sidebar-style":"default","ast-global-header-display":"","ast-banner-title-visibility":"","ast-main-header-display":"","ast-hfb-above-header-display":"","ast-hfb-below-header-display":"","ast-hfb-mobile-header-display":"","site-post-title":"","ast-breadcrumbs-content":"","ast-featured-img":"","footer-sml-layout":"","ast-disable-related-posts":"","theme-transparent-header-meta":"default","adv-header-id-meta":"","stick-header-meta":"","header-above-stick-meta":"","header-main-stick-meta":"","header-below-stick-meta":"","astra-migrate-meta-layouts":"set","ast-page-background-enabled":"default","ast-page-background-meta":{"desktop":{"background-color":"","background-image":"","background-repeat":"repeat","background-position":"center center","background-size":"auto","background-attachment":"scroll","background-type":"","background-media":"","overlay-type":"","overlay-color":"","overlay-opacity":"","overlay-gradient":""},"tablet":{"background-color":"","background-image":"","background-repeat":"repeat","background-position":"center center","background-size":"auto","background-attachment":"scroll","background-type":"","background-media":"","overlay-type":"","overlay-color":"","overlay-opacity":"","overlay-gradient":""},"mobile":{"background-color":"","background-image":"","background-repeat":"repeat","background-position":"center center","background-size":"auto","background-attachment":"scroll","background-type":"","background-media":"","overlay-type":"","overlay-color":"","overlay-opacity":"","overlay-gradient":""}},"ast-content-background-meta":{"desktop":{"background-color":"var(--ast-global-color-5)","background-image":"","background-repeat":"repeat","background-position":"center center","background-size":"auto","background-attachment":"scroll","background-type":"","background-media":"","overlay-type":"","overlay-color":"","overlay-opacity":"","overlay-gradient":""},"tablet":{"background-color":"var(--ast-global-color-5)","background-image":"","background-repeat":"repeat","background-position":"center center","background-size":"auto","background-attachment":"scroll","background-type":"","background-media":"","overlay-type":"","overlay-color":"","overlay-opacity":"","overlay-gradient":""},"mobile":{"background-color":"var(--ast-global-color-5)","background-image":"","background-repeat":"repeat","background-position":"center center","background-size":"auto","background-attachment":"scroll","background-type":"","background-media":"","overlay-type":"","overlay-color":"","overlay-opacity":"","overlay-gradient":""}}},"product_cat":[64],"product_tag":[],"class_list":{"0":"post-8212","1":"product","2":"type-product","3":"status-publish","4":"has-post-thumbnail","6":"product_cat-travel-adapter","7":"desktop-align-center","8":"tablet-align-center","9":"mobile-align-center","11":"first","12":"instock","13":"shipping-taxable","14":"product-type-simple"},"_links":{"self":[{"href":"https:\/\/imiapower.com\/tr\/wp-json\/wp\/v2\/product\/8212","targetHints":{"allow":["GET"]}}],"collection":[{"href":"https:\/\/imiapower.com\/tr\/wp-json\/wp\/v2\/product"}],"about":[{"href":"https:\/\/imiapower.com\/tr\/wp-json\/wp\/v2\/types\/product"}],"replies":[{"embeddable":true,"href":"https:\/\/imiapower.com\/tr\/wp-json\/wp\/v2\/comments?post=8212"}],"version-history":[{"count":3,"href":"https:\/\/imiapower.com\/tr\/wp-json\/wp\/v2\/product\/8212\/revisions"}],"predecessor-version":[{"id":8284,"href":"https:\/\/imiapower.com\/tr\/wp-json\/wp\/v2\/product\/8212\/revisions\/8284"}],"wp:featuredmedia":[{"embeddable":true,"href":"https:\/\/imiapower.com\/tr\/wp-json\/wp\/v2\/media\/8215"}],"wp:attachment":[{"href":"https:\/\/imiapower.com\/tr\/wp-json\/wp\/v2\/media?parent=8212"}],"wp:term":[{"taxonomy":"product_cat","embeddable":true,"href":"https:\/\/imiapower.com\/tr\/wp-json\/wp\/v2\/product_cat?post=8212"},{"taxonomy":"product_tag","embeddable":true,"href":"https:\/\/imiapower.com\/tr\/wp-json\/wp\/v2\/product_tag?post=8212"}],"curies":[{"name":"wp","href":"https:\/\/api.w.org\/{rel}","templated":true}]}}