{"id":8303,"date":"2025-02-23T01:12:15","date_gmt":"2025-02-23T01:12:15","guid":{"rendered":"https:\/\/imiapower.com\/?post_type=product&#038;p=8303"},"modified":"2025-03-27T07:40:48","modified_gmt":"2025-03-27T07:40:48","slug":"140w-travel-adapter","status":"publish","type":"product","link":"https:\/\/imiapower.com\/tr\/products\/travel-adapter\/140w-travel-adapter\/","title":{"rendered":"\u00c7in tasar\u0131m\u0131ndan g\u00fc\u00e7l\u00fc 140w seyahat adapt\u00f6r\u00fc"},"content":{"rendered":"<ul>\n<li><strong>\u00a0140w seyahat adapt\u00f6r\u00fc<\/strong><\/li>\n<li><strong>AC giri\u015fi:<\/strong>100~250V\/AC 50-60Hz 0,8A<\/li>\n<li><strong>G\u00fc\u00e7 derecesi:<\/strong>10A Maks. (1100W\/110V veya 2500W\/250V)<\/li>\n<li><strong>USB \u00e7\u0131k\u0131\u015f\u0131:<\/strong> 5V3A\/9V2A\/12V 1,5A (Maks. 18W)<\/li>\n<li><strong>Tip C3\/C4 ak\u0131ll\u0131 \u00e7\u0131k\u0131\u015f:<\/strong> 5V3.4A<\/li>\n<li><strong>C1 \u00e7\u0131k\u0131\u015f tipi:<\/strong> \u00a05V3A \/ 9V3A \/ 12V3A \/ 15V3A \/ 20V5A \/ 28V5A 140W PPS:5-21V 5A<\/li>\n<li><strong>C2 T\u00fcr\u00fc\uff1a<\/strong>5V3A \/ 9V3A \/ 12V3A \/ 15V3A \/ 20V5A 100W PPS:5-21V 5A<\/li>\n<li><strong>C1+C2: <\/strong>100W+35W<\/li>\n<li><strong>Boyut: <\/strong>90*50,5*57mm<\/li>\n<li><strong>Sertifika:<\/strong> UKCA, CE<\/li>\n<\/ul>","protected":false},"excerpt":{"rendered":"<p><img fetchpriority=\"high\" decoding=\"async\" class=\"alignnone wp-image-8646 size-full\" src=\"https:\/\/imiapower.com\/wp-content\/uploads\/Universal-Travel-Adapter-1.jpg\" alt=\"140w seyahat adapt\u00f6r\u00fc\" width=\"800\" height=\"800\" srcset=\"https:\/\/imiapower.com\/wp-content\/uploads\/Universal-Travel-Adapter-1.jpg 800w, https:\/\/imiapower.com\/wp-content\/uploads\/Universal-Travel-Adapter-1-300x300.jpg 300w, https:\/\/imiapower.com\/wp-content\/uploads\/Universal-Travel-Adapter-1-100x100.jpg 100w, https:\/\/imiapower.com\/wp-content\/uploads\/Universal-Travel-Adapter-1-600x600.jpg 600w, https:\/\/imiapower.com\/wp-content\/uploads\/Universal-Travel-Adapter-1-64x64.jpg 64w, https:\/\/imiapower.com\/wp-content\/uploads\/Universal-Travel-Adapter-1-150x150.jpg 150w, https:\/\/imiapower.com\/wp-content\/uploads\/Universal-Travel-Adapter-1-768x768.jpg 768w, https:\/\/imiapower.com\/wp-content\/uploads\/Universal-Travel-Adapter-1-12x12.jpg 12w\" sizes=\"(max-width: 800px) 100vw, 800px\" \/><\/p>\n<p><img decoding=\"async\" class=\"alignnone wp-image-8647 size-full\" src=\"https:\/\/imiapower.com\/wp-content\/uploads\/Universal-Travel-Adapter.jpg\" alt=\"140w seyahat adapt\u00f6r\u00fc\" width=\"800\" height=\"800\" srcset=\"https:\/\/imiapower.com\/wp-content\/uploads\/Universal-Travel-Adapter.jpg 800w, https:\/\/imiapower.com\/wp-content\/uploads\/Universal-Travel-Adapter-300x300.jpg 300w, https:\/\/imiapower.com\/wp-content\/uploads\/Universal-Travel-Adapter-100x100.jpg 100w, https:\/\/imiapower.com\/wp-content\/uploads\/Universal-Travel-Adapter-600x600.jpg 600w, https:\/\/imiapower.com\/wp-content\/uploads\/Universal-Travel-Adapter-64x64.jpg 64w, https:\/\/imiapower.com\/wp-content\/uploads\/Universal-Travel-Adapter-150x150.jpg 150w, https:\/\/imiapower.com\/wp-content\/uploads\/Universal-Travel-Adapter-768x768.jpg 768w, https:\/\/imiapower.com\/wp-content\/uploads\/Universal-Travel-Adapter-12x12.jpg 12w\" sizes=\"(max-width: 800px) 100vw, 800px\" \/><\/p>\n<p>140w seyahat adapt\u00f6r\u00fc, Apple, Dell ve HP gibi markalar\u0131n y\u00fcksek performansl\u0131 modelleri nedeniyle artan talep nedeniyle, h\u0131zl\u0131 \u015farj i\u00e7in giderek daha fazla 100W veya daha fazlas\u0131na ihtiya\u00e7 duyuyor. Daha y\u00fcksek watt&#039;l\u0131 adapt\u00f6rler bu cihazlar\u0131 daha verimli bir \u015fekilde destekler, farkl\u0131 \u00fclkelere seyahat eden i\u015f adamlar\u0131 i\u00e7in, zaman parad\u0131r, i\u015flerini yapmak i\u00e7in diz\u00fcst\u00fc bilgisayarlar, ak\u0131ll\u0131 telefonlar ve diz\u00fcst\u00fc bilgisayarlar gibi cihazlar\u0131n verimli bir \u015fekilde \u015farj olmas\u0131na ihtiya\u00e7 duyarlar<\/p>\n<p>Avrupa Birli\u011fi&#039;nin elektronik cihazlar i\u00e7in USB-C&#039;yi standart \u015farj portu olarak zorunlu tutmas\u0131yla birlikte, k\u00fcresel \u00e7apta benimsenmenin artmas\u0131 bekleniyor; 4 USB-C \u015farj portuna sahip bu adapt\u00f6r, t\u00fcketicilerin \u015farj gereksinimlerini kar\u015f\u0131layabilir<\/p>\n<p>T\u00fcketiciler, \u00f6zellikle seyahat ederken t\u00fcm cihazlar\u0131 i\u00e7in tek bir adapt\u00f6r ta\u015f\u0131malar\u0131na olanak tan\u0131yan minimalist \u00e7\u00f6z\u00fcmler ar\u0131yor. 140W adapt\u00f6r, birden fazla adapt\u00f6r\u00fcn yerini alabilir ve bu da onu i\u015f seyahatindekiler ve turist seyahatindekiler de dahil olmak \u00fczere s\u0131k seyahat edenler i\u00e7in \u00e7ekici hale getirir<\/p>\n<p>GaN teknolojisi bu tasar\u0131m\u0131 140W seyahat adapt\u00f6rlerini \u00e7ok b\u00fcy\u00fck bir boyuta sahip olmadan yapar, ta\u015f\u0131nabilir ve enerji tasarrufludur, bu t\u00fcketici farkl\u0131 \u00fclkelere seyahat etti\u011finde de\u011ferli bir \u015farj cihaz\u0131d\u0131r<\/p>\n<p>&nbsp;<\/p>","protected":false},"featured_media":8309,"comment_status":"open","ping_status":"closed","template":"","meta":{"rank_math_lock_modified_date":false,"site-sidebar-layout":"default","site-content-layout":"","ast-site-content-layout":"default","site-content-style":"default","site-sidebar-style":"default","ast-global-header-display":"","ast-banner-title-visibility":"","ast-main-header-display":"","ast-hfb-above-header-display":"","ast-hfb-below-header-display":"","ast-hfb-mobile-header-display":"","site-post-title":"","ast-breadcrumbs-content":"","ast-featured-img":"","footer-sml-layout":"","ast-disable-related-posts":"","theme-transparent-header-meta":"default","adv-header-id-meta":"","stick-header-meta":"","header-above-stick-meta":"","header-main-stick-meta":"","header-below-stick-meta":"","astra-migrate-meta-layouts":"set","ast-page-background-enabled":"default","ast-page-background-meta":{"desktop":{"background-color":"","background-image":"","background-repeat":"repeat","background-position":"center center","background-size":"auto","background-attachment":"scroll","background-type":"","background-media":"","overlay-type":"","overlay-color":"","overlay-opacity":"","overlay-gradient":""},"tablet":{"background-color":"","background-image":"","background-repeat":"repeat","background-position":"center center","background-size":"auto","background-attachment":"scroll","background-type":"","background-media":"","overlay-type":"","overlay-color":"","overlay-opacity":"","overlay-gradient":""},"mobile":{"background-color":"","background-image":"","background-repeat":"repeat","background-position":"center center","background-size":"auto","background-attachment":"scroll","background-type":"","background-media":"","overlay-type":"","overlay-color":"","overlay-opacity":"","overlay-gradient":""}},"ast-content-background-meta":{"desktop":{"background-color":"var(--ast-global-color-5)","background-image":"","background-repeat":"repeat","background-position":"center center","background-size":"auto","background-attachment":"scroll","background-type":"","background-media":"","overlay-type":"","overlay-color":"","overlay-opacity":"","overlay-gradient":""},"tablet":{"background-color":"var(--ast-global-color-5)","background-image":"","background-repeat":"repeat","background-position":"center center","background-size":"auto","background-attachment":"scroll","background-type":"","background-media":"","overlay-type":"","overlay-color":"","overlay-opacity":"","overlay-gradient":""},"mobile":{"background-color":"var(--ast-global-color-5)","background-image":"","background-repeat":"repeat","background-position":"center center","background-size":"auto","background-attachment":"scroll","background-type":"","background-media":"","overlay-type":"","overlay-color":"","overlay-opacity":"","overlay-gradient":""}}},"product_cat":[64],"product_tag":[],"class_list":{"0":"post-8303","1":"product","2":"type-product","3":"status-publish","4":"has-post-thumbnail","6":"product_cat-travel-adapter","7":"desktop-align-center","8":"tablet-align-center","9":"mobile-align-center","11":"first","12":"instock","13":"featured","14":"shipping-taxable","15":"product-type-simple"},"_links":{"self":[{"href":"https:\/\/imiapower.com\/tr\/wp-json\/wp\/v2\/product\/8303","targetHints":{"allow":["GET"]}}],"collection":[{"href":"https:\/\/imiapower.com\/tr\/wp-json\/wp\/v2\/product"}],"about":[{"href":"https:\/\/imiapower.com\/tr\/wp-json\/wp\/v2\/types\/product"}],"replies":[{"embeddable":true,"href":"https:\/\/imiapower.com\/tr\/wp-json\/wp\/v2\/comments?post=8303"}],"version-history":[{"count":8,"href":"https:\/\/imiapower.com\/tr\/wp-json\/wp\/v2\/product\/8303\/revisions"}],"predecessor-version":[{"id":8312,"href":"https:\/\/imiapower.com\/tr\/wp-json\/wp\/v2\/product\/8303\/revisions\/8312"}],"wp:featuredmedia":[{"embeddable":true,"href":"https:\/\/imiapower.com\/tr\/wp-json\/wp\/v2\/media\/8309"}],"wp:attachment":[{"href":"https:\/\/imiapower.com\/tr\/wp-json\/wp\/v2\/media?parent=8303"}],"wp:term":[{"taxonomy":"product_cat","embeddable":true,"href":"https:\/\/imiapower.com\/tr\/wp-json\/wp\/v2\/product_cat?post=8303"},{"taxonomy":"product_tag","embeddable":true,"href":"https:\/\/imiapower.com\/tr\/wp-json\/wp\/v2\/product_tag?post=8303"}],"curies":[{"name":"wp","href":"https:\/\/api.w.org\/{rel}","templated":true}]}}