{"id":8314,"date":"2025-02-20T01:34:46","date_gmt":"2025-02-20T01:34:46","guid":{"rendered":"https:\/\/imiapower.com\/?post_type=product&#038;p=8314"},"modified":"2025-06-13T07:24:28","modified_gmt":"2025-06-13T07:24:28","slug":"universal-travel-plug-adaptor","status":"publish","type":"product","link":"https:\/\/imiapower.com\/tr\/products\/travel-adapter\/universal-travel-plug-adaptor\/","title":{"rendered":"Pop\u00fcler Evrensel Seyahat Fi\u015fi Adapt\u00f6r\u00fc toptan"},"content":{"rendered":"<ul>\n<li><strong> Evrensel Seyahat Fi\u015fi Adapt\u00f6r\u00fc<\/strong><\/li>\n<li><strong>AC giri\u015fi:<\/strong>100~250V\/AC 50-60Hz 0,8A<\/li>\n<li><strong>G\u00fc\u00e7 derecesi:<\/strong>10A Maks. (1100W\/110V veya 2500W\/250V)<\/li>\n<li><strong>USB \u00e7\u0131k\u0131\u015f\u0131:<\/strong>5V3A\/9V2A\/12V 1,5A (Maks. 18W)<\/li>\n<li><strong>Tip C3\/C4 ak\u0131ll\u0131 \u00e7\u0131k\u0131\u015f:<\/strong>5V3.4A<\/li>\n<li><strong>C1 \u00e7\u0131k\u0131\u015f tipi:<\/strong> 5V3A \/ 9V3A \/ 12V3A \/ 15V3A \/ 20V5A 100W PPS:5-21V 5A<\/li>\n<li><strong>Tip C2 \u00e7\u0131k\u0131\u015f\u0131\uff1a<\/strong>5V3A \/ 9V3A \/ 12V3A \/ 15V3A \/ 20V5A 100W PPS:5-21V 5A<\/li>\n<li><strong>Boyut:<\/strong>90*50,5*57mm<\/li>\n<li><strong>Sertifika: <\/strong>UKCA, CE<\/li>\n<\/ul>","protected":false},"excerpt":{"rendered":"<p><img fetchpriority=\"high\" decoding=\"async\" class=\"alignnone wp-image-9256 size-full\" src=\"https:\/\/imiapower.com\/wp-content\/uploads\/2-2.jpg\" alt=\"evrensel seyahat adapt\u00f6r\u00fc\" width=\"800\" height=\"800\" srcset=\"https:\/\/imiapower.com\/wp-content\/uploads\/2-2.jpg 800w, https:\/\/imiapower.com\/wp-content\/uploads\/2-2-300x300.jpg 300w, https:\/\/imiapower.com\/wp-content\/uploads\/2-2-150x150.jpg 150w, https:\/\/imiapower.com\/wp-content\/uploads\/2-2-768x768.jpg 768w, https:\/\/imiapower.com\/wp-content\/uploads\/2-2-12x12.jpg 12w, https:\/\/imiapower.com\/wp-content\/uploads\/2-2-600x600.jpg 600w, https:\/\/imiapower.com\/wp-content\/uploads\/2-2-100x100.jpg 100w, https:\/\/imiapower.com\/wp-content\/uploads\/2-2-64x64.jpg 64w\" sizes=\"(max-width: 800px) 100vw, 800px\" \/><\/p>\n<p>Ayn\u0131 g\u00f6vde tasar\u0131m\u0131 i\u00e7in, biri 100w, di\u011feri 140w olmak \u00fczere iki farkl\u0131 g\u00fc\u00e7 se\u00e7ene\u011fimiz var; bunlar piyasa trendini takip ediyor ve t\u00fcketicinin en iyi \u015farj deneyimini elde etmesini sa\u011fl\u0131yor<\/p>\n<p>Evrensel seyahat fi\u015fi adapt\u00f6r\u00fc uyumlulu\u011fu, JP\/US, AUS, EU ve UK soketleriyle 170&#039;den fazla \u00fclkede her zaman kullan\u0131l\u0131r<\/p>\n<p>Fabrikam\u0131z her zaman y\u00fcksek kaliteli seyahat adapt\u00f6r\u00fc \u00fcretimi, GaN teknoloji tasar\u0131m\u0131 ve \u00e7ift sigorta korumas\u0131 i\u00e7in ate\u015flenmi\u015f PC kullan\u0131r<\/p>\n<p>Evrensel seyahat adapt\u00f6r\u00fc, d\u00fcnya \u00e7ap\u0131nda ba\u011flant\u0131ya sahip, geni\u015f uyumluluklu bir \u015farj cihaz\u0131d\u0131r, yurtd\u0131\u015f\u0131na seyahat eden i\u015f adamlar\u0131 i\u00e7in iyi bir se\u00e7imdir.<\/p>\n<p>100W evrensel adapt\u00f6rler, ak\u0131ll\u0131 telefonlar\u0131n\u0131z\u0131, tabletlerinizi veya di\u011fer USB ile \u00e7al\u0131\u015fan cihazlar\u0131n\u0131z\u0131 birlikte \u015farj etmenizi sa\u011flayan USB-A ve USB-C \u015farj ba\u011flant\u0131 noktalar\u0131yla birlikte gelir<\/p>\n<p>G\u00fcvenlik \u00f6zellikleri \u015funlard\u0131r: A\u015f\u0131r\u0131 y\u00fck korumas\u0131, K\u0131sa devre korumas\u0131, A\u015f\u0131r\u0131 gerilim korumas\u0131, Yang\u0131na dayan\u0131kl\u0131 malzemeler<\/p>\n<p>Ziyaret etti\u011finiz her \u00fclke i\u00e7in ayr\u0131 adapt\u00f6rler sat\u0131n almak yerine, evrensel seyahat fi\u015fi adapt\u00f6r\u00fc uzun vadede paradan tasarruf etmenizi sa\u011flar. Uluslararas\u0131 seyahatleriniz i\u00e7in hepsi bir arada bir \u00e7\u00f6z\u00fcmd\u00fcr.<\/p>","protected":false},"featured_media":8320,"comment_status":"open","ping_status":"closed","template":"","meta":{"rank_math_lock_modified_date":false,"site-sidebar-layout":"default","site-content-layout":"","ast-site-content-layout":"default","site-content-style":"default","site-sidebar-style":"default","ast-global-header-display":"","ast-banner-title-visibility":"","ast-main-header-display":"","ast-hfb-above-header-display":"","ast-hfb-below-header-display":"","ast-hfb-mobile-header-display":"","site-post-title":"","ast-breadcrumbs-content":"","ast-featured-img":"","footer-sml-layout":"","ast-disable-related-posts":"","theme-transparent-header-meta":"default","adv-header-id-meta":"","stick-header-meta":"","header-above-stick-meta":"","header-main-stick-meta":"","header-below-stick-meta":"","astra-migrate-meta-layouts":"set","ast-page-background-enabled":"default","ast-page-background-meta":{"desktop":{"background-color":"","background-image":"","background-repeat":"repeat","background-position":"center center","background-size":"auto","background-attachment":"scroll","background-type":"","background-media":"","overlay-type":"","overlay-color":"","overlay-opacity":"","overlay-gradient":""},"tablet":{"background-color":"","background-image":"","background-repeat":"repeat","background-position":"center center","background-size":"auto","background-attachment":"scroll","background-type":"","background-media":"","overlay-type":"","overlay-color":"","overlay-opacity":"","overlay-gradient":""},"mobile":{"background-color":"","background-image":"","background-repeat":"repeat","background-position":"center center","background-size":"auto","background-attachment":"scroll","background-type":"","background-media":"","overlay-type":"","overlay-color":"","overlay-opacity":"","overlay-gradient":""}},"ast-content-background-meta":{"desktop":{"background-color":"var(--ast-global-color-5)","background-image":"","background-repeat":"repeat","background-position":"center center","background-size":"auto","background-attachment":"scroll","background-type":"","background-media":"","overlay-type":"","overlay-color":"","overlay-opacity":"","overlay-gradient":""},"tablet":{"background-color":"var(--ast-global-color-5)","background-image":"","background-repeat":"repeat","background-position":"center center","background-size":"auto","background-attachment":"scroll","background-type":"","background-media":"","overlay-type":"","overlay-color":"","overlay-opacity":"","overlay-gradient":""},"mobile":{"background-color":"var(--ast-global-color-5)","background-image":"","background-repeat":"repeat","background-position":"center center","background-size":"auto","background-attachment":"scroll","background-type":"","background-media":"","overlay-type":"","overlay-color":"","overlay-opacity":"","overlay-gradient":""}}},"product_cat":[64],"product_tag":[],"class_list":{"0":"post-8314","1":"product","2":"type-product","3":"status-publish","4":"has-post-thumbnail","6":"product_cat-travel-adapter","7":"desktop-align-center","8":"tablet-align-center","9":"mobile-align-center","11":"first","12":"instock","13":"featured","14":"shipping-taxable","15":"product-type-simple"},"_links":{"self":[{"href":"https:\/\/imiapower.com\/tr\/wp-json\/wp\/v2\/product\/8314","targetHints":{"allow":["GET"]}}],"collection":[{"href":"https:\/\/imiapower.com\/tr\/wp-json\/wp\/v2\/product"}],"about":[{"href":"https:\/\/imiapower.com\/tr\/wp-json\/wp\/v2\/types\/product"}],"replies":[{"embeddable":true,"href":"https:\/\/imiapower.com\/tr\/wp-json\/wp\/v2\/comments?post=8314"}],"version-history":[{"count":6,"href":"https:\/\/imiapower.com\/tr\/wp-json\/wp\/v2\/product\/8314\/revisions"}],"predecessor-version":[{"id":9257,"href":"https:\/\/imiapower.com\/tr\/wp-json\/wp\/v2\/product\/8314\/revisions\/9257"}],"wp:featuredmedia":[{"embeddable":true,"href":"https:\/\/imiapower.com\/tr\/wp-json\/wp\/v2\/media\/8320"}],"wp:attachment":[{"href":"https:\/\/imiapower.com\/tr\/wp-json\/wp\/v2\/media?parent=8314"}],"wp:term":[{"taxonomy":"product_cat","embeddable":true,"href":"https:\/\/imiapower.com\/tr\/wp-json\/wp\/v2\/product_cat?post=8314"},{"taxonomy":"product_tag","embeddable":true,"href":"https:\/\/imiapower.com\/tr\/wp-json\/wp\/v2\/product_tag?post=8314"}],"curies":[{"name":"wp","href":"https:\/\/api.w.org\/{rel}","templated":true}]}}