{"id":8335,"date":"2024-10-15T07:46:38","date_gmt":"2024-10-15T07:46:38","guid":{"rendered":"https:\/\/imiapower.com\/?post_type=product&#038;p=8335"},"modified":"2025-06-24T03:20:04","modified_gmt":"2025-06-24T03:20:04","slug":"best-international-charger","status":"publish","type":"product","link":"https:\/\/imiapower.com\/tr\/products\/travel-adapter\/best-international-charger\/","title":{"rendered":"Seyahat i\u00e7in en iyi uluslararas\u0131 \u015farj cihaz\u0131"},"content":{"rendered":"<ul>\n<li><strong>En iyi uluslararas\u0131 \u015farj cihaz\u0131<\/strong><\/li>\n<li><strong>AC giri\u015fi:<\/strong>110~250V\/AC 50-60Hz<\/li>\n<li><strong>G\u00fc\u00e7 derecesi:<\/strong> 10A Maksimum (1100W\/110V veya 2500W\/250V)<\/li>\n<li><strong>USB \u00e7\u0131k\u0131\u015f\u0131:<\/strong> 5V3A\/9V2A\/12V1.5A(Maks. 18W)<\/li>\n<li><strong>Tip C1\/C2\/C3 \u00e7\u0131k\u0131\u015f\u0131:<\/strong> 5V3A (Maksimum 15W)<\/li>\n<li><strong>C4 \u00e7\u0131k\u0131\u015f tipi:<\/strong> 5V3A, 9V3A, 12V3A, 15V3A, 20V3.25A (Maks: 65w)<\/li>\n<li><strong>Ask\u0131 kablosu:<\/strong> Ask\u0131 i\u00e7in 20mm uzunlu\u011funda c&#039;den c&#039;ye kablo<\/li>\n<li><strong>Boyut:<\/strong> 73*50*57mm<\/li>\n<li><strong>A\u011f\u0131rl\u0131k:<\/strong> 215 gr<\/li>\n<li><strong>Malzeme:<\/strong> ate\u015flenmi\u015f pc+bak\u0131r metal<\/li>\n<li><strong>Sertifikasyon:<\/strong> UKCA, CE, FCC, RoHS<\/li>\n<\/ul>","protected":false},"excerpt":{"rendered":"<p><img fetchpriority=\"high\" decoding=\"async\" class=\"alignnone size-medium wp-image-8623\" src=\"https:\/\/imiapower.com\/wp-content\/uploads\/Travel-Adapter-1-300x300.jpg\" alt=\"en iyi uluslararas\u0131 \u015farj cihaz\u0131\" width=\"300\" height=\"300\" srcset=\"https:\/\/imiapower.com\/wp-content\/uploads\/Travel-Adapter-1-300x300.jpg 300w, https:\/\/imiapower.com\/wp-content\/uploads\/Travel-Adapter-1-100x100.jpg 100w, https:\/\/imiapower.com\/wp-content\/uploads\/Travel-Adapter-1-600x600.jpg 600w, https:\/\/imiapower.com\/wp-content\/uploads\/Travel-Adapter-1-64x64.jpg 64w, https:\/\/imiapower.com\/wp-content\/uploads\/Travel-Adapter-1-150x150.jpg 150w, https:\/\/imiapower.com\/wp-content\/uploads\/Travel-Adapter-1-768x768.jpg 768w, https:\/\/imiapower.com\/wp-content\/uploads\/Travel-Adapter-1-12x12.jpg 12w, https:\/\/imiapower.com\/wp-content\/uploads\/Travel-Adapter-1.jpg 800w\" sizes=\"(max-width: 300px) 100vw, 300px\" \/>\u00a0<img decoding=\"async\" class=\"alignnone size-medium wp-image-8624\" style=\"font-weight: inherit;\" src=\"https:\/\/imiapower.com\/wp-content\/uploads\/\u5fae\u4fe1\u56fe\u7247_20241101111602-300x300.jpg\" alt=\"en iyi uluslararas\u0131 \u015farj cihaz\u0131\" width=\"300\" height=\"300\" srcset=\"https:\/\/imiapower.com\/wp-content\/uploads\/\u5fae\u4fe1\u56fe\u7247_20241101111602-300x300.jpg 300w, https:\/\/imiapower.com\/wp-content\/uploads\/\u5fae\u4fe1\u56fe\u7247_20241101111602-100x100.jpg 100w, https:\/\/imiapower.com\/wp-content\/uploads\/\u5fae\u4fe1\u56fe\u7247_20241101111602-600x600.jpg 600w, https:\/\/imiapower.com\/wp-content\/uploads\/\u5fae\u4fe1\u56fe\u7247_20241101111602-64x64.jpg 64w, https:\/\/imiapower.com\/wp-content\/uploads\/\u5fae\u4fe1\u56fe\u7247_20241101111602-1024x1024.jpg 1024w, https:\/\/imiapower.com\/wp-content\/uploads\/\u5fae\u4fe1\u56fe\u7247_20241101111602-150x150.jpg 150w, https:\/\/imiapower.com\/wp-content\/uploads\/\u5fae\u4fe1\u56fe\u7247_20241101111602-768x768.jpg 768w, https:\/\/imiapower.com\/wp-content\/uploads\/\u5fae\u4fe1\u56fe\u7247_20241101111602-12x12.jpg 12w, https:\/\/imiapower.com\/wp-content\/uploads\/\u5fae\u4fe1\u56fe\u7247_20241101111602.jpg 1500w\" sizes=\"(max-width: 300px) 100vw, 300px\" \/><img decoding=\"async\" class=\"alignnone size-medium wp-image-8625\" style=\"font-style: inherit; font-weight: inherit;\" src=\"https:\/\/imiapower.com\/wp-content\/uploads\/\u5fae\u4fe1\u56fe\u7247_20241101111608-2-300x300.jpg\" alt=\"en iyi uluslararas\u0131 \u015farj cihaz\u0131\" width=\"300\" height=\"300\" srcset=\"https:\/\/imiapower.com\/wp-content\/uploads\/\u5fae\u4fe1\u56fe\u7247_20241101111608-2-300x300.jpg 300w, https:\/\/imiapower.com\/wp-content\/uploads\/\u5fae\u4fe1\u56fe\u7247_20241101111608-2-100x100.jpg 100w, https:\/\/imiapower.com\/wp-content\/uploads\/\u5fae\u4fe1\u56fe\u7247_20241101111608-2-600x600.jpg 600w, https:\/\/imiapower.com\/wp-content\/uploads\/\u5fae\u4fe1\u56fe\u7247_20241101111608-2-64x64.jpg 64w, https:\/\/imiapower.com\/wp-content\/uploads\/\u5fae\u4fe1\u56fe\u7247_20241101111608-2-1024x1024.jpg 1024w, https:\/\/imiapower.com\/wp-content\/uploads\/\u5fae\u4fe1\u56fe\u7247_20241101111608-2-150x150.jpg 150w, https:\/\/imiapower.com\/wp-content\/uploads\/\u5fae\u4fe1\u56fe\u7247_20241101111608-2-768x768.jpg 768w, https:\/\/imiapower.com\/wp-content\/uploads\/\u5fae\u4fe1\u56fe\u7247_20241101111608-2-12x12.jpg 12w, https:\/\/imiapower.com\/wp-content\/uploads\/\u5fae\u4fe1\u56fe\u7247_20241101111608-2.jpg 1500w\" sizes=\"(max-width: 300px) 100vw, 300px\" \/><span style=\"font-size: 16px;\">\u00a0<\/span><\/p>\n<p>En iyi uluslararas\u0131 \u015farj cihaz\u0131, \u00e7e\u015fitli seyahat ihtiya\u00e7lar\u0131n\u0131 kar\u015f\u0131lamak i\u00e7in JP\/US, AUS, EU ve UK soketleri i\u00e7eren 170&#039;ten fazla \u00fclkede uyumluluk sunar. Y\u00fcksek kaliteli ate\u015flenmi\u015f PC malzemesi kullan\u0131larak \u00fcretilen en iyi uluslararas\u0131 \u015farj cihaz\u0131, geli\u015fmi\u015f GaN teknolojisi ile \u00fcretilmi\u015ftir ve geli\u015fmi\u015f g\u00fcvenlik ve dayan\u0131kl\u0131l\u0131k i\u00e7in \u00e7ift sigorta korumas\u0131 i\u00e7erir. Evrensel bir seyahat adapt\u00f6r\u00fc olarak tasarlanan bu cihaz, d\u00fcnya \u00e7ap\u0131nda ba\u011flant\u0131 ve geni\u015f uyumluluk sa\u011flayarak onu i\u015f seyahatinde olanlar i\u00e7in m\u00fckemmel bir se\u00e7im haline getirir.<\/p>\n<p>G\u00fc\u00e7l\u00fc 65W \u00e7\u0131k\u0131\u015f\u0131yla bu en iyi uluslararas\u0131 \u015farj cihaz\u0131, modern ak\u0131ll\u0131 telefonlar\u0131, tabletleri ve hatta baz\u0131 diz\u00fcst\u00fc bilgisayarlar\u0131 h\u0131zl\u0131 bir \u015fekilde \u00e7al\u0131\u015ft\u0131rabilir. Ek sat\u0131n almalara gerek kalmadan an\u0131nda kullan\u0131labilirlik sa\u011flayan bir kablo i\u00e7erir. Bir kablonun dahil edilmesi, seyahat ederken hat\u0131rlaman\u0131z ve paketlemeniz gereken \u00f6\u011felerin say\u0131s\u0131n\u0131 da azalt\u0131r. Birden fazla fi\u015f adapt\u00f6r\u00fcyle donat\u0131lm\u0131\u015f olan bu \u015farj cihaz\u0131, ayr\u0131 bir seyahat adapt\u00f6r\u00fcne olan ihtiyac\u0131 ortadan kald\u0131rarak \u00e7e\u015fitli \u00fclkelerde sorunsuz bir \u015fekilde kullanman\u0131z\u0131 sa\u011flar. PD ve QC gibi h\u0131zl\u0131 \u015farj protokollerini destekleyerek, uyumlu cihazlar i\u00e7in verimli ve h\u0131zl\u0131 \u015farj sa\u011flar ve onu gezginler i\u00e7in birinci s\u0131n\u0131f bir se\u00e7im haline getirir.<\/p>\n<p>Geni\u015f Uyumluluk: 170&#039;den fazla \u00fclkede JP\/US, AUS, EU ve UK soketleriyle \u00e7al\u0131\u015f\u0131r.<\/p>\n<p>Birinci S\u0131n\u0131f Yap\u0131 Kalitesi: Dayan\u0131kl\u0131l\u0131k ve g\u00fcvenlik i\u00e7in y\u00fcksek kaliteli pi\u015fmi\u015f PC malzemeden \u00fcretilmi\u015ftir.<\/p>\n<p>Geli\u015fmi\u015f Teknoloji: Verimli ve g\u00fcvenli performans i\u00e7in GaN teknolojisi ve \u00e7ift sigorta korumas\u0131n\u0131 b\u00fcnyesinde bar\u0131nd\u0131r\u0131r.<\/p>\n<p>Evrensel Ba\u011flant\u0131: D\u00fcnya \u00e7ap\u0131nda seyahat adapt\u00f6r\u00fc olarak tasarlanm\u0131\u015ft\u0131r, s\u0131k s\u0131k i\u015f seyahatine \u00e7\u0131kanlar i\u00e7in idealdir.<\/p>\n<p>Y\u00fcksek G\u00fc\u00e7 \u00c7\u0131k\u0131\u015f\u0131: Ak\u0131ll\u0131 telefonlar\u0131, tabletleri ve baz\u0131 diz\u00fcst\u00fc bilgisayarlar\u0131 h\u0131zl\u0131 bir \u015fekilde \u015farj edebilme kapasitesine sahip 65W.<\/p>\n<p>Kablo Dahil: Ek kablo sat\u0131n almaya gerek kalmadan hemen kullan\u0131ma haz\u0131rd\u0131r.<\/p>\n<p>Seyahat Dostu: Dahil edilen kablo ile paketleme zahmetini azalt\u0131r ve ta\u015f\u0131nacak e\u015fya say\u0131s\u0131n\u0131 en aza indirir.<\/p>\n<p>\u00c7ok Y\u00f6nl\u00fc Fi\u015f Adapt\u00f6rleri: \u00c7e\u015fitli \u00fclkelerde sorunsuz kullan\u0131m i\u00e7in birden fazla fi\u015f se\u00e7ene\u011fiyle birlikte gelir.<\/p>\n<p>H\u0131zl\u0131 \u015earj Deste\u011fi: PD ve QC gibi protokollerle uyumludur, desteklenen cihazlar\u0131n daha h\u0131zl\u0131 \u015farj olmas\u0131n\u0131 sa\u011flar.<\/p>","protected":false},"featured_media":8621,"comment_status":"open","ping_status":"closed","template":"","meta":{"rank_math_lock_modified_date":false,"site-sidebar-layout":"default","site-content-layout":"","ast-site-content-layout":"default","site-content-style":"default","site-sidebar-style":"default","ast-global-header-display":"","ast-banner-title-visibility":"","ast-main-header-display":"","ast-hfb-above-header-display":"","ast-hfb-below-header-display":"","ast-hfb-mobile-header-display":"","site-post-title":"","ast-breadcrumbs-content":"","ast-featured-img":"","footer-sml-layout":"","ast-disable-related-posts":"","theme-transparent-header-meta":"default","adv-header-id-meta":"","stick-header-meta":"","header-above-stick-meta":"","header-main-stick-meta":"","header-below-stick-meta":"","astra-migrate-meta-layouts":"set","ast-page-background-enabled":"default","ast-page-background-meta":{"desktop":{"background-color":"","background-image":"","background-repeat":"repeat","background-position":"center center","background-size":"auto","background-attachment":"scroll","background-type":"","background-media":"","overlay-type":"","overlay-color":"","overlay-opacity":"","overlay-gradient":""},"tablet":{"background-color":"","background-image":"","background-repeat":"repeat","background-position":"center center","background-size":"auto","background-attachment":"scroll","background-type":"","background-media":"","overlay-type":"","overlay-color":"","overlay-opacity":"","overlay-gradient":""},"mobile":{"background-color":"","background-image":"","background-repeat":"repeat","background-position":"center center","background-size":"auto","background-attachment":"scroll","background-type":"","background-media":"","overlay-type":"","overlay-color":"","overlay-opacity":"","overlay-gradient":""}},"ast-content-background-meta":{"desktop":{"background-color":"var(--ast-global-color-5)","background-image":"","background-repeat":"repeat","background-position":"center center","background-size":"auto","background-attachment":"scroll","background-type":"","background-media":"","overlay-type":"","overlay-color":"","overlay-opacity":"","overlay-gradient":""},"tablet":{"background-color":"var(--ast-global-color-5)","background-image":"","background-repeat":"repeat","background-position":"center center","background-size":"auto","background-attachment":"scroll","background-type":"","background-media":"","overlay-type":"","overlay-color":"","overlay-opacity":"","overlay-gradient":""},"mobile":{"background-color":"var(--ast-global-color-5)","background-image":"","background-repeat":"repeat","background-position":"center center","background-size":"auto","background-attachment":"scroll","background-type":"","background-media":"","overlay-type":"","overlay-color":"","overlay-opacity":"","overlay-gradient":""}}},"product_cat":[64],"product_tag":[],"class_list":{"0":"post-8335","1":"product","2":"type-product","3":"status-publish","4":"has-post-thumbnail","6":"product_cat-travel-adapter","7":"desktop-align-center","8":"tablet-align-center","9":"mobile-align-center","11":"first","12":"instock","13":"shipping-taxable","14":"product-type-simple"},"_links":{"self":[{"href":"https:\/\/imiapower.com\/tr\/wp-json\/wp\/v2\/product\/8335","targetHints":{"allow":["GET"]}}],"collection":[{"href":"https:\/\/imiapower.com\/tr\/wp-json\/wp\/v2\/product"}],"about":[{"href":"https:\/\/imiapower.com\/tr\/wp-json\/wp\/v2\/types\/product"}],"replies":[{"embeddable":true,"href":"https:\/\/imiapower.com\/tr\/wp-json\/wp\/v2\/comments?post=8335"}],"version-history":[{"count":8,"href":"https:\/\/imiapower.com\/tr\/wp-json\/wp\/v2\/product\/8335\/revisions"}],"predecessor-version":[{"id":8701,"href":"https:\/\/imiapower.com\/tr\/wp-json\/wp\/v2\/product\/8335\/revisions\/8701"}],"wp:featuredmedia":[{"embeddable":true,"href":"https:\/\/imiapower.com\/tr\/wp-json\/wp\/v2\/media\/8621"}],"wp:attachment":[{"href":"https:\/\/imiapower.com\/tr\/wp-json\/wp\/v2\/media?parent=8335"}],"wp:term":[{"taxonomy":"product_cat","embeddable":true,"href":"https:\/\/imiapower.com\/tr\/wp-json\/wp\/v2\/product_cat?post=8335"},{"taxonomy":"product_tag","embeddable":true,"href":"https:\/\/imiapower.com\/tr\/wp-json\/wp\/v2\/product_tag?post=8335"}],"curies":[{"name":"wp","href":"https:\/\/api.w.org\/{rel}","templated":true}]}}