{"id":8345,"date":"2024-10-15T07:59:42","date_gmt":"2024-10-15T07:59:42","guid":{"rendered":"https:\/\/imiapower.com\/?post_type=product&#038;p=8345"},"modified":"2024-12-02T00:20:33","modified_gmt":"2024-12-02T00:20:33","slug":"universal-charger-adapter","status":"publish","type":"product","link":"https:\/\/imiapower.com\/tr\/products\/travel-adapter\/universal-charger-adapter\/","title":{"rendered":"\u00c7in \u00fcreticisinden \u00f6zel evrensel \u015farj adapt\u00f6r\u00fc"},"content":{"rendered":"<ul>\n<li><strong>evrensel \u015farj adapt\u00f6r\u00fc<\/strong><\/li>\n<li><strong>AC giri\u015fi:<\/strong>110~250V\/AC 50-60Hz<\/li>\n<li><strong>G\u00fc\u00e7 derecesi:<\/strong> 10A Maksimum (1100W\/110V veya 2500W\/250V)<\/li>\n<li><strong>USB \u00e7\u0131k\u0131\u015f\u0131:<\/strong> 5V3A\/9V2A\/12V1.5A(Maks. 18W)<\/li>\n<li><strong>Tip C1\/C2\/C3 \u00e7\u0131k\u0131\u015f\u0131:<\/strong> 5V3A (Maksimum 15W)<\/li>\n<li><strong>C4 \u00e7\u0131k\u0131\u015f tipi:<\/strong> 5V3A, 9V3A, 12V2.91A, 15V2.33A, 20V1.75A (Maks35w)<\/li>\n<li><strong>Ask\u0131 kablosu:<\/strong> Ask\u0131 i\u00e7in 20mm uzunlu\u011funda c&#039;den c&#039;ye kablo<\/li>\n<li><strong>Boyut:<\/strong> 73*50*57mm<\/li>\n<li><strong>A\u011f\u0131rl\u0131k:<\/strong> 160 gr<\/li>\n<li><strong>Malzeme:<\/strong> ate\u015flenmi\u015f pc+bak\u0131r metal<\/li>\n<li><strong>Sertifikasyon:<\/strong> UKCA, CE, FCC, RoHS<\/li>\n<\/ul>","protected":false},"excerpt":{"rendered":"<p>Evrensel \u015farj adapt\u00f6r\u00fc uyumlulu\u011fu, JP\/US, AUS, EU ve UK soketleriyle 170&#039;den fazla \u00fclkede her zaman kullan\u0131l\u0131r<\/p>\n<p>Fabrikam\u0131z her zaman y\u00fcksek kaliteli seyahat adapt\u00f6r\u00fc \u00fcretimi, GaN teknoloji tasar\u0131m\u0131 ve \u00e7ift sigorta korumas\u0131 i\u00e7in ate\u015flenmi\u015f PC kullan\u0131r<\/p>\n<p>Evrensel seyahat adapt\u00f6r\u00fc, d\u00fcnya \u00e7ap\u0131nda ba\u011flant\u0131ya sahip, geni\u015f uyumluluklu bir \u015farj cihaz\u0131d\u0131r, yurtd\u0131\u015f\u0131na seyahat eden i\u015f adamlar\u0131 i\u00e7in iyi bir se\u00e7imdir.<\/p>\n<p>Adapt\u00f6r\u00fcn ayn\u0131 tasar\u0131m muhafazas\u0131 i\u00e7in farkl\u0131 g\u00fc\u00e7 \u00e7\u0131k\u0131\u015f\u0131 sunuyoruz, m\u00fc\u015fteri 35w, 45w ve 65w&#039;\u0131 se\u00e7ebilir veya bunlar\u0131 bir seri olarak da satabilir<\/p>\n<p>Bu tasar\u0131m evrensel \u015farj adapt\u00f6r\u00fc, beyaz, siyah, k\u0131rm\u0131z\u0131, sar\u0131, ye\u015fil vb. dahil olmak \u00fczere \u00e7e\u015fitli renk se\u00e7enekleri sunuyoruz, ayr\u0131ca \u00f6zelle\u015ftirilmi\u015f renk tasar\u0131m\u0131n\u0131 da kabul ediyoruz<\/p>\n<p>Tasar\u0131m i\u00e7in ba\u015fka bir se\u00e7ene\u011fimiz daha var, ortadaki Type-c \u015farj portunu bir lightning \u015farj portu ile de\u011fi\u015ftirebiliriz, baz\u0131 t\u00fcketiciler iPhone&#039;lar\u0131n\u0131 \u015farj etmek i\u00e7in hala lightning \u015farj portlar\u0131n\u0131 kullan\u0131yor, t\u00fcketicilerin talebi do\u011frultusunda her zaman hepsi bir arada seyahat adapt\u00f6rleri tasarl\u0131yoruz<\/p>\n<p>&nbsp;<\/p>","protected":false},"featured_media":8349,"comment_status":"open","ping_status":"closed","template":"","meta":{"rank_math_lock_modified_date":false,"site-sidebar-layout":"default","site-content-layout":"","ast-site-content-layout":"default","site-content-style":"default","site-sidebar-style":"default","ast-global-header-display":"","ast-banner-title-visibility":"","ast-main-header-display":"","ast-hfb-above-header-display":"","ast-hfb-below-header-display":"","ast-hfb-mobile-header-display":"","site-post-title":"","ast-breadcrumbs-content":"","ast-featured-img":"","footer-sml-layout":"","ast-disable-related-posts":"","theme-transparent-header-meta":"default","adv-header-id-meta":"","stick-header-meta":"","header-above-stick-meta":"","header-main-stick-meta":"","header-below-stick-meta":"","astra-migrate-meta-layouts":"set","ast-page-background-enabled":"default","ast-page-background-meta":{"desktop":{"background-color":"","background-image":"","background-repeat":"repeat","background-position":"center center","background-size":"auto","background-attachment":"scroll","background-type":"","background-media":"","overlay-type":"","overlay-color":"","overlay-opacity":"","overlay-gradient":""},"tablet":{"background-color":"","background-image":"","background-repeat":"repeat","background-position":"center center","background-size":"auto","background-attachment":"scroll","background-type":"","background-media":"","overlay-type":"","overlay-color":"","overlay-opacity":"","overlay-gradient":""},"mobile":{"background-color":"","background-image":"","background-repeat":"repeat","background-position":"center center","background-size":"auto","background-attachment":"scroll","background-type":"","background-media":"","overlay-type":"","overlay-color":"","overlay-opacity":"","overlay-gradient":""}},"ast-content-background-meta":{"desktop":{"background-color":"var(--ast-global-color-5)","background-image":"","background-repeat":"repeat","background-position":"center center","background-size":"auto","background-attachment":"scroll","background-type":"","background-media":"","overlay-type":"","overlay-color":"","overlay-opacity":"","overlay-gradient":""},"tablet":{"background-color":"var(--ast-global-color-5)","background-image":"","background-repeat":"repeat","background-position":"center center","background-size":"auto","background-attachment":"scroll","background-type":"","background-media":"","overlay-type":"","overlay-color":"","overlay-opacity":"","overlay-gradient":""},"mobile":{"background-color":"var(--ast-global-color-5)","background-image":"","background-repeat":"repeat","background-position":"center center","background-size":"auto","background-attachment":"scroll","background-type":"","background-media":"","overlay-type":"","overlay-color":"","overlay-opacity":"","overlay-gradient":""}}},"product_cat":[64],"product_tag":[],"class_list":{"0":"post-8345","1":"product","2":"type-product","3":"status-publish","4":"has-post-thumbnail","6":"product_cat-travel-adapter","7":"desktop-align-center","8":"tablet-align-center","9":"mobile-align-center","11":"first","12":"instock","13":"shipping-taxable","14":"product-type-simple"},"_links":{"self":[{"href":"https:\/\/imiapower.com\/tr\/wp-json\/wp\/v2\/product\/8345","targetHints":{"allow":["GET"]}}],"collection":[{"href":"https:\/\/imiapower.com\/tr\/wp-json\/wp\/v2\/product"}],"about":[{"href":"https:\/\/imiapower.com\/tr\/wp-json\/wp\/v2\/types\/product"}],"replies":[{"embeddable":true,"href":"https:\/\/imiapower.com\/tr\/wp-json\/wp\/v2\/comments?post=8345"}],"version-history":[{"count":4,"href":"https:\/\/imiapower.com\/tr\/wp-json\/wp\/v2\/product\/8345\/revisions"}],"predecessor-version":[{"id":8644,"href":"https:\/\/imiapower.com\/tr\/wp-json\/wp\/v2\/product\/8345\/revisions\/8644"}],"wp:featuredmedia":[{"embeddable":true,"href":"https:\/\/imiapower.com\/tr\/wp-json\/wp\/v2\/media\/8349"}],"wp:attachment":[{"href":"https:\/\/imiapower.com\/tr\/wp-json\/wp\/v2\/media?parent=8345"}],"wp:term":[{"taxonomy":"product_cat","embeddable":true,"href":"https:\/\/imiapower.com\/tr\/wp-json\/wp\/v2\/product_cat?post=8345"},{"taxonomy":"product_tag","embeddable":true,"href":"https:\/\/imiapower.com\/tr\/wp-json\/wp\/v2\/product_tag?post=8345"}],"curies":[{"name":"wp","href":"https:\/\/api.w.org\/{rel}","templated":true}]}}