{"id":8353,"date":"2024-10-15T08:08:55","date_gmt":"2024-10-15T08:08:55","guid":{"rendered":"https:\/\/imiapower.com\/?post_type=product&#038;p=8353"},"modified":"2024-11-07T14:22:56","modified_gmt":"2024-11-07T14:22:56","slug":"universal-outlet-adapter","status":"publish","type":"product","link":"https:\/\/imiapower.com\/tr\/products\/travel-adapter\/universal-outlet-adapter\/","title":{"rendered":"Kaliteli evrensel \u00e7\u0131k\u0131\u015f adapt\u00f6r\u00fc"},"content":{"rendered":"<ul>\n<li><strong>Evrensel \u00e7\u0131k\u0131\u015f adapt\u00f6r\u00fc<\/strong><\/li>\n<li><strong>AC giri\u015fi:<\/strong>110~250V\/AC 50-60Hz<\/li>\n<li><strong>G\u00fc\u00e7 derecesi:<\/strong> 10A Maksimum (1100W\/110V veya 2500W\/250V)<\/li>\n<li><strong>USB \u00e7\u0131k\u0131\u015f\u0131:<\/strong> 5V3A\/9V2A\/12V1.5A(Maks. 18W)<\/li>\n<li><strong>Tip C1\/C2\/C3 \u00e7\u0131k\u0131\u015f\u0131:<\/strong> 5V3A (Maksimum 15W)<\/li>\n<li><strong>C4 \u00e7\u0131k\u0131\u015f tipi:<\/strong> 5V3A, 9V3A, 12V3A, 15V3A, 20V2.25A (Maks.45w)<\/li>\n<li><strong>Ask\u0131 kablosu:<\/strong> Ask\u0131 i\u00e7in 20mm uzunlu\u011funda c&#039;den c&#039;ye kablo<\/li>\n<li><strong>Boyut:<\/strong> 73*50*57mm<\/li>\n<li><strong>A\u011f\u0131rl\u0131k:<\/strong> 215 gr<\/li>\n<li><strong>Malzeme:<\/strong> ate\u015flenmi\u015f pc+bak\u0131r metal<\/li>\n<li><strong>Sertifikasyon:<\/strong> UKCA, CE, FCC, RoHS<\/li>\n<\/ul>","protected":false},"excerpt":{"rendered":"<p>Bu model evrensel priz adapt\u00f6r\u00fc i\u00e7in pazarlama taleplerine dayanarak 35w, 45w ve 65w olmak \u00fczere 3 farkl\u0131 g\u00fc\u00e7 karakteri tasarlad\u0131k.<\/p>\n<p>\u015eimdilik kablolu adapt\u00f6rler\/mobil \u015farj cihazlar\u0131 bir moda ak\u0131m\u0131 haline geldi, \u00e7\u00fcnk\u00fc insanlar her yere gittiklerinde yanlar\u0131nda ak\u0131ll\u0131 telefonlar, kablosuz kulakl\u0131klar ve ak\u0131ll\u0131 saatler gibi farkl\u0131 elektronik cihazlar getiriyorlar, bazen de iPad&#039;lerle birlikte, bir adapt\u00f6r ve kablolu bir araya geldi\u011finde, kablolar\u0131n kaybolmas\u0131 endi\u015fesi olmadan elektronik cihazlar\u0131m\u0131z\u0131 kolayca \u015farj edebiliyoruz.<\/p>\n<p>Kablomuz, evrensel seyahat adapt\u00f6r\u00fcn\u00fcn \u00fcst k\u00f6\u015fesine ask\u0131 \u015feklinde tasarlanm\u0131\u015f oldu\u011fundan ta\u015f\u0131mas\u0131 bizim i\u00e7in olduk\u00e7a rahat.<\/p>\n<p>Evrensel priz adapt\u00f6r\u00fc uyumlulu\u011fu, JP\/US, AUS, EU ve UK soketleriyle 170&#039;den fazla \u00fclkede her zaman kullan\u0131l\u0131r<\/p>\n<p>Fabrikam\u0131z her zaman y\u00fcksek kaliteli seyahat adapt\u00f6r\u00fc \u00fcretimi, GaN teknoloji tasar\u0131m\u0131 ve \u00e7ift sigorta korumas\u0131 i\u00e7in ate\u015flenmi\u015f PC kullan\u0131r<\/p>\n<p>Evrensel seyahat adapt\u00f6r\u00fc, d\u00fcnya \u00e7ap\u0131nda ba\u011flant\u0131ya sahip, geni\u015f uyumluluklu bir \u015farj cihaz\u0131d\u0131r, yurtd\u0131\u015f\u0131na seyahat eden i\u015f adamlar\u0131 i\u00e7in iyi bir se\u00e7imdir.<\/p>","protected":false},"featured_media":8357,"comment_status":"open","ping_status":"closed","template":"","meta":{"rank_math_lock_modified_date":false,"site-sidebar-layout":"default","site-content-layout":"","ast-site-content-layout":"default","site-content-style":"default","site-sidebar-style":"default","ast-global-header-display":"","ast-banner-title-visibility":"","ast-main-header-display":"","ast-hfb-above-header-display":"","ast-hfb-below-header-display":"","ast-hfb-mobile-header-display":"","site-post-title":"","ast-breadcrumbs-content":"","ast-featured-img":"","footer-sml-layout":"","ast-disable-related-posts":"","theme-transparent-header-meta":"default","adv-header-id-meta":"","stick-header-meta":"","header-above-stick-meta":"","header-main-stick-meta":"","header-below-stick-meta":"","astra-migrate-meta-layouts":"set","ast-page-background-enabled":"default","ast-page-background-meta":{"desktop":{"background-color":"","background-image":"","background-repeat":"repeat","background-position":"center center","background-size":"auto","background-attachment":"scroll","background-type":"","background-media":"","overlay-type":"","overlay-color":"","overlay-opacity":"","overlay-gradient":""},"tablet":{"background-color":"","background-image":"","background-repeat":"repeat","background-position":"center center","background-size":"auto","background-attachment":"scroll","background-type":"","background-media":"","overlay-type":"","overlay-color":"","overlay-opacity":"","overlay-gradient":""},"mobile":{"background-color":"","background-image":"","background-repeat":"repeat","background-position":"center center","background-size":"auto","background-attachment":"scroll","background-type":"","background-media":"","overlay-type":"","overlay-color":"","overlay-opacity":"","overlay-gradient":""}},"ast-content-background-meta":{"desktop":{"background-color":"var(--ast-global-color-5)","background-image":"","background-repeat":"repeat","background-position":"center center","background-size":"auto","background-attachment":"scroll","background-type":"","background-media":"","overlay-type":"","overlay-color":"","overlay-opacity":"","overlay-gradient":""},"tablet":{"background-color":"var(--ast-global-color-5)","background-image":"","background-repeat":"repeat","background-position":"center center","background-size":"auto","background-attachment":"scroll","background-type":"","background-media":"","overlay-type":"","overlay-color":"","overlay-opacity":"","overlay-gradient":""},"mobile":{"background-color":"var(--ast-global-color-5)","background-image":"","background-repeat":"repeat","background-position":"center center","background-size":"auto","background-attachment":"scroll","background-type":"","background-media":"","overlay-type":"","overlay-color":"","overlay-opacity":"","overlay-gradient":""}}},"product_cat":[64],"product_tag":[],"class_list":{"0":"post-8353","1":"product","2":"type-product","3":"status-publish","4":"has-post-thumbnail","6":"product_cat-travel-adapter","7":"desktop-align-center","8":"tablet-align-center","9":"mobile-align-center","11":"first","12":"instock","13":"shipping-taxable","14":"product-type-simple"},"_links":{"self":[{"href":"https:\/\/imiapower.com\/tr\/wp-json\/wp\/v2\/product\/8353","targetHints":{"allow":["GET"]}}],"collection":[{"href":"https:\/\/imiapower.com\/tr\/wp-json\/wp\/v2\/product"}],"about":[{"href":"https:\/\/imiapower.com\/tr\/wp-json\/wp\/v2\/types\/product"}],"replies":[{"embeddable":true,"href":"https:\/\/imiapower.com\/tr\/wp-json\/wp\/v2\/comments?post=8353"}],"version-history":[{"count":4,"href":"https:\/\/imiapower.com\/tr\/wp-json\/wp\/v2\/product\/8353\/revisions"}],"predecessor-version":[{"id":8631,"href":"https:\/\/imiapower.com\/tr\/wp-json\/wp\/v2\/product\/8353\/revisions\/8631"}],"wp:featuredmedia":[{"embeddable":true,"href":"https:\/\/imiapower.com\/tr\/wp-json\/wp\/v2\/media\/8357"}],"wp:attachment":[{"href":"https:\/\/imiapower.com\/tr\/wp-json\/wp\/v2\/media?parent=8353"}],"wp:term":[{"taxonomy":"product_cat","embeddable":true,"href":"https:\/\/imiapower.com\/tr\/wp-json\/wp\/v2\/product_cat?post=8353"},{"taxonomy":"product_tag","embeddable":true,"href":"https:\/\/imiapower.com\/tr\/wp-json\/wp\/v2\/product_tag?post=8353"}],"curies":[{"name":"wp","href":"https:\/\/api.w.org\/{rel}","templated":true}]}}