{"id":8708,"date":"2024-11-29T06:22:29","date_gmt":"2024-11-29T06:22:29","guid":{"rendered":"https:\/\/imiapower.com\/?post_type=product&#038;p=8708"},"modified":"2024-11-29T06:35:46","modified_gmt":"2024-11-29T06:35:46","slug":"power-sockets","status":"publish","type":"product","link":"https:\/\/imiapower.com\/tr\/products\/power-strip\/power-sockets\/","title":{"rendered":"ofis i\u00e7in g\u00fc\u00e7l\u00fc kare prizler"},"content":{"rendered":"<ul>\n<li><strong>G\u00fc\u00e7 prizleri<\/strong><\/li>\n<li><strong>G\u00fc\u00e7 Derecesi :<\/strong> 16A,220V ~240V<\/li>\n<li><strong>USB-A+ USB-C toplam \u00c7\u0131k\u0131\u015f:<\/strong> \u00a0PD 20W<\/li>\n<li><strong>Tek USB-A \u00e7\u0131k\u0131\u015f\u0131:<\/strong> \u00a05V,3A 9V,2A 12V,1.5A (MAKS. 18W)<\/li>\n<li><strong>Tek USB-C \u00e7\u0131k\u0131\u015f\u0131:<\/strong> 5V,3A 9V,2,2A 12V,1,67A (MAKS. 20W)<\/li>\n<li><strong>Kablo:<\/strong> 3*1.5mm, Cooper tel \u00e7ekirdek, kablo uzunlu\u011fu 1.8m<\/li>\n<li><strong>Malzeme:<\/strong> Pi\u015fmi\u015f PC + bak\u0131r metal<\/li>\n<li><strong>Boyut: <\/strong>82*82*82MM<\/li>\n<li><strong>A\u011f\u0131rl\u0131k:<\/strong> 470 gr<\/li>\n<li><strong>Sertifikasyon:<\/strong> CE ve Rohs Sertifikas\u0131<\/li>\n<\/ul>","protected":false},"excerpt":{"rendered":"<p><img fetchpriority=\"high\" decoding=\"async\" class=\"alignnone wp-image-8715 size-full\" src=\"https:\/\/imiapower.com\/wp-content\/uploads\/surge-protector-1.jpg\" alt=\"elektrik prizleri\" width=\"800\" height=\"800\" srcset=\"https:\/\/imiapower.com\/wp-content\/uploads\/surge-protector-1.jpg 800w, https:\/\/imiapower.com\/wp-content\/uploads\/surge-protector-1-300x300.jpg 300w, https:\/\/imiapower.com\/wp-content\/uploads\/surge-protector-1-100x100.jpg 100w, https:\/\/imiapower.com\/wp-content\/uploads\/surge-protector-1-600x600.jpg 600w, https:\/\/imiapower.com\/wp-content\/uploads\/surge-protector-1-64x64.jpg 64w, https:\/\/imiapower.com\/wp-content\/uploads\/surge-protector-1-150x150.jpg 150w, https:\/\/imiapower.com\/wp-content\/uploads\/surge-protector-1-768x768.jpg 768w, https:\/\/imiapower.com\/wp-content\/uploads\/surge-protector-1-12x12.jpg 12w\" sizes=\"(max-width: 800px) 100vw, 800px\" \/><\/p>\n<p>4 fi\u015f uzatma soketi ve 4 USB (2 USB A + 2 USB C) portu bulunan bu g\u00fc\u00e7 soketi, ta\u015f\u0131nmas\u0131 kolayd\u0131r ve yerden tasarruf sa\u011flar. USB portlar\u0131 ve soket uzant\u0131lar\u0131 ayn\u0131 anda kullan\u0131labilir<\/p>\n<p>USB ba\u011flant\u0131 noktalar\u0131 iPhone, Samsung ve Pad i\u00e7in uygundur ve \u00e7oklu soketli fi\u015fler TV&#039;ler, ses sistemleri, oyun konsollar\u0131, ekipmanlar vb. i\u00e7in uygundur<\/p>\n<p>G\u00fc\u00e7 adapt\u00f6r\u00fcn\u00fcn elektronik koruma fonksiyonuna sahip g\u00fc\u00e7 prizleri, a\u015f\u0131r\u0131 gerilim korumas\u0131, a\u015f\u0131r\u0131 ak\u0131m korumas\u0131, k\u0131sa devre korumas\u0131 ve a\u015f\u0131r\u0131 gerilim koruma fonksiyonlar\u0131 ile A\u015f\u0131r\u0131 Gerilim Korumas\u0131, elektronik ekipmanlara zarar verebilecek potansiyel olarak tehlikeli durumlar\u0131 \u00f6nleyebilir<\/p>","protected":false},"featured_media":8709,"comment_status":"open","ping_status":"closed","template":"","meta":{"rank_math_lock_modified_date":false,"site-sidebar-layout":"default","site-content-layout":"","ast-site-content-layout":"default","site-content-style":"default","site-sidebar-style":"default","ast-global-header-display":"","ast-banner-title-visibility":"","ast-main-header-display":"","ast-hfb-above-header-display":"","ast-hfb-below-header-display":"","ast-hfb-mobile-header-display":"","site-post-title":"","ast-breadcrumbs-content":"","ast-featured-img":"","footer-sml-layout":"","ast-disable-related-posts":"","theme-transparent-header-meta":"default","adv-header-id-meta":"","stick-header-meta":"","header-above-stick-meta":"","header-main-stick-meta":"","header-below-stick-meta":"","astra-migrate-meta-layouts":"set","ast-page-background-enabled":"default","ast-page-background-meta":{"desktop":{"background-color":"","background-image":"","background-repeat":"repeat","background-position":"center center","background-size":"auto","background-attachment":"scroll","background-type":"","background-media":"","overlay-type":"","overlay-color":"","overlay-opacity":"","overlay-gradient":""},"tablet":{"background-color":"","background-image":"","background-repeat":"repeat","background-position":"center center","background-size":"auto","background-attachment":"scroll","background-type":"","background-media":"","overlay-type":"","overlay-color":"","overlay-opacity":"","overlay-gradient":""},"mobile":{"background-color":"","background-image":"","background-repeat":"repeat","background-position":"center center","background-size":"auto","background-attachment":"scroll","background-type":"","background-media":"","overlay-type":"","overlay-color":"","overlay-opacity":"","overlay-gradient":""}},"ast-content-background-meta":{"desktop":{"background-color":"var(--ast-global-color-5)","background-image":"","background-repeat":"repeat","background-position":"center center","background-size":"auto","background-attachment":"scroll","background-type":"","background-media":"","overlay-type":"","overlay-color":"","overlay-opacity":"","overlay-gradient":""},"tablet":{"background-color":"var(--ast-global-color-5)","background-image":"","background-repeat":"repeat","background-position":"center center","background-size":"auto","background-attachment":"scroll","background-type":"","background-media":"","overlay-type":"","overlay-color":"","overlay-opacity":"","overlay-gradient":""},"mobile":{"background-color":"var(--ast-global-color-5)","background-image":"","background-repeat":"repeat","background-position":"center center","background-size":"auto","background-attachment":"scroll","background-type":"","background-media":"","overlay-type":"","overlay-color":"","overlay-opacity":"","overlay-gradient":""}}},"product_cat":[239],"product_tag":[],"class_list":{"0":"post-8708","1":"product","2":"type-product","3":"status-publish","4":"has-post-thumbnail","6":"product_cat-power-strip","7":"desktop-align-center","8":"tablet-align-center","9":"mobile-align-center","11":"first","12":"instock","13":"shipping-taxable","14":"product-type-simple"},"_links":{"self":[{"href":"https:\/\/imiapower.com\/tr\/wp-json\/wp\/v2\/product\/8708","targetHints":{"allow":["GET"]}}],"collection":[{"href":"https:\/\/imiapower.com\/tr\/wp-json\/wp\/v2\/product"}],"about":[{"href":"https:\/\/imiapower.com\/tr\/wp-json\/wp\/v2\/types\/product"}],"replies":[{"embeddable":true,"href":"https:\/\/imiapower.com\/tr\/wp-json\/wp\/v2\/comments?post=8708"}],"version-history":[{"count":6,"href":"https:\/\/imiapower.com\/tr\/wp-json\/wp\/v2\/product\/8708\/revisions"}],"predecessor-version":[{"id":8716,"href":"https:\/\/imiapower.com\/tr\/wp-json\/wp\/v2\/product\/8708\/revisions\/8716"}],"wp:featuredmedia":[{"embeddable":true,"href":"https:\/\/imiapower.com\/tr\/wp-json\/wp\/v2\/media\/8709"}],"wp:attachment":[{"href":"https:\/\/imiapower.com\/tr\/wp-json\/wp\/v2\/media?parent=8708"}],"wp:term":[{"taxonomy":"product_cat","embeddable":true,"href":"https:\/\/imiapower.com\/tr\/wp-json\/wp\/v2\/product_cat?post=8708"},{"taxonomy":"product_tag","embeddable":true,"href":"https:\/\/imiapower.com\/tr\/wp-json\/wp\/v2\/product_tag?post=8708"}],"curies":[{"name":"wp","href":"https:\/\/api.w.org\/{rel}","templated":true}]}}