{"id":8717,"date":"2024-11-29T06:51:06","date_gmt":"2024-11-29T06:51:06","guid":{"rendered":"https:\/\/imiapower.com\/?post_type=product&#038;p=8717"},"modified":"2025-06-24T03:19:54","modified_gmt":"2025-06-24T03:19:54","slug":"power-cube","status":"publish","type":"product","link":"https:\/\/imiapower.com\/tr\/products\/power-strip\/power-cube\/","title":{"rendered":"\u00c7in \u00fcreticisinden pop\u00fcler g\u00fc\u00e7 k\u00fcp\u00fc"},"content":{"rendered":"<ul>\n<li><strong>G\u00fc\u00e7 k\u00fcp\u00fc<\/strong><\/li>\n<li><strong>\u00a0G\u00fc\u00e7 Derecesi :<\/strong> 16A,220V ~240V<\/li>\n<li><strong>USB-A+ USB-C toplam \u00c7\u0131k\u0131\u015f :<\/strong> \u00a0PD 20W<\/li>\n<li><strong>Tek USB-A \u00e7\u0131k\u0131\u015f\u0131:<\/strong> \u00a05V,3A 9V,2A 12V,1.5A (MAKS. 18W)<\/li>\n<li><strong>Tek USB-C \u00e7\u0131k\u0131\u015f\u0131:<\/strong> 5V,3A 9V,2,2A 12V,1,67A (MAKS. 20W)<\/li>\n<li><strong>Malzeme :<\/strong> Pi\u015fmi\u015f PC + bak\u0131r metal<\/li>\n<li><strong>Boyut :<\/strong>82*82*82MM<\/li>\n<li><strong>A\u011f\u0131rl\u0131k:<\/strong> 158 gr<\/li>\n<li><strong>Standart:<\/strong> Avrupa pazar\u0131 i\u00e7in Schuko standard\u0131<\/li>\n<li><strong>Sertifikasyon:<\/strong>\u00a0 CE &amp; Rohs Sertifikas\u0131<\/li>\n<\/ul>","protected":false},"excerpt":{"rendered":"<p><img fetchpriority=\"high\" decoding=\"async\" class=\"alignnone wp-image-8722 size-full\" src=\"https:\/\/imiapower.com\/wp-content\/uploads\/surge-protector.jpg\" alt=\"g\u00fc\u00e7 k\u00fcp\u00fc\" width=\"800\" height=\"800\" srcset=\"https:\/\/imiapower.com\/wp-content\/uploads\/surge-protector.jpg 800w, https:\/\/imiapower.com\/wp-content\/uploads\/surge-protector-300x300.jpg 300w, https:\/\/imiapower.com\/wp-content\/uploads\/surge-protector-100x100.jpg 100w, https:\/\/imiapower.com\/wp-content\/uploads\/surge-protector-600x600.jpg 600w, https:\/\/imiapower.com\/wp-content\/uploads\/surge-protector-64x64.jpg 64w, https:\/\/imiapower.com\/wp-content\/uploads\/surge-protector-150x150.jpg 150w, https:\/\/imiapower.com\/wp-content\/uploads\/surge-protector-768x768.jpg 768w, https:\/\/imiapower.com\/wp-content\/uploads\/surge-protector-12x12.jpg 12w\" sizes=\"(max-width: 800px) 100vw, 800px\" \/><\/p>\n<p>Power Cube, t\u00fcm \u015farj ve ba\u011flant\u0131 ihtiya\u00e7lar\u0131n\u0131z i\u00e7in ak\u0131ll\u0131 ve yerden tasarruf sa\u011flayan bir \u00e7\u00f6z\u00fcm<\/p>\n<p>K\u00fcp \u015feklindeki kompakt yap\u0131s\u0131yla Power Cube masa\u00fcst\u00fcn\u00fcze tam oturur. Karma\u015f\u0131k kablolara ve alan\u0131n\u0131z\u0131 daraltan hantal g\u00fc\u00e7 \u015feritlerine elveda deyin<\/p>\n<p>Birden fazla AC prizi, USB ba\u011flant\u0131 noktas\u0131 ve iste\u011fe ba\u011fl\u0131 USB-C ba\u011flant\u0131s\u0131yla, birden fazla cihaz\u0131 ayn\u0131 anda \u015farj etmenizi sa\u011flar. Ak\u0131ll\u0131 telefonlar, tabletler, diz\u00fcst\u00fc bilgisayarlar, ak\u0131ll\u0131 saatler ve daha fazlas\u0131 i\u00e7in m\u00fckemmeldir<\/p>\n<p>T\u00fcm cihazlar\u0131n\u0131za g\u00fc\u00e7 sa\u011flamak i\u00e7in 4&#039;e kadar AC prizi ve 4 USB portu<\/p>\n<p>Cihazlar\u0131n\u0131za g\u00fc\u00e7 verirken \u00e7al\u0131\u015fma alan\u0131n\u0131z\u0131 d\u00fczenleyin<\/p>","protected":false},"featured_media":8718,"comment_status":"open","ping_status":"closed","template":"","meta":{"rank_math_lock_modified_date":false,"site-sidebar-layout":"default","site-content-layout":"","ast-site-content-layout":"default","site-content-style":"default","site-sidebar-style":"default","ast-global-header-display":"","ast-banner-title-visibility":"","ast-main-header-display":"","ast-hfb-above-header-display":"","ast-hfb-below-header-display":"","ast-hfb-mobile-header-display":"","site-post-title":"","ast-breadcrumbs-content":"","ast-featured-img":"","footer-sml-layout":"","ast-disable-related-posts":"","theme-transparent-header-meta":"default","adv-header-id-meta":"","stick-header-meta":"","header-above-stick-meta":"","header-main-stick-meta":"","header-below-stick-meta":"","astra-migrate-meta-layouts":"set","ast-page-background-enabled":"default","ast-page-background-meta":{"desktop":{"background-color":"","background-image":"","background-repeat":"repeat","background-position":"center center","background-size":"auto","background-attachment":"scroll","background-type":"","background-media":"","overlay-type":"","overlay-color":"","overlay-opacity":"","overlay-gradient":""},"tablet":{"background-color":"","background-image":"","background-repeat":"repeat","background-position":"center center","background-size":"auto","background-attachment":"scroll","background-type":"","background-media":"","overlay-type":"","overlay-color":"","overlay-opacity":"","overlay-gradient":""},"mobile":{"background-color":"","background-image":"","background-repeat":"repeat","background-position":"center center","background-size":"auto","background-attachment":"scroll","background-type":"","background-media":"","overlay-type":"","overlay-color":"","overlay-opacity":"","overlay-gradient":""}},"ast-content-background-meta":{"desktop":{"background-color":"var(--ast-global-color-5)","background-image":"","background-repeat":"repeat","background-position":"center center","background-size":"auto","background-attachment":"scroll","background-type":"","background-media":"","overlay-type":"","overlay-color":"","overlay-opacity":"","overlay-gradient":""},"tablet":{"background-color":"var(--ast-global-color-5)","background-image":"","background-repeat":"repeat","background-position":"center center","background-size":"auto","background-attachment":"scroll","background-type":"","background-media":"","overlay-type":"","overlay-color":"","overlay-opacity":"","overlay-gradient":""},"mobile":{"background-color":"var(--ast-global-color-5)","background-image":"","background-repeat":"repeat","background-position":"center center","background-size":"auto","background-attachment":"scroll","background-type":"","background-media":"","overlay-type":"","overlay-color":"","overlay-opacity":"","overlay-gradient":""}}},"product_cat":[239],"product_tag":[],"class_list":{"0":"post-8717","1":"product","2":"type-product","3":"status-publish","4":"has-post-thumbnail","6":"product_cat-power-strip","7":"desktop-align-center","8":"tablet-align-center","9":"mobile-align-center","11":"first","12":"instock","13":"shipping-taxable","14":"product-type-simple"},"_links":{"self":[{"href":"https:\/\/imiapower.com\/tr\/wp-json\/wp\/v2\/product\/8717","targetHints":{"allow":["GET"]}}],"collection":[{"href":"https:\/\/imiapower.com\/tr\/wp-json\/wp\/v2\/product"}],"about":[{"href":"https:\/\/imiapower.com\/tr\/wp-json\/wp\/v2\/types\/product"}],"replies":[{"embeddable":true,"href":"https:\/\/imiapower.com\/tr\/wp-json\/wp\/v2\/comments?post=8717"}],"version-history":[{"count":3,"href":"https:\/\/imiapower.com\/tr\/wp-json\/wp\/v2\/product\/8717\/revisions"}],"predecessor-version":[{"id":8723,"href":"https:\/\/imiapower.com\/tr\/wp-json\/wp\/v2\/product\/8717\/revisions\/8723"}],"wp:featuredmedia":[{"embeddable":true,"href":"https:\/\/imiapower.com\/tr\/wp-json\/wp\/v2\/media\/8718"}],"wp:attachment":[{"href":"https:\/\/imiapower.com\/tr\/wp-json\/wp\/v2\/media?parent=8717"}],"wp:term":[{"taxonomy":"product_cat","embeddable":true,"href":"https:\/\/imiapower.com\/tr\/wp-json\/wp\/v2\/product_cat?post=8717"},{"taxonomy":"product_tag","embeddable":true,"href":"https:\/\/imiapower.com\/tr\/wp-json\/wp\/v2\/product_tag?post=8717"}],"curies":[{"name":"wp","href":"https:\/\/api.w.org\/{rel}","templated":true}]}}