{"id":9258,"date":"2025-06-13T08:53:33","date_gmt":"2025-06-13T08:53:33","guid":{"rendered":"https:\/\/imiapower.com\/?post_type=product&#038;p=9258"},"modified":"2025-06-14T03:20:26","modified_gmt":"2025-06-14T03:20:26","slug":"best-worldwide-travel-adaptor","status":"publish","type":"product","link":"https:\/\/imiapower.com\/tr\/products\/travel-adapter\/best-worldwide-travel-adaptor\/","title":{"rendered":"En \u0130yi D\u00fcnya Seyahat Adapt\u00f6r\u00fc 35W \u2013 H\u0131zl\u0131, Kompakt ve Evrensel"},"content":{"rendered":"<ul>\n<li><strong>D\u00fcnyan\u0131n en iyi seyahat adapt\u00f6r\u00fc<\/strong><\/li>\n<li><strong>AC giri\u015fi:<\/strong> 100~250V\/AC 50-60Hz 0,8A<\/li>\n<li><strong>AC \u00e7\u0131k\u0131\u015f\u0131:<\/strong>10A Maksimum (1000W\/100V veya 2400W\/240V)<\/li>\n<li><strong>Tek USB \u00e7\u0131k\u0131\u015f\u0131:<\/strong> 5V, 3A 9V, 2A 12V, 1,5A (Maksimum 18W)<\/li>\n<li><strong>Tek Tip C \u00c7\u0131k\u0131\u015f\u0131:<\/strong> 5V,3A 9V,3A 12V,2,91A 15V,2,33A 20V,1,75A (MAKS. 35W)<\/li>\n<li><strong>Boyut:<\/strong> 74x50,5x53,9 mm<\/li>\n<li><strong>Renk:<\/strong> Siyah<\/li>\n<li><strong>A\u011f\u0131rl\u0131k:<\/strong> 170g<\/li>\n<li><strong>Malzeme :<\/strong> Ate\u015flenmi\u015f PC + Bak\u0131r metal<\/li>\n<li><strong>Sertifika:<\/strong> \u00a0 CE, FCC, ROH&#039;ler, REACH<\/li>\n<\/ul>","protected":false},"excerpt":{"rendered":"<p><img fetchpriority=\"high\" decoding=\"async\" class=\"alignnone wp-image-9264 size-full\" src=\"https:\/\/imiapower.com\/wp-content\/uploads\/converted-6.webp\" alt=\"d\u00fcnyan\u0131n en iyi seyahat adapt\u00f6r\u00fc\" width=\"1024\" height=\"1024\" srcset=\"https:\/\/imiapower.com\/wp-content\/uploads\/converted-6.webp 1024w, https:\/\/imiapower.com\/wp-content\/uploads\/converted-6-300x300.webp 300w, https:\/\/imiapower.com\/wp-content\/uploads\/converted-6-150x150.webp 150w, https:\/\/imiapower.com\/wp-content\/uploads\/converted-6-768x768.webp 768w, https:\/\/imiapower.com\/wp-content\/uploads\/converted-6-12x12.webp 12w, https:\/\/imiapower.com\/wp-content\/uploads\/converted-6-600x600.webp 600w, https:\/\/imiapower.com\/wp-content\/uploads\/converted-6-100x100.webp 100w, https:\/\/imiapower.com\/wp-content\/uploads\/converted-6-64x64.webp 64w\" sizes=\"(max-width: 1024px) 100vw, 1024px\" \/><\/p>\n<p>100W modeller gibi y\u00fcksek g\u00fc\u00e7l\u00fc seyahat adapt\u00f6rleri ilgi g\u00f6r\u00fcrken, 35W USB-C seyahat adapt\u00f6r\u00fc k\u00fcresel gezginler i\u00e7in en pop\u00fcler ve pratik se\u00e7eneklerden biri olmaya devam ediyor. Performans, ta\u015f\u0131nabilirlik ve fiyat aras\u0131nda m\u00fckemmel bir denge sunuyor.<\/p>\n<p>Evrensel fi\u015f uyumlulu\u011fu, h\u0131zl\u0131 USB-C ve \u00e7oklu port \u015farj\u0131 ve kompakt tasar\u0131m\u0131yla ak\u0131ll\u0131 telefonlar, tabletler ve di\u011fer g\u00fcnl\u00fck cihazlar i\u00e7in idealdir.<\/p>\n<p>\u0130ster Avrupa&#039;ya, ister Asya&#039;ya veya Amerika&#039;ya gidin, bu en iyi d\u00fcnya \u00e7ap\u0131ndaki seyahat adapt\u00f6r\u00fc, b\u00fcy\u00fck hacim veya y\u00fcksek maliyet olmadan g\u00fcvenilir \u015farj sa\u011flar<\/p>","protected":false},"featured_media":9261,"comment_status":"open","ping_status":"closed","template":"","meta":{"rank_math_lock_modified_date":false,"site-sidebar-layout":"default","site-content-layout":"","ast-site-content-layout":"default","site-content-style":"default","site-sidebar-style":"default","ast-global-header-display":"","ast-banner-title-visibility":"","ast-main-header-display":"","ast-hfb-above-header-display":"","ast-hfb-below-header-display":"","ast-hfb-mobile-header-display":"","site-post-title":"","ast-breadcrumbs-content":"","ast-featured-img":"","footer-sml-layout":"","ast-disable-related-posts":"","theme-transparent-header-meta":"default","adv-header-id-meta":"","stick-header-meta":"","header-above-stick-meta":"","header-main-stick-meta":"","header-below-stick-meta":"","astra-migrate-meta-layouts":"set","ast-page-background-enabled":"default","ast-page-background-meta":{"desktop":{"background-color":"","background-image":"","background-repeat":"repeat","background-position":"center center","background-size":"auto","background-attachment":"scroll","background-type":"","background-media":"","overlay-type":"","overlay-color":"","overlay-opacity":"","overlay-gradient":""},"tablet":{"background-color":"","background-image":"","background-repeat":"repeat","background-position":"center center","background-size":"auto","background-attachment":"scroll","background-type":"","background-media":"","overlay-type":"","overlay-color":"","overlay-opacity":"","overlay-gradient":""},"mobile":{"background-color":"","background-image":"","background-repeat":"repeat","background-position":"center center","background-size":"auto","background-attachment":"scroll","background-type":"","background-media":"","overlay-type":"","overlay-color":"","overlay-opacity":"","overlay-gradient":""}},"ast-content-background-meta":{"desktop":{"background-color":"var(--ast-global-color-5)","background-image":"","background-repeat":"repeat","background-position":"center center","background-size":"auto","background-attachment":"scroll","background-type":"","background-media":"","overlay-type":"","overlay-color":"","overlay-opacity":"","overlay-gradient":""},"tablet":{"background-color":"var(--ast-global-color-5)","background-image":"","background-repeat":"repeat","background-position":"center center","background-size":"auto","background-attachment":"scroll","background-type":"","background-media":"","overlay-type":"","overlay-color":"","overlay-opacity":"","overlay-gradient":""},"mobile":{"background-color":"var(--ast-global-color-5)","background-image":"","background-repeat":"repeat","background-position":"center center","background-size":"auto","background-attachment":"scroll","background-type":"","background-media":"","overlay-type":"","overlay-color":"","overlay-opacity":"","overlay-gradient":""}}},"product_cat":[64],"product_tag":[],"class_list":{"0":"post-9258","1":"product","2":"type-product","3":"status-publish","4":"has-post-thumbnail","6":"product_cat-travel-adapter","7":"desktop-align-center","8":"tablet-align-center","9":"mobile-align-center","11":"first","12":"instock","13":"featured","14":"shipping-taxable","15":"product-type-simple"},"_links":{"self":[{"href":"https:\/\/imiapower.com\/tr\/wp-json\/wp\/v2\/product\/9258","targetHints":{"allow":["GET"]}}],"collection":[{"href":"https:\/\/imiapower.com\/tr\/wp-json\/wp\/v2\/product"}],"about":[{"href":"https:\/\/imiapower.com\/tr\/wp-json\/wp\/v2\/types\/product"}],"replies":[{"embeddable":true,"href":"https:\/\/imiapower.com\/tr\/wp-json\/wp\/v2\/comments?post=9258"}],"version-history":[{"count":2,"href":"https:\/\/imiapower.com\/tr\/wp-json\/wp\/v2\/product\/9258\/revisions"}],"predecessor-version":[{"id":9266,"href":"https:\/\/imiapower.com\/tr\/wp-json\/wp\/v2\/product\/9258\/revisions\/9266"}],"wp:featuredmedia":[{"embeddable":true,"href":"https:\/\/imiapower.com\/tr\/wp-json\/wp\/v2\/media\/9261"}],"wp:attachment":[{"href":"https:\/\/imiapower.com\/tr\/wp-json\/wp\/v2\/media?parent=9258"}],"wp:term":[{"taxonomy":"product_cat","embeddable":true,"href":"https:\/\/imiapower.com\/tr\/wp-json\/wp\/v2\/product_cat?post=9258"},{"taxonomy":"product_tag","embeddable":true,"href":"https:\/\/imiapower.com\/tr\/wp-json\/wp\/v2\/product_tag?post=9258"}],"curies":[{"name":"wp","href":"https:\/\/api.w.org\/{rel}","templated":true}]}}