{"id":9370,"date":"2025-06-24T03:17:54","date_gmt":"2025-06-24T03:17:54","guid":{"rendered":"https:\/\/imiapower.com\/?post_type=product&#038;p=9370"},"modified":"2025-06-24T03:19:33","modified_gmt":"2025-06-24T03:19:33","slug":"usb-power-delivery-charger","status":"publish","type":"product","link":"https:\/\/imiapower.com\/tr\/products\/wall-charger\/usb-power-delivery-charger\/","title":{"rendered":"G\u00fc\u00e7 Da\u011f\u0131t\u0131ml\u0131 47W USB \u015earj Cihaz\u0131 \u2013 H\u0131zl\u0131 ve Kompakt \u015earj \u00c7\u00f6z\u00fcm\u00fc"},"content":{"rendered":"<ul>\n<li><strong>G\u00fc\u00e7 iletimi<\/strong><\/li>\n<li><strong>Giri\u015f:<\/strong> 100-240V 1A Maks.<\/li>\n<li><strong>Tek \u00e7\u0131kt\u0131:<\/strong> USB-C PD3.0 45W: 20V2.25A\/15V3A\/12V3A\/9V3A\/5V3A<\/li>\n<li><strong>USB QC3.0 27W:<\/strong> 12V2.25A \/ 9V3A \/ 5V4.5A \/ 4.5V5A<\/li>\n<li><strong>\u00c7ift \u00e7\u0131k\u0131\u015f 47W Maks:<\/strong> C 20W: 12V1.67A \/ 9V2.22A \/ 5V3A \/A 27W: 12V2.25A \/ 9V3A \/ 5V3A<\/li>\n<li><strong>Koruma:<\/strong> OVP\/OCP\/OTP\/OLP\/SCP<\/li>\n<li><strong>H\u0131zl\u0131 \u015earj Protokol\u00fcn\u00fc Yayg\u0131n Olarak Destekler\uff1a<\/strong>PD3.0, QC3.0, QC2.0, SCP, FCP, AFC, ELMA2.4A, BC1.2<\/li>\n<\/ul>","protected":false},"excerpt":{"rendered":"<p><img fetchpriority=\"high\" decoding=\"async\" class=\"alignnone wp-image-9371 size-full\" src=\"https:\/\/imiapower.com\/wp-content\/uploads\/converted-1-3.webp\" alt=\"g\u00fc\u00e7 da\u011f\u0131t\u0131m\u0131\" width=\"730\" height=\"730\" srcset=\"https:\/\/imiapower.com\/wp-content\/uploads\/converted-1-3.webp 730w, https:\/\/imiapower.com\/wp-content\/uploads\/converted-1-3-300x300.webp 300w, https:\/\/imiapower.com\/wp-content\/uploads\/converted-1-3-150x150.webp 150w, https:\/\/imiapower.com\/wp-content\/uploads\/converted-1-3-12x12.webp 12w, https:\/\/imiapower.com\/wp-content\/uploads\/converted-1-3-600x600.webp 600w, https:\/\/imiapower.com\/wp-content\/uploads\/converted-1-3-100x100.webp 100w, https:\/\/imiapower.com\/wp-content\/uploads\/converted-1-3-64x64.webp 64w\" sizes=\"(max-width: 730px) 100vw, 730px\" \/><\/p>\n<p>Geli\u015fmi\u015f G\u00fc\u00e7 Da\u011f\u0131t\u0131m teknolojisine sahip 47W USB \u015earj Cihaz\u0131m\u0131zla cihazlar\u0131n\u0131za h\u0131zl\u0131 ve g\u00fcvenli bir \u015fekilde g\u00fc\u00e7 sa\u011flay\u0131n.<\/p>\n<p>Ak\u0131ll\u0131 telefonlar\u0131n, tabletlerin ve hatta hafif diz\u00fcst\u00fc bilgisayarlar\u0131n h\u0131zl\u0131 \u015farj\u0131 i\u00e7in tasarlanan bu kompakt \u015farj cihaz\u0131 \u00e7antan\u0131za veya cebinize kolayca s\u0131\u011far; ev, ofis veya seyahat kullan\u0131m\u0131 i\u00e7in m\u00fckemmeldir<\/p>","protected":false},"featured_media":9373,"comment_status":"open","ping_status":"closed","template":"","meta":{"rank_math_lock_modified_date":false,"site-sidebar-layout":"default","site-content-layout":"","ast-site-content-layout":"default","site-content-style":"default","site-sidebar-style":"default","ast-global-header-display":"","ast-banner-title-visibility":"","ast-main-header-display":"","ast-hfb-above-header-display":"","ast-hfb-below-header-display":"","ast-hfb-mobile-header-display":"","site-post-title":"","ast-breadcrumbs-content":"","ast-featured-img":"","footer-sml-layout":"","ast-disable-related-posts":"","theme-transparent-header-meta":"default","adv-header-id-meta":"","stick-header-meta":"","header-above-stick-meta":"","header-main-stick-meta":"","header-below-stick-meta":"","astra-migrate-meta-layouts":"set","ast-page-background-enabled":"default","ast-page-background-meta":{"desktop":{"background-color":"","background-image":"","background-repeat":"repeat","background-position":"center center","background-size":"auto","background-attachment":"scroll","background-type":"","background-media":"","overlay-type":"","overlay-color":"","overlay-opacity":"","overlay-gradient":""},"tablet":{"background-color":"","background-image":"","background-repeat":"repeat","background-position":"center center","background-size":"auto","background-attachment":"scroll","background-type":"","background-media":"","overlay-type":"","overlay-color":"","overlay-opacity":"","overlay-gradient":""},"mobile":{"background-color":"","background-image":"","background-repeat":"repeat","background-position":"center center","background-size":"auto","background-attachment":"scroll","background-type":"","background-media":"","overlay-type":"","overlay-color":"","overlay-opacity":"","overlay-gradient":""}},"ast-content-background-meta":{"desktop":{"background-color":"var(--ast-global-color-5)","background-image":"","background-repeat":"repeat","background-position":"center center","background-size":"auto","background-attachment":"scroll","background-type":"","background-media":"","overlay-type":"","overlay-color":"","overlay-opacity":"","overlay-gradient":""},"tablet":{"background-color":"var(--ast-global-color-5)","background-image":"","background-repeat":"repeat","background-position":"center center","background-size":"auto","background-attachment":"scroll","background-type":"","background-media":"","overlay-type":"","overlay-color":"","overlay-opacity":"","overlay-gradient":""},"mobile":{"background-color":"var(--ast-global-color-5)","background-image":"","background-repeat":"repeat","background-position":"center center","background-size":"auto","background-attachment":"scroll","background-type":"","background-media":"","overlay-type":"","overlay-color":"","overlay-opacity":"","overlay-gradient":""}}},"product_cat":[43],"product_tag":[],"class_list":{"0":"post-9370","1":"product","2":"type-product","3":"status-publish","4":"has-post-thumbnail","6":"product_cat-wall-charger","7":"desktop-align-center","8":"tablet-align-center","9":"mobile-align-center","11":"first","12":"instock","13":"featured","14":"shipping-taxable","15":"product-type-simple"},"_links":{"self":[{"href":"https:\/\/imiapower.com\/tr\/wp-json\/wp\/v2\/product\/9370","targetHints":{"allow":["GET"]}}],"collection":[{"href":"https:\/\/imiapower.com\/tr\/wp-json\/wp\/v2\/product"}],"about":[{"href":"https:\/\/imiapower.com\/tr\/wp-json\/wp\/v2\/types\/product"}],"replies":[{"embeddable":true,"href":"https:\/\/imiapower.com\/tr\/wp-json\/wp\/v2\/comments?post=9370"}],"version-history":[{"count":3,"href":"https:\/\/imiapower.com\/tr\/wp-json\/wp\/v2\/product\/9370\/revisions"}],"predecessor-version":[{"id":9376,"href":"https:\/\/imiapower.com\/tr\/wp-json\/wp\/v2\/product\/9370\/revisions\/9376"}],"wp:featuredmedia":[{"embeddable":true,"href":"https:\/\/imiapower.com\/tr\/wp-json\/wp\/v2\/media\/9373"}],"wp:attachment":[{"href":"https:\/\/imiapower.com\/tr\/wp-json\/wp\/v2\/media?parent=9370"}],"wp:term":[{"taxonomy":"product_cat","embeddable":true,"href":"https:\/\/imiapower.com\/tr\/wp-json\/wp\/v2\/product_cat?post=9370"},{"taxonomy":"product_tag","embeddable":true,"href":"https:\/\/imiapower.com\/tr\/wp-json\/wp\/v2\/product_tag?post=9370"}],"curies":[{"name":"wp","href":"https:\/\/api.w.org\/{rel}","templated":true}]}}