{"id":9403,"date":"2025-07-07T03:13:09","date_gmt":"2025-07-07T03:13:09","guid":{"rendered":"https:\/\/imiapower.com\/?post_type=product&#038;p=9403"},"modified":"2025-07-07T03:13:10","modified_gmt":"2025-07-07T03:13:10","slug":"bulk-travel-usb-adapters-17w","status":"publish","type":"product","link":"https:\/\/imiapower.com\/tr\/products\/travel-adapter\/bulk-travel-usb-adapters-17w\/","title":{"rendered":"17W Evrensel Seyahat USB Adapt\u00f6r\u00fc \u2013 \u0130\u015f ve Hediyeler i\u00e7in Toplu Seyahat USB Adapt\u00f6rleri"},"content":{"rendered":"<ul>\n<li><strong>Toplu seyahat usb adapt\u00f6rleri<\/strong><\/li>\n<li><strong>Giri\u015f gerilimi:<\/strong> 110~250V\/AC 50-60Hz<\/li>\n<li><strong>AC \u00e7\u0131k\u0131\u015f\u0131: <\/strong>10A Maks.(1000W\/100V veya 2400W\/240V)<\/li>\n<li><strong>Tek USB \u00c7\u0131k\u0131\u015f\u0131 :<\/strong> 5V 3.4A (Maksimum 17W)<\/li>\n<li><strong>Tek Tip C \u00c7\u0131k\u0131\u015f\u0131 :<\/strong>5V 3.4A (Maksimum 17W)<\/li>\n<li><strong>USB+Type C \u00e7\u0131k\u0131\u015f\u0131 :<\/strong> 5V3A (Maksimum 15W)<\/li>\n<li><strong>Boyut :<\/strong>74*50,5*53,9 mm<\/li>\n<li><strong>Malzeme :<\/strong> Pi\u015fmi\u015f PC + bak\u0131r metal<\/li>\n<li><strong>Sertifika :<\/strong> FCC, CE<\/li>\n<\/ul>","protected":false},"excerpt":{"rendered":"<p>17W Evrensel Seyahat USB Adapt\u00f6r\u00fc, toplu olarak g\u00fcvenilir \u015farj \u00e7\u00f6z\u00fcmleri arayan k\u00fcresel gezginler ve i\u015fletmeler i\u00e7in tasarlanm\u0131\u015ft\u0131r.<\/p>\n<p>ABD\/\u0130ngiltere\/AUS\/AB fi\u015f uyumlulu\u011funa sahip 2 USB-A ve 2 USB-C portu ile d\u00fcnya \u00e7ap\u0131nda h\u0131zl\u0131 ve g\u00fcvenli \u015farj sa\u011flar ve bu da onu toptan sat\u0131\u015f, kurumsal hediyelik e\u015fya veya yeniden sat\u0131\u015f i\u00e7in m\u00fckemmel hale getirir<\/p>","protected":false},"featured_media":9404,"comment_status":"open","ping_status":"closed","template":"","meta":{"rank_math_lock_modified_date":false,"site-sidebar-layout":"default","site-content-layout":"","ast-site-content-layout":"default","site-content-style":"default","site-sidebar-style":"default","ast-global-header-display":"","ast-banner-title-visibility":"","ast-main-header-display":"","ast-hfb-above-header-display":"","ast-hfb-below-header-display":"","ast-hfb-mobile-header-display":"","site-post-title":"","ast-breadcrumbs-content":"","ast-featured-img":"","footer-sml-layout":"","ast-disable-related-posts":"","theme-transparent-header-meta":"default","adv-header-id-meta":"","stick-header-meta":"","header-above-stick-meta":"","header-main-stick-meta":"","header-below-stick-meta":"","astra-migrate-meta-layouts":"set","ast-page-background-enabled":"default","ast-page-background-meta":{"desktop":{"background-color":"","background-image":"","background-repeat":"repeat","background-position":"center center","background-size":"auto","background-attachment":"scroll","background-type":"","background-media":"","overlay-type":"","overlay-color":"","overlay-opacity":"","overlay-gradient":""},"tablet":{"background-color":"","background-image":"","background-repeat":"repeat","background-position":"center center","background-size":"auto","background-attachment":"scroll","background-type":"","background-media":"","overlay-type":"","overlay-color":"","overlay-opacity":"","overlay-gradient":""},"mobile":{"background-color":"","background-image":"","background-repeat":"repeat","background-position":"center center","background-size":"auto","background-attachment":"scroll","background-type":"","background-media":"","overlay-type":"","overlay-color":"","overlay-opacity":"","overlay-gradient":""}},"ast-content-background-meta":{"desktop":{"background-color":"var(--ast-global-color-5)","background-image":"","background-repeat":"repeat","background-position":"center center","background-size":"auto","background-attachment":"scroll","background-type":"","background-media":"","overlay-type":"","overlay-color":"","overlay-opacity":"","overlay-gradient":""},"tablet":{"background-color":"var(--ast-global-color-5)","background-image":"","background-repeat":"repeat","background-position":"center center","background-size":"auto","background-attachment":"scroll","background-type":"","background-media":"","overlay-type":"","overlay-color":"","overlay-opacity":"","overlay-gradient":""},"mobile":{"background-color":"var(--ast-global-color-5)","background-image":"","background-repeat":"repeat","background-position":"center center","background-size":"auto","background-attachment":"scroll","background-type":"","background-media":"","overlay-type":"","overlay-color":"","overlay-opacity":"","overlay-gradient":""}}},"product_cat":[64],"product_tag":[],"class_list":{"0":"post-9403","1":"product","2":"type-product","3":"status-publish","4":"has-post-thumbnail","6":"product_cat-travel-adapter","7":"desktop-align-center","8":"tablet-align-center","9":"mobile-align-center","11":"first","12":"instock","13":"shipping-taxable","14":"product-type-simple"},"_links":{"self":[{"href":"https:\/\/imiapower.com\/tr\/wp-json\/wp\/v2\/product\/9403","targetHints":{"allow":["GET"]}}],"collection":[{"href":"https:\/\/imiapower.com\/tr\/wp-json\/wp\/v2\/product"}],"about":[{"href":"https:\/\/imiapower.com\/tr\/wp-json\/wp\/v2\/types\/product"}],"replies":[{"embeddable":true,"href":"https:\/\/imiapower.com\/tr\/wp-json\/wp\/v2\/comments?post=9403"}],"version-history":[{"count":2,"href":"https:\/\/imiapower.com\/tr\/wp-json\/wp\/v2\/product\/9403\/revisions"}],"predecessor-version":[{"id":9411,"href":"https:\/\/imiapower.com\/tr\/wp-json\/wp\/v2\/product\/9403\/revisions\/9411"}],"wp:featuredmedia":[{"embeddable":true,"href":"https:\/\/imiapower.com\/tr\/wp-json\/wp\/v2\/media\/9404"}],"wp:attachment":[{"href":"https:\/\/imiapower.com\/tr\/wp-json\/wp\/v2\/media?parent=9403"}],"wp:term":[{"taxonomy":"product_cat","embeddable":true,"href":"https:\/\/imiapower.com\/tr\/wp-json\/wp\/v2\/product_cat?post=9403"},{"taxonomy":"product_tag","embeddable":true,"href":"https:\/\/imiapower.com\/tr\/wp-json\/wp\/v2\/product_tag?post=9403"}],"curies":[{"name":"wp","href":"https:\/\/api.w.org\/{rel}","templated":true}]}}