{"id":9439,"date":"2025-07-12T07:30:40","date_gmt":"2025-07-12T07:30:40","guid":{"rendered":"https:\/\/imiapower.com\/?post_type=product&#038;p=9439"},"modified":"2025-07-14T09:22:54","modified_gmt":"2025-07-14T09:22:54","slug":"30w-car-usb-adapter-pd-cable","status":"publish","type":"product","link":"https:\/\/imiapower.com\/tr\/products\/car-charger\/30w-car-usb-adapter-pd-cable\/","title":{"rendered":"PD H\u0131zl\u0131 \u015earj Kablolu 30W Ara\u00e7 USB Adapt\u00f6r\u00fc | USB-A + USB-C"},"content":{"rendered":"<ul>\n<li><strong>Araba USB adapt\u00f6r\u00fc<\/strong><\/li>\n<li><strong>Giri\u015f:<\/strong>DC 12-24V<\/li>\n<li><strong>\u00c7\u0131k\u0131\u015f USB-A:<\/strong>12W Maks 5V2.4A<\/li>\n<li><strong>Kablo PD 18W Maks:<\/strong>12V1.5A \/ 9V2A \/ 5V3A<\/li>\n<li><strong>Toplam \u00e7\u0131kt\u0131: <\/strong>30W Maks: USB-A: 5V2.4A USB-C\/Lightning: 12V1.5A \/ 9V2A \/ 5V3A<\/li>\n<li><strong>Boyut:<\/strong>25,2*41,2*65,3 mm Kablo 1,5 m<\/li>\n<li><strong>Neden olmu\u015f:<\/strong>Mavi I\u015f\u0131k<\/li>\n<\/ul>","protected":false},"excerpt":{"rendered":"<p><img fetchpriority=\"high\" decoding=\"async\" class=\"alignnone wp-image-9442 size-full\" src=\"https:\/\/imiapower.com\/wp-content\/uploads\/converted-3-6.webp\" alt=\"Araba USB adapt\u00f6r\u00fc\" width=\"667\" height=\"374\" srcset=\"https:\/\/imiapower.com\/wp-content\/uploads\/converted-3-6.webp 667w, https:\/\/imiapower.com\/wp-content\/uploads\/converted-3-6-300x168.webp 300w, https:\/\/imiapower.com\/wp-content\/uploads\/converted-3-6-18x10.webp 18w, https:\/\/imiapower.com\/wp-content\/uploads\/converted-3-6-600x336.webp 600w, https:\/\/imiapower.com\/wp-content\/uploads\/converted-3-6-64x36.webp 64w\" sizes=\"(max-width: 667px) 100vw, 667px\" \/><\/p>\n<p>Bu 30W Ara\u00e7 USB Adapt\u00f6r\u00fcnde bir adet USB-A portu ve USB-C \u00f6zellikli entegre 1,5 metrelik PD h\u0131zl\u0131 \u015farj kablosu bulunur.<\/p>\n<p>12V-24V ara\u00e7lar i\u00e7in tasarlanan bu \u00fcr\u00fcn, toplamda 30W&#039;a kadar \u00e7\u0131k\u0131\u015f g\u00fcc\u00fc sunuyor; USB-A 5V\/2,4A&#039;y\u0131 (12W) desteklerken, PD kablosu 5V\/3A, 9V\/2A ve 12V\/1,5A deste\u011fiyle 18W maksimum \u00e7\u0131k\u0131\u015f g\u00fcc\u00fc sa\u011fl\u0131yor.<\/p>\n<p>Ak\u0131ll\u0131 telefonlar\u0131n\u0131z\u0131, tabletlerinizi, kameran\u0131z\u0131 ve di\u011fer mobil cihazlar\u0131n\u0131z\u0131 hareket halindeyken \u015farj etmek i\u00e7in m\u00fckemmeldir.<\/p>\n<p>Dayan\u0131kl\u0131 al\u00fcminyum ala\u015f\u0131m\u0131ndan ve halojensiz yanmaz PC&#039;den \u00fcretilmi\u015f olup, geli\u015fmi\u015f g\u00fcvenlik ve \u0131s\u0131 direnci sunar.<\/p>\n<p>Mavi LED g\u00f6stergesi, \u015farj durumunu net bir \u015fekilde g\u00f6rmenizi sa\u011flar. Hem ticari filo ara\u00e7lar\u0131 hem de ki\u015fisel seyahatler i\u00e7in idealdir.<\/p>\n<p>&nbsp;<\/p>","protected":false},"featured_media":9441,"comment_status":"open","ping_status":"closed","template":"","meta":{"rank_math_lock_modified_date":false,"site-sidebar-layout":"default","site-content-layout":"","ast-site-content-layout":"default","site-content-style":"default","site-sidebar-style":"default","ast-global-header-display":"","ast-banner-title-visibility":"","ast-main-header-display":"","ast-hfb-above-header-display":"","ast-hfb-below-header-display":"","ast-hfb-mobile-header-display":"","site-post-title":"","ast-breadcrumbs-content":"","ast-featured-img":"","footer-sml-layout":"","ast-disable-related-posts":"","theme-transparent-header-meta":"default","adv-header-id-meta":"","stick-header-meta":"","header-above-stick-meta":"","header-main-stick-meta":"","header-below-stick-meta":"","astra-migrate-meta-layouts":"set","ast-page-background-enabled":"default","ast-page-background-meta":{"desktop":{"background-color":"","background-image":"","background-repeat":"repeat","background-position":"center center","background-size":"auto","background-attachment":"scroll","background-type":"","background-media":"","overlay-type":"","overlay-color":"","overlay-opacity":"","overlay-gradient":""},"tablet":{"background-color":"","background-image":"","background-repeat":"repeat","background-position":"center center","background-size":"auto","background-attachment":"scroll","background-type":"","background-media":"","overlay-type":"","overlay-color":"","overlay-opacity":"","overlay-gradient":""},"mobile":{"background-color":"","background-image":"","background-repeat":"repeat","background-position":"center center","background-size":"auto","background-attachment":"scroll","background-type":"","background-media":"","overlay-type":"","overlay-color":"","overlay-opacity":"","overlay-gradient":""}},"ast-content-background-meta":{"desktop":{"background-color":"var(--ast-global-color-5)","background-image":"","background-repeat":"repeat","background-position":"center center","background-size":"auto","background-attachment":"scroll","background-type":"","background-media":"","overlay-type":"","overlay-color":"","overlay-opacity":"","overlay-gradient":""},"tablet":{"background-color":"var(--ast-global-color-5)","background-image":"","background-repeat":"repeat","background-position":"center center","background-size":"auto","background-attachment":"scroll","background-type":"","background-media":"","overlay-type":"","overlay-color":"","overlay-opacity":"","overlay-gradient":""},"mobile":{"background-color":"var(--ast-global-color-5)","background-image":"","background-repeat":"repeat","background-position":"center center","background-size":"auto","background-attachment":"scroll","background-type":"","background-media":"","overlay-type":"","overlay-color":"","overlay-opacity":"","overlay-gradient":""}}},"product_cat":[41],"product_tag":[],"class_list":{"0":"post-9439","1":"product","2":"type-product","3":"status-publish","4":"has-post-thumbnail","6":"product_cat-car-charger","7":"desktop-align-center","8":"tablet-align-center","9":"mobile-align-center","11":"first","12":"instock","13":"featured","14":"shipping-taxable","15":"product-type-simple"},"_links":{"self":[{"href":"https:\/\/imiapower.com\/tr\/wp-json\/wp\/v2\/product\/9439","targetHints":{"allow":["GET"]}}],"collection":[{"href":"https:\/\/imiapower.com\/tr\/wp-json\/wp\/v2\/product"}],"about":[{"href":"https:\/\/imiapower.com\/tr\/wp-json\/wp\/v2\/types\/product"}],"replies":[{"embeddable":true,"href":"https:\/\/imiapower.com\/tr\/wp-json\/wp\/v2\/comments?post=9439"}],"version-history":[{"count":1,"href":"https:\/\/imiapower.com\/tr\/wp-json\/wp\/v2\/product\/9439\/revisions"}],"predecessor-version":[{"id":9444,"href":"https:\/\/imiapower.com\/tr\/wp-json\/wp\/v2\/product\/9439\/revisions\/9444"}],"wp:featuredmedia":[{"embeddable":true,"href":"https:\/\/imiapower.com\/tr\/wp-json\/wp\/v2\/media\/9441"}],"wp:attachment":[{"href":"https:\/\/imiapower.com\/tr\/wp-json\/wp\/v2\/media?parent=9439"}],"wp:term":[{"taxonomy":"product_cat","embeddable":true,"href":"https:\/\/imiapower.com\/tr\/wp-json\/wp\/v2\/product_cat?post=9439"},{"taxonomy":"product_tag","embeddable":true,"href":"https:\/\/imiapower.com\/tr\/wp-json\/wp\/v2\/product_tag?post=9439"}],"curies":[{"name":"wp","href":"https:\/\/api.w.org\/{rel}","templated":true}]}}