{"id":9460,"date":"2025-07-14T09:22:12","date_gmt":"2025-07-14T09:22:12","guid":{"rendered":"https:\/\/imiapower.com\/?post_type=product&#038;p=9460"},"modified":"2025-07-14T09:22:47","modified_gmt":"2025-07-14T09:22:47","slug":"universal-travel-outlet-35w","status":"publish","type":"product","link":"https:\/\/imiapower.com\/tr\/products\/travel-adapter\/universal-travel-outlet-35w\/","title":{"rendered":"USB, USB-C PD 35W, AC Soketli Evrensel Seyahat Prizi \u2013 D\u00fcnya \u00c7ap\u0131nda Uyumluluk"},"content":{"rendered":"<ul>\n<li><strong>Giri\u015f gerilimi:<\/strong>110~250V\/AC 50-60Hz<\/li>\n<li><strong>AC \u00e7\u0131k\u0131\u015f\u0131:<\/strong>10A Maks.(1000W\/100V veya 2400W\/240V)<\/li>\n<li><strong>USB \u00e7\u0131k\u0131\u015f\u0131:<\/strong> 5V3A\/9V2A\/12V 1,5A (Maks. 18W)<\/li>\n<li><strong>C1 \u00e7\u0131k\u0131\u015f\u0131 yaz\u0131n:<\/strong>5V,3A 9V,3A 12V,2,91A 15V,2,33A 20V,1,75A (MAKS. 35W)<\/li>\n<li><strong>C2 \u00e7\u0131k\u0131\u015f tipi:<\/strong> 5V1A 5W<\/li>\n<li><strong>Kablo C3\uff1a<\/strong>5V,3A 9V,3A 12V,2,91A 15V,2,33A 20V,1,75A (MAKS. 35W)<\/li>\n<li><strong>C1\/C2+C3:<\/strong> 20W+5W<\/li>\n<li><strong>C1+C2+C3+USB:<\/strong>20W + 15W<\/li>\n<li><strong>C3+USB:<\/strong>5V3A<\/li>\n<li><strong>A\u011f\u0131rl\u0131k:<\/strong>248g<\/li>\n<li><strong>Malzeme :<\/strong> Pi\u015fmi\u015f PC + bak\u0131r metal<\/li>\n<li><strong>Sertifika :<\/strong> FCC, CE<\/li>\n<\/ul>","protected":false},"excerpt":{"rendered":"<p>Rahatl\u0131k, g\u00fcvenlik ve h\u0131z i\u00e7in tasarlanm\u0131\u015f bu evrensel seyahat se\u00e7ene\u011fiyle daha ak\u0131ll\u0131ca seyahat edin.<\/p>\n<p>110\u2013250V AC giri\u015fle uyumlu ve 2400W&#039;a kadar g\u00fc\u00e7 \u00e7\u0131k\u0131\u015f\u0131 sunan bu adapt\u00f6r, uluslararas\u0131 seyahatler i\u00e7in idealdir.<\/p>\n<p>Bir adet USB-A (18W), iki adet USB-C portu (C1 ve C2) ve 35W&#039;a kadar G\u00fc\u00e7 Da\u011f\u0131t\u0131m\u0131 (PD) \u00f6zellikli bir dahili kablo (C3) i\u00e7eren \u00e7oklu port tasar\u0131m\u0131na sahiptir. Ak\u0131ll\u0131 telefonlar\u0131n\u0131z\u0131, tabletlerinizi, diz\u00fcst\u00fc bilgisayarlar\u0131n\u0131z\u0131 ve di\u011fer elektronik cihazlar\u0131n\u0131z\u0131 ayn\u0131 anda \u015farj edin.<\/p>","protected":false},"featured_media":9465,"comment_status":"open","ping_status":"closed","template":"","meta":{"rank_math_lock_modified_date":false,"site-sidebar-layout":"default","site-content-layout":"","ast-site-content-layout":"default","site-content-style":"default","site-sidebar-style":"default","ast-global-header-display":"","ast-banner-title-visibility":"","ast-main-header-display":"","ast-hfb-above-header-display":"","ast-hfb-below-header-display":"","ast-hfb-mobile-header-display":"","site-post-title":"","ast-breadcrumbs-content":"","ast-featured-img":"","footer-sml-layout":"","ast-disable-related-posts":"","theme-transparent-header-meta":"default","adv-header-id-meta":"","stick-header-meta":"","header-above-stick-meta":"","header-main-stick-meta":"","header-below-stick-meta":"","astra-migrate-meta-layouts":"set","ast-page-background-enabled":"default","ast-page-background-meta":{"desktop":{"background-color":"","background-image":"","background-repeat":"repeat","background-position":"center center","background-size":"auto","background-attachment":"scroll","background-type":"","background-media":"","overlay-type":"","overlay-color":"","overlay-opacity":"","overlay-gradient":""},"tablet":{"background-color":"","background-image":"","background-repeat":"repeat","background-position":"center center","background-size":"auto","background-attachment":"scroll","background-type":"","background-media":"","overlay-type":"","overlay-color":"","overlay-opacity":"","overlay-gradient":""},"mobile":{"background-color":"","background-image":"","background-repeat":"repeat","background-position":"center center","background-size":"auto","background-attachment":"scroll","background-type":"","background-media":"","overlay-type":"","overlay-color":"","overlay-opacity":"","overlay-gradient":""}},"ast-content-background-meta":{"desktop":{"background-color":"var(--ast-global-color-5)","background-image":"","background-repeat":"repeat","background-position":"center center","background-size":"auto","background-attachment":"scroll","background-type":"","background-media":"","overlay-type":"","overlay-color":"","overlay-opacity":"","overlay-gradient":""},"tablet":{"background-color":"var(--ast-global-color-5)","background-image":"","background-repeat":"repeat","background-position":"center center","background-size":"auto","background-attachment":"scroll","background-type":"","background-media":"","overlay-type":"","overlay-color":"","overlay-opacity":"","overlay-gradient":""},"mobile":{"background-color":"var(--ast-global-color-5)","background-image":"","background-repeat":"repeat","background-position":"center center","background-size":"auto","background-attachment":"scroll","background-type":"","background-media":"","overlay-type":"","overlay-color":"","overlay-opacity":"","overlay-gradient":""}}},"product_cat":[64],"product_tag":[],"class_list":{"0":"post-9460","1":"product","2":"type-product","3":"status-publish","4":"has-post-thumbnail","6":"product_cat-travel-adapter","7":"desktop-align-center","8":"tablet-align-center","9":"mobile-align-center","11":"first","12":"instock","13":"shipping-taxable","14":"product-type-simple"},"_links":{"self":[{"href":"https:\/\/imiapower.com\/tr\/wp-json\/wp\/v2\/product\/9460","targetHints":{"allow":["GET"]}}],"collection":[{"href":"https:\/\/imiapower.com\/tr\/wp-json\/wp\/v2\/product"}],"about":[{"href":"https:\/\/imiapower.com\/tr\/wp-json\/wp\/v2\/types\/product"}],"replies":[{"embeddable":true,"href":"https:\/\/imiapower.com\/tr\/wp-json\/wp\/v2\/comments?post=9460"}],"version-history":[{"count":1,"href":"https:\/\/imiapower.com\/tr\/wp-json\/wp\/v2\/product\/9460\/revisions"}],"predecessor-version":[{"id":9467,"href":"https:\/\/imiapower.com\/tr\/wp-json\/wp\/v2\/product\/9460\/revisions\/9467"}],"wp:featuredmedia":[{"embeddable":true,"href":"https:\/\/imiapower.com\/tr\/wp-json\/wp\/v2\/media\/9465"}],"wp:attachment":[{"href":"https:\/\/imiapower.com\/tr\/wp-json\/wp\/v2\/media?parent=9460"}],"wp:term":[{"taxonomy":"product_cat","embeddable":true,"href":"https:\/\/imiapower.com\/tr\/wp-json\/wp\/v2\/product_cat?post=9460"},{"taxonomy":"product_tag","embeddable":true,"href":"https:\/\/imiapower.com\/tr\/wp-json\/wp\/v2\/product_tag?post=9460"}],"curies":[{"name":"wp","href":"https:\/\/api.w.org\/{rel}","templated":true}]}}