{"id":9473,"date":"2025-07-16T01:52:30","date_gmt":"2025-07-16T01:52:30","guid":{"rendered":"https:\/\/imiapower.com\/?post_type=product&#038;p=9473"},"modified":"2025-07-16T01:52:43","modified_gmt":"2025-07-16T01:52:43","slug":"pd-protocol-charger-20w","status":"publish","type":"product","link":"https:\/\/imiapower.com\/tr\/products\/wall-charger\/pd-protocol-charger-20w\/","title":{"rendered":"Innovation PD Protokol \u015earj Cihaz\u0131 20W \u2013 iPhone Samsung i\u00e7in \u015eirin H\u0131zl\u0131 USB-C Duvar \u015earj Cihaz\u0131"},"content":{"rendered":"<ul>\n<li><strong>pd protokol \u015farj cihaz\u0131<\/strong><\/li>\n<li><strong>Giri\u015f:<\/strong>100~250V\/AC 50-60Hz<\/li>\n<li><strong>\u00c7\u0131kt\u0131:<\/strong>5V3A, 9V2.22A, 12V1.67A (Maks. 20W)<\/li>\n<li><strong>Malzeme:<\/strong>bilgisayar<\/li>\n<li><strong>Sertifika:<\/strong>FCC, CCC, RoHs<\/li>\n<\/ul>","protected":false},"excerpt":{"rendered":"<p>Bu <strong data-start=\"663\" data-end=\"690\">PD protokol \u015farj cihaz\u0131 20W<\/strong> iPhone, Samsung ve USB-C cihazlar\u0131n\u0131z i\u00e7in h\u0131zl\u0131 ve istikrarl\u0131 \u015farj imkan\u0131 sunan bu \u00fcr\u00fcn, \u015f\u0131k teknolojiyi seven gen\u00e7 k\u0131zlar i\u00e7in m\u00fckemmel, sevimli ve kompakt bir tasar\u0131ma sahiptir.<\/p>\n<p>Destek <strong data-start=\"857\" data-end=\"897\">5V 3A, 9V 2,22A, 12V 1,67A (Maksimum 20W)<\/strong> \u00e7\u0131k\u0131\u015flar\u0131 sayesinde evde, okulda veya seyahatte verimli g\u00fc\u00e7 da\u011f\u0131t\u0131m\u0131 sa\u011flar.<\/p>\n<p>Yang\u0131na dayan\u0131kl\u0131 PC malzemeden \u00fcretilmi\u015ftir ve sertifikaland\u0131r\u0131lm\u0131\u015ft\u0131r <strong data-start=\"1037\" data-end=\"1059\">FCC, CCC ve RoHS<\/strong>, g\u00fcvenli\u011fi yenilik\u00e7i bir tasar\u0131mla bir araya getirerek, estetik anlay\u0131\u015f\u0131na uygun, h\u0131zl\u0131 \u015farj cihaz\u0131 arayan ve cihazlar\u0131n\u0131 her an kullan\u0131ma haz\u0131r tutmak isteyenler i\u00e7in g\u00fcnl\u00fck bir vazge\u00e7ilmez haline geliyor.<\/p>\n<p><img fetchpriority=\"high\" decoding=\"async\" class=\"alignnone wp-image-9475 size-full\" src=\"https:\/\/imiapower.com\/wp-content\/uploads\/converted-2-10.webp\" alt=\"pd protokol \u015farj cihaz\u0131\" width=\"800\" height=\"628\" srcset=\"https:\/\/imiapower.com\/wp-content\/uploads\/converted-2-10.webp 800w, https:\/\/imiapower.com\/wp-content\/uploads\/converted-2-10-300x236.webp 300w, https:\/\/imiapower.com\/wp-content\/uploads\/converted-2-10-768x603.webp 768w, https:\/\/imiapower.com\/wp-content\/uploads\/converted-2-10-15x12.webp 15w, https:\/\/imiapower.com\/wp-content\/uploads\/converted-2-10-600x471.webp 600w, https:\/\/imiapower.com\/wp-content\/uploads\/converted-2-10-64x50.webp 64w\" sizes=\"(max-width: 800px) 100vw, 800px\" \/><\/p>","protected":false},"featured_media":9476,"comment_status":"open","ping_status":"closed","template":"","meta":{"rank_math_lock_modified_date":false,"site-sidebar-layout":"default","site-content-layout":"","ast-site-content-layout":"default","site-content-style":"default","site-sidebar-style":"default","ast-global-header-display":"","ast-banner-title-visibility":"","ast-main-header-display":"","ast-hfb-above-header-display":"","ast-hfb-below-header-display":"","ast-hfb-mobile-header-display":"","site-post-title":"","ast-breadcrumbs-content":"","ast-featured-img":"","footer-sml-layout":"","ast-disable-related-posts":"","theme-transparent-header-meta":"default","adv-header-id-meta":"","stick-header-meta":"","header-above-stick-meta":"","header-main-stick-meta":"","header-below-stick-meta":"","astra-migrate-meta-layouts":"set","ast-page-background-enabled":"default","ast-page-background-meta":{"desktop":{"background-color":"","background-image":"","background-repeat":"repeat","background-position":"center center","background-size":"auto","background-attachment":"scroll","background-type":"","background-media":"","overlay-type":"","overlay-color":"","overlay-opacity":"","overlay-gradient":""},"tablet":{"background-color":"","background-image":"","background-repeat":"repeat","background-position":"center center","background-size":"auto","background-attachment":"scroll","background-type":"","background-media":"","overlay-type":"","overlay-color":"","overlay-opacity":"","overlay-gradient":""},"mobile":{"background-color":"","background-image":"","background-repeat":"repeat","background-position":"center center","background-size":"auto","background-attachment":"scroll","background-type":"","background-media":"","overlay-type":"","overlay-color":"","overlay-opacity":"","overlay-gradient":""}},"ast-content-background-meta":{"desktop":{"background-color":"var(--ast-global-color-5)","background-image":"","background-repeat":"repeat","background-position":"center center","background-size":"auto","background-attachment":"scroll","background-type":"","background-media":"","overlay-type":"","overlay-color":"","overlay-opacity":"","overlay-gradient":""},"tablet":{"background-color":"var(--ast-global-color-5)","background-image":"","background-repeat":"repeat","background-position":"center center","background-size":"auto","background-attachment":"scroll","background-type":"","background-media":"","overlay-type":"","overlay-color":"","overlay-opacity":"","overlay-gradient":""},"mobile":{"background-color":"var(--ast-global-color-5)","background-image":"","background-repeat":"repeat","background-position":"center center","background-size":"auto","background-attachment":"scroll","background-type":"","background-media":"","overlay-type":"","overlay-color":"","overlay-opacity":"","overlay-gradient":""}}},"product_cat":[43],"product_tag":[],"class_list":{"0":"post-9473","1":"product","2":"type-product","3":"status-publish","4":"has-post-thumbnail","6":"product_cat-wall-charger","7":"desktop-align-center","8":"tablet-align-center","9":"mobile-align-center","11":"first","12":"instock","13":"featured","14":"shipping-taxable","15":"product-type-simple"},"_links":{"self":[{"href":"https:\/\/imiapower.com\/tr\/wp-json\/wp\/v2\/product\/9473","targetHints":{"allow":["GET"]}}],"collection":[{"href":"https:\/\/imiapower.com\/tr\/wp-json\/wp\/v2\/product"}],"about":[{"href":"https:\/\/imiapower.com\/tr\/wp-json\/wp\/v2\/types\/product"}],"replies":[{"embeddable":true,"href":"https:\/\/imiapower.com\/tr\/wp-json\/wp\/v2\/comments?post=9473"}],"version-history":[{"count":1,"href":"https:\/\/imiapower.com\/tr\/wp-json\/wp\/v2\/product\/9473\/revisions"}],"predecessor-version":[{"id":9477,"href":"https:\/\/imiapower.com\/tr\/wp-json\/wp\/v2\/product\/9473\/revisions\/9477"}],"wp:featuredmedia":[{"embeddable":true,"href":"https:\/\/imiapower.com\/tr\/wp-json\/wp\/v2\/media\/9476"}],"wp:attachment":[{"href":"https:\/\/imiapower.com\/tr\/wp-json\/wp\/v2\/media?parent=9473"}],"wp:term":[{"taxonomy":"product_cat","embeddable":true,"href":"https:\/\/imiapower.com\/tr\/wp-json\/wp\/v2\/product_cat?post=9473"},{"taxonomy":"product_tag","embeddable":true,"href":"https:\/\/imiapower.com\/tr\/wp-json\/wp\/v2\/product_tag?post=9473"}],"curies":[{"name":"wp","href":"https:\/\/api.w.org\/{rel}","templated":true}]}}