{"id":9579,"date":"2025-08-02T00:17:39","date_gmt":"2025-08-02T00:17:39","guid":{"rendered":"https:\/\/imiapower.com\/?post_type=product&#038;p=9579"},"modified":"2025-08-02T00:17:40","modified_gmt":"2025-08-02T00:17:40","slug":"type-i-adapter","status":"publish","type":"product","link":"https:\/\/imiapower.com\/tr\/products\/travel-adapter\/type-i-adapter\/","title":{"rendered":"Tip I Adapt\u00f6r \u2013 Avrupa&#039;dan Avustralya&#039;ya G\u00fc\u00e7 D\u00f6n\u00fc\u015ft\u00fcr\u00fcc\u00fc"},"content":{"rendered":"<ul>\n<li><strong>Tip i adapt\u00f6r<\/strong><\/li>\n<li><strong>Giri\u015f:<\/strong> 250V 10A 2500W Maks.<\/li>\n<li><strong>Konut Malzemesi:<\/strong> bilgisayar<\/li>\n<li><strong>Standart:<\/strong> IEC60884-2-5 ile uyumludur<\/li>\n<li><strong>Renk:<\/strong>\u00a0Beyaz\/siyah<\/li>\n<li><strong>A\u00e7\u0131klama:<\/strong> Avrupa&#039;dan Avustralya&#039;ya Fi\u015f Adapt\u00f6r\u00fc<\/li>\n<\/ul>","protected":false},"excerpt":{"rendered":"<p data-start=\"751\" data-end=\"1342\">Bu y\u00fcksek kaliteli \u00fcr\u00fcnle Avrupa cihazlar\u0131n\u0131z\u0131 Avustralya&#039;da zahmetsizce \u00e7al\u0131\u015ft\u0131r\u0131n <strong data-start=\"828\" data-end=\"851\">Tip I Adapt\u00f6r<\/strong>.<\/p>\n<p data-start=\"751\" data-end=\"1342\">250V 10A sistemlerle uyumlu ve maksimum 2500W g\u00fc\u00e7 de\u011ferine sahip olacak \u015fekilde tasarlanm\u0131\u015f olup, g\u00fcvenli ve verimli elektrik d\u00f6n\u00fc\u015f\u00fcm\u00fc sa\u011flar.<\/p>\n<p data-start=\"751\" data-end=\"1342\">Dayan\u0131kl\u0131 alev geciktirici PC g\u00f6vdesi ile \u00fcretilmi\u015ftir ve uyumludur <strong data-start=\"1056\" data-end=\"1072\">IEC60884-2-5<\/strong> Adapt\u00f6rler i\u00e7in standartlara sahip bu kompakt ve seyahat dostu aksesuar, s\u0131k seyahat edenler, uluslararas\u0131 \u00f6\u011frenciler veya i\u015f profesyonelleri i\u00e7in idealdir.<\/p>\n<p data-start=\"751\" data-end=\"1342\">Klasik olarak mevcuttur <strong data-start=\"1245\" data-end=\"1263\">beyaz veya siyah<\/strong> bitirir, kolayca d\u00f6n\u00fc\u015ft\u00fcr\u00fcr <strong data-start=\"1293\" data-end=\"1341\">Avrupa (AB) fi\u015fleri Avustralya (AUS) prizlerine<\/strong>.<\/p>\n<p data-start=\"751\" data-end=\"1342\"><img fetchpriority=\"high\" decoding=\"async\" class=\"alignnone wp-image-9580 size-full\" src=\"https:\/\/imiapower.com\/wp-content\/uploads\/converted-1-12.webp\" alt=\"tip i adapt\u00f6r\" width=\"960\" height=\"669\" srcset=\"https:\/\/imiapower.com\/wp-content\/uploads\/converted-1-12.webp 960w, https:\/\/imiapower.com\/wp-content\/uploads\/converted-1-12-300x209.webp 300w, https:\/\/imiapower.com\/wp-content\/uploads\/converted-1-12-768x535.webp 768w, https:\/\/imiapower.com\/wp-content\/uploads\/converted-1-12-18x12.webp 18w, https:\/\/imiapower.com\/wp-content\/uploads\/converted-1-12-600x418.webp 600w, https:\/\/imiapower.com\/wp-content\/uploads\/converted-1-12-64x45.webp 64w\" sizes=\"(max-width: 960px) 100vw, 960px\" \/><\/p>","protected":false},"featured_media":9581,"comment_status":"open","ping_status":"closed","template":"","meta":{"rank_math_lock_modified_date":false,"site-sidebar-layout":"default","site-content-layout":"","ast-site-content-layout":"default","site-content-style":"default","site-sidebar-style":"default","ast-global-header-display":"","ast-banner-title-visibility":"","ast-main-header-display":"","ast-hfb-above-header-display":"","ast-hfb-below-header-display":"","ast-hfb-mobile-header-display":"","site-post-title":"","ast-breadcrumbs-content":"","ast-featured-img":"","footer-sml-layout":"","ast-disable-related-posts":"","theme-transparent-header-meta":"default","adv-header-id-meta":"","stick-header-meta":"","header-above-stick-meta":"","header-main-stick-meta":"","header-below-stick-meta":"","astra-migrate-meta-layouts":"set","ast-page-background-enabled":"default","ast-page-background-meta":{"desktop":{"background-color":"","background-image":"","background-repeat":"repeat","background-position":"center center","background-size":"auto","background-attachment":"scroll","background-type":"","background-media":"","overlay-type":"","overlay-color":"","overlay-opacity":"","overlay-gradient":""},"tablet":{"background-color":"","background-image":"","background-repeat":"repeat","background-position":"center center","background-size":"auto","background-attachment":"scroll","background-type":"","background-media":"","overlay-type":"","overlay-color":"","overlay-opacity":"","overlay-gradient":""},"mobile":{"background-color":"","background-image":"","background-repeat":"repeat","background-position":"center center","background-size":"auto","background-attachment":"scroll","background-type":"","background-media":"","overlay-type":"","overlay-color":"","overlay-opacity":"","overlay-gradient":""}},"ast-content-background-meta":{"desktop":{"background-color":"var(--ast-global-color-5)","background-image":"","background-repeat":"repeat","background-position":"center center","background-size":"auto","background-attachment":"scroll","background-type":"","background-media":"","overlay-type":"","overlay-color":"","overlay-opacity":"","overlay-gradient":""},"tablet":{"background-color":"var(--ast-global-color-5)","background-image":"","background-repeat":"repeat","background-position":"center center","background-size":"auto","background-attachment":"scroll","background-type":"","background-media":"","overlay-type":"","overlay-color":"","overlay-opacity":"","overlay-gradient":""},"mobile":{"background-color":"var(--ast-global-color-5)","background-image":"","background-repeat":"repeat","background-position":"center center","background-size":"auto","background-attachment":"scroll","background-type":"","background-media":"","overlay-type":"","overlay-color":"","overlay-opacity":"","overlay-gradient":""}}},"product_cat":[64],"product_tag":[],"class_list":{"0":"post-9579","1":"product","2":"type-product","3":"status-publish","4":"has-post-thumbnail","6":"product_cat-travel-adapter","7":"desktop-align-center","8":"tablet-align-center","9":"mobile-align-center","11":"first","12":"instock","13":"shipping-taxable","14":"product-type-simple"},"_links":{"self":[{"href":"https:\/\/imiapower.com\/tr\/wp-json\/wp\/v2\/product\/9579","targetHints":{"allow":["GET"]}}],"collection":[{"href":"https:\/\/imiapower.com\/tr\/wp-json\/wp\/v2\/product"}],"about":[{"href":"https:\/\/imiapower.com\/tr\/wp-json\/wp\/v2\/types\/product"}],"replies":[{"embeddable":true,"href":"https:\/\/imiapower.com\/tr\/wp-json\/wp\/v2\/comments?post=9579"}],"version-history":[{"count":2,"href":"https:\/\/imiapower.com\/tr\/wp-json\/wp\/v2\/product\/9579\/revisions"}],"predecessor-version":[{"id":9583,"href":"https:\/\/imiapower.com\/tr\/wp-json\/wp\/v2\/product\/9579\/revisions\/9583"}],"wp:featuredmedia":[{"embeddable":true,"href":"https:\/\/imiapower.com\/tr\/wp-json\/wp\/v2\/media\/9581"}],"wp:attachment":[{"href":"https:\/\/imiapower.com\/tr\/wp-json\/wp\/v2\/media?parent=9579"}],"wp:term":[{"taxonomy":"product_cat","embeddable":true,"href":"https:\/\/imiapower.com\/tr\/wp-json\/wp\/v2\/product_cat?post=9579"},{"taxonomy":"product_tag","embeddable":true,"href":"https:\/\/imiapower.com\/tr\/wp-json\/wp\/v2\/product_tag?post=9579"}],"curies":[{"name":"wp","href":"https:\/\/api.w.org\/{rel}","templated":true}]}}