{"id":9584,"date":"2025-07-26T02:15:58","date_gmt":"2025-07-26T02:15:58","guid":{"rendered":"https:\/\/imiapower.com\/?post_type=product&#038;p=9584"},"modified":"2025-08-02T00:17:55","modified_gmt":"2025-08-02T00:17:55","slug":"electrical-adapter","status":"publish","type":"product","link":"https:\/\/imiapower.com\/tr\/products\/travel-adapter\/electrical-adapter\/","title":{"rendered":"Elektrik Adapt\u00f6r\u00fc \u2013 Avrupa&#039;dan \u0130svi\u00e7re&#039;ye Fi\u015f D\u00f6n\u00fc\u015ft\u00fcr\u00fcc\u00fc"},"content":{"rendered":"<ul>\n<li><strong>Elektrik adapt\u00f6r\u00fc<\/strong><\/li>\n<li><strong>Giri\u015f:<\/strong> 250V 10A 2500W Maks.<\/li>\n<li><strong>Konut Malzemesi:<\/strong> bilgisayar<\/li>\n<li><strong>Standart:<\/strong> IEC60884-2-5 ile uyumludur<\/li>\n<li><strong>Renk:<\/strong>\u00a0Beyaz\/siyah<\/li>\n<li><strong>A\u00e7\u0131klama:<\/strong> Avrupa&#039;dan \u0130svi\u00e7re&#039;ye Fi\u015f Adapt\u00f6r\u00fc<\/li>\n<\/ul>","protected":false},"excerpt":{"rendered":"<p data-start=\"817\" data-end=\"1130\">Bu y\u00fcksek performansl\u0131 <strong data-start=\"839\" data-end=\"861\">elektrik adapt\u00f6r\u00fc<\/strong> Avrupa cihazlar\u0131n\u0131z\u0131 \u00e7al\u0131\u015ft\u0131rmak i\u00e7in m\u00fckemmel bir \u00e7\u00f6z\u00fcmd\u00fcr <strong data-start=\"924\" data-end=\"939\">\u0130svi\u00e7re<\/strong>Standart d\u00f6n\u00fc\u015ft\u00fcrmek i\u00e7in tasarlanm\u0131\u015ft\u0131r <strong data-start=\"970\" data-end=\"982\">AB fi\u015fleri<\/strong> ile <strong data-start=\"986\" data-end=\"1003\">\u0130svi\u00e7re prizleri<\/strong>, kadar destekler <strong data-start=\"1023\" data-end=\"1035\">250V 10A<\/strong>, ile <strong data-start=\"1044\" data-end=\"1069\">maksimum y\u00fck 2500W<\/strong>\u2014\u00e7o\u011fu seyahat cihaz\u0131, \u015farj cihaz\u0131 ve elektronik cihaz i\u00e7in idealdir.<\/p>\n<p data-start=\"1132\" data-end=\"1551\">Dayan\u0131kl\u0131 ve alev geciktirici malzemeden \u00fcretilmi\u015ftir <strong data-start=\"1171\" data-end=\"1185\">PC muhafazas\u0131<\/strong>hem g\u00fcvenlik hem de uzun \u00f6m\u00fcr sunar. \u00dcr\u00fcn, <strong data-start=\"1250\" data-end=\"1266\">IEC60884-2-5<\/strong>Uluslararas\u0131 fi\u015f adapt\u00f6rleri g\u00fcvenlik standartlar\u0131n\u0131 kar\u015f\u0131layan bu kompakt adapt\u00f6r, seyahat ediyor, ta\u015f\u0131n\u0131yor veya evde ya da ofiste bir AB-CH d\u00f6n\u00fc\u015ft\u00fcr\u00fcc\u00fcye ihtiya\u00e7 duyuyorsan\u0131z g\u00fcvenilir bir se\u00e7imdir. <strong data-start=\"1482\" data-end=\"1500\">beyaz veya siyah<\/strong>Fonksiyonelli\u011fi temiz ve modern bir tasar\u0131mla birle\u015ftiriyor.<\/p>\n<p data-start=\"1132\" data-end=\"1551\"><img fetchpriority=\"high\" decoding=\"async\" class=\"alignnone wp-image-9586 size-full\" src=\"https:\/\/imiapower.com\/wp-content\/uploads\/20250409024035250.jpg\" alt=\"elektrik adapt\u00f6r\u00fc\" width=\"960\" height=\"674\" srcset=\"https:\/\/imiapower.com\/wp-content\/uploads\/20250409024035250.jpg 960w, https:\/\/imiapower.com\/wp-content\/uploads\/20250409024035250-300x211.jpg 300w, https:\/\/imiapower.com\/wp-content\/uploads\/20250409024035250-768x539.jpg 768w, https:\/\/imiapower.com\/wp-content\/uploads\/20250409024035250-18x12.jpg 18w, https:\/\/imiapower.com\/wp-content\/uploads\/20250409024035250-600x421.jpg 600w, https:\/\/imiapower.com\/wp-content\/uploads\/20250409024035250-64x45.jpg 64w\" sizes=\"(max-width: 960px) 100vw, 960px\" \/><\/p>\n<p data-start=\"751\" data-end=\"1342\">","protected":false},"featured_media":9585,"comment_status":"open","ping_status":"closed","template":"","meta":{"rank_math_lock_modified_date":false,"site-sidebar-layout":"default","site-content-layout":"","ast-site-content-layout":"default","site-content-style":"default","site-sidebar-style":"default","ast-global-header-display":"","ast-banner-title-visibility":"","ast-main-header-display":"","ast-hfb-above-header-display":"","ast-hfb-below-header-display":"","ast-hfb-mobile-header-display":"","site-post-title":"","ast-breadcrumbs-content":"","ast-featured-img":"","footer-sml-layout":"","ast-disable-related-posts":"","theme-transparent-header-meta":"default","adv-header-id-meta":"","stick-header-meta":"","header-above-stick-meta":"","header-main-stick-meta":"","header-below-stick-meta":"","astra-migrate-meta-layouts":"set","ast-page-background-enabled":"default","ast-page-background-meta":{"desktop":{"background-color":"","background-image":"","background-repeat":"repeat","background-position":"center center","background-size":"auto","background-attachment":"scroll","background-type":"","background-media":"","overlay-type":"","overlay-color":"","overlay-opacity":"","overlay-gradient":""},"tablet":{"background-color":"","background-image":"","background-repeat":"repeat","background-position":"center center","background-size":"auto","background-attachment":"scroll","background-type":"","background-media":"","overlay-type":"","overlay-color":"","overlay-opacity":"","overlay-gradient":""},"mobile":{"background-color":"","background-image":"","background-repeat":"repeat","background-position":"center center","background-size":"auto","background-attachment":"scroll","background-type":"","background-media":"","overlay-type":"","overlay-color":"","overlay-opacity":"","overlay-gradient":""}},"ast-content-background-meta":{"desktop":{"background-color":"var(--ast-global-color-5)","background-image":"","background-repeat":"repeat","background-position":"center center","background-size":"auto","background-attachment":"scroll","background-type":"","background-media":"","overlay-type":"","overlay-color":"","overlay-opacity":"","overlay-gradient":""},"tablet":{"background-color":"var(--ast-global-color-5)","background-image":"","background-repeat":"repeat","background-position":"center center","background-size":"auto","background-attachment":"scroll","background-type":"","background-media":"","overlay-type":"","overlay-color":"","overlay-opacity":"","overlay-gradient":""},"mobile":{"background-color":"var(--ast-global-color-5)","background-image":"","background-repeat":"repeat","background-position":"center center","background-size":"auto","background-attachment":"scroll","background-type":"","background-media":"","overlay-type":"","overlay-color":"","overlay-opacity":"","overlay-gradient":""}}},"product_cat":[64],"product_tag":[],"class_list":{"0":"post-9584","1":"product","2":"type-product","3":"status-publish","4":"has-post-thumbnail","6":"product_cat-travel-adapter","7":"desktop-align-center","8":"tablet-align-center","9":"mobile-align-center","11":"first","12":"instock","13":"shipping-taxable","14":"product-type-simple"},"_links":{"self":[{"href":"https:\/\/imiapower.com\/tr\/wp-json\/wp\/v2\/product\/9584","targetHints":{"allow":["GET"]}}],"collection":[{"href":"https:\/\/imiapower.com\/tr\/wp-json\/wp\/v2\/product"}],"about":[{"href":"https:\/\/imiapower.com\/tr\/wp-json\/wp\/v2\/types\/product"}],"replies":[{"embeddable":true,"href":"https:\/\/imiapower.com\/tr\/wp-json\/wp\/v2\/comments?post=9584"}],"version-history":[{"count":1,"href":"https:\/\/imiapower.com\/tr\/wp-json\/wp\/v2\/product\/9584\/revisions"}],"predecessor-version":[{"id":9587,"href":"https:\/\/imiapower.com\/tr\/wp-json\/wp\/v2\/product\/9584\/revisions\/9587"}],"wp:featuredmedia":[{"embeddable":true,"href":"https:\/\/imiapower.com\/tr\/wp-json\/wp\/v2\/media\/9585"}],"wp:attachment":[{"href":"https:\/\/imiapower.com\/tr\/wp-json\/wp\/v2\/media?parent=9584"}],"wp:term":[{"taxonomy":"product_cat","embeddable":true,"href":"https:\/\/imiapower.com\/tr\/wp-json\/wp\/v2\/product_cat?post=9584"},{"taxonomy":"product_tag","embeddable":true,"href":"https:\/\/imiapower.com\/tr\/wp-json\/wp\/v2\/product_tag?post=9584"}],"curies":[{"name":"wp","href":"https:\/\/api.w.org\/{rel}","templated":true}]}}