{"id":9588,"date":"2025-07-26T02:38:35","date_gmt":"2025-07-26T02:38:35","guid":{"rendered":"https:\/\/imiapower.com\/?post_type=product&#038;p=9588"},"modified":"2025-08-02T00:18:08","modified_gmt":"2025-08-02T00:18:08","slug":"power-adapter-travel","status":"publish","type":"product","link":"https:\/\/imiapower.com\/tr\/products\/travel-adapter\/power-adapter-travel\/","title":{"rendered":"Seyahat G\u00fc\u00e7 Adapt\u00f6r\u00fc \u2013 Avrupa&#039;dan G\u00fcney Afrika&#039;ya Fi\u015f D\u00f6n\u00fc\u015ft\u00fcr\u00fcc\u00fc"},"content":{"rendered":"<ul>\n<li><strong>G\u00fc\u00e7 adapt\u00f6r\u00fc seyahati<\/strong><\/li>\n<li><strong>Giri\u015f:<\/strong> 250V 10A 2500W Maks.<\/li>\n<li><strong>Konut Malzemesi:<\/strong> bilgisayar<\/li>\n<li><strong>Standart:<\/strong> IEC60884-2-5 ile uyumludur<\/li>\n<li><strong>Renk:<\/strong>\u00a0Beyaz\/siyah<\/li>\n<li><strong>A\u00e7\u0131klama:<\/strong> Avrupa&#039;dan G\u00fcney Afrika&#039;ya Fi\u015f Adapt\u00f6r\u00fc<\/li>\n<\/ul>","protected":false},"excerpt":{"rendered":"<p data-start=\"744\" data-end=\"1042\">Bu y\u00fcksek kaliteli \u00fcr\u00fcn\u00fc kullanarak g\u00fcvenle seyahat edin <strong data-start=\"791\" data-end=\"815\">g\u00fc\u00e7 adapt\u00f6r\u00fc seyahat<\/strong> d\u00f6n\u00fc\u015ft\u00fcrmek i\u00e7in tasarlanm\u0131\u015f \u00e7\u00f6z\u00fcm <strong data-start=\"845\" data-end=\"863\">Avrupa fi\u015fleri<\/strong> ile <strong data-start=\"867\" data-end=\"892\">G\u00fcney Afrika prizleri<\/strong>\u0130ster ziyaret ediyor olun, ister ta\u015f\u0131n\u0131yor olun, ister elektronik cihazlar\u0131n\u0131z\u0131 yurt d\u0131\u015f\u0131na g\u00f6nderiyor olun, bu kompakt adapt\u00f6r cihazlar\u0131n\u0131z i\u00e7in g\u00fcvenli ve verimli g\u00fc\u00e7 iletimi sa\u011flar.<\/p>\n<p data-start=\"1044\" data-end=\"1385\">G\u00fc\u00e7 derecesi ile <strong data-start=\"1067\" data-end=\"1090\">250V 10A, 2500W maks.<\/strong>Diz\u00fcst\u00fc bilgisayarlar, \u015farj cihazlar\u0131, sa\u00e7 kurutma makineleri ve daha fazlas\u0131 dahil olmak \u00fczere \u00e7ok \u00e7e\u015fitli elektronik cihazlar\u0131 destekler. <strong data-start=\"1201\" data-end=\"1240\">dayan\u0131kl\u0131, alev geciktirici PC g\u00f6vdesi<\/strong>, geli\u015fmi\u015f g\u00fcvenlik ve dayan\u0131kl\u0131l\u0131k sunar. Bu adapt\u00f6r <strong data-start=\"1300\" data-end=\"1331\">IEC60884-2-5 ile uyumlu<\/strong>, seyahat adapt\u00f6rleri i\u00e7in uluslararas\u0131 standartlar\u0131 kar\u015f\u0131lamaktad\u0131r.<\/p>\n<p data-start=\"1387\" data-end=\"1565\">Mevcuttur <strong data-start=\"1400\" data-end=\"1418\">beyaz veya siyah<\/strong>, modern tasar\u0131m\u0131 g\u00fcvenilir performansla birle\u015ftiriyor; k\u00fcresel seyahat edenler i\u00e7in olmazsa olmaz bir aksesuar <strong data-start=\"1527\" data-end=\"1553\">Avrupa&#039;dan G\u00fcney Afrika&#039;ya<\/strong> ba\u011flant\u0131.<\/p>\n<p data-start=\"1387\" data-end=\"1565\"><img fetchpriority=\"high\" decoding=\"async\" class=\"alignnone wp-image-9590 size-full\" src=\"https:\/\/imiapower.com\/wp-content\/uploads\/converted-21.webp\" alt=\"g\u00fc\u00e7 adapt\u00f6r\u00fc seyahat\" width=\"960\" height=\"822\" srcset=\"https:\/\/imiapower.com\/wp-content\/uploads\/converted-21.webp 960w, https:\/\/imiapower.com\/wp-content\/uploads\/converted-21-300x257.webp 300w, https:\/\/imiapower.com\/wp-content\/uploads\/converted-21-768x658.webp 768w, https:\/\/imiapower.com\/wp-content\/uploads\/converted-21-14x12.webp 14w, https:\/\/imiapower.com\/wp-content\/uploads\/converted-21-600x514.webp 600w, https:\/\/imiapower.com\/wp-content\/uploads\/converted-21-64x55.webp 64w\" sizes=\"(max-width: 960px) 100vw, 960px\" \/><\/p>","protected":false},"featured_media":9589,"comment_status":"open","ping_status":"closed","template":"","meta":{"rank_math_lock_modified_date":false,"site-sidebar-layout":"default","site-content-layout":"","ast-site-content-layout":"default","site-content-style":"default","site-sidebar-style":"default","ast-global-header-display":"","ast-banner-title-visibility":"","ast-main-header-display":"","ast-hfb-above-header-display":"","ast-hfb-below-header-display":"","ast-hfb-mobile-header-display":"","site-post-title":"","ast-breadcrumbs-content":"","ast-featured-img":"","footer-sml-layout":"","ast-disable-related-posts":"","theme-transparent-header-meta":"default","adv-header-id-meta":"","stick-header-meta":"","header-above-stick-meta":"","header-main-stick-meta":"","header-below-stick-meta":"","astra-migrate-meta-layouts":"set","ast-page-background-enabled":"default","ast-page-background-meta":{"desktop":{"background-color":"","background-image":"","background-repeat":"repeat","background-position":"center center","background-size":"auto","background-attachment":"scroll","background-type":"","background-media":"","overlay-type":"","overlay-color":"","overlay-opacity":"","overlay-gradient":""},"tablet":{"background-color":"","background-image":"","background-repeat":"repeat","background-position":"center center","background-size":"auto","background-attachment":"scroll","background-type":"","background-media":"","overlay-type":"","overlay-color":"","overlay-opacity":"","overlay-gradient":""},"mobile":{"background-color":"","background-image":"","background-repeat":"repeat","background-position":"center center","background-size":"auto","background-attachment":"scroll","background-type":"","background-media":"","overlay-type":"","overlay-color":"","overlay-opacity":"","overlay-gradient":""}},"ast-content-background-meta":{"desktop":{"background-color":"var(--ast-global-color-5)","background-image":"","background-repeat":"repeat","background-position":"center center","background-size":"auto","background-attachment":"scroll","background-type":"","background-media":"","overlay-type":"","overlay-color":"","overlay-opacity":"","overlay-gradient":""},"tablet":{"background-color":"var(--ast-global-color-5)","background-image":"","background-repeat":"repeat","background-position":"center center","background-size":"auto","background-attachment":"scroll","background-type":"","background-media":"","overlay-type":"","overlay-color":"","overlay-opacity":"","overlay-gradient":""},"mobile":{"background-color":"var(--ast-global-color-5)","background-image":"","background-repeat":"repeat","background-position":"center center","background-size":"auto","background-attachment":"scroll","background-type":"","background-media":"","overlay-type":"","overlay-color":"","overlay-opacity":"","overlay-gradient":""}}},"product_cat":[64],"product_tag":[],"class_list":{"0":"post-9588","1":"product","2":"type-product","3":"status-publish","4":"has-post-thumbnail","6":"product_cat-travel-adapter","7":"desktop-align-center","8":"tablet-align-center","9":"mobile-align-center","11":"first","12":"instock","13":"shipping-taxable","14":"product-type-simple"},"_links":{"self":[{"href":"https:\/\/imiapower.com\/tr\/wp-json\/wp\/v2\/product\/9588","targetHints":{"allow":["GET"]}}],"collection":[{"href":"https:\/\/imiapower.com\/tr\/wp-json\/wp\/v2\/product"}],"about":[{"href":"https:\/\/imiapower.com\/tr\/wp-json\/wp\/v2\/types\/product"}],"replies":[{"embeddable":true,"href":"https:\/\/imiapower.com\/tr\/wp-json\/wp\/v2\/comments?post=9588"}],"version-history":[{"count":1,"href":"https:\/\/imiapower.com\/tr\/wp-json\/wp\/v2\/product\/9588\/revisions"}],"predecessor-version":[{"id":9591,"href":"https:\/\/imiapower.com\/tr\/wp-json\/wp\/v2\/product\/9588\/revisions\/9591"}],"wp:featuredmedia":[{"embeddable":true,"href":"https:\/\/imiapower.com\/tr\/wp-json\/wp\/v2\/media\/9589"}],"wp:attachment":[{"href":"https:\/\/imiapower.com\/tr\/wp-json\/wp\/v2\/media?parent=9588"}],"wp:term":[{"taxonomy":"product_cat","embeddable":true,"href":"https:\/\/imiapower.com\/tr\/wp-json\/wp\/v2\/product_cat?post=9588"},{"taxonomy":"product_tag","embeddable":true,"href":"https:\/\/imiapower.com\/tr\/wp-json\/wp\/v2\/product_tag?post=9588"}],"curies":[{"name":"wp","href":"https:\/\/api.w.org\/{rel}","templated":true}]}}