{"id":9592,"date":"2025-07-26T03:04:52","date_gmt":"2025-07-26T03:04:52","guid":{"rendered":"https:\/\/imiapower.com\/?post_type=product&#038;p=9592"},"modified":"2025-08-21T01:07:23","modified_gmt":"2025-08-21T01:07:23","slug":"european-power-adapter","status":"publish","type":"product","link":"https:\/\/imiapower.com\/tr\/products\/travel-adapter\/european-power-adapter\/","title":{"rendered":"Avrupa G\u00fc\u00e7 Adapt\u00f6r\u00fc \u2013 Avrupa&#039;dan Hindistan&#039;a Fi\u015f D\u00f6n\u00fc\u015ft\u00fcr\u00fcc\u00fc"},"content":{"rendered":"<ul>\n<li><strong>Avrupa g\u00fc\u00e7 adapt\u00f6r\u00fc<\/strong><\/li>\n<li><strong>Giri\u015f:<\/strong> 250V 10A 2500W Maks.<\/li>\n<li><strong>Konut Malzemesi:<\/strong> bilgisayar<\/li>\n<li><strong>Standart:<\/strong> IEC60884-2-5 ile uyumludur<\/li>\n<li><strong>Renk:<\/strong>\u00a0Beyaz\/siyah<\/li>\n<li><strong>A\u00e7\u0131klama:<\/strong> Avrupa&#039;dan Hindistan&#039;a Fi\u015f Adapt\u00f6r\u00fc<\/li>\n<\/ul>","protected":false},"excerpt":{"rendered":"<p data-start=\"766\" data-end=\"1123\">Bu <strong data-start=\"771\" data-end=\"797\">Avrupa g\u00fc\u00e7 adapt\u00f6r\u00fc<\/strong> d\u00f6n\u00fc\u015ft\u00fcrmek i\u00e7in olmazsa olmaz bir seyahat aksesuar\u0131d\u0131r <strong data-start=\"845\" data-end=\"876\">Avrupa fi\u015fleri (Tip C\/E\/F)<\/strong> uymas\u0131 i\u00e7in <strong data-start=\"884\" data-end=\"911\">Hint prizleri (Tip D)<\/strong>Seyahat edenler, gurbet\u00e7iler veya uluslararas\u0131 i\u015f ama\u00e7l\u0131 kullan\u0131m i\u00e7in idealdir ve g\u00fcvenilir performans sunar. <strong data-start=\"1013\" data-end=\"1032\">250V 10A derecesi<\/strong>, kadar destek <strong data-start=\"1051\" data-end=\"1060\">2500W<\/strong> G\u00fc\u00e7\u2014diz\u00fcst\u00fc bilgisayarlar, \u015farj cihazlar\u0131, sa\u00e7 aletleri ve daha fazlas\u0131 i\u00e7in uygundur.<\/p>\n<p data-start=\"1125\" data-end=\"1417\">\u00dcretildi <strong data-start=\"1138\" data-end=\"1169\">alev geciktirici PC malzemesi<\/strong>Uzun \u00f6m\u00fcrl\u00fc dayan\u0131kl\u0131l\u0131k ve g\u00fcvenli kullan\u0131m sa\u011flar. Kompakt ve hafif tasar\u0131m\u0131, seyahat \u00e7antan\u0131zda ta\u015f\u0131mak i\u00e7in m\u00fckemmeldir. <strong data-start=\"1318\" data-end=\"1349\">IEC60884-2-5 ile uyumlu<\/strong>Bu adapt\u00f6r uluslararas\u0131 g\u00fcvenlik ve performans standartlar\u0131n\u0131 kar\u015f\u0131lamaktad\u0131r.<\/p>\n<p data-start=\"1419\" data-end=\"1560\">Mevcuttur <strong data-start=\"1432\" data-end=\"1450\">beyaz veya siyah<\/strong>, pratiklik ve \u015f\u0131k tasar\u0131m\u0131 bir araya getirerek herkesin ihtiya\u00e7 duydu\u011fu bir \u00fcr\u00fcn sunuyor. <strong data-start=\"1515\" data-end=\"1534\">Avrupa&#039;dan Hindistan&#039;a<\/strong> fi\u015f d\u00f6n\u00fc\u015f\u00fcm \u00e7\u00f6z\u00fcm\u00fc.<\/p>\n<p data-start=\"1419\" data-end=\"1560\"><img fetchpriority=\"high\" decoding=\"async\" class=\"alignnone wp-image-9593 size-full\" src=\"https:\/\/imiapower.com\/wp-content\/uploads\/converted-1-14.webp\" alt=\"Avrupa g\u00fc\u00e7 adapt\u00f6r\u00fc\" width=\"960\" height=\"691\" srcset=\"https:\/\/imiapower.com\/wp-content\/uploads\/converted-1-14.webp 960w, https:\/\/imiapower.com\/wp-content\/uploads\/converted-1-14-300x216.webp 300w, https:\/\/imiapower.com\/wp-content\/uploads\/converted-1-14-768x553.webp 768w, https:\/\/imiapower.com\/wp-content\/uploads\/converted-1-14-18x12.webp 18w, https:\/\/imiapower.com\/wp-content\/uploads\/converted-1-14-600x432.webp 600w, https:\/\/imiapower.com\/wp-content\/uploads\/converted-1-14-64x46.webp 64w\" sizes=\"(max-width: 960px) 100vw, 960px\" \/><\/p>","protected":false},"featured_media":9594,"comment_status":"open","ping_status":"closed","template":"","meta":{"rank_math_lock_modified_date":false,"site-sidebar-layout":"default","site-content-layout":"","ast-site-content-layout":"default","site-content-style":"default","site-sidebar-style":"default","ast-global-header-display":"","ast-banner-title-visibility":"","ast-main-header-display":"","ast-hfb-above-header-display":"","ast-hfb-below-header-display":"","ast-hfb-mobile-header-display":"","site-post-title":"","ast-breadcrumbs-content":"","ast-featured-img":"","footer-sml-layout":"","ast-disable-related-posts":"","theme-transparent-header-meta":"default","adv-header-id-meta":"","stick-header-meta":"","header-above-stick-meta":"","header-main-stick-meta":"","header-below-stick-meta":"","astra-migrate-meta-layouts":"set","ast-page-background-enabled":"default","ast-page-background-meta":{"desktop":{"background-color":"","background-image":"","background-repeat":"repeat","background-position":"center center","background-size":"auto","background-attachment":"scroll","background-type":"","background-media":"","overlay-type":"","overlay-color":"","overlay-opacity":"","overlay-gradient":""},"tablet":{"background-color":"","background-image":"","background-repeat":"repeat","background-position":"center center","background-size":"auto","background-attachment":"scroll","background-type":"","background-media":"","overlay-type":"","overlay-color":"","overlay-opacity":"","overlay-gradient":""},"mobile":{"background-color":"","background-image":"","background-repeat":"repeat","background-position":"center center","background-size":"auto","background-attachment":"scroll","background-type":"","background-media":"","overlay-type":"","overlay-color":"","overlay-opacity":"","overlay-gradient":""}},"ast-content-background-meta":{"desktop":{"background-color":"var(--ast-global-color-5)","background-image":"","background-repeat":"repeat","background-position":"center center","background-size":"auto","background-attachment":"scroll","background-type":"","background-media":"","overlay-type":"","overlay-color":"","overlay-opacity":"","overlay-gradient":""},"tablet":{"background-color":"var(--ast-global-color-5)","background-image":"","background-repeat":"repeat","background-position":"center center","background-size":"auto","background-attachment":"scroll","background-type":"","background-media":"","overlay-type":"","overlay-color":"","overlay-opacity":"","overlay-gradient":""},"mobile":{"background-color":"var(--ast-global-color-5)","background-image":"","background-repeat":"repeat","background-position":"center center","background-size":"auto","background-attachment":"scroll","background-type":"","background-media":"","overlay-type":"","overlay-color":"","overlay-opacity":"","overlay-gradient":""}}},"product_cat":[64],"product_tag":[],"class_list":{"0":"post-9592","1":"product","2":"type-product","3":"status-publish","4":"has-post-thumbnail","6":"product_cat-travel-adapter","7":"desktop-align-center","8":"tablet-align-center","9":"mobile-align-center","11":"first","12":"instock","13":"shipping-taxable","14":"product-type-simple"},"_links":{"self":[{"href":"https:\/\/imiapower.com\/tr\/wp-json\/wp\/v2\/product\/9592","targetHints":{"allow":["GET"]}}],"collection":[{"href":"https:\/\/imiapower.com\/tr\/wp-json\/wp\/v2\/product"}],"about":[{"href":"https:\/\/imiapower.com\/tr\/wp-json\/wp\/v2\/types\/product"}],"replies":[{"embeddable":true,"href":"https:\/\/imiapower.com\/tr\/wp-json\/wp\/v2\/comments?post=9592"}],"version-history":[{"count":1,"href":"https:\/\/imiapower.com\/tr\/wp-json\/wp\/v2\/product\/9592\/revisions"}],"predecessor-version":[{"id":9595,"href":"https:\/\/imiapower.com\/tr\/wp-json\/wp\/v2\/product\/9592\/revisions\/9595"}],"wp:featuredmedia":[{"embeddable":true,"href":"https:\/\/imiapower.com\/tr\/wp-json\/wp\/v2\/media\/9594"}],"wp:attachment":[{"href":"https:\/\/imiapower.com\/tr\/wp-json\/wp\/v2\/media?parent=9592"}],"wp:term":[{"taxonomy":"product_cat","embeddable":true,"href":"https:\/\/imiapower.com\/tr\/wp-json\/wp\/v2\/product_cat?post=9592"},{"taxonomy":"product_tag","embeddable":true,"href":"https:\/\/imiapower.com\/tr\/wp-json\/wp\/v2\/product_tag?post=9592"}],"curies":[{"name":"wp","href":"https:\/\/api.w.org\/{rel}","templated":true}]}}