{"id":9596,"date":"2025-07-26T07:35:09","date_gmt":"2025-07-26T07:35:09","guid":{"rendered":"https:\/\/imiapower.com\/?post_type=product&#038;p=9596"},"modified":"2025-08-02T00:18:30","modified_gmt":"2025-08-02T00:18:30","slug":"best-power-adapters-for-travel","status":"publish","type":"product","link":"https:\/\/imiapower.com\/tr\/products\/travel-adapter\/best-power-adapters-for-travel\/","title":{"rendered":"Seyahat \u0130\u00e7in En \u0130yi G\u00fc\u00e7 Adapt\u00f6rleri \u2013 Avrupa&#039;dan \u0130ngiltere&#039;ye Fi\u015f Adapt\u00f6r\u00fc"},"content":{"rendered":"<ul>\n<li><strong>Seyahat i\u00e7in en iyi g\u00fc\u00e7 adapt\u00f6rleri<\/strong><\/li>\n<li><strong>Giri\u015f:<\/strong> 250V 10A 2500W Maks.<\/li>\n<li><strong>Konut Malzemesi:<\/strong> bilgisayar<\/li>\n<li><strong>Standart:<\/strong> IEC60884-2-5 ile uyumludur<\/li>\n<li><strong>Renk:<\/strong>\u00a0Beyaz\/siyah<\/li>\n<li><strong>A\u00e7\u0131klama:<\/strong> Avrupa - Birle\u015fik Krall\u0131k Fi\u015f Adapt\u00f6r\u00fc<\/li>\n<\/ul>","protected":false},"excerpt":{"rendered":"<p data-start=\"947\" data-end=\"1381\">Ar\u0131yorum <strong data-start=\"963\" data-end=\"997\">seyahat i\u00e7in en iyi g\u00fc\u00e7 adapt\u00f6rleri<\/strong>? Bu Avrupa - Birle\u015fik Krall\u0131k fi\u015f adapt\u00f6r\u00fc, g\u00fcvenilir ve y\u00fcksek g\u00fc\u00e7l\u00fc d\u00f6n\u00fc\u015f\u00fcm arayan gezginler i\u00e7in m\u00fckemmel bir \u00e7\u00f6z\u00fcmd\u00fcr. 250 V, 10 A ve 2500 W maksimum kapasitesiyle, y\u00fcksek performansl\u0131 cihazlar\u0131 ve aletleri zahmetsizce destekler. \u00dcst\u00fcn \u0131s\u0131 direnci ve dayan\u0131kl\u0131l\u0131k i\u00e7in birinci s\u0131n\u0131f PC kasas\u0131ndan \u00fcretilen bu adapt\u00f6r, uluslararas\u0131 g\u00fcvenlik standard\u0131 IEC60884-2-5 ile tamamen uyumludur.<\/p>\n<p data-start=\"1383\" data-end=\"1632\">Kompakt, hafif ve \u015f\u0131k siyah veya beyaz renk se\u00e7enekleriyle, Avrupa ve Birle\u015fik Krall\u0131k seyahatlerinizde vazge\u00e7ilmeziniz olacak. \u0130ster i\u015f seyahatlerinizde ister tatilinizde, elektronik cihazlar\u0131n\u0131z\u0131n g\u00fcvenli ve verimli bir \u015fekilde \u00e7al\u0131\u015fmas\u0131n\u0131 sa\u011flay\u0131n.<\/p>\n<p data-start=\"1383\" data-end=\"1632\"><img fetchpriority=\"high\" decoding=\"async\" class=\"alignnone wp-image-9597 size-full\" src=\"https:\/\/imiapower.com\/wp-content\/uploads\/converted-1-15.webp\" alt=\"seyahat i\u00e7in en iyi g\u00fc\u00e7 adapt\u00f6rleri\" width=\"960\" height=\"770\" srcset=\"https:\/\/imiapower.com\/wp-content\/uploads\/converted-1-15.webp 960w, https:\/\/imiapower.com\/wp-content\/uploads\/converted-1-15-300x241.webp 300w, https:\/\/imiapower.com\/wp-content\/uploads\/converted-1-15-768x616.webp 768w, https:\/\/imiapower.com\/wp-content\/uploads\/converted-1-15-15x12.webp 15w, https:\/\/imiapower.com\/wp-content\/uploads\/converted-1-15-600x481.webp 600w, https:\/\/imiapower.com\/wp-content\/uploads\/converted-1-15-64x51.webp 64w\" sizes=\"(max-width: 960px) 100vw, 960px\" \/><\/p>","protected":false},"featured_media":9598,"comment_status":"open","ping_status":"closed","template":"","meta":{"rank_math_lock_modified_date":false,"site-sidebar-layout":"default","site-content-layout":"","ast-site-content-layout":"default","site-content-style":"default","site-sidebar-style":"default","ast-global-header-display":"","ast-banner-title-visibility":"","ast-main-header-display":"","ast-hfb-above-header-display":"","ast-hfb-below-header-display":"","ast-hfb-mobile-header-display":"","site-post-title":"","ast-breadcrumbs-content":"","ast-featured-img":"","footer-sml-layout":"","ast-disable-related-posts":"","theme-transparent-header-meta":"default","adv-header-id-meta":"","stick-header-meta":"","header-above-stick-meta":"","header-main-stick-meta":"","header-below-stick-meta":"","astra-migrate-meta-layouts":"set","ast-page-background-enabled":"default","ast-page-background-meta":{"desktop":{"background-color":"","background-image":"","background-repeat":"repeat","background-position":"center center","background-size":"auto","background-attachment":"scroll","background-type":"","background-media":"","overlay-type":"","overlay-color":"","overlay-opacity":"","overlay-gradient":""},"tablet":{"background-color":"","background-image":"","background-repeat":"repeat","background-position":"center center","background-size":"auto","background-attachment":"scroll","background-type":"","background-media":"","overlay-type":"","overlay-color":"","overlay-opacity":"","overlay-gradient":""},"mobile":{"background-color":"","background-image":"","background-repeat":"repeat","background-position":"center center","background-size":"auto","background-attachment":"scroll","background-type":"","background-media":"","overlay-type":"","overlay-color":"","overlay-opacity":"","overlay-gradient":""}},"ast-content-background-meta":{"desktop":{"background-color":"var(--ast-global-color-5)","background-image":"","background-repeat":"repeat","background-position":"center center","background-size":"auto","background-attachment":"scroll","background-type":"","background-media":"","overlay-type":"","overlay-color":"","overlay-opacity":"","overlay-gradient":""},"tablet":{"background-color":"var(--ast-global-color-5)","background-image":"","background-repeat":"repeat","background-position":"center center","background-size":"auto","background-attachment":"scroll","background-type":"","background-media":"","overlay-type":"","overlay-color":"","overlay-opacity":"","overlay-gradient":""},"mobile":{"background-color":"var(--ast-global-color-5)","background-image":"","background-repeat":"repeat","background-position":"center center","background-size":"auto","background-attachment":"scroll","background-type":"","background-media":"","overlay-type":"","overlay-color":"","overlay-opacity":"","overlay-gradient":""}}},"product_cat":[64],"product_tag":[],"class_list":{"0":"post-9596","1":"product","2":"type-product","3":"status-publish","4":"has-post-thumbnail","6":"product_cat-travel-adapter","7":"desktop-align-center","8":"tablet-align-center","9":"mobile-align-center","11":"first","12":"instock","13":"shipping-taxable","14":"product-type-simple"},"_links":{"self":[{"href":"https:\/\/imiapower.com\/tr\/wp-json\/wp\/v2\/product\/9596","targetHints":{"allow":["GET"]}}],"collection":[{"href":"https:\/\/imiapower.com\/tr\/wp-json\/wp\/v2\/product"}],"about":[{"href":"https:\/\/imiapower.com\/tr\/wp-json\/wp\/v2\/types\/product"}],"replies":[{"embeddable":true,"href":"https:\/\/imiapower.com\/tr\/wp-json\/wp\/v2\/comments?post=9596"}],"version-history":[{"count":1,"href":"https:\/\/imiapower.com\/tr\/wp-json\/wp\/v2\/product\/9596\/revisions"}],"predecessor-version":[{"id":9599,"href":"https:\/\/imiapower.com\/tr\/wp-json\/wp\/v2\/product\/9596\/revisions\/9599"}],"wp:featuredmedia":[{"embeddable":true,"href":"https:\/\/imiapower.com\/tr\/wp-json\/wp\/v2\/media\/9598"}],"wp:attachment":[{"href":"https:\/\/imiapower.com\/tr\/wp-json\/wp\/v2\/media?parent=9596"}],"wp:term":[{"taxonomy":"product_cat","embeddable":true,"href":"https:\/\/imiapower.com\/tr\/wp-json\/wp\/v2\/product_cat?post=9596"},{"taxonomy":"product_tag","embeddable":true,"href":"https:\/\/imiapower.com\/tr\/wp-json\/wp\/v2\/product_tag?post=9596"}],"curies":[{"name":"wp","href":"https:\/\/api.w.org\/{rel}","templated":true}]}}