{"id":9600,"date":"2025-07-26T08:31:16","date_gmt":"2025-07-26T08:31:16","guid":{"rendered":"https:\/\/imiapower.com\/?post_type=product&#038;p=9600"},"modified":"2025-08-02T00:18:41","modified_gmt":"2025-08-02T00:18:41","slug":"plug-in-adapter-europe-to-us","status":"publish","type":"product","link":"https:\/\/imiapower.com\/tr\/products\/travel-adapter\/plug-in-adapter-europe-to-us\/","title":{"rendered":"Avrupa&#039;dan ABD&#039;ye Fi\u015f Adapt\u00f6r\u00fc | 250V 10A Seyahat G\u00fc\u00e7 Adapt\u00f6r\u00fc"},"content":{"rendered":"<ul>\n<li><strong>Fi\u015fe tak\u0131n adapt\u00f6r<\/strong><\/li>\n<li><strong>Giri\u015f:<\/strong> 250V 10A 2500W Maks.<\/li>\n<li><strong>Konut Malzemesi:<\/strong> bilgisayar<\/li>\n<li><strong>Standart:<\/strong> IEC60884-2-5 ile uyumludur<\/li>\n<li><strong>Renk:<\/strong>\u00a0Beyaz\/siyah<\/li>\n<li><strong>A\u00e7\u0131klama:<\/strong> Avrupa&#039;dan Amerika Birle\u015fik Devletleri&#039;ne Fi\u015f Adapt\u00f6r\u00fc<\/li>\n<\/ul>","protected":false},"excerpt":{"rendered":"<p>Bu <strong data-start=\"731\" data-end=\"750\">fi\u015f adapt\u00f6r\u00fc<\/strong> Avrupa fi\u015flerini (Tip C\/E\/F) ABD standart prizlerine d\u00f6n\u00fc\u015ft\u00fcrmek i\u00e7in tasarlanm\u0131\u015ft\u0131r. Maksimum y\u00fck <strong data-start=\"849\" data-end=\"869\">250V 10A (2500W)<\/strong>\u015earj cihazlar\u0131, sa\u00e7 kurutma makineleri ve k\u00fc\u00e7\u00fck ev aletleri dahil olmak \u00fczere \u00e7ok \u00e7e\u015fitli elektronik cihazlar\u0131 destekler.<\/p>\n<p>Adapt\u00f6rde bir <strong data-start=\"995\" data-end=\"1022\">y\u00fcksek kaliteli PC muhafazas\u0131<\/strong> Geli\u015fmi\u015f \u0131s\u0131 direnci ve dayan\u0131kl\u0131l\u0131k i\u00e7in. Tamamen <strong data-start=\"1074\" data-end=\"1115\">IEC60884-2-5 standartlar\u0131na uygun<\/strong>, g\u00fcvenli \u00e7al\u0131\u015fma ve uzun vadeli g\u00fcvenilirlik sa\u011flar. Seyahat edenler, ithalat\u00e7\u0131lar ve k\u00fcresel cihaz uyumlulu\u011fu i\u00e7in idealdir. <strong data-start=\"1248\" data-end=\"1266\">beyaz veya siyah<\/strong> Temiz ve minimalist bir g\u00f6r\u00fcn\u00fcm i\u00e7in renk se\u00e7enekleri.<\/p>\n<p><img fetchpriority=\"high\" decoding=\"async\" class=\"alignnone wp-image-9601 size-full\" src=\"https:\/\/imiapower.com\/wp-content\/uploads\/converted-1-16.webp\" alt=\"fi\u015f adapt\u00f6r\u00fc\" width=\"960\" height=\"742\" srcset=\"https:\/\/imiapower.com\/wp-content\/uploads\/converted-1-16.webp 960w, https:\/\/imiapower.com\/wp-content\/uploads\/converted-1-16-300x232.webp 300w, https:\/\/imiapower.com\/wp-content\/uploads\/converted-1-16-768x594.webp 768w, https:\/\/imiapower.com\/wp-content\/uploads\/converted-1-16-16x12.webp 16w, https:\/\/imiapower.com\/wp-content\/uploads\/converted-1-16-600x464.webp 600w, https:\/\/imiapower.com\/wp-content\/uploads\/converted-1-16-64x49.webp 64w\" sizes=\"(max-width: 960px) 100vw, 960px\" \/><\/p>","protected":false},"featured_media":9602,"comment_status":"open","ping_status":"closed","template":"","meta":{"rank_math_lock_modified_date":false,"site-sidebar-layout":"default","site-content-layout":"","ast-site-content-layout":"default","site-content-style":"default","site-sidebar-style":"default","ast-global-header-display":"","ast-banner-title-visibility":"","ast-main-header-display":"","ast-hfb-above-header-display":"","ast-hfb-below-header-display":"","ast-hfb-mobile-header-display":"","site-post-title":"","ast-breadcrumbs-content":"","ast-featured-img":"","footer-sml-layout":"","ast-disable-related-posts":"","theme-transparent-header-meta":"default","adv-header-id-meta":"","stick-header-meta":"","header-above-stick-meta":"","header-main-stick-meta":"","header-below-stick-meta":"","astra-migrate-meta-layouts":"set","ast-page-background-enabled":"default","ast-page-background-meta":{"desktop":{"background-color":"","background-image":"","background-repeat":"repeat","background-position":"center center","background-size":"auto","background-attachment":"scroll","background-type":"","background-media":"","overlay-type":"","overlay-color":"","overlay-opacity":"","overlay-gradient":""},"tablet":{"background-color":"","background-image":"","background-repeat":"repeat","background-position":"center center","background-size":"auto","background-attachment":"scroll","background-type":"","background-media":"","overlay-type":"","overlay-color":"","overlay-opacity":"","overlay-gradient":""},"mobile":{"background-color":"","background-image":"","background-repeat":"repeat","background-position":"center center","background-size":"auto","background-attachment":"scroll","background-type":"","background-media":"","overlay-type":"","overlay-color":"","overlay-opacity":"","overlay-gradient":""}},"ast-content-background-meta":{"desktop":{"background-color":"var(--ast-global-color-5)","background-image":"","background-repeat":"repeat","background-position":"center center","background-size":"auto","background-attachment":"scroll","background-type":"","background-media":"","overlay-type":"","overlay-color":"","overlay-opacity":"","overlay-gradient":""},"tablet":{"background-color":"var(--ast-global-color-5)","background-image":"","background-repeat":"repeat","background-position":"center center","background-size":"auto","background-attachment":"scroll","background-type":"","background-media":"","overlay-type":"","overlay-color":"","overlay-opacity":"","overlay-gradient":""},"mobile":{"background-color":"var(--ast-global-color-5)","background-image":"","background-repeat":"repeat","background-position":"center center","background-size":"auto","background-attachment":"scroll","background-type":"","background-media":"","overlay-type":"","overlay-color":"","overlay-opacity":"","overlay-gradient":""}}},"product_cat":[64],"product_tag":[],"class_list":{"0":"post-9600","1":"product","2":"type-product","3":"status-publish","4":"has-post-thumbnail","6":"product_cat-travel-adapter","7":"desktop-align-center","8":"tablet-align-center","9":"mobile-align-center","11":"first","12":"instock","13":"shipping-taxable","14":"product-type-simple"},"_links":{"self":[{"href":"https:\/\/imiapower.com\/tr\/wp-json\/wp\/v2\/product\/9600","targetHints":{"allow":["GET"]}}],"collection":[{"href":"https:\/\/imiapower.com\/tr\/wp-json\/wp\/v2\/product"}],"about":[{"href":"https:\/\/imiapower.com\/tr\/wp-json\/wp\/v2\/types\/product"}],"replies":[{"embeddable":true,"href":"https:\/\/imiapower.com\/tr\/wp-json\/wp\/v2\/comments?post=9600"}],"version-history":[{"count":1,"href":"https:\/\/imiapower.com\/tr\/wp-json\/wp\/v2\/product\/9600\/revisions"}],"predecessor-version":[{"id":9603,"href":"https:\/\/imiapower.com\/tr\/wp-json\/wp\/v2\/product\/9600\/revisions\/9603"}],"wp:featuredmedia":[{"embeddable":true,"href":"https:\/\/imiapower.com\/tr\/wp-json\/wp\/v2\/media\/9602"}],"wp:attachment":[{"href":"https:\/\/imiapower.com\/tr\/wp-json\/wp\/v2\/media?parent=9600"}],"wp:term":[{"taxonomy":"product_cat","embeddable":true,"href":"https:\/\/imiapower.com\/tr\/wp-json\/wp\/v2\/product_cat?post=9600"},{"taxonomy":"product_tag","embeddable":true,"href":"https:\/\/imiapower.com\/tr\/wp-json\/wp\/v2\/product_tag?post=9600"}],"curies":[{"name":"wp","href":"https:\/\/api.w.org\/{rel}","templated":true}]}}