{"id":9604,"date":"2025-08-08T02:21:14","date_gmt":"2025-08-08T02:21:14","guid":{"rendered":"https:\/\/imiapower.com\/?post_type=product&#038;p=9604"},"modified":"2025-08-08T02:21:56","modified_gmt":"2025-08-08T02:21:56","slug":"travel-plugs-universal","status":"publish","type":"product","link":"https:\/\/imiapower.com\/tr\/products\/travel-adapter\/travel-plugs-universal\/","title":{"rendered":"Seyahat Fi\u015f Adapt\u00f6r\u00fc \u2013 Universal World - \u0130ngiltere D\u00f6n\u00fc\u015ft\u00fcr\u00fcc\u00fc, 250V 10A, BS8546 Sertifikal\u0131"},"content":{"rendered":"<ul>\n<li><strong>Seyahat fi\u015fleri<\/strong><\/li>\n<li><strong>Giri\u015f:<\/strong>250V 10A 2500W Maks.<\/li>\n<li><strong>Konut Malzemesi:<\/strong>bilgisayar<\/li>\n<li><strong>Standart: <\/strong>BS8546, IEC60884-2-5<\/li>\n<li><strong>Renk:<\/strong>\u00a0Beyaz\/siyah<\/li>\n<li><strong>A\u00e7\u0131klama:<\/strong>D\u00fcnya - \u0130ngiltere Fi\u015f Adapt\u00f6r\u00fc<\/li>\n<\/ul>","protected":false},"excerpt":{"rendered":"<p><img fetchpriority=\"high\" decoding=\"async\" class=\"alignnone wp-image-9606 size-full\" src=\"https:\/\/imiapower.com\/wp-content\/uploads\/converted-25.webp\" alt=\"seyahat fi\u015fleri\" width=\"960\" height=\"960\" srcset=\"https:\/\/imiapower.com\/wp-content\/uploads\/converted-25.webp 960w, https:\/\/imiapower.com\/wp-content\/uploads\/converted-25-300x300.webp 300w, https:\/\/imiapower.com\/wp-content\/uploads\/converted-25-150x150.webp 150w, https:\/\/imiapower.com\/wp-content\/uploads\/converted-25-768x768.webp 768w, https:\/\/imiapower.com\/wp-content\/uploads\/converted-25-12x12.webp 12w, https:\/\/imiapower.com\/wp-content\/uploads\/converted-25-600x600.webp 600w, https:\/\/imiapower.com\/wp-content\/uploads\/converted-25-100x100.webp 100w, https:\/\/imiapower.com\/wp-content\/uploads\/converted-25-64x64.webp 64w\" sizes=\"(max-width: 960px) 100vw, 960px\" \/><\/p>\n<p data-start=\"1078\" data-end=\"1415\">\u0130ngiltere seyahatleriniz i\u00e7in en iyi seyahat ipu\u00e7lar\u0131.<br data-start=\"1120\" data-end=\"1123\" \/>Bu evrensel seyahat fi\u015f adapt\u00f6r\u00fc, AB, ABD, Avustralya ve daha fazlas\u0131 dahil olmak \u00fczere t\u00fcm uluslararas\u0131 fi\u015fleri standart bir \u0130ngiltere 3 u\u00e7lu prize (G Tipi) ba\u011flaman\u0131z\u0131 sa\u011flar. 250 V \/ 10 A \/ 2500 W&#039;a kadar destekleyecek \u015fekilde \u00fcretilen bu adapt\u00f6r, g\u00fcvenli kullan\u0131m i\u00e7in BS8546 ve IEC60884-2-5 uluslararas\u0131 g\u00fcvenlik standartlar\u0131n\u0131 kar\u015f\u0131lar.<\/p>\n<p data-start=\"1417\" data-end=\"1611\">Dayan\u0131kl\u0131 PC kasas\u0131 \u0131s\u0131ya dayan\u0131kl\u0131d\u0131r ve seyahate uygundur. Kompakt tasar\u0131m\u0131, bavullar, s\u0131rt \u00e7antalar\u0131 ve teknoloji \u00e7antalar\u0131 i\u00e7in m\u00fckemmeldir; seyahatleriniz sizi nereye g\u00f6t\u00fcr\u00fcrse g\u00f6t\u00fcrs\u00fcn ba\u011flant\u0131da kalman\u0131z\u0131 sa\u011flar.<\/p>","protected":false},"featured_media":9605,"comment_status":"open","ping_status":"closed","template":"","meta":{"rank_math_lock_modified_date":false,"site-sidebar-layout":"default","site-content-layout":"","ast-site-content-layout":"default","site-content-style":"default","site-sidebar-style":"default","ast-global-header-display":"","ast-banner-title-visibility":"","ast-main-header-display":"","ast-hfb-above-header-display":"","ast-hfb-below-header-display":"","ast-hfb-mobile-header-display":"","site-post-title":"","ast-breadcrumbs-content":"","ast-featured-img":"","footer-sml-layout":"","ast-disable-related-posts":"","theme-transparent-header-meta":"default","adv-header-id-meta":"","stick-header-meta":"","header-above-stick-meta":"","header-main-stick-meta":"","header-below-stick-meta":"","astra-migrate-meta-layouts":"set","ast-page-background-enabled":"default","ast-page-background-meta":{"desktop":{"background-color":"","background-image":"","background-repeat":"repeat","background-position":"center center","background-size":"auto","background-attachment":"scroll","background-type":"","background-media":"","overlay-type":"","overlay-color":"","overlay-opacity":"","overlay-gradient":""},"tablet":{"background-color":"","background-image":"","background-repeat":"repeat","background-position":"center center","background-size":"auto","background-attachment":"scroll","background-type":"","background-media":"","overlay-type":"","overlay-color":"","overlay-opacity":"","overlay-gradient":""},"mobile":{"background-color":"","background-image":"","background-repeat":"repeat","background-position":"center center","background-size":"auto","background-attachment":"scroll","background-type":"","background-media":"","overlay-type":"","overlay-color":"","overlay-opacity":"","overlay-gradient":""}},"ast-content-background-meta":{"desktop":{"background-color":"var(--ast-global-color-5)","background-image":"","background-repeat":"repeat","background-position":"center center","background-size":"auto","background-attachment":"scroll","background-type":"","background-media":"","overlay-type":"","overlay-color":"","overlay-opacity":"","overlay-gradient":""},"tablet":{"background-color":"var(--ast-global-color-5)","background-image":"","background-repeat":"repeat","background-position":"center center","background-size":"auto","background-attachment":"scroll","background-type":"","background-media":"","overlay-type":"","overlay-color":"","overlay-opacity":"","overlay-gradient":""},"mobile":{"background-color":"var(--ast-global-color-5)","background-image":"","background-repeat":"repeat","background-position":"center center","background-size":"auto","background-attachment":"scroll","background-type":"","background-media":"","overlay-type":"","overlay-color":"","overlay-opacity":"","overlay-gradient":""}}},"product_cat":[64],"product_tag":[],"class_list":{"0":"post-9604","1":"product","2":"type-product","3":"status-publish","4":"has-post-thumbnail","6":"product_cat-travel-adapter","7":"desktop-align-center","8":"tablet-align-center","9":"mobile-align-center","11":"first","12":"instock","13":"shipping-taxable","14":"product-type-simple"},"_links":{"self":[{"href":"https:\/\/imiapower.com\/tr\/wp-json\/wp\/v2\/product\/9604","targetHints":{"allow":["GET"]}}],"collection":[{"href":"https:\/\/imiapower.com\/tr\/wp-json\/wp\/v2\/product"}],"about":[{"href":"https:\/\/imiapower.com\/tr\/wp-json\/wp\/v2\/types\/product"}],"replies":[{"embeddable":true,"href":"https:\/\/imiapower.com\/tr\/wp-json\/wp\/v2\/comments?post=9604"}],"version-history":[{"count":2,"href":"https:\/\/imiapower.com\/tr\/wp-json\/wp\/v2\/product\/9604\/revisions"}],"predecessor-version":[{"id":9608,"href":"https:\/\/imiapower.com\/tr\/wp-json\/wp\/v2\/product\/9604\/revisions\/9608"}],"wp:featuredmedia":[{"embeddable":true,"href":"https:\/\/imiapower.com\/tr\/wp-json\/wp\/v2\/media\/9605"}],"wp:attachment":[{"href":"https:\/\/imiapower.com\/tr\/wp-json\/wp\/v2\/media?parent=9604"}],"wp:term":[{"taxonomy":"product_cat","embeddable":true,"href":"https:\/\/imiapower.com\/tr\/wp-json\/wp\/v2\/product_cat?post=9604"},{"taxonomy":"product_tag","embeddable":true,"href":"https:\/\/imiapower.com\/tr\/wp-json\/wp\/v2\/product_tag?post=9604"}],"curies":[{"name":"wp","href":"https:\/\/api.w.org\/{rel}","templated":true}]}}