{"id":9609,"date":"2025-08-08T02:28:27","date_gmt":"2025-08-08T02:28:27","guid":{"rendered":"https:\/\/imiapower.com\/?post_type=product&#038;p=9609"},"modified":"2025-08-08T02:37:57","modified_gmt":"2025-08-08T02:37:57","slug":"power-plugs-universal","status":"publish","type":"product","link":"https:\/\/imiapower.com\/tr\/products\/travel-adapter\/power-plugs-universal\/","title":{"rendered":"Elektrik Fi\u015fi Adapt\u00f6r\u00fc \u2013 Universal World&#039;den ABD Fi\u015fine D\u00f6n\u00fc\u015ft\u00fcr\u00fcc\u00fc"},"content":{"rendered":"<ul>\n<li><strong>G\u00fc\u00e7 fi\u015fleri<\/strong><\/li>\n<li><strong>Giri\u015f:<\/strong>250V 10A 2500W Maks.<\/li>\n<li><strong>Konut Malzemesi:<\/strong>bilgisayar<\/li>\n<li><strong>Standart: <\/strong>BS8546, IEC60884-2-5<\/li>\n<li><strong>Renk:<\/strong>\u00a0Beyaz\/siyah<\/li>\n<li><strong>A\u00e7\u0131klama:<\/strong>D\u00fcnya - ABD Fi\u015f Adapt\u00f6r\u00fc<\/li>\n<\/ul>","protected":false},"excerpt":{"rendered":"<p data-start=\"1078\" data-end=\"1415\"><img fetchpriority=\"high\" decoding=\"async\" class=\"alignnone wp-image-9612 size-full\" src=\"https:\/\/imiapower.com\/wp-content\/uploads\/converted-2-11.webp\" alt=\"elektrik fi\u015fleri\" width=\"960\" height=\"960\" srcset=\"https:\/\/imiapower.com\/wp-content\/uploads\/converted-2-11.webp 960w, https:\/\/imiapower.com\/wp-content\/uploads\/converted-2-11-300x300.webp 300w, https:\/\/imiapower.com\/wp-content\/uploads\/converted-2-11-150x150.webp 150w, https:\/\/imiapower.com\/wp-content\/uploads\/converted-2-11-768x768.webp 768w, https:\/\/imiapower.com\/wp-content\/uploads\/converted-2-11-12x12.webp 12w, https:\/\/imiapower.com\/wp-content\/uploads\/converted-2-11-600x600.webp 600w, https:\/\/imiapower.com\/wp-content\/uploads\/converted-2-11-100x100.webp 100w, https:\/\/imiapower.com\/wp-content\/uploads\/converted-2-11-64x64.webp 64w\" sizes=\"(max-width: 960px) 100vw, 960px\" \/><\/p>\n<p data-start=\"1025\" data-end=\"1337\">Bu evrensel g\u00fc\u00e7 fi\u015fi adapt\u00f6r\u00fcyle herhangi bir uluslararas\u0131 fi\u015fi ABD standard\u0131na d\u00f6n\u00fc\u015ft\u00fcr\u00fcn.<br data-start=\"1114\" data-end=\"1117\" \/>D\u00fcnya \u00e7ap\u0131nda seyahat edenler ve uluslararas\u0131 cihazlar i\u00e7in tasarlanan bu D\u00fcnya - ABD fi\u015f adapt\u00f6r\u00fc, 150&#039;den fazla \u00fclkeden gelen fi\u015fleri kabul eder ve bunlar\u0131 ABD, Kanada, Japonya ve daha bir\u00e7ok \u00fclkede kullan\u0131lan A\/B Tipi prizlere uyacak \u015fekilde d\u00f6n\u00fc\u015ft\u00fcr\u00fcr.<\/p>\n<p data-start=\"1339\" data-end=\"1543\">2500 W&#039;a (250 V, 10 A) kadar destekler ve BS8546 ve IEC60884-2-5 temel g\u00fcvenlik standartlar\u0131na uygundur. Alev geciktirici PC g\u00f6vdesi, seyahat veya g\u00fcnl\u00fck kullan\u0131m s\u0131ras\u0131nda dayan\u0131kl\u0131l\u0131k ve g\u00fcvenlik sa\u011flar.<\/p>\n<p data-start=\"1545\" data-end=\"1689\">Kompakt ve hafif olan bu g\u00fc\u00e7 fi\u015fi adapt\u00f6r\u00fc, i\u015f seyahatleri, tatiller veya ABD merkezli yerlerde yabanc\u0131 elektronik cihazlar\u0131 \u015farj etmek i\u00e7in m\u00fckemmeldir.<\/p>\n<ul>\n<li data-start=\"1830\" data-end=\"1889\">\n<p data-start=\"1832\" data-end=\"1889\">\ud83c\udf0d <strong data-start=\"1835\" data-end=\"1854\">Evrensel Giri\u015f<\/strong> \u2013 AB, \u0130ngiltere, Avustralya ve Asya fi\u015flerini kabul eder<\/p>\n<\/li>\n<li data-start=\"1890\" data-end=\"1952\">\n<p data-start=\"1892\" data-end=\"1952\">\ud83d\udd0c <strong data-start=\"1895\" data-end=\"1913\">ABD Fi\u015f \u00c7\u0131k\u0131\u015f\u0131<\/strong> \u2013 A ve B tipi prizlerle uyumludur<\/p>\n<\/li>\n<li data-start=\"1953\" data-end=\"2002\">\n<p data-start=\"1955\" data-end=\"2002\">\u26a1 <strong data-start=\"1957\" data-end=\"1972\">G\u00fc\u00e7 Derecelendirmesi<\/strong> \u2013 250V 10A, 2500W&#039;a kadar Maksimum<\/p>\n<\/li>\n<li data-start=\"2003\" data-end=\"2064\">\n<p data-start=\"2005\" data-end=\"2064\">\ud83d\udd25 <strong data-start=\"2008\" data-end=\"2028\">G\u00fcvenli ve Sertifikal\u0131<\/strong> \u2013 BS8546 \/ IEC60884-2-5 standartlar\u0131<\/p>\n<\/li>\n<li data-start=\"2065\" data-end=\"2137\">\n<p data-start=\"2067\" data-end=\"2137\">\ud83e\uddf3 <strong data-start=\"2070\" data-end=\"2086\">Seyahate Haz\u0131r<\/strong> \u2013 Hafif, dayan\u0131kl\u0131, alev geciktirici PC kabuk<\/p>\n<\/li>\n<li data-start=\"2138\" data-end=\"2179\">\n<p data-start=\"2140\" data-end=\"2179\">\ud83c\udfa8 <strong data-start=\"2143\" data-end=\"2160\">Renk Se\u00e7enekleri<\/strong> \u2013 Siyah veya Beyaz<\/p>\n<\/li>\n<li data-start=\"2180\" data-end=\"2256\">\n<p data-start=\"2182\" data-end=\"2256\">\u2705 <strong data-start=\"2184\" data-end=\"2197\">\u0130deal \u0130\u00e7in<\/strong>: Uluslararas\u0131 gezginler, i\u015f seyahatleri, oteller, ev kullan\u0131m\u0131<\/p>\n<\/li>\n<\/ul>\n<p data-start=\"1417\" data-end=\"1611\">","protected":false},"featured_media":9611,"comment_status":"open","ping_status":"closed","template":"","meta":{"rank_math_lock_modified_date":false,"site-sidebar-layout":"default","site-content-layout":"","ast-site-content-layout":"default","site-content-style":"default","site-sidebar-style":"default","ast-global-header-display":"","ast-banner-title-visibility":"","ast-main-header-display":"","ast-hfb-above-header-display":"","ast-hfb-below-header-display":"","ast-hfb-mobile-header-display":"","site-post-title":"","ast-breadcrumbs-content":"","ast-featured-img":"","footer-sml-layout":"","ast-disable-related-posts":"","theme-transparent-header-meta":"default","adv-header-id-meta":"","stick-header-meta":"","header-above-stick-meta":"","header-main-stick-meta":"","header-below-stick-meta":"","astra-migrate-meta-layouts":"set","ast-page-background-enabled":"default","ast-page-background-meta":{"desktop":{"background-color":"","background-image":"","background-repeat":"repeat","background-position":"center center","background-size":"auto","background-attachment":"scroll","background-type":"","background-media":"","overlay-type":"","overlay-color":"","overlay-opacity":"","overlay-gradient":""},"tablet":{"background-color":"","background-image":"","background-repeat":"repeat","background-position":"center center","background-size":"auto","background-attachment":"scroll","background-type":"","background-media":"","overlay-type":"","overlay-color":"","overlay-opacity":"","overlay-gradient":""},"mobile":{"background-color":"","background-image":"","background-repeat":"repeat","background-position":"center center","background-size":"auto","background-attachment":"scroll","background-type":"","background-media":"","overlay-type":"","overlay-color":"","overlay-opacity":"","overlay-gradient":""}},"ast-content-background-meta":{"desktop":{"background-color":"var(--ast-global-color-5)","background-image":"","background-repeat":"repeat","background-position":"center center","background-size":"auto","background-attachment":"scroll","background-type":"","background-media":"","overlay-type":"","overlay-color":"","overlay-opacity":"","overlay-gradient":""},"tablet":{"background-color":"var(--ast-global-color-5)","background-image":"","background-repeat":"repeat","background-position":"center center","background-size":"auto","background-attachment":"scroll","background-type":"","background-media":"","overlay-type":"","overlay-color":"","overlay-opacity":"","overlay-gradient":""},"mobile":{"background-color":"var(--ast-global-color-5)","background-image":"","background-repeat":"repeat","background-position":"center center","background-size":"auto","background-attachment":"scroll","background-type":"","background-media":"","overlay-type":"","overlay-color":"","overlay-opacity":"","overlay-gradient":""}}},"product_cat":[64],"product_tag":[],"class_list":{"0":"post-9609","1":"product","2":"type-product","3":"status-publish","4":"has-post-thumbnail","6":"product_cat-travel-adapter","7":"desktop-align-center","8":"tablet-align-center","9":"mobile-align-center","11":"first","12":"instock","13":"shipping-taxable","14":"product-type-simple"},"_links":{"self":[{"href":"https:\/\/imiapower.com\/tr\/wp-json\/wp\/v2\/product\/9609","targetHints":{"allow":["GET"]}}],"collection":[{"href":"https:\/\/imiapower.com\/tr\/wp-json\/wp\/v2\/product"}],"about":[{"href":"https:\/\/imiapower.com\/tr\/wp-json\/wp\/v2\/types\/product"}],"replies":[{"embeddable":true,"href":"https:\/\/imiapower.com\/tr\/wp-json\/wp\/v2\/comments?post=9609"}],"version-history":[{"count":1,"href":"https:\/\/imiapower.com\/tr\/wp-json\/wp\/v2\/product\/9609\/revisions"}],"predecessor-version":[{"id":9613,"href":"https:\/\/imiapower.com\/tr\/wp-json\/wp\/v2\/product\/9609\/revisions\/9613"}],"wp:featuredmedia":[{"embeddable":true,"href":"https:\/\/imiapower.com\/tr\/wp-json\/wp\/v2\/media\/9611"}],"wp:attachment":[{"href":"https:\/\/imiapower.com\/tr\/wp-json\/wp\/v2\/media?parent=9609"}],"wp:term":[{"taxonomy":"product_cat","embeddable":true,"href":"https:\/\/imiapower.com\/tr\/wp-json\/wp\/v2\/product_cat?post=9609"},{"taxonomy":"product_tag","embeddable":true,"href":"https:\/\/imiapower.com\/tr\/wp-json\/wp\/v2\/product_tag?post=9609"}],"curies":[{"name":"wp","href":"https:\/\/api.w.org\/{rel}","templated":true}]}}