{"id":9614,"date":"2025-08-08T02:44:59","date_gmt":"2025-08-08T02:44:59","guid":{"rendered":"https:\/\/imiapower.com\/?post_type=product&#038;p=9614"},"modified":"2025-08-08T02:57:03","modified_gmt":"2025-08-08T02:57:03","slug":"germany-adapter-plug-type","status":"publish","type":"product","link":"https:\/\/imiapower.com\/tr\/products\/travel-adapter\/germany-adapter-plug-type\/","title":{"rendered":"Almanya Adapt\u00f6r Fi\u015f Tipi \u2013 Evrensel D\u00fcnya - DE Fi\u015fi"},"content":{"rendered":"<ul>\n<li><strong>Almanya adapt\u00f6r fi\u015f tipi<\/strong><\/li>\n<li><strong>Giri\u015f:<\/strong>250V 10A 2500W Maks.<\/li>\n<li><strong>Konut Malzemesi:<\/strong>bilgisayar<\/li>\n<li><strong>Standart: <\/strong>BS8546, IEC60884-2-5<\/li>\n<li><strong>Renk:<\/strong>\u00a0Beyaz\/siyah<\/li>\n<li><strong>A\u00e7\u0131klama:<\/strong>D\u00fcnya - DE Fi\u015f Adapt\u00f6r\u00fc<\/li>\n<\/ul>","protected":false},"excerpt":{"rendered":"<p data-start=\"894\" data-end=\"1206\">Bu Almanya adapt\u00f6r fi\u015f tipi, cihazlar\u0131n\u0131 Alman elektrik prizlerine (Tip E\/F) ba\u011flamas\u0131 gereken uluslararas\u0131 gezginler i\u00e7in tasarlanm\u0131\u015ft\u0131r.<br data-start=\"1032\" data-end=\"1035\" \/>170&#039;den fazla \u00fclkedeki fi\u015flerle uyumlu olan bu evrensel adapt\u00f6r, kullan\u0131c\u0131lar\u0131n ABD, \u0130ngiltere, Avustralya ve di\u011fer fi\u015fleri Almanya&#039;n\u0131n standart Schuko soketine g\u00fcvenli bir \u015fekilde ba\u011flamas\u0131n\u0131 sa\u011flar.<\/p>\n<p data-start=\"1208\" data-end=\"1422\">Alev geciktirici PC malzemeden \u00fcretilen ve 250V 10A (Maksimum 2500W) de\u011ferinde olan adapt\u00f6r, BS8546 ve IEC60884-2-5 g\u00fcvenlik standartlar\u0131na uygundur ve bu da onu seyahat, i\u015f ve otel kullan\u0131m\u0131 i\u00e7in g\u00fcvenilir bir se\u00e7im haline getirir.<\/p>\n<p data-start=\"1208\" data-end=\"1422\"><img fetchpriority=\"high\" decoding=\"async\" class=\"alignnone wp-image-9623 size-full\" src=\"https:\/\/imiapower.com\/wp-content\/uploads\/converted-2-12.webp\" alt=\"almanya adapt\u00f6r fi\u015f tipi\" width=\"960\" height=\"960\" srcset=\"https:\/\/imiapower.com\/wp-content\/uploads\/converted-2-12.webp 960w, https:\/\/imiapower.com\/wp-content\/uploads\/converted-2-12-300x300.webp 300w, https:\/\/imiapower.com\/wp-content\/uploads\/converted-2-12-150x150.webp 150w, https:\/\/imiapower.com\/wp-content\/uploads\/converted-2-12-768x768.webp 768w, https:\/\/imiapower.com\/wp-content\/uploads\/converted-2-12-12x12.webp 12w, https:\/\/imiapower.com\/wp-content\/uploads\/converted-2-12-600x600.webp 600w, https:\/\/imiapower.com\/wp-content\/uploads\/converted-2-12-100x100.webp 100w, https:\/\/imiapower.com\/wp-content\/uploads\/converted-2-12-64x64.webp 64w\" sizes=\"(max-width: 960px) 100vw, 960px\" \/><\/p>","protected":false},"featured_media":9625,"comment_status":"open","ping_status":"closed","template":"","meta":{"rank_math_lock_modified_date":false,"site-sidebar-layout":"default","site-content-layout":"","ast-site-content-layout":"default","site-content-style":"default","site-sidebar-style":"default","ast-global-header-display":"","ast-banner-title-visibility":"","ast-main-header-display":"","ast-hfb-above-header-display":"","ast-hfb-below-header-display":"","ast-hfb-mobile-header-display":"","site-post-title":"","ast-breadcrumbs-content":"","ast-featured-img":"","footer-sml-layout":"","ast-disable-related-posts":"","theme-transparent-header-meta":"default","adv-header-id-meta":"","stick-header-meta":"","header-above-stick-meta":"","header-main-stick-meta":"","header-below-stick-meta":"","astra-migrate-meta-layouts":"set","ast-page-background-enabled":"default","ast-page-background-meta":{"desktop":{"background-color":"","background-image":"","background-repeat":"repeat","background-position":"center center","background-size":"auto","background-attachment":"scroll","background-type":"","background-media":"","overlay-type":"","overlay-color":"","overlay-opacity":"","overlay-gradient":""},"tablet":{"background-color":"","background-image":"","background-repeat":"repeat","background-position":"center center","background-size":"auto","background-attachment":"scroll","background-type":"","background-media":"","overlay-type":"","overlay-color":"","overlay-opacity":"","overlay-gradient":""},"mobile":{"background-color":"","background-image":"","background-repeat":"repeat","background-position":"center center","background-size":"auto","background-attachment":"scroll","background-type":"","background-media":"","overlay-type":"","overlay-color":"","overlay-opacity":"","overlay-gradient":""}},"ast-content-background-meta":{"desktop":{"background-color":"var(--ast-global-color-5)","background-image":"","background-repeat":"repeat","background-position":"center center","background-size":"auto","background-attachment":"scroll","background-type":"","background-media":"","overlay-type":"","overlay-color":"","overlay-opacity":"","overlay-gradient":""},"tablet":{"background-color":"var(--ast-global-color-5)","background-image":"","background-repeat":"repeat","background-position":"center center","background-size":"auto","background-attachment":"scroll","background-type":"","background-media":"","overlay-type":"","overlay-color":"","overlay-opacity":"","overlay-gradient":""},"mobile":{"background-color":"var(--ast-global-color-5)","background-image":"","background-repeat":"repeat","background-position":"center center","background-size":"auto","background-attachment":"scroll","background-type":"","background-media":"","overlay-type":"","overlay-color":"","overlay-opacity":"","overlay-gradient":""}}},"product_cat":[64],"product_tag":[],"class_list":{"0":"post-9614","1":"product","2":"type-product","3":"status-publish","4":"has-post-thumbnail","6":"product_cat-travel-adapter","7":"desktop-align-center","8":"tablet-align-center","9":"mobile-align-center","11":"first","12":"instock","13":"shipping-taxable","14":"product-type-simple"},"_links":{"self":[{"href":"https:\/\/imiapower.com\/tr\/wp-json\/wp\/v2\/product\/9614","targetHints":{"allow":["GET"]}}],"collection":[{"href":"https:\/\/imiapower.com\/tr\/wp-json\/wp\/v2\/product"}],"about":[{"href":"https:\/\/imiapower.com\/tr\/wp-json\/wp\/v2\/types\/product"}],"replies":[{"embeddable":true,"href":"https:\/\/imiapower.com\/tr\/wp-json\/wp\/v2\/comments?post=9614"}],"version-history":[{"count":1,"href":"https:\/\/imiapower.com\/tr\/wp-json\/wp\/v2\/product\/9614\/revisions"}],"predecessor-version":[{"id":9626,"href":"https:\/\/imiapower.com\/tr\/wp-json\/wp\/v2\/product\/9614\/revisions\/9626"}],"wp:featuredmedia":[{"embeddable":true,"href":"https:\/\/imiapower.com\/tr\/wp-json\/wp\/v2\/media\/9625"}],"wp:attachment":[{"href":"https:\/\/imiapower.com\/tr\/wp-json\/wp\/v2\/media?parent=9614"}],"wp:term":[{"taxonomy":"product_cat","embeddable":true,"href":"https:\/\/imiapower.com\/tr\/wp-json\/wp\/v2\/product_cat?post=9614"},{"taxonomy":"product_tag","embeddable":true,"href":"https:\/\/imiapower.com\/tr\/wp-json\/wp\/v2\/product_tag?post=9614"}],"curies":[{"name":"wp","href":"https:\/\/api.w.org\/{rel}","templated":true}]}}