{"id":9640,"date":"2025-08-12T01:52:35","date_gmt":"2025-08-12T01:52:35","guid":{"rendered":"https:\/\/imiapower.com\/?post_type=product&#038;p=9640"},"modified":"2025-08-21T00:50:47","modified_gmt":"2025-08-21T00:50:47","slug":"travel-adapter-plug-china","status":"publish","type":"product","link":"https:\/\/imiapower.com\/tr\/products\/travel-adapter\/travel-adapter-plug-china\/","title":{"rendered":"Seyahat Adapt\u00f6r\u00fc Fi\u015fi \u00c7in - D\u00fcnya&#039;dan \u00c7in\/Avustralya&#039;ya Fi\u015f Adapt\u00f6r\u00fc 250V 10A"},"content":{"rendered":"<ul>\n<li><strong>Seyahat adapt\u00f6r\u00fc fi\u015fi \u00c7in<\/strong><\/li>\n<li><strong>Giri\u015f:<\/strong>250V 10A 2500W Maks.<\/li>\n<li><strong>Konut Malzemesi:<\/strong>bilgisayar<\/li>\n<li><strong>Standart: <\/strong>BS8546, IEC60884-2-5<\/li>\n<li><strong>Renk:<\/strong>\u00a0Beyaz\/siyah<\/li>\n<li><strong>A\u00e7\u0131klama:<\/strong>D\u00fcnya&#039;dan \u00c7in\/Avustralya&#039;ya Fi\u015f Adapt\u00f6r\u00fc<\/li>\n<\/ul>","protected":false},"excerpt":{"rendered":"<p><img fetchpriority=\"high\" decoding=\"async\" class=\"alignnone wp-image-9641 size-full\" src=\"https:\/\/imiapower.com\/wp-content\/uploads\/converted-1-21.webp\" alt=\"seyahat adapt\u00f6r\u00fc fi\u015fi \u00e7in\" width=\"960\" height=\"960\" srcset=\"https:\/\/imiapower.com\/wp-content\/uploads\/converted-1-21.webp 960w, https:\/\/imiapower.com\/wp-content\/uploads\/converted-1-21-300x300.webp 300w, https:\/\/imiapower.com\/wp-content\/uploads\/converted-1-21-150x150.webp 150w, https:\/\/imiapower.com\/wp-content\/uploads\/converted-1-21-768x768.webp 768w, https:\/\/imiapower.com\/wp-content\/uploads\/converted-1-21-12x12.webp 12w, https:\/\/imiapower.com\/wp-content\/uploads\/converted-1-21-600x600.webp 600w, https:\/\/imiapower.com\/wp-content\/uploads\/converted-1-21-100x100.webp 100w, https:\/\/imiapower.com\/wp-content\/uploads\/converted-1-21-64x64.webp 64w\" sizes=\"(max-width: 960px) 100vw, 960px\" \/><\/p>\n<p>\u00c7in&#039;in y\u00fcksek h\u0131zl\u0131 ekonomik b\u00fcy\u00fcmesi, d\u00fcnyan\u0131n d\u00f6rt bir yan\u0131ndan say\u0131s\u0131z i\u015f seyahat\u00e7isini, marka temsilcisini ve distrib\u00fct\u00f6r\u00fc kendine \u00e7ekiyor.<\/p>\n<p>Asl\u0131nda, k\u00fcresel adapt\u00f6r \u00fcreticilerinin 90%&#039;den fazlas\u0131 \u00c7in&#039;de bulunuyor; bu da sekt\u00f6r profesyonellerinin ziyaretlerini daha da s\u0131kla\u015ft\u0131r\u0131yor.<\/p>\n<p>\u0130ster ticaret fuarlar\u0131na kat\u0131l\u0131n, ister fabrikalar\u0131 ziyaret edin, ister \u00c7in&#039;in \u015fehirlerini ke\u015ffedin, <strong data-start=\"1136\" data-end=\"1165\">T<\/strong>ravel adapt\u00f6r fi\u015fi \u00c7in cihazlar\u0131n\u0131z\u0131 \u00e7al\u0131\u015f\u0131r durumda tutmak i\u00e7in olmazsa olmazd\u0131r.<\/p>\n<p>D\u00fcnya \u00c7ap\u0131nda \u00c7in\/Avustralya Fi\u015f Adapt\u00f6r\u00fcm\u00fcz 250V, 10A ve 2500W&#039;a kadar maksimum ak\u0131m\u0131 destekler.<\/p>\n<p>Dayan\u0131kl\u0131 PC kasas\u0131yla \u00fcretilen ve BS8546 ve IEC60884-2-5 g\u00fcvenlik standartlar\u0131na uygun olan bu \u00fcr\u00fcn, diz\u00fcst\u00fc bilgisayarlar\u0131, kameralar\u0131 ve ak\u0131ll\u0131 telefonlar\u0131 \u015farj etmek i\u00e7in m\u00fckemmeldir.<\/p>\n<p>Kompakt, g\u00fcvenilir ve beyaz veya siyah renkte mevcut olan bu \u00fcr\u00fcn, seyahatiniz boyunca ba\u011flant\u0131da kalman\u0131z\u0131 ve \u00fcretken kalman\u0131z\u0131 sa\u011flar.<\/p>","protected":false},"featured_media":9642,"comment_status":"open","ping_status":"closed","template":"","meta":{"rank_math_lock_modified_date":false,"site-sidebar-layout":"default","site-content-layout":"","ast-site-content-layout":"default","site-content-style":"default","site-sidebar-style":"default","ast-global-header-display":"","ast-banner-title-visibility":"","ast-main-header-display":"","ast-hfb-above-header-display":"","ast-hfb-below-header-display":"","ast-hfb-mobile-header-display":"","site-post-title":"","ast-breadcrumbs-content":"","ast-featured-img":"","footer-sml-layout":"","ast-disable-related-posts":"","theme-transparent-header-meta":"default","adv-header-id-meta":"","stick-header-meta":"","header-above-stick-meta":"","header-main-stick-meta":"","header-below-stick-meta":"","astra-migrate-meta-layouts":"set","ast-page-background-enabled":"default","ast-page-background-meta":{"desktop":{"background-color":"","background-image":"","background-repeat":"repeat","background-position":"center center","background-size":"auto","background-attachment":"scroll","background-type":"","background-media":"","overlay-type":"","overlay-color":"","overlay-opacity":"","overlay-gradient":""},"tablet":{"background-color":"","background-image":"","background-repeat":"repeat","background-position":"center center","background-size":"auto","background-attachment":"scroll","background-type":"","background-media":"","overlay-type":"","overlay-color":"","overlay-opacity":"","overlay-gradient":""},"mobile":{"background-color":"","background-image":"","background-repeat":"repeat","background-position":"center center","background-size":"auto","background-attachment":"scroll","background-type":"","background-media":"","overlay-type":"","overlay-color":"","overlay-opacity":"","overlay-gradient":""}},"ast-content-background-meta":{"desktop":{"background-color":"var(--ast-global-color-5)","background-image":"","background-repeat":"repeat","background-position":"center center","background-size":"auto","background-attachment":"scroll","background-type":"","background-media":"","overlay-type":"","overlay-color":"","overlay-opacity":"","overlay-gradient":""},"tablet":{"background-color":"var(--ast-global-color-5)","background-image":"","background-repeat":"repeat","background-position":"center center","background-size":"auto","background-attachment":"scroll","background-type":"","background-media":"","overlay-type":"","overlay-color":"","overlay-opacity":"","overlay-gradient":""},"mobile":{"background-color":"var(--ast-global-color-5)","background-image":"","background-repeat":"repeat","background-position":"center center","background-size":"auto","background-attachment":"scroll","background-type":"","background-media":"","overlay-type":"","overlay-color":"","overlay-opacity":"","overlay-gradient":""}}},"product_cat":[64],"product_tag":[],"class_list":{"0":"post-9640","1":"product","2":"type-product","3":"status-publish","4":"has-post-thumbnail","6":"product_cat-travel-adapter","7":"desktop-align-center","8":"tablet-align-center","9":"mobile-align-center","11":"first","12":"instock","13":"shipping-taxable","14":"product-type-simple"},"_links":{"self":[{"href":"https:\/\/imiapower.com\/tr\/wp-json\/wp\/v2\/product\/9640","targetHints":{"allow":["GET"]}}],"collection":[{"href":"https:\/\/imiapower.com\/tr\/wp-json\/wp\/v2\/product"}],"about":[{"href":"https:\/\/imiapower.com\/tr\/wp-json\/wp\/v2\/types\/product"}],"replies":[{"embeddable":true,"href":"https:\/\/imiapower.com\/tr\/wp-json\/wp\/v2\/comments?post=9640"}],"version-history":[{"count":1,"href":"https:\/\/imiapower.com\/tr\/wp-json\/wp\/v2\/product\/9640\/revisions"}],"predecessor-version":[{"id":9643,"href":"https:\/\/imiapower.com\/tr\/wp-json\/wp\/v2\/product\/9640\/revisions\/9643"}],"wp:featuredmedia":[{"embeddable":true,"href":"https:\/\/imiapower.com\/tr\/wp-json\/wp\/v2\/media\/9642"}],"wp:attachment":[{"href":"https:\/\/imiapower.com\/tr\/wp-json\/wp\/v2\/media?parent=9640"}],"wp:term":[{"taxonomy":"product_cat","embeddable":true,"href":"https:\/\/imiapower.com\/tr\/wp-json\/wp\/v2\/product_cat?post=9640"},{"taxonomy":"product_tag","embeddable":true,"href":"https:\/\/imiapower.com\/tr\/wp-json\/wp\/v2\/product_tag?post=9640"}],"curies":[{"name":"wp","href":"https:\/\/api.w.org\/{rel}","templated":true}]}}