{"id":9666,"date":"2025-09-02T00:14:08","date_gmt":"2025-09-02T00:14:08","guid":{"rendered":"https:\/\/imiapower.com\/?post_type=product&#038;p=9666"},"modified":"2025-09-02T00:14:14","modified_gmt":"2025-09-02T00:14:14","slug":"germany-plug-type-uk-germany","status":"publish","type":"product","link":"https:\/\/imiapower.com\/tr\/products\/travel-adapter\/germany-plug-type-uk-germany\/","title":{"rendered":"Almanya Fi\u015f Tipi | \u0130ngiltere - Avrupa Fi\u015f Adapt\u00f6r\u00fc 250V 13A"},"content":{"rendered":"<ul>\n<li><strong>Almanya fi\u015f tipi<\/strong><\/li>\n<li><strong>Derecelendirmeler:<\/strong> 250V 13A, 3250W Maks.<\/li>\n<li><strong>Konut Malzemesi:<\/strong> bilgisayar<\/li>\n<li><strong>\u0130letken Malzeme:<\/strong> Bak\u0131r<\/li>\n<li><strong>Yang\u0131n Derecesi:<\/strong> 94V0<\/li>\n<li><strong>A\u00e7\u0131klama:<\/strong> \u0130ngiltere&#039;den Avrupa&#039;ya Fi\u015f Adapt\u00f6r\u00fc<\/li>\n<\/ul>","protected":false},"excerpt":{"rendered":"<p><img fetchpriority=\"high\" decoding=\"async\" class=\"alignnone wp-image-9667 size-full\" src=\"https:\/\/imiapower.com\/wp-content\/uploads\/converted-1-22.webp\" alt=\"alman fi\u015f tipi\" width=\"960\" height=\"960\" srcset=\"https:\/\/imiapower.com\/wp-content\/uploads\/converted-1-22.webp 960w, https:\/\/imiapower.com\/wp-content\/uploads\/converted-1-22-300x300.webp 300w, https:\/\/imiapower.com\/wp-content\/uploads\/converted-1-22-150x150.webp 150w, https:\/\/imiapower.com\/wp-content\/uploads\/converted-1-22-768x768.webp 768w, https:\/\/imiapower.com\/wp-content\/uploads\/converted-1-22-12x12.webp 12w, https:\/\/imiapower.com\/wp-content\/uploads\/converted-1-22-600x600.webp 600w, https:\/\/imiapower.com\/wp-content\/uploads\/converted-1-22-100x100.webp 100w, https:\/\/imiapower.com\/wp-content\/uploads\/converted-1-22-64x64.webp 64w\" sizes=\"(max-width: 960px) 100vw, 960px\" \/><\/p>\n<p>Almanya fi\u015f tipi adapt\u00f6r\u00fcm\u00fcz (\u0130ngiltere&#039;den Avrupa&#039;ya), uluslararas\u0131 g\u00fc\u00e7 d\u00f6n\u00fc\u015f\u00fcm\u00fcnde dayan\u0131kl\u0131l\u0131k, g\u00fcvenlik ve verimlilik i\u00e7in tasarlanm\u0131\u015ft\u0131r. Birinci s\u0131n\u0131f bak\u0131r iletkenler ve yang\u0131na dayan\u0131kl\u0131 PC kasas\u0131yla \u00fcretilen bu adapt\u00f6r, uzun \u00f6m\u00fcrl\u00fc performans ve uluslararas\u0131 g\u00fcvenlik standartlar\u0131na uygunluk sa\u011flar.<\/p>\n<p data-start=\"1964\" data-end=\"2242\">Bu adapt\u00f6r, seyahat, otel, ofis malzemeleri, elektronik cihaz da\u011f\u0131t\u0131m\u0131 ve B2B toptan sat\u0131\u015f projelerinde yayg\u0131n olarak kullan\u0131lmaktad\u0131r. Kompakt tasar\u0131m\u0131 ve sa\u011flam yap\u0131s\u0131, g\u00fcvenilir fi\u015f adapt\u00f6r\u00fc tedarik\u00e7ileri arayan ithalat\u00e7\u0131lar, distrib\u00fct\u00f6rler ve perakendeciler i\u00e7in idealdir.<\/p>\n<p data-start=\"2244\" data-end=\"2429\">\u0130ngiltere&#039;den AB&#039;ye fi\u015f adapt\u00f6rleri i\u00e7in OEM\/ODM hizmetleri, toplu sipari\u015fler ve toptan tedarik sa\u011fl\u0131yoruz. G\u00fcvenli, sertifikal\u0131 ve dayan\u0131kl\u0131 Alman fi\u015f tipi adapt\u00f6rlere ihtiya\u00e7 duyan i\u015fletmeler i\u00e7in m\u00fckemmeldir.<\/p>\n<p>&nbsp;<\/p>","protected":false},"featured_media":9668,"comment_status":"open","ping_status":"closed","template":"","meta":{"rank_math_lock_modified_date":false,"site-sidebar-layout":"default","site-content-layout":"","ast-site-content-layout":"default","site-content-style":"default","site-sidebar-style":"default","ast-global-header-display":"","ast-banner-title-visibility":"","ast-main-header-display":"","ast-hfb-above-header-display":"","ast-hfb-below-header-display":"","ast-hfb-mobile-header-display":"","site-post-title":"","ast-breadcrumbs-content":"","ast-featured-img":"","footer-sml-layout":"","ast-disable-related-posts":"","theme-transparent-header-meta":"default","adv-header-id-meta":"","stick-header-meta":"","header-above-stick-meta":"","header-main-stick-meta":"","header-below-stick-meta":"","astra-migrate-meta-layouts":"set","ast-page-background-enabled":"default","ast-page-background-meta":{"desktop":{"background-color":"","background-image":"","background-repeat":"repeat","background-position":"center center","background-size":"auto","background-attachment":"scroll","background-type":"","background-media":"","overlay-type":"","overlay-color":"","overlay-opacity":"","overlay-gradient":""},"tablet":{"background-color":"","background-image":"","background-repeat":"repeat","background-position":"center center","background-size":"auto","background-attachment":"scroll","background-type":"","background-media":"","overlay-type":"","overlay-color":"","overlay-opacity":"","overlay-gradient":""},"mobile":{"background-color":"","background-image":"","background-repeat":"repeat","background-position":"center center","background-size":"auto","background-attachment":"scroll","background-type":"","background-media":"","overlay-type":"","overlay-color":"","overlay-opacity":"","overlay-gradient":""}},"ast-content-background-meta":{"desktop":{"background-color":"var(--ast-global-color-5)","background-image":"","background-repeat":"repeat","background-position":"center center","background-size":"auto","background-attachment":"scroll","background-type":"","background-media":"","overlay-type":"","overlay-color":"","overlay-opacity":"","overlay-gradient":""},"tablet":{"background-color":"var(--ast-global-color-5)","background-image":"","background-repeat":"repeat","background-position":"center center","background-size":"auto","background-attachment":"scroll","background-type":"","background-media":"","overlay-type":"","overlay-color":"","overlay-opacity":"","overlay-gradient":""},"mobile":{"background-color":"var(--ast-global-color-5)","background-image":"","background-repeat":"repeat","background-position":"center center","background-size":"auto","background-attachment":"scroll","background-type":"","background-media":"","overlay-type":"","overlay-color":"","overlay-opacity":"","overlay-gradient":""}}},"product_cat":[64],"product_tag":[],"class_list":{"0":"post-9666","1":"product","2":"type-product","3":"status-publish","4":"has-post-thumbnail","6":"product_cat-travel-adapter","7":"desktop-align-center","8":"tablet-align-center","9":"mobile-align-center","11":"first","12":"instock","13":"shipping-taxable","14":"product-type-simple"},"_links":{"self":[{"href":"https:\/\/imiapower.com\/tr\/wp-json\/wp\/v2\/product\/9666","targetHints":{"allow":["GET"]}}],"collection":[{"href":"https:\/\/imiapower.com\/tr\/wp-json\/wp\/v2\/product"}],"about":[{"href":"https:\/\/imiapower.com\/tr\/wp-json\/wp\/v2\/types\/product"}],"replies":[{"embeddable":true,"href":"https:\/\/imiapower.com\/tr\/wp-json\/wp\/v2\/comments?post=9666"}],"version-history":[{"count":1,"href":"https:\/\/imiapower.com\/tr\/wp-json\/wp\/v2\/product\/9666\/revisions"}],"predecessor-version":[{"id":9669,"href":"https:\/\/imiapower.com\/tr\/wp-json\/wp\/v2\/product\/9666\/revisions\/9669"}],"wp:featuredmedia":[{"embeddable":true,"href":"https:\/\/imiapower.com\/tr\/wp-json\/wp\/v2\/media\/9668"}],"wp:attachment":[{"href":"https:\/\/imiapower.com\/tr\/wp-json\/wp\/v2\/media?parent=9666"}],"wp:term":[{"taxonomy":"product_cat","embeddable":true,"href":"https:\/\/imiapower.com\/tr\/wp-json\/wp\/v2\/product_cat?post=9666"},{"taxonomy":"product_tag","embeddable":true,"href":"https:\/\/imiapower.com\/tr\/wp-json\/wp\/v2\/product_tag?post=9666"}],"curies":[{"name":"wp","href":"https:\/\/api.w.org\/{rel}","templated":true}]}}