{"id":9670,"date":"2025-09-02T00:14:49","date_gmt":"2025-09-02T00:14:49","guid":{"rendered":"https:\/\/imiapower.com\/?post_type=product&#038;p=9670"},"modified":"2025-09-02T00:14:50","modified_gmt":"2025-09-02T00:14:50","slug":"adapter-manufacturer","status":"publish","type":"product","link":"https:\/\/imiapower.com\/tr\/products\/travel-adapter\/adapter-manufacturer\/","title":{"rendered":"Adapt\u00f6r \u00dcreticisi | \u0130ngiltere&#039;den ABD&#039;ye Fi\u015f Adapt\u00f6r\u00fc"},"content":{"rendered":"<ul>\n<li><strong>Adapt\u00f6r \u00fcreticisi<\/strong><\/li>\n<li><strong>Derecelendirmeler:<\/strong> 100-125V 10A, 1250W Maks.<\/li>\n<li><strong>Konut Malzemesi:<\/strong> bilgisayar<\/li>\n<li><strong>\u0130letken Malzeme:<\/strong> Bak\u0131r<\/li>\n<li><strong>Yang\u0131n Derecesi:<\/strong> 94V0<\/li>\n<li><strong>Renk:<\/strong> Beyaz ve Siyah<\/li>\n<li><strong>A\u00e7\u0131klama:<\/strong> \u0130ngiltere&#039;den ABD&#039;ye Fi\u015f Adapt\u00f6r\u00fc<\/li>\n<\/ul>","protected":false},"excerpt":{"rendered":"<p>Profesyonel bir adapt\u00f6r \u00fcreticisi olarak, g\u00fcvenlik, rahatl\u0131k ve k\u00fcresel seyahatler i\u00e7in tasarlanm\u0131\u015f y\u00fcksek kaliteli fi\u015f adapt\u00f6rleri sunuyoruz. Uygun fiyatl\u0131 ve ta\u015f\u0131nabilirli\u011fe odaklanan bu adapt\u00f6r, \u0130ngiltere&#039;den Amerika Birle\u015fik Devletleri&#039;ne seyahat eden herkes i\u00e7in olmazsa olmaz bir aksesuard\u0131r.<\/p>\n<p data-start=\"1949\" data-end=\"1966\"><strong data-start=\"1949\" data-end=\"1964\">Avantajlar\u0131:<\/strong><\/p>\n<ul data-start=\"1967\" data-end=\"2322\">\n<li data-start=\"1967\" data-end=\"2036\">\n<p data-start=\"1969\" data-end=\"2036\"><strong data-start=\"1969\" data-end=\"1990\">Seyahatin Temel Gereksinimleri:<\/strong> ABD&#039;deki fi\u015f uyumluluk sorunlar\u0131n\u0131 \u00e7\u00f6zer.<\/p>\n<\/li>\n<li data-start=\"2037\" data-end=\"2103\">\n<p data-start=\"2039\" data-end=\"2103\"><strong data-start=\"2039\" data-end=\"2065\">Kompakt ve Hafif:<\/strong> \u00c7anta veya bavullarda rahatl\u0131kla ta\u015f\u0131nabilir.<\/p>\n<\/li>\n<li data-start=\"2104\" data-end=\"2169\">\n<p data-start=\"2106\" data-end=\"2169\"><strong data-start=\"2106\" data-end=\"2133\">Uygun Fiyatl\u0131 ve Pratik:<\/strong> Toplu al\u0131mlarda uygun maliyetlidir.<\/p>\n<\/li>\n<li data-start=\"2170\" data-end=\"2239\">\n<p data-start=\"2172\" data-end=\"2239\"><strong data-start=\"2172\" data-end=\"2191\">G\u00fcvenli ve Dayan\u0131kl\u0131:<\/strong> Bak\u0131r iletken + yang\u0131na dayan\u0131kl\u0131 PC g\u00f6vdesi.<\/p>\n<\/li>\n<li data-start=\"2240\" data-end=\"2322\">\n<p data-start=\"2242\" data-end=\"2322\"><strong data-start=\"2242\" data-end=\"2256\">B2B&#039;ye Haz\u0131r:<\/strong> Toptanc\u0131lar, ithalat\u00e7\u0131lar, distrib\u00fct\u00f6rler ve perakendeciler i\u00e7in uygundur.<\/p>\n<\/li>\n<\/ul>\n<p data-start=\"2324\" data-end=\"2558\">K\u00fcresel ortaklar\u0131m\u0131z i\u00e7in OEM\/ODM \u00f6zelle\u015ftirme, toplu tedarik ve toptan da\u011f\u0131t\u0131m hizmeti sunuyoruz. Fi\u015f adapt\u00f6r\u00fcm\u00fcz, seyahat aksesuar\u0131 tedarik\u00e7ileri, elektronik da\u011f\u0131t\u0131c\u0131lar\u0131, oteller ve e-ticaret platformlar\u0131 taraf\u0131ndan yayg\u0131n olarak kullan\u0131lmaktad\u0131r.<\/p>\n<p><img fetchpriority=\"high\" decoding=\"async\" class=\"alignnone wp-image-9671 size-full\" src=\"https:\/\/imiapower.com\/wp-content\/uploads\/converted-1-23.webp\" alt=\"adapt\u00f6r \u00fcreticisi\" width=\"960\" height=\"960\" srcset=\"https:\/\/imiapower.com\/wp-content\/uploads\/converted-1-23.webp 960w, https:\/\/imiapower.com\/wp-content\/uploads\/converted-1-23-300x300.webp 300w, https:\/\/imiapower.com\/wp-content\/uploads\/converted-1-23-150x150.webp 150w, https:\/\/imiapower.com\/wp-content\/uploads\/converted-1-23-768x768.webp 768w, https:\/\/imiapower.com\/wp-content\/uploads\/converted-1-23-12x12.webp 12w, https:\/\/imiapower.com\/wp-content\/uploads\/converted-1-23-600x600.webp 600w, https:\/\/imiapower.com\/wp-content\/uploads\/converted-1-23-100x100.webp 100w, https:\/\/imiapower.com\/wp-content\/uploads\/converted-1-23-64x64.webp 64w\" sizes=\"(max-width: 960px) 100vw, 960px\" \/><\/p>","protected":false},"featured_media":9672,"comment_status":"open","ping_status":"closed","template":"","meta":{"rank_math_lock_modified_date":false,"site-sidebar-layout":"default","site-content-layout":"","ast-site-content-layout":"default","site-content-style":"default","site-sidebar-style":"default","ast-global-header-display":"","ast-banner-title-visibility":"","ast-main-header-display":"","ast-hfb-above-header-display":"","ast-hfb-below-header-display":"","ast-hfb-mobile-header-display":"","site-post-title":"","ast-breadcrumbs-content":"","ast-featured-img":"","footer-sml-layout":"","ast-disable-related-posts":"","theme-transparent-header-meta":"default","adv-header-id-meta":"","stick-header-meta":"","header-above-stick-meta":"","header-main-stick-meta":"","header-below-stick-meta":"","astra-migrate-meta-layouts":"set","ast-page-background-enabled":"default","ast-page-background-meta":{"desktop":{"background-color":"","background-image":"","background-repeat":"repeat","background-position":"center center","background-size":"auto","background-attachment":"scroll","background-type":"","background-media":"","overlay-type":"","overlay-color":"","overlay-opacity":"","overlay-gradient":""},"tablet":{"background-color":"","background-image":"","background-repeat":"repeat","background-position":"center center","background-size":"auto","background-attachment":"scroll","background-type":"","background-media":"","overlay-type":"","overlay-color":"","overlay-opacity":"","overlay-gradient":""},"mobile":{"background-color":"","background-image":"","background-repeat":"repeat","background-position":"center center","background-size":"auto","background-attachment":"scroll","background-type":"","background-media":"","overlay-type":"","overlay-color":"","overlay-opacity":"","overlay-gradient":""}},"ast-content-background-meta":{"desktop":{"background-color":"var(--ast-global-color-5)","background-image":"","background-repeat":"repeat","background-position":"center center","background-size":"auto","background-attachment":"scroll","background-type":"","background-media":"","overlay-type":"","overlay-color":"","overlay-opacity":"","overlay-gradient":""},"tablet":{"background-color":"var(--ast-global-color-5)","background-image":"","background-repeat":"repeat","background-position":"center center","background-size":"auto","background-attachment":"scroll","background-type":"","background-media":"","overlay-type":"","overlay-color":"","overlay-opacity":"","overlay-gradient":""},"mobile":{"background-color":"var(--ast-global-color-5)","background-image":"","background-repeat":"repeat","background-position":"center center","background-size":"auto","background-attachment":"scroll","background-type":"","background-media":"","overlay-type":"","overlay-color":"","overlay-opacity":"","overlay-gradient":""}}},"product_cat":[64],"product_tag":[],"class_list":{"0":"post-9670","1":"product","2":"type-product","3":"status-publish","4":"has-post-thumbnail","6":"product_cat-travel-adapter","7":"desktop-align-center","8":"tablet-align-center","9":"mobile-align-center","11":"first","12":"instock","13":"shipping-taxable","14":"product-type-simple"},"_links":{"self":[{"href":"https:\/\/imiapower.com\/tr\/wp-json\/wp\/v2\/product\/9670","targetHints":{"allow":["GET"]}}],"collection":[{"href":"https:\/\/imiapower.com\/tr\/wp-json\/wp\/v2\/product"}],"about":[{"href":"https:\/\/imiapower.com\/tr\/wp-json\/wp\/v2\/types\/product"}],"replies":[{"embeddable":true,"href":"https:\/\/imiapower.com\/tr\/wp-json\/wp\/v2\/comments?post=9670"}],"version-history":[{"count":1,"href":"https:\/\/imiapower.com\/tr\/wp-json\/wp\/v2\/product\/9670\/revisions"}],"predecessor-version":[{"id":9673,"href":"https:\/\/imiapower.com\/tr\/wp-json\/wp\/v2\/product\/9670\/revisions\/9673"}],"wp:featuredmedia":[{"embeddable":true,"href":"https:\/\/imiapower.com\/tr\/wp-json\/wp\/v2\/media\/9672"}],"wp:attachment":[{"href":"https:\/\/imiapower.com\/tr\/wp-json\/wp\/v2\/media?parent=9670"}],"wp:term":[{"taxonomy":"product_cat","embeddable":true,"href":"https:\/\/imiapower.com\/tr\/wp-json\/wp\/v2\/product_cat?post=9670"},{"taxonomy":"product_tag","embeddable":true,"href":"https:\/\/imiapower.com\/tr\/wp-json\/wp\/v2\/product_tag?post=9670"}],"curies":[{"name":"wp","href":"https:\/\/api.w.org\/{rel}","templated":true}]}}