{"id":9678,"date":"2025-09-02T00:15:19","date_gmt":"2025-09-02T00:15:19","guid":{"rendered":"https:\/\/imiapower.com\/?post_type=product&#038;p=9678"},"modified":"2025-09-02T00:15:20","modified_gmt":"2025-09-02T00:15:20","slug":"travel-plug-adapter-for-china","status":"publish","type":"product","link":"https:\/\/imiapower.com\/tr\/products\/travel-adapter\/travel-plug-adapter-for-china\/","title":{"rendered":"\u00c7in Seyahat Fi\u015f Adapt\u00f6r\u00fc \u2013 Dayan\u0131kl\u0131 PC Muhafazas\u0131, UL94 V-0 Dereceli"},"content":{"rendered":"<ul>\n<li><strong>\u00c7in i\u00e7in seyahat fi\u015fi adapt\u00f6r\u00fc <\/strong><\/li>\n<li><strong>Derecelendirmeler:<\/strong> 250V 10A, 2500W Maks.<\/li>\n<li><strong>Konut Malzemesi:<\/strong> bilgisayar<\/li>\n<li><strong>\u0130letken Malzeme:<\/strong> Bak\u0131r<\/li>\n<li><strong>Yang\u0131n Derecesi:<\/strong> 94V0<\/li>\n<li><strong>A\u00e7\u0131klama:<\/strong> \u0130ngiltere&#039;den Avustralya\/\u00c7in&#039;e Fi\u015f Adapt\u00f6r\u00fc<\/li>\n<li><strong>Renk:<\/strong> Beyaz ve Siyah<\/li>\n<\/ul>","protected":false},"excerpt":{"rendered":"<p>Bu \u0130ngiltere - Avustralya\/\u00c7in fi\u015f adapt\u00f6r\u00fcyle \u00c7in seyahatlerinizi zahmetsiz hale getirin.<\/p>\n<p>\u00c7in ve Avustralya&#039;da yayg\u0131n olarak kullan\u0131lan Tip I prizler i\u00e7in tasarlanan bu \u00fcr\u00fcn, \u0130ngiltere&#039;deki cihazlar\u0131n an\u0131nda prize tak\u0131lmas\u0131n\u0131 sa\u011fl\u0131yor; i\u015f seyahatinde olanlar ve fuar ekipleri i\u00e7in m\u00fckemmel.<\/p>\n<p>Dayan\u0131kl\u0131 PC (polikarbonat) g\u00f6vde ve bak\u0131r iletkenlerle \u00fcretilen bu \u00fcr\u00fcn, diz\u00fcst\u00fc bilgisayarlar, \u015farj cihazlar\u0131 ve k\u00fc\u00e7\u00fck ev aletleri i\u00e7in 250V 10A&#039;ya (Maksimum 2500W) kadar ak\u0131m\u0131 destekler.<\/p>\n<p>UL94 V-0 yang\u0131na dayan\u0131kl\u0131l\u0131k derecesi, hareket halindeyken g\u00fcvenli\u011fi art\u0131r\u0131r. Beyaz ve Siyah renklerde mevcuttur.<\/p>\n<p>Uyumluluk: \u0130ngiltere fi\u015fi \u2192 AUS\/CN (Tip I) duvar prizleri; \u00c7in&#039;de kullan\u0131labilir<\/p>\n<p><img fetchpriority=\"high\" decoding=\"async\" class=\"alignnone wp-image-9679 size-full\" src=\"https:\/\/imiapower.com\/wp-content\/uploads\/converted-1-25.webp\" alt=\"\u00c7in i\u00e7in seyahat fi\u015fi adapt\u00f6r\u00fc\" width=\"960\" height=\"960\" srcset=\"https:\/\/imiapower.com\/wp-content\/uploads\/converted-1-25.webp 960w, https:\/\/imiapower.com\/wp-content\/uploads\/converted-1-25-300x300.webp 300w, https:\/\/imiapower.com\/wp-content\/uploads\/converted-1-25-150x150.webp 150w, https:\/\/imiapower.com\/wp-content\/uploads\/converted-1-25-768x768.webp 768w, https:\/\/imiapower.com\/wp-content\/uploads\/converted-1-25-12x12.webp 12w, https:\/\/imiapower.com\/wp-content\/uploads\/converted-1-25-600x600.webp 600w, https:\/\/imiapower.com\/wp-content\/uploads\/converted-1-25-100x100.webp 100w, https:\/\/imiapower.com\/wp-content\/uploads\/converted-1-25-64x64.webp 64w\" sizes=\"(max-width: 960px) 100vw, 960px\" \/><\/p>\n<p>&nbsp;<\/p>","protected":false},"featured_media":9680,"comment_status":"open","ping_status":"closed","template":"","meta":{"rank_math_lock_modified_date":false,"site-sidebar-layout":"default","site-content-layout":"","ast-site-content-layout":"default","site-content-style":"default","site-sidebar-style":"default","ast-global-header-display":"","ast-banner-title-visibility":"","ast-main-header-display":"","ast-hfb-above-header-display":"","ast-hfb-below-header-display":"","ast-hfb-mobile-header-display":"","site-post-title":"","ast-breadcrumbs-content":"","ast-featured-img":"","footer-sml-layout":"","ast-disable-related-posts":"","theme-transparent-header-meta":"default","adv-header-id-meta":"","stick-header-meta":"","header-above-stick-meta":"","header-main-stick-meta":"","header-below-stick-meta":"","astra-migrate-meta-layouts":"set","ast-page-background-enabled":"default","ast-page-background-meta":{"desktop":{"background-color":"","background-image":"","background-repeat":"repeat","background-position":"center center","background-size":"auto","background-attachment":"scroll","background-type":"","background-media":"","overlay-type":"","overlay-color":"","overlay-opacity":"","overlay-gradient":""},"tablet":{"background-color":"","background-image":"","background-repeat":"repeat","background-position":"center center","background-size":"auto","background-attachment":"scroll","background-type":"","background-media":"","overlay-type":"","overlay-color":"","overlay-opacity":"","overlay-gradient":""},"mobile":{"background-color":"","background-image":"","background-repeat":"repeat","background-position":"center center","background-size":"auto","background-attachment":"scroll","background-type":"","background-media":"","overlay-type":"","overlay-color":"","overlay-opacity":"","overlay-gradient":""}},"ast-content-background-meta":{"desktop":{"background-color":"var(--ast-global-color-5)","background-image":"","background-repeat":"repeat","background-position":"center center","background-size":"auto","background-attachment":"scroll","background-type":"","background-media":"","overlay-type":"","overlay-color":"","overlay-opacity":"","overlay-gradient":""},"tablet":{"background-color":"var(--ast-global-color-5)","background-image":"","background-repeat":"repeat","background-position":"center center","background-size":"auto","background-attachment":"scroll","background-type":"","background-media":"","overlay-type":"","overlay-color":"","overlay-opacity":"","overlay-gradient":""},"mobile":{"background-color":"var(--ast-global-color-5)","background-image":"","background-repeat":"repeat","background-position":"center center","background-size":"auto","background-attachment":"scroll","background-type":"","background-media":"","overlay-type":"","overlay-color":"","overlay-opacity":"","overlay-gradient":""}}},"product_cat":[64],"product_tag":[],"class_list":{"0":"post-9678","1":"product","2":"type-product","3":"status-publish","4":"has-post-thumbnail","6":"product_cat-travel-adapter","7":"desktop-align-center","8":"tablet-align-center","9":"mobile-align-center","11":"first","12":"instock","13":"shipping-taxable","14":"product-type-simple"},"_links":{"self":[{"href":"https:\/\/imiapower.com\/tr\/wp-json\/wp\/v2\/product\/9678","targetHints":{"allow":["GET"]}}],"collection":[{"href":"https:\/\/imiapower.com\/tr\/wp-json\/wp\/v2\/product"}],"about":[{"href":"https:\/\/imiapower.com\/tr\/wp-json\/wp\/v2\/types\/product"}],"replies":[{"embeddable":true,"href":"https:\/\/imiapower.com\/tr\/wp-json\/wp\/v2\/comments?post=9678"}],"version-history":[{"count":1,"href":"https:\/\/imiapower.com\/tr\/wp-json\/wp\/v2\/product\/9678\/revisions"}],"predecessor-version":[{"id":9681,"href":"https:\/\/imiapower.com\/tr\/wp-json\/wp\/v2\/product\/9678\/revisions\/9681"}],"wp:featuredmedia":[{"embeddable":true,"href":"https:\/\/imiapower.com\/tr\/wp-json\/wp\/v2\/media\/9680"}],"wp:attachment":[{"href":"https:\/\/imiapower.com\/tr\/wp-json\/wp\/v2\/media?parent=9678"}],"wp:term":[{"taxonomy":"product_cat","embeddable":true,"href":"https:\/\/imiapower.com\/tr\/wp-json\/wp\/v2\/product_cat?post=9678"},{"taxonomy":"product_tag","embeddable":true,"href":"https:\/\/imiapower.com\/tr\/wp-json\/wp\/v2\/product_tag?post=9678"}],"curies":[{"name":"wp","href":"https:\/\/api.w.org\/{rel}","templated":true}]}}