{"id":9682,"date":"2025-10-16T08:57:50","date_gmt":"2025-10-16T08:57:50","guid":{"rendered":"https:\/\/imiapower.com\/?post_type=product&#038;p=9682"},"modified":"2025-10-16T08:57:51","modified_gmt":"2025-10-16T08:57:51","slug":"wholesale-power-adapters-in-uk","status":"publish","type":"product","link":"https:\/\/imiapower.com\/tr\/products\/travel-adapter\/wholesale-power-adapters-in-uk\/","title":{"rendered":"Birle\u015fik Krall\u0131k&#039;ta Toptan G\u00fc\u00e7 Adapt\u00f6rleri | 20W PD, 2 USB-C ve 1 USB-A \u00f6zellikli D\u00fcnya&#039;dan Birle\u015fik Krall\u0131k&#039;a Seyahat Fi\u015fi"},"content":{"rendered":"<ul>\n<li><strong>\u0130ngiltere&#039;de toptan g\u00fc\u00e7 adapt\u00f6rleri<\/strong><\/li>\n<li><strong>Giri\u015f:<\/strong> 100-250V 10A Maks. 2500W Maks.<\/li>\n<li><strong>\u00c7\u0131kt\u0131:<\/strong> PD 20w<\/li>\n<li><strong>\u015earj portu:<\/strong> 2 adet usb c ve 1 adet usb a portu.<\/li>\n<li><strong>Renk:<\/strong> Beyaz ve Siyah<\/li>\n<li><strong>A\u00e7\u0131klama:<\/strong> D\u00fcnya&#039;dan \u0130ngiltere&#039;ye seyahat fi\u015fi adapt\u00f6r\u00fc<\/li>\n<\/ul>","protected":false},"excerpt":{"rendered":"<p><img fetchpriority=\"high\" decoding=\"async\" class=\"alignnone wp-image-9683 size-full\" src=\"https:\/\/imiapower.com\/wp-content\/uploads\/converted-1-26.webp\" alt=\"\u0130ngiltere&#039;de toptan g\u00fc\u00e7 adapt\u00f6rleri\" width=\"800\" height=\"1053\" srcset=\"https:\/\/imiapower.com\/wp-content\/uploads\/converted-1-26.webp 800w, https:\/\/imiapower.com\/wp-content\/uploads\/converted-1-26-228x300.webp 228w, https:\/\/imiapower.com\/wp-content\/uploads\/converted-1-26-778x1024.webp 778w, https:\/\/imiapower.com\/wp-content\/uploads\/converted-1-26-768x1011.webp 768w, https:\/\/imiapower.com\/wp-content\/uploads\/converted-1-26-9x12.webp 9w, https:\/\/imiapower.com\/wp-content\/uploads\/converted-1-26-600x790.webp 600w, https:\/\/imiapower.com\/wp-content\/uploads\/converted-1-26-64x84.webp 64w\" sizes=\"(max-width: 800px) 100vw, 800px\" \/><\/p>\n<p data-start=\"907\" data-end=\"1079\">Birle\u015fik Krall\u0131k&#039;ta toptan g\u00fc\u00e7 adapt\u00f6rleri mi ar\u0131yorsunuz? Bu \u00e7ok y\u00f6nl\u00fc d\u00fcnya \u00e7ap\u0131nda Birle\u015fik Krall\u0131k seyahat fi\u015f adapt\u00f6r\u00fc, toplu al\u0131c\u0131lar, distrib\u00fct\u00f6rler ve uluslararas\u0131 gezginler i\u00e7in tasarlanm\u0131\u015ft\u0131r.<\/p>\n<p data-start=\"1081\" data-end=\"1572\">\u2705 <strong data-start=\"1083\" data-end=\"1105\">Geni\u015f Uyumluluk<\/strong> \u2013 100\u2013250V, 10A, 2500W Max ile \u00e7al\u0131\u015f\u0131r, \u00e7o\u011fu \u00fclkenin fi\u015flerine uygundur.<\/p>\n<p data-start=\"1081\" data-end=\"1572\"><br data-start=\"1184\" data-end=\"1187\" \/>\u2705 <strong data-start=\"1189\" data-end=\"1213\">20W PD H\u0131zl\u0131 \u015earj<\/strong> \u2013 Ak\u0131ll\u0131 telefonlar\u0131n\u0131z\u0131, tabletlerinizi ve di\u011fer cihazlar\u0131n\u0131z\u0131 h\u0131zl\u0131 bir \u015fekilde \u015farj eder.<\/p>\n<p data-start=\"1081\" data-end=\"1572\"><br data-start=\"1272\" data-end=\"1275\" \/>\u2705 <strong data-start=\"1277\" data-end=\"1294\">3 USB \u00c7\u0131k\u0131\u015f\u0131<\/strong> \u2013 Ayn\u0131 anda birden fazla cihaz\u0131 \u015farj edebilmeniz i\u00e7in 2 adet USB-C + 1 adet USB-A portu.<\/p>\n<p data-start=\"1081\" data-end=\"1572\"><br data-start=\"1367\" data-end=\"1370\" \/>\u2705 <strong data-start=\"1372\" data-end=\"1395\">Evrensel AC Soketi<\/strong> \u2013 D\u00fcnyan\u0131n her yerinden gelen prizleri kabul eder, bu da onu k\u00fcresel gezginler i\u00e7in olmazsa olmaz bir hale getirir.<\/p>\n<p data-start=\"1081\" data-end=\"1572\"><br data-start=\"1478\" data-end=\"1481\" \/>\u2705 <strong data-start=\"1483\" data-end=\"1501\">G\u00fcvenli ve Dayan\u0131kl\u0131<\/strong> \u2013 Yang\u0131na dayan\u0131kl\u0131 PC g\u00f6vdesinden \u00fcretilmi\u015ftir, siyah ve beyaz renklerde mevcuttur.<\/p>","protected":false},"featured_media":9684,"comment_status":"open","ping_status":"closed","template":"","meta":{"rank_math_lock_modified_date":false,"site-sidebar-layout":"default","site-content-layout":"","ast-site-content-layout":"default","site-content-style":"default","site-sidebar-style":"default","ast-global-header-display":"","ast-banner-title-visibility":"","ast-main-header-display":"","ast-hfb-above-header-display":"","ast-hfb-below-header-display":"","ast-hfb-mobile-header-display":"","site-post-title":"","ast-breadcrumbs-content":"","ast-featured-img":"","footer-sml-layout":"","ast-disable-related-posts":"","theme-transparent-header-meta":"default","adv-header-id-meta":"","stick-header-meta":"","header-above-stick-meta":"","header-main-stick-meta":"","header-below-stick-meta":"","astra-migrate-meta-layouts":"set","ast-page-background-enabled":"default","ast-page-background-meta":{"desktop":{"background-color":"","background-image":"","background-repeat":"repeat","background-position":"center center","background-size":"auto","background-attachment":"scroll","background-type":"","background-media":"","overlay-type":"","overlay-color":"","overlay-opacity":"","overlay-gradient":""},"tablet":{"background-color":"","background-image":"","background-repeat":"repeat","background-position":"center center","background-size":"auto","background-attachment":"scroll","background-type":"","background-media":"","overlay-type":"","overlay-color":"","overlay-opacity":"","overlay-gradient":""},"mobile":{"background-color":"","background-image":"","background-repeat":"repeat","background-position":"center center","background-size":"auto","background-attachment":"scroll","background-type":"","background-media":"","overlay-type":"","overlay-color":"","overlay-opacity":"","overlay-gradient":""}},"ast-content-background-meta":{"desktop":{"background-color":"var(--ast-global-color-5)","background-image":"","background-repeat":"repeat","background-position":"center center","background-size":"auto","background-attachment":"scroll","background-type":"","background-media":"","overlay-type":"","overlay-color":"","overlay-opacity":"","overlay-gradient":""},"tablet":{"background-color":"var(--ast-global-color-5)","background-image":"","background-repeat":"repeat","background-position":"center center","background-size":"auto","background-attachment":"scroll","background-type":"","background-media":"","overlay-type":"","overlay-color":"","overlay-opacity":"","overlay-gradient":""},"mobile":{"background-color":"var(--ast-global-color-5)","background-image":"","background-repeat":"repeat","background-position":"center center","background-size":"auto","background-attachment":"scroll","background-type":"","background-media":"","overlay-type":"","overlay-color":"","overlay-opacity":"","overlay-gradient":""}}},"product_cat":[64],"product_tag":[],"class_list":{"0":"post-9682","1":"product","2":"type-product","3":"status-publish","4":"has-post-thumbnail","6":"product_cat-travel-adapter","7":"desktop-align-center","8":"tablet-align-center","9":"mobile-align-center","11":"first","12":"instock","13":"shipping-taxable","14":"product-type-simple"},"_links":{"self":[{"href":"https:\/\/imiapower.com\/tr\/wp-json\/wp\/v2\/product\/9682","targetHints":{"allow":["GET"]}}],"collection":[{"href":"https:\/\/imiapower.com\/tr\/wp-json\/wp\/v2\/product"}],"about":[{"href":"https:\/\/imiapower.com\/tr\/wp-json\/wp\/v2\/types\/product"}],"replies":[{"embeddable":true,"href":"https:\/\/imiapower.com\/tr\/wp-json\/wp\/v2\/comments?post=9682"}],"version-history":[{"count":3,"href":"https:\/\/imiapower.com\/tr\/wp-json\/wp\/v2\/product\/9682\/revisions"}],"predecessor-version":[{"id":9687,"href":"https:\/\/imiapower.com\/tr\/wp-json\/wp\/v2\/product\/9682\/revisions\/9687"}],"wp:featuredmedia":[{"embeddable":true,"href":"https:\/\/imiapower.com\/tr\/wp-json\/wp\/v2\/media\/9684"}],"wp:attachment":[{"href":"https:\/\/imiapower.com\/tr\/wp-json\/wp\/v2\/media?parent=9682"}],"wp:term":[{"taxonomy":"product_cat","embeddable":true,"href":"https:\/\/imiapower.com\/tr\/wp-json\/wp\/v2\/product_cat?post=9682"},{"taxonomy":"product_tag","embeddable":true,"href":"https:\/\/imiapower.com\/tr\/wp-json\/wp\/v2\/product_tag?post=9682"}],"curies":[{"name":"wp","href":"https:\/\/api.w.org\/{rel}","templated":true}]}}