{"id":9713,"date":"2025-09-01T06:28:31","date_gmt":"2025-09-01T06:28:31","guid":{"rendered":"https:\/\/imiapower.com\/?post_type=product&#038;p=9713"},"modified":"2025-10-16T08:57:09","modified_gmt":"2025-10-16T08:57:09","slug":"travel-universal-adaptor","status":"publish","type":"product","link":"https:\/\/imiapower.com\/tr\/products\/travel-adapter\/travel-universal-adaptor\/","title":{"rendered":"PD 20W H\u0131zl\u0131 \u015earjl\u0131 Seyahat Evrensel Adapt\u00f6r AUS Fi\u015fi | USB-C ve USB-A"},"content":{"rendered":"<ul>\n<li><strong>Seyahat evrensel adapt\u00f6r\u00fc<\/strong><\/li>\n<li><strong>Giri\u015f:<\/strong> 100-250V 10A Maks. 2500W Maks.<\/li>\n<li><strong>\u00c7\u0131kt\u0131:<\/strong> PD 20w<\/li>\n<li><strong>\u015earj portu:<\/strong> 2 adet usb c ve 1 adet usb a portu.<\/li>\n<li><strong>Renk:<\/strong> Beyaz ve Siyah<\/li>\n<li><strong>Adapt\u00f6r boyutu:<\/strong> 66*64,8*83 mm<\/li>\n<li><strong>Adapt\u00f6r a\u011f\u0131rl\u0131\u011f\u0131:<\/strong> 95g<\/li>\n<li><strong>A\u00e7\u0131klama:<\/strong> D\u00fcnya&#039;dan Avustralya&#039;ya seyahat fi\u015fi adapt\u00f6r\u00fc<\/li>\n<\/ul>","protected":false},"excerpt":{"rendered":"<p><img fetchpriority=\"high\" decoding=\"async\" class=\"alignnone wp-image-9715 size-full\" src=\"https:\/\/imiapower.com\/wp-content\/uploads\/converted-35.webp\" alt=\"seyahat evrensel adapt\u00f6r\u00fc\" width=\"800\" height=\"1269\" srcset=\"https:\/\/imiapower.com\/wp-content\/uploads\/converted-35.webp 800w, https:\/\/imiapower.com\/wp-content\/uploads\/converted-35-189x300.webp 189w, https:\/\/imiapower.com\/wp-content\/uploads\/converted-35-646x1024.webp 646w, https:\/\/imiapower.com\/wp-content\/uploads\/converted-35-768x1218.webp 768w, https:\/\/imiapower.com\/wp-content\/uploads\/converted-35-8x12.webp 8w, https:\/\/imiapower.com\/wp-content\/uploads\/converted-35-600x952.webp 600w, https:\/\/imiapower.com\/wp-content\/uploads\/converted-35-64x102.webp 64w\" sizes=\"(max-width: 800px) 100vw, 800px\" \/><\/p>\n<p>AUS fi\u015fli \u00fclkeler i\u00e7in Seyahat Evrensel Adapt\u00f6r\u00fc \u2013 Avustralya, Yeni Zelanda, \u00c7in ve AUS tipi priz kullanan b\u00f6lgelere seyahat edenler i\u00e7in m\u00fckemmel bir se\u00e7im.<\/p>\n<p>Bu adapt\u00f6r, k\u00fcresel uyumluluk i\u00e7in 100\u2013250V, 10A&#039;y\u0131 (2500W&#039;a kadar) desteklemenin yan\u0131 s\u0131ra, 2 USB-C ve 1 USB-A ba\u011flant\u0131 noktas\u0131na sahip PD 20W h\u0131zl\u0131 \u015farj \u00f6zelli\u011fini de i\u00e7erir ve b\u00f6ylece ayn\u0131 anda birden fazla cihaz\u0131 \u00e7al\u0131\u015ft\u0131rman\u0131za olanak tan\u0131r.<\/p>\n<p>Sadece 95 g a\u011f\u0131rl\u0131\u011f\u0131nda ve kompakt tasar\u0131m\u0131yla (66\u00d764,8\u00d783 mm), ak\u0131ll\u0131 ve g\u00fcvenilir bir seyahat \u00e7antas\u0131d\u0131r<\/p>\n<p>&nbsp;<\/p>","protected":false},"featured_media":9714,"comment_status":"open","ping_status":"closed","template":"","meta":{"rank_math_lock_modified_date":false,"site-sidebar-layout":"default","site-content-layout":"","ast-site-content-layout":"default","site-content-style":"default","site-sidebar-style":"default","ast-global-header-display":"","ast-banner-title-visibility":"","ast-main-header-display":"","ast-hfb-above-header-display":"","ast-hfb-below-header-display":"","ast-hfb-mobile-header-display":"","site-post-title":"","ast-breadcrumbs-content":"","ast-featured-img":"","footer-sml-layout":"","ast-disable-related-posts":"","theme-transparent-header-meta":"default","adv-header-id-meta":"","stick-header-meta":"","header-above-stick-meta":"","header-main-stick-meta":"","header-below-stick-meta":"","astra-migrate-meta-layouts":"set","ast-page-background-enabled":"default","ast-page-background-meta":{"desktop":{"background-color":"","background-image":"","background-repeat":"repeat","background-position":"center center","background-size":"auto","background-attachment":"scroll","background-type":"","background-media":"","overlay-type":"","overlay-color":"","overlay-opacity":"","overlay-gradient":""},"tablet":{"background-color":"","background-image":"","background-repeat":"repeat","background-position":"center center","background-size":"auto","background-attachment":"scroll","background-type":"","background-media":"","overlay-type":"","overlay-color":"","overlay-opacity":"","overlay-gradient":""},"mobile":{"background-color":"","background-image":"","background-repeat":"repeat","background-position":"center center","background-size":"auto","background-attachment":"scroll","background-type":"","background-media":"","overlay-type":"","overlay-color":"","overlay-opacity":"","overlay-gradient":""}},"ast-content-background-meta":{"desktop":{"background-color":"var(--ast-global-color-5)","background-image":"","background-repeat":"repeat","background-position":"center center","background-size":"auto","background-attachment":"scroll","background-type":"","background-media":"","overlay-type":"","overlay-color":"","overlay-opacity":"","overlay-gradient":""},"tablet":{"background-color":"var(--ast-global-color-5)","background-image":"","background-repeat":"repeat","background-position":"center center","background-size":"auto","background-attachment":"scroll","background-type":"","background-media":"","overlay-type":"","overlay-color":"","overlay-opacity":"","overlay-gradient":""},"mobile":{"background-color":"var(--ast-global-color-5)","background-image":"","background-repeat":"repeat","background-position":"center center","background-size":"auto","background-attachment":"scroll","background-type":"","background-media":"","overlay-type":"","overlay-color":"","overlay-opacity":"","overlay-gradient":""}}},"product_cat":[64],"product_tag":[],"class_list":{"0":"post-9713","1":"product","2":"type-product","3":"status-publish","4":"has-post-thumbnail","6":"product_cat-travel-adapter","7":"desktop-align-center","8":"tablet-align-center","9":"mobile-align-center","11":"first","12":"instock","13":"shipping-taxable","14":"product-type-simple"},"_links":{"self":[{"href":"https:\/\/imiapower.com\/tr\/wp-json\/wp\/v2\/product\/9713","targetHints":{"allow":["GET"]}}],"collection":[{"href":"https:\/\/imiapower.com\/tr\/wp-json\/wp\/v2\/product"}],"about":[{"href":"https:\/\/imiapower.com\/tr\/wp-json\/wp\/v2\/types\/product"}],"replies":[{"embeddable":true,"href":"https:\/\/imiapower.com\/tr\/wp-json\/wp\/v2\/comments?post=9713"}],"version-history":[{"count":1,"href":"https:\/\/imiapower.com\/tr\/wp-json\/wp\/v2\/product\/9713\/revisions"}],"predecessor-version":[{"id":9716,"href":"https:\/\/imiapower.com\/tr\/wp-json\/wp\/v2\/product\/9713\/revisions\/9716"}],"wp:featuredmedia":[{"embeddable":true,"href":"https:\/\/imiapower.com\/tr\/wp-json\/wp\/v2\/media\/9714"}],"wp:attachment":[{"href":"https:\/\/imiapower.com\/tr\/wp-json\/wp\/v2\/media?parent=9713"}],"wp:term":[{"taxonomy":"product_cat","embeddable":true,"href":"https:\/\/imiapower.com\/tr\/wp-json\/wp\/v2\/product_cat?post=9713"},{"taxonomy":"product_tag","embeddable":true,"href":"https:\/\/imiapower.com\/tr\/wp-json\/wp\/v2\/product_tag?post=9713"}],"curies":[{"name":"wp","href":"https:\/\/api.w.org\/{rel}","templated":true}]}}