{"id":9717,"date":"2025-09-01T06:52:08","date_gmt":"2025-09-01T06:52:08","guid":{"rendered":"https:\/\/imiapower.com\/?post_type=product&#038;p=9717"},"modified":"2025-09-08T00:28:25","modified_gmt":"2025-09-08T00:28:25","slug":"odm-power-supply-german-plug","status":"publish","type":"product","link":"https:\/\/imiapower.com\/tr\/products\/travel-adapter\/odm-power-supply-german-plug\/","title":{"rendered":"ODM G\u00fc\u00e7 Kayna\u011f\u0131 Almanya Fi\u015f Adapt\u00f6r\u00fc PD 20W H\u0131zl\u0131 \u015earjl\u0131 | USB-C ve USB-A Ba\u011flant\u0131 Noktalar\u0131"},"content":{"rendered":"<ul>\n<li><strong>ODM g\u00fc\u00e7 kayna\u011f\u0131<\/strong><\/li>\n<li><strong>Giri\u015f:<\/strong> 100-250V 10A Maks. 2500W Maks.<\/li>\n<li><strong>\u00c7\u0131kt\u0131:<\/strong> PD 20w<\/li>\n<li><strong>\u015earj portu:<\/strong> 2 adet usb c ve 1 adet usb a portu.<\/li>\n<li><strong>Renk:<\/strong> Beyaz ve Siyah<\/li>\n<li><strong>A\u011f\u0131rl\u0131k:<\/strong> 95g<\/li>\n<li><strong>A\u00e7\u0131klama:<\/strong> D\u00fcnya&#039;dan Almanya&#039;ya seyahat fi\u015fi adapt\u00f6r\u00fc<\/li>\n<\/ul>","protected":false},"excerpt":{"rendered":"<p><img fetchpriority=\"high\" decoding=\"async\" class=\"alignnone wp-image-9718 size-full\" src=\"https:\/\/imiapower.com\/wp-content\/uploads\/converted-1-28.webp\" alt=\"ODM g\u00fc\u00e7 kayna\u011f\u0131\" width=\"960\" height=\"960\" srcset=\"https:\/\/imiapower.com\/wp-content\/uploads\/converted-1-28.webp 960w, https:\/\/imiapower.com\/wp-content\/uploads\/converted-1-28-300x300.webp 300w, https:\/\/imiapower.com\/wp-content\/uploads\/converted-1-28-150x150.webp 150w, https:\/\/imiapower.com\/wp-content\/uploads\/converted-1-28-768x768.webp 768w, https:\/\/imiapower.com\/wp-content\/uploads\/converted-1-28-12x12.webp 12w, https:\/\/imiapower.com\/wp-content\/uploads\/converted-1-28-600x600.webp 600w, https:\/\/imiapower.com\/wp-content\/uploads\/converted-1-28-100x100.webp 100w, https:\/\/imiapower.com\/wp-content\/uploads\/converted-1-28-64x64.webp 64w\" sizes=\"(max-width: 960px) 100vw, 960px\" \/><\/p>\n<p data-start=\"808\" data-end=\"1148\">ODM G\u00fc\u00e7 Kayna\u011f\u0131 Almanya Fi\u015f Adapt\u00f6r\u00fc \u2013 y\u00fcksek kaliteli, \u00f6zelle\u015ftirilebilir g\u00fc\u00e7 kayna\u011f\u0131 ayg\u0131tlar\u0131na ihtiya\u00e7 duyan markalar, distrib\u00fct\u00f6rler ve toptan al\u0131c\u0131lar i\u00e7in tasarlanm\u0131\u015ft\u0131r.<\/p>\n<p data-start=\"808\" data-end=\"1148\">Adapt\u00f6r olarak da adland\u0131r\u0131lan bu ODM \u00e7\u00f6z\u00fcmleri, t\u00fcketici elektroni\u011fi, seyahat aksesuarlar\u0131, konaklama ve perakende paketleme projeleri gibi sekt\u00f6rlerde yayg\u0131n olarak kullan\u0131lmaktad\u0131r.<\/p>\n<p data-start=\"1150\" data-end=\"1470\">Bu model 100\u2013250V, 10A (2500W&#039;a kadar) giri\u015fi destekler ve 2 USB-C portu ve 1 USB-A portu ile PD 20W h\u0131zl\u0131 \u015farj \u00e7\u0131k\u0131\u015f\u0131 sunarak birden fazla cihaz\u0131n ayn\u0131 anda \u015farj edilmesini sa\u011flar.<\/p>\n<p data-start=\"1472\" data-end=\"1629\">Beyaz ve siyah renklerde mevcut olan bu ODM adapt\u00f6r\u00fc, \u00f6zelle\u015ftirilmi\u015f markalama, toplu sipari\u015fler veya \u00f6zel etiket \u00e7\u00f6z\u00fcmleri arayan ortaklar i\u00e7in ak\u0131ll\u0131ca bir se\u00e7imdir.<\/p>\n<p>&nbsp;<\/p>","protected":false},"featured_media":9719,"comment_status":"open","ping_status":"closed","template":"","meta":{"rank_math_lock_modified_date":false,"site-sidebar-layout":"default","site-content-layout":"","ast-site-content-layout":"default","site-content-style":"default","site-sidebar-style":"default","ast-global-header-display":"","ast-banner-title-visibility":"","ast-main-header-display":"","ast-hfb-above-header-display":"","ast-hfb-below-header-display":"","ast-hfb-mobile-header-display":"","site-post-title":"","ast-breadcrumbs-content":"","ast-featured-img":"","footer-sml-layout":"","ast-disable-related-posts":"","theme-transparent-header-meta":"default","adv-header-id-meta":"","stick-header-meta":"","header-above-stick-meta":"","header-main-stick-meta":"","header-below-stick-meta":"","astra-migrate-meta-layouts":"set","ast-page-background-enabled":"default","ast-page-background-meta":{"desktop":{"background-color":"","background-image":"","background-repeat":"repeat","background-position":"center center","background-size":"auto","background-attachment":"scroll","background-type":"","background-media":"","overlay-type":"","overlay-color":"","overlay-opacity":"","overlay-gradient":""},"tablet":{"background-color":"","background-image":"","background-repeat":"repeat","background-position":"center center","background-size":"auto","background-attachment":"scroll","background-type":"","background-media":"","overlay-type":"","overlay-color":"","overlay-opacity":"","overlay-gradient":""},"mobile":{"background-color":"","background-image":"","background-repeat":"repeat","background-position":"center center","background-size":"auto","background-attachment":"scroll","background-type":"","background-media":"","overlay-type":"","overlay-color":"","overlay-opacity":"","overlay-gradient":""}},"ast-content-background-meta":{"desktop":{"background-color":"var(--ast-global-color-5)","background-image":"","background-repeat":"repeat","background-position":"center center","background-size":"auto","background-attachment":"scroll","background-type":"","background-media":"","overlay-type":"","overlay-color":"","overlay-opacity":"","overlay-gradient":""},"tablet":{"background-color":"var(--ast-global-color-5)","background-image":"","background-repeat":"repeat","background-position":"center center","background-size":"auto","background-attachment":"scroll","background-type":"","background-media":"","overlay-type":"","overlay-color":"","overlay-opacity":"","overlay-gradient":""},"mobile":{"background-color":"var(--ast-global-color-5)","background-image":"","background-repeat":"repeat","background-position":"center center","background-size":"auto","background-attachment":"scroll","background-type":"","background-media":"","overlay-type":"","overlay-color":"","overlay-opacity":"","overlay-gradient":""}}},"product_cat":[64],"product_tag":[],"class_list":{"0":"post-9717","1":"product","2":"type-product","3":"status-publish","4":"has-post-thumbnail","6":"product_cat-travel-adapter","7":"desktop-align-center","8":"tablet-align-center","9":"mobile-align-center","11":"first","12":"instock","13":"shipping-taxable","14":"product-type-simple"},"_links":{"self":[{"href":"https:\/\/imiapower.com\/tr\/wp-json\/wp\/v2\/product\/9717","targetHints":{"allow":["GET"]}}],"collection":[{"href":"https:\/\/imiapower.com\/tr\/wp-json\/wp\/v2\/product"}],"about":[{"href":"https:\/\/imiapower.com\/tr\/wp-json\/wp\/v2\/types\/product"}],"replies":[{"embeddable":true,"href":"https:\/\/imiapower.com\/tr\/wp-json\/wp\/v2\/comments?post=9717"}],"version-history":[{"count":1,"href":"https:\/\/imiapower.com\/tr\/wp-json\/wp\/v2\/product\/9717\/revisions"}],"predecessor-version":[{"id":9720,"href":"https:\/\/imiapower.com\/tr\/wp-json\/wp\/v2\/product\/9717\/revisions\/9720"}],"wp:featuredmedia":[{"embeddable":true,"href":"https:\/\/imiapower.com\/tr\/wp-json\/wp\/v2\/media\/9719"}],"wp:attachment":[{"href":"https:\/\/imiapower.com\/tr\/wp-json\/wp\/v2\/media?parent=9717"}],"wp:term":[{"taxonomy":"product_cat","embeddable":true,"href":"https:\/\/imiapower.com\/tr\/wp-json\/wp\/v2\/product_cat?post=9717"},{"taxonomy":"product_tag","embeddable":true,"href":"https:\/\/imiapower.com\/tr\/wp-json\/wp\/v2\/product_tag?post=9717"}],"curies":[{"name":"wp","href":"https:\/\/api.w.org\/{rel}","templated":true}]}}