{"id":9721,"date":"2025-09-01T07:03:40","date_gmt":"2025-09-01T07:03:40","guid":{"rendered":"https:\/\/imiapower.com\/?post_type=product&#038;p=9721"},"modified":"2025-09-08T00:27:02","modified_gmt":"2025-09-08T00:27:02","slug":"electrical-plug-types","status":"publish","type":"product","link":"https:\/\/imiapower.com\/tr\/products\/travel-adapter\/electrical-plug-types\/","title":{"rendered":"ABD Seyahat Adapt\u00f6r\u00fc Elektrik Fi\u015f Tipleri PD 20W H\u0131zl\u0131 \u015earj | USB-C ve USB-A | OEM\/ODM G\u00fc\u00e7 Kayna\u011f\u0131"},"content":{"rendered":"<ul>\n<li><strong>Elektrik fi\u015fi t\u00fcrleri<\/strong><\/li>\n<li><strong>Giri\u015f:<\/strong> 100-250V 10A Maks. 2500W Maks.<\/li>\n<li><strong>\u00c7\u0131kt\u0131:<\/strong> PD 20w<\/li>\n<li><strong>\u015earj portu:<\/strong> 2 adet usb c ve 1 adet usb a portu.<\/li>\n<li><strong>Renk:<\/strong> Beyaz ve Siyah<\/li>\n<li><strong>A\u011f\u0131rl\u0131k:<\/strong> 95g<\/li>\n<li><strong>A\u00e7\u0131klama:<\/strong> D\u00fcnya&#039;dan ABD&#039;ye seyahat fi\u015fi adapt\u00f6r\u00fc<\/li>\n<\/ul>","protected":false},"excerpt":{"rendered":"<p data-start=\"1472\" data-end=\"1629\"><img fetchpriority=\"high\" decoding=\"async\" class=\"alignnone wp-image-9723 size-full\" src=\"https:\/\/imiapower.com\/wp-content\/uploads\/converted-2-13.webp\" alt=\"elektrik fi\u015fi t\u00fcrleri\" width=\"1200\" height=\"1200\" srcset=\"https:\/\/imiapower.com\/wp-content\/uploads\/converted-2-13.webp 1200w, https:\/\/imiapower.com\/wp-content\/uploads\/converted-2-13-300x300.webp 300w, https:\/\/imiapower.com\/wp-content\/uploads\/converted-2-13-1024x1024.webp 1024w, https:\/\/imiapower.com\/wp-content\/uploads\/converted-2-13-150x150.webp 150w, https:\/\/imiapower.com\/wp-content\/uploads\/converted-2-13-768x768.webp 768w, https:\/\/imiapower.com\/wp-content\/uploads\/converted-2-13-12x12.webp 12w, https:\/\/imiapower.com\/wp-content\/uploads\/converted-2-13-600x600.webp 600w, https:\/\/imiapower.com\/wp-content\/uploads\/converted-2-13-100x100.webp 100w, https:\/\/imiapower.com\/wp-content\/uploads\/converted-2-13-64x64.webp 64w\" sizes=\"(max-width: 1200px) 100vw, 1200px\" \/><\/p>\n<p data-start=\"863\" data-end=\"1160\">Elektrik fi\u015fi t\u00fcrleri - Hem t\u00fcketici kullan\u0131m\u0131 hem de B2B g\u00fc\u00e7 kayna\u011f\u0131 \u00e7\u00f6z\u00fcmleri i\u00e7in tasarlanm\u0131\u015f, D\u00fcnya&#039;dan ABD&#039;ye seyahat adapt\u00f6r\u00fc. Bu adapt\u00f6r, 100\u2013250 V, 10 A (2500 W&#039;a kadar) giri\u015fi destekler ve \u00e7oklu cihaz \u015farj\u0131 i\u00e7in 2 USB-C ba\u011flant\u0131 noktas\u0131 ve 1 USB-A ba\u011flant\u0131 noktas\u0131yla PD 20 W h\u0131zl\u0131 \u015farj \u00e7\u0131k\u0131\u015f\u0131 sa\u011flar.<\/p>\n<p data-start=\"1162\" data-end=\"1457\">95 g&#039;l\u0131k hafif g\u00f6vdesi ve kompakt tasar\u0131m\u0131yla bu adapt\u00f6r, ABD&#039;ye veya A\/B tipi fi\u015f kullanan b\u00f6lgelere seyahat eden uluslararas\u0131 gezginler i\u00e7in m\u00fckemmeldir. Beyaz ve siyah renklerde mevcut olan adapt\u00f6r, ak\u0131ll\u0131 telefonlar\u0131, tabletleri, diz\u00fcst\u00fc bilgisayarlar\u0131 ve di\u011fer elektronik cihazlar\u0131 \u015farj etmek i\u00e7in g\u00fcvenilir performans sa\u011flar.<\/p>\n<p data-start=\"1459\" data-end=\"1583\">G\u00fc\u00e7 tedarik\u00e7isi ve ODM\/OEM \u00fcreticisi olarak, a\u015fa\u011f\u0131daki sekt\u00f6rler i\u00e7in \u00f6zelle\u015ftirilmi\u015f fi\u015f adapt\u00f6r\u00fc \u00e7\u00f6z\u00fcmleri sa\u011fl\u0131yoruz:<\/p>\n<ul data-start=\"1584\" data-end=\"1868\">\n<li data-start=\"1584\" data-end=\"1650\">\n<p data-start=\"1586\" data-end=\"1650\">\u00d6zel markal\u0131 \u00fcr\u00fcnler arayan t\u00fcketici elektroni\u011fi markalar\u0131<\/p>\n<\/li>\n<li data-start=\"1651\" data-end=\"1724\">\n<p data-start=\"1653\" data-end=\"1724\">Misafirlere g\u00fc\u00e7 sa\u011flayan \u00e7\u00f6z\u00fcmler sunan konaklama ve seyahat i\u015fletmeleri<\/p>\n<\/li>\n<li data-start=\"1725\" data-end=\"1792\">\n<p data-start=\"1727\" data-end=\"1792\">Y\u00fcksek hacimli tedarik arayan distrib\u00fct\u00f6rler ve toptanc\u0131lar<\/p>\n<\/li>\n<li data-start=\"1793\" data-end=\"1868\">\n<p data-start=\"1795\" data-end=\"1868\">\u00d6zel g\u00fc\u00e7 cihazlar\u0131 gerektiren end\u00fcstriyel ve ticari projeler<\/p>\n<\/li>\n<\/ul>\n<p data-start=\"1870\" data-end=\"2009\">Bu ABD seyahat fi\u015f adapt\u00f6r\u00fc yaln\u0131zca perakende sat\u0131\u015fa haz\u0131r bir aksesuar de\u011fil, ayn\u0131 zamanda k\u00fcresel pazarlar i\u00e7in \u00f6l\u00e7eklenebilir bir ODM g\u00fc\u00e7 kayna\u011f\u0131 cihaz\u0131d\u0131r.<\/p>\n<p>&nbsp;<\/p>","protected":false},"featured_media":9722,"comment_status":"open","ping_status":"closed","template":"","meta":{"rank_math_lock_modified_date":false,"site-sidebar-layout":"default","site-content-layout":"","ast-site-content-layout":"default","site-content-style":"default","site-sidebar-style":"default","ast-global-header-display":"","ast-banner-title-visibility":"","ast-main-header-display":"","ast-hfb-above-header-display":"","ast-hfb-below-header-display":"","ast-hfb-mobile-header-display":"","site-post-title":"","ast-breadcrumbs-content":"","ast-featured-img":"","footer-sml-layout":"","ast-disable-related-posts":"","theme-transparent-header-meta":"default","adv-header-id-meta":"","stick-header-meta":"","header-above-stick-meta":"","header-main-stick-meta":"","header-below-stick-meta":"","astra-migrate-meta-layouts":"set","ast-page-background-enabled":"default","ast-page-background-meta":{"desktop":{"background-color":"","background-image":"","background-repeat":"repeat","background-position":"center center","background-size":"auto","background-attachment":"scroll","background-type":"","background-media":"","overlay-type":"","overlay-color":"","overlay-opacity":"","overlay-gradient":""},"tablet":{"background-color":"","background-image":"","background-repeat":"repeat","background-position":"center center","background-size":"auto","background-attachment":"scroll","background-type":"","background-media":"","overlay-type":"","overlay-color":"","overlay-opacity":"","overlay-gradient":""},"mobile":{"background-color":"","background-image":"","background-repeat":"repeat","background-position":"center center","background-size":"auto","background-attachment":"scroll","background-type":"","background-media":"","overlay-type":"","overlay-color":"","overlay-opacity":"","overlay-gradient":""}},"ast-content-background-meta":{"desktop":{"background-color":"var(--ast-global-color-5)","background-image":"","background-repeat":"repeat","background-position":"center center","background-size":"auto","background-attachment":"scroll","background-type":"","background-media":"","overlay-type":"","overlay-color":"","overlay-opacity":"","overlay-gradient":""},"tablet":{"background-color":"var(--ast-global-color-5)","background-image":"","background-repeat":"repeat","background-position":"center center","background-size":"auto","background-attachment":"scroll","background-type":"","background-media":"","overlay-type":"","overlay-color":"","overlay-opacity":"","overlay-gradient":""},"mobile":{"background-color":"var(--ast-global-color-5)","background-image":"","background-repeat":"repeat","background-position":"center center","background-size":"auto","background-attachment":"scroll","background-type":"","background-media":"","overlay-type":"","overlay-color":"","overlay-opacity":"","overlay-gradient":""}}},"product_cat":[64],"product_tag":[],"class_list":{"0":"post-9721","1":"product","2":"type-product","3":"status-publish","4":"has-post-thumbnail","6":"product_cat-travel-adapter","7":"desktop-align-center","8":"tablet-align-center","9":"mobile-align-center","11":"first","12":"instock","13":"shipping-taxable","14":"product-type-simple"},"_links":{"self":[{"href":"https:\/\/imiapower.com\/tr\/wp-json\/wp\/v2\/product\/9721","targetHints":{"allow":["GET"]}}],"collection":[{"href":"https:\/\/imiapower.com\/tr\/wp-json\/wp\/v2\/product"}],"about":[{"href":"https:\/\/imiapower.com\/tr\/wp-json\/wp\/v2\/types\/product"}],"replies":[{"embeddable":true,"href":"https:\/\/imiapower.com\/tr\/wp-json\/wp\/v2\/comments?post=9721"}],"version-history":[{"count":1,"href":"https:\/\/imiapower.com\/tr\/wp-json\/wp\/v2\/product\/9721\/revisions"}],"predecessor-version":[{"id":9724,"href":"https:\/\/imiapower.com\/tr\/wp-json\/wp\/v2\/product\/9721\/revisions\/9724"}],"wp:featuredmedia":[{"embeddable":true,"href":"https:\/\/imiapower.com\/tr\/wp-json\/wp\/v2\/media\/9722"}],"wp:attachment":[{"href":"https:\/\/imiapower.com\/tr\/wp-json\/wp\/v2\/media?parent=9721"}],"wp:term":[{"taxonomy":"product_cat","embeddable":true,"href":"https:\/\/imiapower.com\/tr\/wp-json\/wp\/v2\/product_cat?post=9721"},{"taxonomy":"product_tag","embeddable":true,"href":"https:\/\/imiapower.com\/tr\/wp-json\/wp\/v2\/product_tag?post=9721"}],"curies":[{"name":"wp","href":"https:\/\/api.w.org\/{rel}","templated":true}]}}