{"id":9725,"date":"2025-09-02T00:15:46","date_gmt":"2025-09-02T00:15:46","guid":{"rendered":"https:\/\/imiapower.com\/?post_type=product&#038;p=9725"},"modified":"2025-09-03T00:46:43","modified_gmt":"2025-09-03T00:46:43","slug":"travel-adapter-for-high-power-appliances","status":"publish","type":"product","link":"https:\/\/imiapower.com\/tr\/products\/travel-adapter\/travel-adapter-for-high-power-appliances\/","title":{"rendered":"Y\u00fcksek G\u00fc\u00e7l\u00fc Cihazlar i\u00e7in Seyahat Adapt\u00f6r\u00fc | Maksimum 2500 W | PD 20 W H\u0131zl\u0131 \u015earjl\u0131 4 \u00c7\u0131kar\u0131labilir Fi\u015f (ABD\/BK\/AUS\/AB)"},"content":{"rendered":"<ul>\n<li><strong>Y\u00fcksek g\u00fc\u00e7l\u00fc cihazlar i\u00e7in seyahat adapt\u00f6r\u00fc<\/strong><\/li>\n<li><strong>Giri\u015f:<\/strong> 100-250V 10A Maks. 2500W Maks.<\/li>\n<li><strong>\u00c7\u0131kt\u0131:<\/strong> PD 20W, ABD 18W<\/li>\n<li><strong>\u015earj portu:<\/strong> 2 adet usb c ve 1 adet usb a portu.<\/li>\n<li><strong>Renk:<\/strong> Beyaz ve Siyah<\/li>\n<li><b>Fi\u015fler: ABD\/Avustralya\/\u0130ngiltere\/AB<\/b><\/li>\n<\/ul>","protected":false},"excerpt":{"rendered":"<p><img fetchpriority=\"high\" decoding=\"async\" class=\"alignnone wp-image-9728 size-full\" src=\"https:\/\/imiapower.com\/wp-content\/uploads\/converted-2-14.webp\" alt=\"y\u00fcksek g\u00fc\u00e7l\u00fc cihazlar i\u00e7in seyahat adapt\u00f6r\u00fc\" width=\"960\" height=\"960\" srcset=\"https:\/\/imiapower.com\/wp-content\/uploads\/converted-2-14.webp 960w, https:\/\/imiapower.com\/wp-content\/uploads\/converted-2-14-300x300.webp 300w, https:\/\/imiapower.com\/wp-content\/uploads\/converted-2-14-150x150.webp 150w, https:\/\/imiapower.com\/wp-content\/uploads\/converted-2-14-768x768.webp 768w, https:\/\/imiapower.com\/wp-content\/uploads\/converted-2-14-12x12.webp 12w, https:\/\/imiapower.com\/wp-content\/uploads\/converted-2-14-600x600.webp 600w, https:\/\/imiapower.com\/wp-content\/uploads\/converted-2-14-100x100.webp 100w, https:\/\/imiapower.com\/wp-content\/uploads\/converted-2-14-64x64.webp 64w\" sizes=\"(max-width: 960px) 100vw, 960px\" \/> <img decoding=\"async\" class=\"alignnone wp-image-9729 size-full\" src=\"https:\/\/imiapower.com\/wp-content\/uploads\/converted-37.webp\" alt=\"y\u00fcksek g\u00fc\u00e7l\u00fc cihazlar i\u00e7in seyahat adapt\u00f6r\u00fc\" width=\"850\" height=\"1553\" srcset=\"https:\/\/imiapower.com\/wp-content\/uploads\/converted-37.webp 850w, https:\/\/imiapower.com\/wp-content\/uploads\/converted-37-164x300.webp 164w, https:\/\/imiapower.com\/wp-content\/uploads\/converted-37-560x1024.webp 560w, https:\/\/imiapower.com\/wp-content\/uploads\/converted-37-768x1403.webp 768w, https:\/\/imiapower.com\/wp-content\/uploads\/converted-37-841x1536.webp 841w, https:\/\/imiapower.com\/wp-content\/uploads\/converted-37-7x12.webp 7w, https:\/\/imiapower.com\/wp-content\/uploads\/converted-37-600x1096.webp 600w, https:\/\/imiapower.com\/wp-content\/uploads\/converted-37-64x117.webp 64w\" sizes=\"(max-width: 850px) 100vw, 850px\" \/><\/p>\n<p data-start=\"916\" data-end=\"1272\">Y\u00fcksek g\u00fc\u00e7l\u00fc cihazlar i\u00e7in seyahat adapt\u00f6r\u00fc - su \u0131s\u0131t\u0131c\u0131s\u0131, t\u0131ra\u015f makinesi, sa\u00e7 kurutma makinesi, d\u00fczle\u015ftirici, kamera ve di\u011fer y\u00fcksek voltajl\u0131 elektronik cihazlar\u0131 ta\u015f\u0131yan uluslararas\u0131 gezginler i\u00e7in m\u00fckemmel bir se\u00e7im. Bu evrensel adapt\u00f6r, 100\u2013250 V, 10 A ve 2500 W&#039;a kadar ak\u0131mlar\u0131 destekleyerek hem g\u00fcnl\u00fck hem de zorlu cihazlar i\u00e7in g\u00fcvenli ve g\u00fcvenilirdir.<\/p>\n<p data-start=\"1274\" data-end=\"1380\">4 adet \u00e7\u0131kar\u0131labilir fi\u015f (ABD, \u0130ngiltere, Avustralya, AB) ile donat\u0131lm\u0131\u015f olup 200&#039;den fazla \u00fclkede uyumlulu\u011fu garanti eder:<\/p>\n<ul data-start=\"1381\" data-end=\"2005\">\n<li data-start=\"1381\" data-end=\"1552\">\n<p data-start=\"1383\" data-end=\"1552\">ABD fi\u015fi \u2013 Amerika Birle\u015fik Devletleri, Kanada, Japonya, Meksika, Filipinler, Panama, Kolombiya, Barbados, Guam, Haiti, Honduras, Jamaika, L\u00fcbnan ve daha bir\u00e7ok \u00fclkede yayg\u0131n olarak kullan\u0131lmaktad\u0131r.<\/p>\n<\/li>\n<li data-start=\"1553\" data-end=\"1681\">\n<p data-start=\"1555\" data-end=\"1681\">AUS fi\u015fi \u2013 Avustralya, Yeni Zelanda, Arjantin, Fiji, M\u0131s\u0131r, Kiribati, Nauru, Letonya, Papua Yeni Gine vb. \u00fclkelerde yayg\u0131nd\u0131r.<\/p>\n<\/li>\n<li data-start=\"1682\" data-end=\"1811\">\n<p data-start=\"1684\" data-end=\"1811\">\u0130ngiltere fi\u015fi \u2013 Birle\u015fik Krall\u0131k, BAE, Pakistan, Bhutan, Kenya, Botsvana, Malavi, K\u0131br\u0131s, Sey\u015feller ve di\u011ferlerinde kullan\u0131l\u0131r.<\/p>\n<\/li>\n<li data-start=\"1812\" data-end=\"2005\">\n<p data-start=\"1814\" data-end=\"2005\">AB fi\u015fi \u2013 Almanya, G\u00fcney Kore, Vietnam, Rusya, Brezilya, Yunanistan, Fransa, Endonezya, Finlandiya, Norve\u00e7, Polonya, Portekiz, Avusturya, \u0130spanya, \u0130sve\u00e7 ve Avrupa&#039;n\u0131n \u00e7o\u011funda standartt\u0131r.<\/p>\n<\/li>\n<\/ul>\n<p data-start=\"2007\" data-end=\"2206\">Bu adapt\u00f6r, evrensel AC soketinin yan\u0131 s\u0131ra PD 20W ve USB 18W \u00e7\u0131k\u0131\u015fl\u0131 modern \u015farj teknolojisini, ayr\u0131ca h\u0131zl\u0131 \u00e7oklu cihaz \u015farj\u0131 i\u00e7in 2 USB-C ve 1 USB-A portunu entegre ediyor.<\/p>\n<p data-start=\"2208\" data-end=\"2403\">Beyaz ve siyah renklerde sunulan bu adapt\u00f6r, g\u00fc\u00e7, \u00e7ok y\u00f6nl\u00fcl\u00fck ve ta\u015f\u0131nabilirli\u011fi bir araya getiriyor ve yaln\u0131zca 95 g a\u011f\u0131rl\u0131\u011f\u0131nda. D\u00fcnya \u00e7ap\u0131nda seyahat edenler, i\u015f seyahatleri yapanlar ve B2B al\u0131c\u0131lar\u0131 i\u00e7in olmazsa olmaz bir \u00fcr\u00fcn.<\/p>\n<p data-start=\"2405\" data-end=\"2578\">G\u00fc\u00e7 kayna\u011f\u0131 \u00fcreticisi olarak, d\u00fcnya \u00e7ap\u0131ndaki distrib\u00fct\u00f6rlere ve end\u00fcstri m\u00fc\u015fterilerine OEM\/ODM \u00f6zelle\u015ftirme, toptan tedarik ve \u00f6zel etiket markalama da sa\u011fl\u0131yoruz.<\/p>\n<p>&nbsp;<\/p>","protected":false},"featured_media":9727,"comment_status":"open","ping_status":"closed","template":"","meta":{"rank_math_lock_modified_date":false,"site-sidebar-layout":"default","site-content-layout":"","ast-site-content-layout":"default","site-content-style":"default","site-sidebar-style":"default","ast-global-header-display":"","ast-banner-title-visibility":"","ast-main-header-display":"","ast-hfb-above-header-display":"","ast-hfb-below-header-display":"","ast-hfb-mobile-header-display":"","site-post-title":"","ast-breadcrumbs-content":"","ast-featured-img":"","footer-sml-layout":"","ast-disable-related-posts":"","theme-transparent-header-meta":"default","adv-header-id-meta":"","stick-header-meta":"","header-above-stick-meta":"","header-main-stick-meta":"","header-below-stick-meta":"","astra-migrate-meta-layouts":"set","ast-page-background-enabled":"default","ast-page-background-meta":{"desktop":{"background-color":"","background-image":"","background-repeat":"repeat","background-position":"center center","background-size":"auto","background-attachment":"scroll","background-type":"","background-media":"","overlay-type":"","overlay-color":"","overlay-opacity":"","overlay-gradient":""},"tablet":{"background-color":"","background-image":"","background-repeat":"repeat","background-position":"center center","background-size":"auto","background-attachment":"scroll","background-type":"","background-media":"","overlay-type":"","overlay-color":"","overlay-opacity":"","overlay-gradient":""},"mobile":{"background-color":"","background-image":"","background-repeat":"repeat","background-position":"center center","background-size":"auto","background-attachment":"scroll","background-type":"","background-media":"","overlay-type":"","overlay-color":"","overlay-opacity":"","overlay-gradient":""}},"ast-content-background-meta":{"desktop":{"background-color":"var(--ast-global-color-5)","background-image":"","background-repeat":"repeat","background-position":"center center","background-size":"auto","background-attachment":"scroll","background-type":"","background-media":"","overlay-type":"","overlay-color":"","overlay-opacity":"","overlay-gradient":""},"tablet":{"background-color":"var(--ast-global-color-5)","background-image":"","background-repeat":"repeat","background-position":"center center","background-size":"auto","background-attachment":"scroll","background-type":"","background-media":"","overlay-type":"","overlay-color":"","overlay-opacity":"","overlay-gradient":""},"mobile":{"background-color":"var(--ast-global-color-5)","background-image":"","background-repeat":"repeat","background-position":"center center","background-size":"auto","background-attachment":"scroll","background-type":"","background-media":"","overlay-type":"","overlay-color":"","overlay-opacity":"","overlay-gradient":""}}},"product_cat":[64],"product_tag":[],"class_list":{"0":"post-9725","1":"product","2":"type-product","3":"status-publish","4":"has-post-thumbnail","6":"product_cat-travel-adapter","7":"desktop-align-center","8":"tablet-align-center","9":"mobile-align-center","11":"first","12":"instock","13":"shipping-taxable","14":"product-type-simple"},"_links":{"self":[{"href":"https:\/\/imiapower.com\/tr\/wp-json\/wp\/v2\/product\/9725","targetHints":{"allow":["GET"]}}],"collection":[{"href":"https:\/\/imiapower.com\/tr\/wp-json\/wp\/v2\/product"}],"about":[{"href":"https:\/\/imiapower.com\/tr\/wp-json\/wp\/v2\/types\/product"}],"replies":[{"embeddable":true,"href":"https:\/\/imiapower.com\/tr\/wp-json\/wp\/v2\/comments?post=9725"}],"version-history":[{"count":1,"href":"https:\/\/imiapower.com\/tr\/wp-json\/wp\/v2\/product\/9725\/revisions"}],"predecessor-version":[{"id":9730,"href":"https:\/\/imiapower.com\/tr\/wp-json\/wp\/v2\/product\/9725\/revisions\/9730"}],"wp:featuredmedia":[{"embeddable":true,"href":"https:\/\/imiapower.com\/tr\/wp-json\/wp\/v2\/media\/9727"}],"wp:attachment":[{"href":"https:\/\/imiapower.com\/tr\/wp-json\/wp\/v2\/media?parent=9725"}],"wp:term":[{"taxonomy":"product_cat","embeddable":true,"href":"https:\/\/imiapower.com\/tr\/wp-json\/wp\/v2\/product_cat?post=9725"},{"taxonomy":"product_tag","embeddable":true,"href":"https:\/\/imiapower.com\/tr\/wp-json\/wp\/v2\/product_tag?post=9725"}],"curies":[{"name":"wp","href":"https:\/\/api.w.org\/{rel}","templated":true}]}}