{"id":9744,"date":"2025-10-16T08:56:34","date_gmt":"2025-10-16T08:56:34","guid":{"rendered":"https:\/\/imiapower.com\/?post_type=product&#038;p=9744"},"modified":"2025-10-16T08:56:35","modified_gmt":"2025-10-16T08:56:35","slug":"promotional-universal-power-adapters","status":"publish","type":"product","link":"https:\/\/imiapower.com\/tr\/products\/travel-adapter\/promotional-universal-power-adapters\/","title":{"rendered":"Promosyon Evrensel G\u00fc\u00e7 Adapt\u00f6rleri 35W USB ve Type-C"},"content":{"rendered":"<ul>\n<li><strong>Promosyon evrensel g\u00fc\u00e7 adapt\u00f6rleri<\/strong><\/li>\n<li><strong>Giri\u015f gerilimi:<\/strong> 100~250V, 50\/60Hz<\/li>\n<li><strong> AC \u00c7\u0131k\u0131\u015f\u0131:<\/strong> 6 A Maksimum<\/li>\n<li><strong>Tip C1\/C2 \u00c7\u0131k\u0131\u015f\u0131:<\/strong> 5V,3A 9V,3A 12V,2,91A 15V,2,33A 20V,1,75A (MAKS. 35W)<\/li>\n<li><strong>USB \u00c7\u0131k\u0131\u015f\u0131:<\/strong> 5V 3A \/ 9V 2A \/ 12V 1.5A (Maksimum 18W)<\/li>\n<li><strong>USB+Type-C \u00e7\u0131k\u0131\u015f\u0131:<\/strong> 5V3A (Maksimum 15W)<\/li>\n<li><strong>Fi\u015f:<\/strong> ABD, AB, \u0130ngiltere, Avustralya<\/li>\n<li><strong>Malzemeler:<\/strong> PC + Bak\u0131r Metal<\/li>\n<li><strong>Renk:<\/strong> Siyah<\/li>\n<li><strong>Sertifika:<\/strong> CE\/FCC\/RoHS<\/li>\n<\/ul>","protected":false},"excerpt":{"rendered":"<p><img fetchpriority=\"high\" decoding=\"async\" class=\"alignnone wp-image-9746 size-full\" src=\"https:\/\/imiapower.com\/wp-content\/uploads\/converted-38.webp\" alt=\"promosyon evrensel g\u00fc\u00e7 adapt\u00f6rleri\" width=\"1024\" height=\"1280\" srcset=\"https:\/\/imiapower.com\/wp-content\/uploads\/converted-38.webp 1024w, https:\/\/imiapower.com\/wp-content\/uploads\/converted-38-240x300.webp 240w, https:\/\/imiapower.com\/wp-content\/uploads\/converted-38-819x1024.webp 819w, https:\/\/imiapower.com\/wp-content\/uploads\/converted-38-768x960.webp 768w, https:\/\/imiapower.com\/wp-content\/uploads\/converted-38-10x12.webp 10w, https:\/\/imiapower.com\/wp-content\/uploads\/converted-38-600x750.webp 600w, https:\/\/imiapower.com\/wp-content\/uploads\/converted-38-64x80.webp 64w\" sizes=\"(max-width: 1024px) 100vw, 1024px\" \/><\/p>\n<p>&nbsp;<\/p>\n<p data-start=\"852\" data-end=\"1196\">Bu promosyonel evrensel g\u00fc\u00e7 adapt\u00f6rleri, 200&#039;den fazla \u00fclkede k\u00fcresel uyumluluk i\u00e7in tasarlanm\u0131\u015f, en \u00e7ok satan seyahat aksesuarlar\u0131ndan biridir.<\/p>\n<p data-start=\"852\" data-end=\"1196\">De\u011fi\u015ftirilebilir ABD, AB, \u0130ngiltere ve Avustralya fi\u015flerine sahip bu adapt\u00f6r, gitti\u011finiz her yerde g\u00fcvenilir \u015farj imkan\u0131 sa\u011flar.<\/p>\n<p data-start=\"1198\" data-end=\"1549\">PC + bak\u0131r metal malzemeler kullan\u0131larak \u00fcretilen \u00fcr\u00fcn, dayan\u0131kl\u0131l\u0131k, g\u00fcvenlik ve \u015f\u0131k tasar\u0131m\u0131 bir arada sunuyor.<\/p>\n<p data-start=\"1198\" data-end=\"1549\">Adapt\u00f6r, 35W&#039;a kadar Type-C1\/C2 \u00e7\u0131k\u0131\u015flar\u0131 ve 18W&#039;a kadar USB portu arac\u0131l\u0131\u011f\u0131yla h\u0131zl\u0131 \u015farj\u0131 destekleyerek ak\u0131ll\u0131 telefonlar, tabletler, diz\u00fcst\u00fc bilgisayarlar ve di\u011fer elektronik cihazlar i\u00e7in ideal hale getiriyor.<\/p>\n<p data-start=\"1198\" data-end=\"1549\">USB ve Type-C birlikte kullan\u0131ld\u0131\u011f\u0131nda ise maksimum 15W g\u00fc\u00e7 sa\u011fl\u0131yor.<\/p>\n<p data-start=\"1198\" data-end=\"1549\">Kurumsal hediyeler, promosyon kampanyalar\u0131, seyahat perakendecili\u011fi ve i\u015f hediyeleri i\u00e7in m\u00fckemmel olan bu promosyon evrensel g\u00fc\u00e7 adapt\u00f6rleri pratik, \u015f\u0131k ve d\u00fcnya \u00e7ap\u0131nda uyumludur.<\/p>","protected":false},"featured_media":9745,"comment_status":"open","ping_status":"closed","template":"","meta":{"rank_math_lock_modified_date":false,"site-sidebar-layout":"default","site-content-layout":"","ast-site-content-layout":"default","site-content-style":"default","site-sidebar-style":"default","ast-global-header-display":"","ast-banner-title-visibility":"","ast-main-header-display":"","ast-hfb-above-header-display":"","ast-hfb-below-header-display":"","ast-hfb-mobile-header-display":"","site-post-title":"","ast-breadcrumbs-content":"","ast-featured-img":"","footer-sml-layout":"","ast-disable-related-posts":"","theme-transparent-header-meta":"default","adv-header-id-meta":"","stick-header-meta":"","header-above-stick-meta":"","header-main-stick-meta":"","header-below-stick-meta":"","astra-migrate-meta-layouts":"set","ast-page-background-enabled":"default","ast-page-background-meta":{"desktop":{"background-color":"","background-image":"","background-repeat":"repeat","background-position":"center center","background-size":"auto","background-attachment":"scroll","background-type":"","background-media":"","overlay-type":"","overlay-color":"","overlay-opacity":"","overlay-gradient":""},"tablet":{"background-color":"","background-image":"","background-repeat":"repeat","background-position":"center center","background-size":"auto","background-attachment":"scroll","background-type":"","background-media":"","overlay-type":"","overlay-color":"","overlay-opacity":"","overlay-gradient":""},"mobile":{"background-color":"","background-image":"","background-repeat":"repeat","background-position":"center center","background-size":"auto","background-attachment":"scroll","background-type":"","background-media":"","overlay-type":"","overlay-color":"","overlay-opacity":"","overlay-gradient":""}},"ast-content-background-meta":{"desktop":{"background-color":"var(--ast-global-color-5)","background-image":"","background-repeat":"repeat","background-position":"center center","background-size":"auto","background-attachment":"scroll","background-type":"","background-media":"","overlay-type":"","overlay-color":"","overlay-opacity":"","overlay-gradient":""},"tablet":{"background-color":"var(--ast-global-color-5)","background-image":"","background-repeat":"repeat","background-position":"center center","background-size":"auto","background-attachment":"scroll","background-type":"","background-media":"","overlay-type":"","overlay-color":"","overlay-opacity":"","overlay-gradient":""},"mobile":{"background-color":"var(--ast-global-color-5)","background-image":"","background-repeat":"repeat","background-position":"center center","background-size":"auto","background-attachment":"scroll","background-type":"","background-media":"","overlay-type":"","overlay-color":"","overlay-opacity":"","overlay-gradient":""}}},"product_cat":[64],"product_tag":[],"class_list":{"0":"post-9744","1":"product","2":"type-product","3":"status-publish","4":"has-post-thumbnail","6":"product_cat-travel-adapter","7":"desktop-align-center","8":"tablet-align-center","9":"mobile-align-center","11":"first","12":"instock","13":"shipping-taxable","14":"product-type-simple"},"_links":{"self":[{"href":"https:\/\/imiapower.com\/tr\/wp-json\/wp\/v2\/product\/9744","targetHints":{"allow":["GET"]}}],"collection":[{"href":"https:\/\/imiapower.com\/tr\/wp-json\/wp\/v2\/product"}],"about":[{"href":"https:\/\/imiapower.com\/tr\/wp-json\/wp\/v2\/types\/product"}],"replies":[{"embeddable":true,"href":"https:\/\/imiapower.com\/tr\/wp-json\/wp\/v2\/comments?post=9744"}],"version-history":[{"count":3,"href":"https:\/\/imiapower.com\/tr\/wp-json\/wp\/v2\/product\/9744\/revisions"}],"predecessor-version":[{"id":9749,"href":"https:\/\/imiapower.com\/tr\/wp-json\/wp\/v2\/product\/9744\/revisions\/9749"}],"wp:featuredmedia":[{"embeddable":true,"href":"https:\/\/imiapower.com\/tr\/wp-json\/wp\/v2\/media\/9745"}],"wp:attachment":[{"href":"https:\/\/imiapower.com\/tr\/wp-json\/wp\/v2\/media?parent=9744"}],"wp:term":[{"taxonomy":"product_cat","embeddable":true,"href":"https:\/\/imiapower.com\/tr\/wp-json\/wp\/v2\/product_cat?post=9744"},{"taxonomy":"product_tag","embeddable":true,"href":"https:\/\/imiapower.com\/tr\/wp-json\/wp\/v2\/product_tag?post=9744"}],"curies":[{"name":"wp","href":"https:\/\/api.w.org\/{rel}","templated":true}]}}