{"id":9750,"date":"2025-09-11T07:38:32","date_gmt":"2025-09-11T07:38:32","guid":{"rendered":"https:\/\/imiapower.com\/?post_type=product&#038;p=9750"},"modified":"2025-09-11T07:38:33","modified_gmt":"2025-09-11T07:38:33","slug":"universal-adapter-meaning","status":"publish","type":"product","link":"https:\/\/imiapower.com\/tr\/products\/travel-adapter\/universal-adapter-meaning\/","title":{"rendered":"Evrensel Adapt\u00f6r Anlam\u0131 A\u00e7\u0131klamas\u0131 \u2013 \u0130nce \u00c7oklu Fi\u015fli Seyahat \u015earj Cihaz\u0131"},"content":{"rendered":"<ul>\n<li><strong>Evrensel adapt\u00f6r anlam\u0131<\/strong><\/li>\n<li><strong>Giri\u015f gerilimi:<\/strong> 100~250V, 50\/60Hz<\/li>\n<li><strong> AC \u00c7\u0131k\u0131\u015f\u0131:<\/strong> 6 A Maksimum<\/li>\n<li><strong>Tip C1\/C2 \u00c7\u0131k\u0131\u015f\u0131:<\/strong> 5V 3A \/9V 2.22A\/12V 1.67A (Maksimum 20W)<\/li>\n<li><strong>USB \u00c7\u0131k\u0131\u015f\u0131:<\/strong> 5V 3A \/ 9V 2A \/ 12V 1.5A (Maksimum 18W)<\/li>\n<li><strong>USB+Type-C \u00e7\u0131k\u0131\u015f\u0131:<\/strong> 5V3A (Maksimum 15W)<\/li>\n<li><strong>Fi\u015f:<\/strong> ABD, AB, \u0130ngiltere, Avustralya<\/li>\n<li><strong>Malzemeler:<\/strong> PC + Bak\u0131r Metal<\/li>\n<li><strong>Renk:<\/strong> Siyah<\/li>\n<li><strong>Sertifika:<\/strong> CE\/FCC\/RoHS<\/li>\n<\/ul>","protected":false},"excerpt":{"rendered":"<p><img fetchpriority=\"high\" decoding=\"async\" class=\"alignnone wp-image-9751 size-full\" src=\"https:\/\/imiapower.com\/wp-content\/uploads\/converted-1-33.webp\" alt=\"evrensel adapt\u00f6r anlam\u0131\" width=\"1024\" height=\"1280\" srcset=\"https:\/\/imiapower.com\/wp-content\/uploads\/converted-1-33.webp 1024w, https:\/\/imiapower.com\/wp-content\/uploads\/converted-1-33-240x300.webp 240w, https:\/\/imiapower.com\/wp-content\/uploads\/converted-1-33-819x1024.webp 819w, https:\/\/imiapower.com\/wp-content\/uploads\/converted-1-33-768x960.webp 768w, https:\/\/imiapower.com\/wp-content\/uploads\/converted-1-33-10x12.webp 10w, https:\/\/imiapower.com\/wp-content\/uploads\/converted-1-33-600x750.webp 600w, https:\/\/imiapower.com\/wp-content\/uploads\/converted-1-33-64x80.webp 64w\" sizes=\"(max-width: 1024px) 100vw, 1024px\" \/><\/p>\n<p>Evrensel adapt\u00f6r, d\u00fcnyan\u0131n her yerinde kullan\u0131labilen, farkl\u0131 fi\u015f tiplerine ve \u015farj ihtiya\u00e7lar\u0131na uyum sa\u011flayan bir \u015farj cihaz\u0131 anlam\u0131na gelir.<\/p>\n<p>Burada, k\u00fcresel uyumluluk i\u00e7in de\u011fi\u015ftirilebilir fi\u015flerle (ABD, AB, \u0130ngiltere, Avustralya) tasarlanm\u0131\u015f ince bir evrensel seyahat adapt\u00f6r\u00fc g\u00f6r\u00fcyorsunuz.<\/p>\n<p>\u0130\u00e7erisinde USB ve Type-C h\u0131zl\u0131 \u015farj portlar\u0131 (20W&#039;a kadar) yer al\u0131yor ve bu sayede ak\u0131ll\u0131 telefonlar, tabletler ve di\u011fer cihazlar\u0131 verimli bir \u015fekilde \u00e7al\u0131\u015ft\u0131rmak i\u00e7in ideal.<\/p>\n<p>\u0130nce ve hafif tasar\u0131m\u0131, cebinizde veya \u00e7antan\u0131zda kolayca ta\u015f\u0131nabilmesini sa\u011flar; s\u0131k seyahat edenler i\u00e7in idealdir.<\/p>\n<p>Dayan\u0131kl\u0131 PC + bak\u0131r metal malzemelerden \u00fcretilmi\u015f ve CE\/FCC\/RoHS sertifikal\u0131 olup, g\u00fcvenlik ve performans\u0131 garanti eder.<\/p>\n<p>Da\u011f\u0131t\u0131mc\u0131lar ve markalar i\u00e7in OEM\/ODM hizmetleri de sa\u011fl\u0131yor, i\u015f ihtiya\u00e7lar\u0131n\u0131za uygun \u00f6zelle\u015ftirilmi\u015f tasar\u0131mlar, paketleme ve markalama sa\u011fl\u0131yoruz.<\/p>\n<p>&nbsp;<\/p>","protected":false},"featured_media":9752,"comment_status":"open","ping_status":"closed","template":"","meta":{"rank_math_lock_modified_date":false,"site-sidebar-layout":"default","site-content-layout":"","ast-site-content-layout":"default","site-content-style":"default","site-sidebar-style":"default","ast-global-header-display":"","ast-banner-title-visibility":"","ast-main-header-display":"","ast-hfb-above-header-display":"","ast-hfb-below-header-display":"","ast-hfb-mobile-header-display":"","site-post-title":"","ast-breadcrumbs-content":"","ast-featured-img":"","footer-sml-layout":"","ast-disable-related-posts":"","theme-transparent-header-meta":"default","adv-header-id-meta":"","stick-header-meta":"","header-above-stick-meta":"","header-main-stick-meta":"","header-below-stick-meta":"","astra-migrate-meta-layouts":"set","ast-page-background-enabled":"default","ast-page-background-meta":{"desktop":{"background-color":"","background-image":"","background-repeat":"repeat","background-position":"center center","background-size":"auto","background-attachment":"scroll","background-type":"","background-media":"","overlay-type":"","overlay-color":"","overlay-opacity":"","overlay-gradient":""},"tablet":{"background-color":"","background-image":"","background-repeat":"repeat","background-position":"center center","background-size":"auto","background-attachment":"scroll","background-type":"","background-media":"","overlay-type":"","overlay-color":"","overlay-opacity":"","overlay-gradient":""},"mobile":{"background-color":"","background-image":"","background-repeat":"repeat","background-position":"center center","background-size":"auto","background-attachment":"scroll","background-type":"","background-media":"","overlay-type":"","overlay-color":"","overlay-opacity":"","overlay-gradient":""}},"ast-content-background-meta":{"desktop":{"background-color":"var(--ast-global-color-5)","background-image":"","background-repeat":"repeat","background-position":"center center","background-size":"auto","background-attachment":"scroll","background-type":"","background-media":"","overlay-type":"","overlay-color":"","overlay-opacity":"","overlay-gradient":""},"tablet":{"background-color":"var(--ast-global-color-5)","background-image":"","background-repeat":"repeat","background-position":"center center","background-size":"auto","background-attachment":"scroll","background-type":"","background-media":"","overlay-type":"","overlay-color":"","overlay-opacity":"","overlay-gradient":""},"mobile":{"background-color":"var(--ast-global-color-5)","background-image":"","background-repeat":"repeat","background-position":"center center","background-size":"auto","background-attachment":"scroll","background-type":"","background-media":"","overlay-type":"","overlay-color":"","overlay-opacity":"","overlay-gradient":""}}},"product_cat":[64],"product_tag":[],"class_list":{"0":"post-9750","1":"product","2":"type-product","3":"status-publish","4":"has-post-thumbnail","6":"product_cat-travel-adapter","7":"desktop-align-center","8":"tablet-align-center","9":"mobile-align-center","11":"first","12":"instock","13":"shipping-taxable","14":"product-type-simple"},"_links":{"self":[{"href":"https:\/\/imiapower.com\/tr\/wp-json\/wp\/v2\/product\/9750","targetHints":{"allow":["GET"]}}],"collection":[{"href":"https:\/\/imiapower.com\/tr\/wp-json\/wp\/v2\/product"}],"about":[{"href":"https:\/\/imiapower.com\/tr\/wp-json\/wp\/v2\/types\/product"}],"replies":[{"embeddable":true,"href":"https:\/\/imiapower.com\/tr\/wp-json\/wp\/v2\/comments?post=9750"}],"version-history":[{"count":1,"href":"https:\/\/imiapower.com\/tr\/wp-json\/wp\/v2\/product\/9750\/revisions"}],"predecessor-version":[{"id":9753,"href":"https:\/\/imiapower.com\/tr\/wp-json\/wp\/v2\/product\/9750\/revisions\/9753"}],"wp:featuredmedia":[{"embeddable":true,"href":"https:\/\/imiapower.com\/tr\/wp-json\/wp\/v2\/media\/9752"}],"wp:attachment":[{"href":"https:\/\/imiapower.com\/tr\/wp-json\/wp\/v2\/media?parent=9750"}],"wp:term":[{"taxonomy":"product_cat","embeddable":true,"href":"https:\/\/imiapower.com\/tr\/wp-json\/wp\/v2\/product_cat?post=9750"},{"taxonomy":"product_tag","embeddable":true,"href":"https:\/\/imiapower.com\/tr\/wp-json\/wp\/v2\/product_tag?post=9750"}],"curies":[{"name":"wp","href":"https:\/\/api.w.org\/{rel}","templated":true}]}}