{"id":9841,"date":"2026-01-05T08:57:43","date_gmt":"2026-01-05T08:57:43","guid":{"rendered":"https:\/\/imiapower.com\/?post_type=product&#038;p=9841"},"modified":"2026-01-05T08:58:24","modified_gmt":"2026-01-05T08:58:24","slug":"140w-macbook-charger-pd","status":"publish","type":"product","link":"https:\/\/imiapower.com\/tr\/products\/wall-charger\/140w-macbook-charger-pd\/","title":{"rendered":"MacBook Pro 16 in\u00e7, iPad Pro, Samsung S23 ve QC4.0+ ile uyumlu en yeni 140W MacBook \u015farj cihaz\u0131."},"content":{"rendered":"<ul>\n<li><strong>140w macbook \u015farj cihaz\u0131<\/strong><\/li>\n<li><strong>Giri\u015f:<\/strong>100-240VAC 50\/60HZ<\/li>\n<li><strong>\u00c7\u0131kt\u0131:<\/strong>5.1V 5A 9V 3A 12V 3A 15V 3A 20V 5A 28V 5A<\/li>\n<li><strong>Boyut:<\/strong>75*75*29MM<\/li>\n<li><strong>Tasar\u0131m:<\/strong>ABD fi\u015fi ve AB fi\u015fini a\u00e7\u0131n<\/li>\n<li><strong>Renk:<\/strong>Siyah<\/li>\n<li><strong>Sertifika:<\/strong>UL FCC CE CB UKCA<\/li>\n<li><strong>\u00dcretim teslim s\u00fcresi:<\/strong>30 g\u00fcn<\/li>\n<li><strong>Garanti:<\/strong>2 y\u0131l<\/li>\n<\/ul>","protected":false},"excerpt":{"rendered":"<p><span class=\"citation-43\">140W&#039;l\u0131k muazzam bir s\u00fcrekli \u00e7\u0131k\u0131\u015f g\u00fcc\u00fc sa\u011flar.<\/span>. <span class=\"citation-42\">140W E-Marker kablosuyla birlikte kullan\u0131ld\u0131\u011f\u0131nda 16 in\u00e7 MacBook Pro&#039;nun h\u0131zl\u0131 \u015farj\u0131 i\u00e7in gereken en yeni 28V\/5A voltaj profilini destekler.<\/span>.<\/p>\n<p><span class=\"citation-41\">Evrensel H\u0131zl\u0131 \u015earj:<\/span><span class=\"citation-41\"> Sadece bir de\u011fil <\/span><span class=\"citation-41\">140W MacBook \u015farj cihaz\u0131<\/span><span class=\"citation-41\">PD3.1, PPS, QC4+, QC3.0, Samsung AFC, Huawei SCP\/FCP ve MTK PE-2.0 dahil olmak \u00fczere geni\u015f protokol uyumlulu\u011funa sahiptir.<\/span>.<\/p>\n<p>Ak\u0131ll\u0131 G\u00fc\u00e7 Ayar\u0131: Dahili AVS (Ayarlanabilir Voltaj Beslemesi) cihaz\u0131 otomatik olarak tan\u0131r ve \u00e7\u0131k\u0131\u015f\u0131 ayarlar. <span class=\"citation-40\">PPS modunda, optimum \u015farj verimlili\u011fi i\u00e7in voltaj\u0131 20 mV&#039;lik ad\u0131mlarla (5,02 V-21 V) hassas bir \u015fekilde ayarlar.<\/span>.<\/p>\n<p><span class=\"citation-39\">Kapsaml\u0131 G\u00fcvenlik:<\/span><span class=\"citation-39\"> Dayan\u0131kl\u0131 bir PC kasas\u0131yla tasarlanm\u0131\u015ft\u0131r (UL94 V-0 derecelendirmesi).<\/span>. <span class=\"citation-38\">A\u015f\u0131r\u0131 g\u00fc\u00e7 korumas\u0131 (maksimum 180W) ve otomatik kurtarma \u00f6zellikli k\u0131sa devre korumas\u0131 dahil olmak \u00fczere birden fazla koruma sistemine sahiptir.<\/span>.<\/p>\n<p><span class=\"citation-37\">K\u00fcresel Uyumluluk:<\/span><span class=\"citation-37\"> 100-240V 50\/60Hz AC giri\u015fini destekler.<\/span>Bu da onu ideal bir seyahat arkada\u015f\u0131 yap\u0131yor. <span class=\"citation-36\">Kompakt duvara monte tasar\u0131m\u0131, hareket halindeyken g\u00fc\u00e7 sa\u011flamak i\u00e7in \u00e7antalara kolayca s\u0131\u011far.<\/span>.<\/p>","protected":false},"featured_media":9844,"comment_status":"open","ping_status":"closed","template":"","meta":{"rank_math_lock_modified_date":false,"site-sidebar-layout":"default","site-content-layout":"","ast-site-content-layout":"default","site-content-style":"default","site-sidebar-style":"default","ast-global-header-display":"","ast-banner-title-visibility":"","ast-main-header-display":"","ast-hfb-above-header-display":"","ast-hfb-below-header-display":"","ast-hfb-mobile-header-display":"","site-post-title":"","ast-breadcrumbs-content":"","ast-featured-img":"","footer-sml-layout":"","ast-disable-related-posts":"","theme-transparent-header-meta":"default","adv-header-id-meta":"","stick-header-meta":"","header-above-stick-meta":"","header-main-stick-meta":"","header-below-stick-meta":"","astra-migrate-meta-layouts":"set","ast-page-background-enabled":"default","ast-page-background-meta":{"desktop":{"background-color":"","background-image":"","background-repeat":"repeat","background-position":"center center","background-size":"auto","background-attachment":"scroll","background-type":"","background-media":"","overlay-type":"","overlay-color":"","overlay-opacity":"","overlay-gradient":""},"tablet":{"background-color":"","background-image":"","background-repeat":"repeat","background-position":"center center","background-size":"auto","background-attachment":"scroll","background-type":"","background-media":"","overlay-type":"","overlay-color":"","overlay-opacity":"","overlay-gradient":""},"mobile":{"background-color":"","background-image":"","background-repeat":"repeat","background-position":"center center","background-size":"auto","background-attachment":"scroll","background-type":"","background-media":"","overlay-type":"","overlay-color":"","overlay-opacity":"","overlay-gradient":""}},"ast-content-background-meta":{"desktop":{"background-color":"var(--ast-global-color-5)","background-image":"","background-repeat":"repeat","background-position":"center center","background-size":"auto","background-attachment":"scroll","background-type":"","background-media":"","overlay-type":"","overlay-color":"","overlay-opacity":"","overlay-gradient":""},"tablet":{"background-color":"var(--ast-global-color-5)","background-image":"","background-repeat":"repeat","background-position":"center center","background-size":"auto","background-attachment":"scroll","background-type":"","background-media":"","overlay-type":"","overlay-color":"","overlay-opacity":"","overlay-gradient":""},"mobile":{"background-color":"var(--ast-global-color-5)","background-image":"","background-repeat":"repeat","background-position":"center center","background-size":"auto","background-attachment":"scroll","background-type":"","background-media":"","overlay-type":"","overlay-color":"","overlay-opacity":"","overlay-gradient":""}}},"product_cat":[43],"product_tag":[],"class_list":{"0":"post-9841","1":"product","2":"type-product","3":"status-publish","4":"has-post-thumbnail","6":"product_cat-wall-charger","7":"desktop-align-center","8":"tablet-align-center","9":"mobile-align-center","11":"first","12":"instock","13":"shipping-taxable","14":"product-type-simple"},"_links":{"self":[{"href":"https:\/\/imiapower.com\/tr\/wp-json\/wp\/v2\/product\/9841","targetHints":{"allow":["GET"]}}],"collection":[{"href":"https:\/\/imiapower.com\/tr\/wp-json\/wp\/v2\/product"}],"about":[{"href":"https:\/\/imiapower.com\/tr\/wp-json\/wp\/v2\/types\/product"}],"replies":[{"embeddable":true,"href":"https:\/\/imiapower.com\/tr\/wp-json\/wp\/v2\/comments?post=9841"}],"version-history":[{"count":1,"href":"https:\/\/imiapower.com\/tr\/wp-json\/wp\/v2\/product\/9841\/revisions"}],"predecessor-version":[{"id":9845,"href":"https:\/\/imiapower.com\/tr\/wp-json\/wp\/v2\/product\/9841\/revisions\/9845"}],"wp:featuredmedia":[{"embeddable":true,"href":"https:\/\/imiapower.com\/tr\/wp-json\/wp\/v2\/media\/9844"}],"wp:attachment":[{"href":"https:\/\/imiapower.com\/tr\/wp-json\/wp\/v2\/media?parent=9841"}],"wp:term":[{"taxonomy":"product_cat","embeddable":true,"href":"https:\/\/imiapower.com\/tr\/wp-json\/wp\/v2\/product_cat?post=9841"},{"taxonomy":"product_tag","embeddable":true,"href":"https:\/\/imiapower.com\/tr\/wp-json\/wp\/v2\/product_tag?post=9841"}],"curies":[{"name":"wp","href":"https:\/\/api.w.org\/{rel}","templated":true}]}}