{"id":9862,"date":"2026-01-06T08:19:21","date_gmt":"2026-01-06T08:19:21","guid":{"rendered":"https:\/\/imiapower.com\/?post_type=product&#038;p=9862"},"modified":"2026-01-09T01:54:43","modified_gmt":"2026-01-09T01:54:43","slug":"weldless-18650-battery-bank","status":"publish","type":"product","link":"https:\/\/imiapower.com\/tr\/products\/battery-bank\/weldless-18650-battery-bank\/","title":{"rendered":"Kaynak Gerektirmeyen Ak\u00fc Bankas\u0131 Kiti \u2013 Sa\u011flam, Tamir Edilebilir ve H\u0131zl\u0131 \u015earj \u00d6zelli\u011fi"},"content":{"rendered":"<ul>\n<li><strong>pil grubu<\/strong><\/li>\n<li><strong>\u00c7\u0131kt\u0131:<\/strong>1 adet USB-C + 2 adet USB-A (5V, 9V, 12V, 18W&#039;a kadar)<\/li>\n<li><strong>Malzeme:<\/strong>Dayan\u0131kl\u0131 3D Bask\u0131l\u0131 Kasa + 95A TPU Esnek Vidalar<\/li>\n<li><strong>Boyutlar:<\/strong>Ultra kompakt<\/li>\n<li><strong>H\u0131zl\u0131 \u015earj:<\/strong>18W \u00c7ift Y\u00f6nl\u00fc<\/li>\n<\/ul>","protected":false},"excerpt":{"rendered":"<p>Nokta kaynak makinesi kullanmadan kendi y\u00fcksek g\u00fcvenilirlik kapasiteli ak\u00fc grubunuzu olu\u015fturun.<\/p>\n<p>Bu yenilik\u00e7i kendin yap kiti, IP5328P \u00e7ift y\u00f6nl\u00fc 18W h\u0131zl\u0131 \u015farj \u00f6zelli\u011fine sahip sa\u011flam, mod\u00fcler bir tasar\u0131ma sahiptir.<\/p>\n<p>18650 veya 21700 piller i\u00e7in g\u00fcvenli, bas\u0131nca dayal\u0131 ba\u011flant\u0131lar olu\u015fturmak \u00fczere benzersiz esnek TPU vidalar\u0131 kullan\u0131r. 3 ba\u011flant\u0131 noktas\u0131 (USB-C ve USB-A) ve bak\u0131m\u0131 kolay bir tasar\u0131ma sahiptir.<\/p>\n<p>Bu, \u00fcreticiler ve teknoloji merakl\u0131lar\u0131 i\u00e7in en \u00fcst d\u00fczey g\u00fc\u00e7 \u00e7\u00f6z\u00fcm\u00fcd\u00fcr.<\/p>","protected":false},"featured_media":9871,"comment_status":"open","ping_status":"closed","template":"","meta":{"rank_math_lock_modified_date":false,"site-sidebar-layout":"default","site-content-layout":"","ast-site-content-layout":"default","site-content-style":"default","site-sidebar-style":"default","ast-global-header-display":"","ast-banner-title-visibility":"","ast-main-header-display":"","ast-hfb-above-header-display":"","ast-hfb-below-header-display":"","ast-hfb-mobile-header-display":"","site-post-title":"","ast-breadcrumbs-content":"","ast-featured-img":"","footer-sml-layout":"","ast-disable-related-posts":"","theme-transparent-header-meta":"default","adv-header-id-meta":"","stick-header-meta":"","header-above-stick-meta":"","header-main-stick-meta":"","header-below-stick-meta":"","astra-migrate-meta-layouts":"set","ast-page-background-enabled":"default","ast-page-background-meta":{"desktop":{"background-color":"","background-image":"","background-repeat":"repeat","background-position":"center center","background-size":"auto","background-attachment":"scroll","background-type":"","background-media":"","overlay-type":"","overlay-color":"","overlay-opacity":"","overlay-gradient":""},"tablet":{"background-color":"","background-image":"","background-repeat":"repeat","background-position":"center center","background-size":"auto","background-attachment":"scroll","background-type":"","background-media":"","overlay-type":"","overlay-color":"","overlay-opacity":"","overlay-gradient":""},"mobile":{"background-color":"","background-image":"","background-repeat":"repeat","background-position":"center center","background-size":"auto","background-attachment":"scroll","background-type":"","background-media":"","overlay-type":"","overlay-color":"","overlay-opacity":"","overlay-gradient":""}},"ast-content-background-meta":{"desktop":{"background-color":"var(--ast-global-color-5)","background-image":"","background-repeat":"repeat","background-position":"center center","background-size":"auto","background-attachment":"scroll","background-type":"","background-media":"","overlay-type":"","overlay-color":"","overlay-opacity":"","overlay-gradient":""},"tablet":{"background-color":"var(--ast-global-color-5)","background-image":"","background-repeat":"repeat","background-position":"center center","background-size":"auto","background-attachment":"scroll","background-type":"","background-media":"","overlay-type":"","overlay-color":"","overlay-opacity":"","overlay-gradient":""},"mobile":{"background-color":"var(--ast-global-color-5)","background-image":"","background-repeat":"repeat","background-position":"center center","background-size":"auto","background-attachment":"scroll","background-type":"","background-media":"","overlay-type":"","overlay-color":"","overlay-opacity":"","overlay-gradient":""}}},"product_cat":[364],"product_tag":[],"class_list":{"0":"post-9862","1":"product","2":"type-product","3":"status-publish","4":"has-post-thumbnail","6":"product_cat-battery-bank","7":"desktop-align-center","8":"tablet-align-center","9":"mobile-align-center","11":"first","12":"instock","13":"shipping-taxable","14":"product-type-simple"},"_links":{"self":[{"href":"https:\/\/imiapower.com\/tr\/wp-json\/wp\/v2\/product\/9862","targetHints":{"allow":["GET"]}}],"collection":[{"href":"https:\/\/imiapower.com\/tr\/wp-json\/wp\/v2\/product"}],"about":[{"href":"https:\/\/imiapower.com\/tr\/wp-json\/wp\/v2\/types\/product"}],"replies":[{"embeddable":true,"href":"https:\/\/imiapower.com\/tr\/wp-json\/wp\/v2\/comments?post=9862"}],"version-history":[{"count":5,"href":"https:\/\/imiapower.com\/tr\/wp-json\/wp\/v2\/product\/9862\/revisions"}],"predecessor-version":[{"id":9869,"href":"https:\/\/imiapower.com\/tr\/wp-json\/wp\/v2\/product\/9862\/revisions\/9869"}],"wp:featuredmedia":[{"embeddable":true,"href":"https:\/\/imiapower.com\/tr\/wp-json\/wp\/v2\/media\/9871"}],"wp:attachment":[{"href":"https:\/\/imiapower.com\/tr\/wp-json\/wp\/v2\/media?parent=9862"}],"wp:term":[{"taxonomy":"product_cat","embeddable":true,"href":"https:\/\/imiapower.com\/tr\/wp-json\/wp\/v2\/product_cat?post=9862"},{"taxonomy":"product_tag","embeddable":true,"href":"https:\/\/imiapower.com\/tr\/wp-json\/wp\/v2\/product_tag?post=9862"}],"curies":[{"name":"wp","href":"https:\/\/api.w.org\/{rel}","templated":true}]}}