{"id":9885,"date":"2026-01-23T02:04:30","date_gmt":"2026-01-23T02:04:30","guid":{"rendered":"https:\/\/imiapower.com\/?post_type=product&#038;p=9885"},"modified":"2026-01-23T02:04:30","modified_gmt":"2026-01-23T02:04:30","slug":"worldwide-travel-charger","status":"publish","type":"product","link":"https:\/\/imiapower.com\/tr\/products\/travel-adapter\/worldwide-travel-charger\/","title":{"rendered":"Evrensel D\u00fcnya \u00c7ap\u0131nda Seyahat \u015earj Adapt\u00f6r\u00fc | Hepsi Bir Arada Uluslararas\u0131 Fi\u015f (ABD\/AB\/\u0130ngiltere\/Avustralya)"},"content":{"rendered":"<ul>\n<li><strong>D\u00fcnya \u00c7ap\u0131nda Seyahat \u015earj Cihaz\u0131<\/strong><\/li>\n<li><strong>Giri\u015f gerilimi:<\/strong> 100~250V, 50\/60Hz<\/li>\n<li><strong>G\u00fc\u00e7 Derecesi:<\/strong> 10A Maks (1000W\/100V, 2500W\/250V)<\/li>\n<li><strong>Br\u00fct a\u011f\u0131rl\u0131k:<\/strong> 150g<\/li>\n<li><strong>Kullan\u0131m\u0131:<\/strong> \u0130\u00e7 mekan kullan\u0131m\u0131 sadece<\/li>\n<li><strong>Topraklama:<\/strong> Topraklama yok<\/li>\n<\/ul>\n<p>&nbsp;<\/p>","protected":false},"excerpt":{"rendered":"<p data-path-to-node=\"3\">Mini Boyut, K\u00fcresel Eri\u015fim: En \u00dcst\u00fcn D\u00fcnya \u00c7ap\u0131nda Seyahat \u015earj Cihaz\u0131 Daha hafif ve daha ak\u0131ll\u0131 seyahat edin. Bu mini d\u00fcnya \u00e7ap\u0131nda seyahat \u015farj adapt\u00f6r\u00fc, ultra kompakt bir tasar\u0131ma k\u00fcresel ba\u011flant\u0131 \u00f6zelli\u011fi s\u0131\u011fd\u0131rarak, g\u00fcvenlikten \u00f6d\u00fcn vermeden de\u011ferli bagaj alan\u0131n\u0131zdan tasarruf etmenizi sa\u011flar.<\/p>\n<ul data-path-to-node=\"4\">\n<li>\n<p data-path-to-node=\"4,0,0\">\ud83d\udccf <strong>Ultra Mini Tasar\u0131m: <\/strong>B\u00fcy\u00fck ve hantal adapt\u00f6rlerin sizi yormas\u0131na izin vermeyin. Mini k\u00fcp tasar\u0131m\u0131m\u0131z cebinize veya \u00e7antan\u0131za kolayca s\u0131\u011far, bu da onu m\u00fckemmel minimalist seyahat arkada\u015f\u0131 yapar.<\/p>\n<\/li>\n<li>\n<p data-path-to-node=\"4,1,0\">\u26a1 <strong>D\u00fcnya \u00c7ap\u0131nda Seyahat \u015earj Cihaz\u0131 \u00c7\u00f6z\u00fcm\u00fc:<\/strong> K\u00fc\u00e7\u00fck boyutuna ra\u011fmen, geri \u00e7ekilebilir ABD, \u0130ngiltere, AB ve Avustralya fi\u015fleriyle 150&#039;den fazla \u00fclkeyi kaps\u0131yor.<\/p>\n<\/li>\n<li>\n<p data-path-to-node=\"4,2,0\">\ud83d\udee1\ufe0f <strong>G\u00fcvenlik Sertifikal\u0131:<\/strong> K\u00fc\u00e7\u00fck ama g\u00fc\u00e7l\u00fc. G\u00fcvenli\u011finizi sa\u011flamak i\u00e7in dahili panjurlar\u0131yla titiz g\u00fcvenlik standartlar\u0131n\u0131 kar\u015f\u0131lar (UL 62368-1:2025&#039;e g\u00f6re test edilmi\u015ftir).<\/p>\n<\/li>\n<li>\n<p data-path-to-node=\"4,3,0\">\ud83d\udd0c <strong>Evrensel Uyumluluk:<\/strong> Bu mini g\u00f6vde, d\u00fcnyan\u0131n hemen her yerinden gelen fi\u015fleri g\u00fcvenli bir \u015fekilde kabul eden evrensel bir sokete sahiptir.<\/p>\n<\/li>\n<\/ul>","protected":false},"featured_media":9888,"comment_status":"open","ping_status":"closed","template":"","meta":{"rank_math_lock_modified_date":false,"site-sidebar-layout":"default","site-content-layout":"","ast-site-content-layout":"default","site-content-style":"default","site-sidebar-style":"default","ast-global-header-display":"","ast-banner-title-visibility":"","ast-main-header-display":"","ast-hfb-above-header-display":"","ast-hfb-below-header-display":"","ast-hfb-mobile-header-display":"","site-post-title":"","ast-breadcrumbs-content":"","ast-featured-img":"","footer-sml-layout":"","ast-disable-related-posts":"","theme-transparent-header-meta":"default","adv-header-id-meta":"","stick-header-meta":"","header-above-stick-meta":"","header-main-stick-meta":"","header-below-stick-meta":"","astra-migrate-meta-layouts":"set","ast-page-background-enabled":"default","ast-page-background-meta":{"desktop":{"background-color":"","background-image":"","background-repeat":"repeat","background-position":"center center","background-size":"auto","background-attachment":"scroll","background-type":"","background-media":"","overlay-type":"","overlay-color":"","overlay-opacity":"","overlay-gradient":""},"tablet":{"background-color":"","background-image":"","background-repeat":"repeat","background-position":"center center","background-size":"auto","background-attachment":"scroll","background-type":"","background-media":"","overlay-type":"","overlay-color":"","overlay-opacity":"","overlay-gradient":""},"mobile":{"background-color":"","background-image":"","background-repeat":"repeat","background-position":"center center","background-size":"auto","background-attachment":"scroll","background-type":"","background-media":"","overlay-type":"","overlay-color":"","overlay-opacity":"","overlay-gradient":""}},"ast-content-background-meta":{"desktop":{"background-color":"var(--ast-global-color-5)","background-image":"","background-repeat":"repeat","background-position":"center center","background-size":"auto","background-attachment":"scroll","background-type":"","background-media":"","overlay-type":"","overlay-color":"","overlay-opacity":"","overlay-gradient":""},"tablet":{"background-color":"var(--ast-global-color-5)","background-image":"","background-repeat":"repeat","background-position":"center center","background-size":"auto","background-attachment":"scroll","background-type":"","background-media":"","overlay-type":"","overlay-color":"","overlay-opacity":"","overlay-gradient":""},"mobile":{"background-color":"var(--ast-global-color-5)","background-image":"","background-repeat":"repeat","background-position":"center center","background-size":"auto","background-attachment":"scroll","background-type":"","background-media":"","overlay-type":"","overlay-color":"","overlay-opacity":"","overlay-gradient":""}}},"product_cat":[64],"product_tag":[],"class_list":{"0":"post-9885","1":"product","2":"type-product","3":"status-publish","4":"has-post-thumbnail","6":"product_cat-travel-adapter","7":"desktop-align-center","8":"tablet-align-center","9":"mobile-align-center","11":"first","12":"instock","13":"shipping-taxable","14":"product-type-simple"},"_links":{"self":[{"href":"https:\/\/imiapower.com\/tr\/wp-json\/wp\/v2\/product\/9885","targetHints":{"allow":["GET"]}}],"collection":[{"href":"https:\/\/imiapower.com\/tr\/wp-json\/wp\/v2\/product"}],"about":[{"href":"https:\/\/imiapower.com\/tr\/wp-json\/wp\/v2\/types\/product"}],"replies":[{"embeddable":true,"href":"https:\/\/imiapower.com\/tr\/wp-json\/wp\/v2\/comments?post=9885"}],"version-history":[{"count":3,"href":"https:\/\/imiapower.com\/tr\/wp-json\/wp\/v2\/product\/9885\/revisions"}],"predecessor-version":[{"id":9891,"href":"https:\/\/imiapower.com\/tr\/wp-json\/wp\/v2\/product\/9885\/revisions\/9891"}],"wp:featuredmedia":[{"embeddable":true,"href":"https:\/\/imiapower.com\/tr\/wp-json\/wp\/v2\/media\/9888"}],"wp:attachment":[{"href":"https:\/\/imiapower.com\/tr\/wp-json\/wp\/v2\/media?parent=9885"}],"wp:term":[{"taxonomy":"product_cat","embeddable":true,"href":"https:\/\/imiapower.com\/tr\/wp-json\/wp\/v2\/product_cat?post=9885"},{"taxonomy":"product_tag","embeddable":true,"href":"https:\/\/imiapower.com\/tr\/wp-json\/wp\/v2\/product_tag?post=9885"}],"curies":[{"name":"wp","href":"https:\/\/api.w.org\/{rel}","templated":true}]}}