{"id":9969,"date":"2026-02-05T09:19:40","date_gmt":"2026-02-05T09:19:40","guid":{"rendered":"https:\/\/imiapower.com\/?post_type=product&#038;p=9969"},"modified":"2026-02-05T09:19:40","modified_gmt":"2026-02-05T09:19:40","slug":"10w-qi-wireless-charger","status":"publish","type":"product","link":"https:\/\/imiapower.com\/tr\/products\/wireless-charger\/10w-qi-wireless-charger\/","title":{"rendered":"Gece lambal\u0131 Qi kablosuz \u015farj cihaz\u0131, iPhone ve Android i\u00e7in 10W h\u0131zl\u0131 \u015farj pedi"},"content":{"rendered":"<ul>\n<li><strong>Qi kablosuz \u015farj cihaz\u0131<\/strong><\/li>\n<li><strong>Giri\u015f:<\/strong> Mikro-USB 5V\/3A 9V\/2A<\/li>\n<li><strong>\u00c7\u0131kt\u0131:<\/strong> 5W 7.5W 10W<\/li>\n<li><strong>Boyut:<\/strong> 95,3*95,3*16,9 mm<\/li>\n<li><strong>A\u011f\u0131rl\u0131k:<\/strong> 98g<\/li>\n<li><strong>Neden olmu\u015f:<\/strong> 5 saniye boyunca mavi LED \u0131\u015f\u0131k g\u00f6sterisi<\/li>\n<\/ul>","protected":false},"excerpt":{"rendered":"<p data-path-to-node=\"14,0,0\"><b data-path-to-node=\"14,0,0\" data-index-in-node=\"0\">2&#039;si 1 arada tasar\u0131m:<\/b> 10W Qi kablosuz \u015farj cihaz\u0131 ve rahatlat\u0131c\u0131 LED gece lambas\u0131n\u0131n kusursuz birle\u015fimi.<\/p>\n<p data-path-to-node=\"14,1,0\"><b data-path-to-node=\"14,1,0\" data-index-in-node=\"0\">Evrensel Uyumluluk:<\/b> iPhone 8-15 serisi, Samsung Galaxy ve daha fazlas\u0131 dahil olmak \u00fczere Qi \u00f6zellikli t\u00fcm ak\u0131ll\u0131 telefonlarla m\u00fckemmel \u00e7al\u0131\u015f\u0131r.<\/p>\n<p data-path-to-node=\"14,2,0\"><b data-path-to-node=\"14,2,0\" data-index-in-node=\"0\">Ak\u0131ll\u0131 H\u0131zl\u0131 \u015earj:<\/b> Dahili ak\u0131ll\u0131 \u00e7ip, cihaz\u0131n\u0131z\u0131n pilini korumak i\u00e7in g\u00fcc\u00fc otomatik olarak ayarlar (5W\/7.5W\/10W).<\/p>\n<p data-path-to-node=\"14,3,0\"><b data-path-to-node=\"14,3,0\" data-index-in-node=\"0\">\u015e\u0131k ve G\u00fcvenli:<\/b> 100% g\u00fcvenli \u015farj i\u00e7in yabanc\u0131 cisim alg\u0131lama (FOD) ve s\u0131cakl\u0131k kontrol\u00fc \u00f6zelliklerine sahip birinci s\u0131n\u0131f metalik kaplama.<\/p>","protected":false},"featured_media":9972,"comment_status":"open","ping_status":"closed","template":"","meta":{"rank_math_lock_modified_date":false,"site-sidebar-layout":"default","site-content-layout":"","ast-site-content-layout":"default","site-content-style":"default","site-sidebar-style":"default","ast-global-header-display":"","ast-banner-title-visibility":"","ast-main-header-display":"","ast-hfb-above-header-display":"","ast-hfb-below-header-display":"","ast-hfb-mobile-header-display":"","site-post-title":"","ast-breadcrumbs-content":"","ast-featured-img":"","footer-sml-layout":"","ast-disable-related-posts":"","theme-transparent-header-meta":"default","adv-header-id-meta":"","stick-header-meta":"","header-above-stick-meta":"","header-main-stick-meta":"","header-below-stick-meta":"","astra-migrate-meta-layouts":"set","ast-page-background-enabled":"default","ast-page-background-meta":{"desktop":{"background-color":"","background-image":"","background-repeat":"repeat","background-position":"center center","background-size":"auto","background-attachment":"scroll","background-type":"","background-media":"","overlay-type":"","overlay-color":"","overlay-opacity":"","overlay-gradient":""},"tablet":{"background-color":"","background-image":"","background-repeat":"repeat","background-position":"center center","background-size":"auto","background-attachment":"scroll","background-type":"","background-media":"","overlay-type":"","overlay-color":"","overlay-opacity":"","overlay-gradient":""},"mobile":{"background-color":"","background-image":"","background-repeat":"repeat","background-position":"center center","background-size":"auto","background-attachment":"scroll","background-type":"","background-media":"","overlay-type":"","overlay-color":"","overlay-opacity":"","overlay-gradient":""}},"ast-content-background-meta":{"desktop":{"background-color":"var(--ast-global-color-5)","background-image":"","background-repeat":"repeat","background-position":"center center","background-size":"auto","background-attachment":"scroll","background-type":"","background-media":"","overlay-type":"","overlay-color":"","overlay-opacity":"","overlay-gradient":""},"tablet":{"background-color":"var(--ast-global-color-5)","background-image":"","background-repeat":"repeat","background-position":"center center","background-size":"auto","background-attachment":"scroll","background-type":"","background-media":"","overlay-type":"","overlay-color":"","overlay-opacity":"","overlay-gradient":""},"mobile":{"background-color":"var(--ast-global-color-5)","background-image":"","background-repeat":"repeat","background-position":"center center","background-size":"auto","background-attachment":"scroll","background-type":"","background-media":"","overlay-type":"","overlay-color":"","overlay-opacity":"","overlay-gradient":""}}},"product_cat":[365],"product_tag":[],"class_list":{"0":"post-9969","1":"product","2":"type-product","3":"status-publish","4":"has-post-thumbnail","6":"product_cat-wireless-charger","7":"desktop-align-center","8":"tablet-align-center","9":"mobile-align-center","11":"first","12":"instock","13":"shipping-taxable","14":"product-type-simple"},"_links":{"self":[{"href":"https:\/\/imiapower.com\/tr\/wp-json\/wp\/v2\/product\/9969","targetHints":{"allow":["GET"]}}],"collection":[{"href":"https:\/\/imiapower.com\/tr\/wp-json\/wp\/v2\/product"}],"about":[{"href":"https:\/\/imiapower.com\/tr\/wp-json\/wp\/v2\/types\/product"}],"replies":[{"embeddable":true,"href":"https:\/\/imiapower.com\/tr\/wp-json\/wp\/v2\/comments?post=9969"}],"version-history":[{"count":1,"href":"https:\/\/imiapower.com\/tr\/wp-json\/wp\/v2\/product\/9969\/revisions"}],"predecessor-version":[{"id":9973,"href":"https:\/\/imiapower.com\/tr\/wp-json\/wp\/v2\/product\/9969\/revisions\/9973"}],"wp:featuredmedia":[{"embeddable":true,"href":"https:\/\/imiapower.com\/tr\/wp-json\/wp\/v2\/media\/9972"}],"wp:attachment":[{"href":"https:\/\/imiapower.com\/tr\/wp-json\/wp\/v2\/media?parent=9969"}],"wp:term":[{"taxonomy":"product_cat","embeddable":true,"href":"https:\/\/imiapower.com\/tr\/wp-json\/wp\/v2\/product_cat?post=9969"},{"taxonomy":"product_tag","embeddable":true,"href":"https:\/\/imiapower.com\/tr\/wp-json\/wp\/v2\/product_tag?post=9969"}],"curies":[{"name":"wp","href":"https:\/\/api.w.org\/{rel}","templated":true}]}}