{"id":4652,"date":"2023-03-04T00:24:05","date_gmt":"2023-03-04T00:24:05","guid":{"rendered":"https:\/\/imia.com.cn\/?post_type=product&#038;p=4652"},"modified":"2024-08-16T13:06:51","modified_gmt":"2024-08-16T13:06:51","slug":"20w-pd-wall-charger","status":"publish","type":"product","link":"https:\/\/imiapower.com\/vi\/products\/wall-charger\/20w-pd-wall-charger\/","title":{"rendered":"Nh\u00e0 s\u1ea3n xu\u1ea5t b\u1ed9 s\u1ea1c t\u01b0\u1eddng pd 20w ph\u1ed5 bi\u1ebfn"},"content":{"rendered":"<ul>\n<li><strong>s\u1ea1c t\u01b0\u1eddng 20w pd<\/strong><\/li>\n<li><strong>\u0110\u1ea7u ra:<\/strong>T\u1ed1i \u0111a 5V2A 10W<\/li>\n<li><strong>\u0110i\u1ec7n \u00e1p \u0111\u1ea7u v\u00e0o:<\/strong>100-240V<\/li>\n<li><strong>T\u1ea7n s\u1ed1 \u0111\u1ea7u v\u00e0o:<\/strong>50\/60Hz<\/li>\n<li><strong>L\u1edbp n\u0103ng l\u01b0\u1ee3ng: <\/strong>VI<\/li>\n<li><strong>Ch\u1ee9ng nh\u1eadn an to\u00e0n:<\/strong>EN62368: FCC\/CE\/SAA\/CCC<\/li>\n<li><strong>K\u00edch th\u01b0\u1edbc M\u1ef9\/CN\/JP:<\/strong>60*26*40mm<\/li>\n<li><strong>K\u00edch th\u01b0\u1edbc EU\/KR:<\/strong>80*27*40mm<\/li>\n<li><strong>K\u00edch th\u01b0\u1edbc V\u01b0\u01a1ng qu\u1ed1c Anh:<\/strong>75*27*39.5mm<\/li>\n<\/ul>","protected":false},"excerpt":{"rendered":"<p>M\u1eb7c d\u00f9 th\u1ecb tr\u01b0\u1eddng m\u1edbi ph\u00e1t tri\u1ec3n c\u00e1c b\u1ed9 s\u1ea1c PD l\u00ean \u0111\u1ebfn 140w v\u00e0 200w, nh\u01b0ng b\u1ed9 s\u1ea1c t\u01b0\u1eddng PD 20w c\u0169ng l\u00e0 m\u1ed9t thi\u1ebft b\u1ecb s\u1ea1c r\u1ea5t ph\u1ed5 bi\u1ebfn v\u00e0 \u0111\u01b0\u1ee3c \u01b0a chu\u1ed9ng, c\u00f3 th\u1ec3 \u0111\u00e1p \u1ee9ng \u0111\u01b0\u1ee3c y\u00eau c\u1ea7u s\u1ea1c nhanh c\u1ee7a \u0111i\u1ec7n tho\u1ea1i tr\u00ean th\u1ecb tr\u01b0\u1eddng.<\/p>\n<p>M\u1ed9t s\u1ed1 th\u01b0\u01a1ng hi\u1ec7u n\u1ed5i ti\u1ebfng \u0111\u00e3 ch\u1ecdn b\u1ed9 s\u1ea1c PD 20w n\u00e0y, b\u1ed9 s\u1ea1c n\u00e0y c\u00f3 th\u1ec3 \u0111\u01b0\u1ee3c b\u1ed5 sung th\u00eam thi\u1ebft k\u1ebf th\u00f9ng carton l\u00e0m v\u1ecf b\u1ecdc, nhi\u1ec1u b\u1ea1n tr\u1ebb th\u00edch v\u00ec \u0111\u01b0\u1ee3c th\u01b0\u01a1ng hi\u1ec7u b\u00ecnh d\u00e2n ch\u1ecdn n\u00ean ch\u1ea5t l\u01b0\u1ee3ng \u0111\u1ea3m b\u1ea3o, ch\u00fang t\u00f4i cung c\u1ea5p m\u1eabu mi\u1ec5n ph\u00ed \u0111\u1ec3 ki\u1ec3m tra, c\u0169ng h\u1ed7 tr\u1ee3 moq th\u1ea5p<\/p>\n<p>C\u00f4ng su\u1ea5t 20 watt gi\u00fap s\u1ea1c nhanh \u0111i\u1ec7n tho\u1ea1i th\u00f4ng minh, m\u00e1y t\u00ednh b\u1ea3ng v\u00e0 c\u00e1c thi\u1ebft b\u1ecb d\u00f9ng ngu\u1ed3n USB kh\u00e1c.<\/p>\n<p>T\u1ed1c \u0111\u1ed9 s\u1ea1c nhanh h\u01a1n t\u1edbi 50% v\u1edbi c\u00f4ng ngh\u1ec7 USB Power Delivery (PD) v\u00e0 Qualcomm Quick Charge ti\u00ean ti\u1ebfn.<\/p>\n<p>&nbsp;<\/p>","protected":false},"featured_media":4584,"comment_status":"closed","ping_status":"closed","template":"","meta":{"rank_math_lock_modified_date":false,"site-sidebar-layout":"default","site-content-layout":"default","ast-site-content-layout":"default","site-content-style":"default","site-sidebar-style":"default","ast-global-header-display":"","ast-banner-title-visibility":"","ast-main-header-display":"","ast-hfb-above-header-display":"","ast-hfb-below-header-display":"","ast-hfb-mobile-header-display":"","site-post-title":"","ast-breadcrumbs-content":"","ast-featured-img":"","footer-sml-layout":"","ast-disable-related-posts":"","theme-transparent-header-meta":"default","adv-header-id-meta":"","stick-header-meta":"","header-above-stick-meta":"","header-main-stick-meta":"","header-below-stick-meta":"","astra-migrate-meta-layouts":"set","ast-page-background-enabled":"default","ast-page-background-meta":{"desktop":{"background-color":"","background-image":"","background-repeat":"repeat","background-position":"center center","background-size":"auto","background-attachment":"scroll","background-type":"","background-media":"","overlay-type":"","overlay-color":"","overlay-opacity":"","overlay-gradient":""},"tablet":{"background-color":"","background-image":"","background-repeat":"repeat","background-position":"center center","background-size":"auto","background-attachment":"scroll","background-type":"","background-media":"","overlay-type":"","overlay-color":"","overlay-opacity":"","overlay-gradient":""},"mobile":{"background-color":"","background-image":"","background-repeat":"repeat","background-position":"center center","background-size":"auto","background-attachment":"scroll","background-type":"","background-media":"","overlay-type":"","overlay-color":"","overlay-opacity":"","overlay-gradient":""}},"ast-content-background-meta":{"desktop":{"background-color":"var(--ast-global-color-5)","background-image":"","background-repeat":"repeat","background-position":"center center","background-size":"auto","background-attachment":"scroll","background-type":"","background-media":"","overlay-type":"","overlay-color":"","overlay-opacity":"","overlay-gradient":""},"tablet":{"background-color":"var(--ast-global-color-5)","background-image":"","background-repeat":"repeat","background-position":"center center","background-size":"auto","background-attachment":"scroll","background-type":"","background-media":"","overlay-type":"","overlay-color":"","overlay-opacity":"","overlay-gradient":""},"mobile":{"background-color":"var(--ast-global-color-5)","background-image":"","background-repeat":"repeat","background-position":"center center","background-size":"auto","background-attachment":"scroll","background-type":"","background-media":"","overlay-type":"","overlay-color":"","overlay-opacity":"","overlay-gradient":""}}},"product_cat":[43],"product_tag":[],"class_list":{"0":"post-4652","1":"product","2":"type-product","3":"status-publish","4":"has-post-thumbnail","6":"product_cat-wall-charger","7":"desktop-align-center","8":"tablet-align-center","9":"mobile-align-center","11":"first","12":"instock","13":"shipping-taxable","14":"purchasable","15":"product-type-simple"},"_links":{"self":[{"href":"https:\/\/imiapower.com\/vi\/wp-json\/wp\/v2\/product\/4652","targetHints":{"allow":["GET"]}}],"collection":[{"href":"https:\/\/imiapower.com\/vi\/wp-json\/wp\/v2\/product"}],"about":[{"href":"https:\/\/imiapower.com\/vi\/wp-json\/wp\/v2\/types\/product"}],"replies":[{"embeddable":true,"href":"https:\/\/imiapower.com\/vi\/wp-json\/wp\/v2\/comments?post=4652"}],"version-history":[{"count":4,"href":"https:\/\/imiapower.com\/vi\/wp-json\/wp\/v2\/product\/4652\/revisions"}],"predecessor-version":[{"id":8288,"href":"https:\/\/imiapower.com\/vi\/wp-json\/wp\/v2\/product\/4652\/revisions\/8288"}],"wp:featuredmedia":[{"embeddable":true,"href":"https:\/\/imiapower.com\/vi\/wp-json\/wp\/v2\/media\/4584"}],"wp:attachment":[{"href":"https:\/\/imiapower.com\/vi\/wp-json\/wp\/v2\/media?parent=4652"}],"wp:term":[{"taxonomy":"product_cat","embeddable":true,"href":"https:\/\/imiapower.com\/vi\/wp-json\/wp\/v2\/product_cat?post=4652"},{"taxonomy":"product_tag","embeddable":true,"href":"https:\/\/imiapower.com\/vi\/wp-json\/wp\/v2\/product_tag?post=4652"}],"curies":[{"name":"trang web","href":"https:\/\/api.w.org\/{rel}","templated":true}]}}