{"id":4653,"date":"2023-03-04T00:24:05","date_gmt":"2023-03-04T00:24:05","guid":{"rendered":"https:\/\/imia.com.cn\/?post_type=product&#038;p=4653"},"modified":"2024-11-30T09:16:54","modified_gmt":"2024-11-30T09:16:54","slug":"usb-charger-with-display","status":"publish","type":"product","link":"https:\/\/imiapower.com\/vi\/products\/wall-charger\/usb-charger-with-display\/","title":{"rendered":"s\u1ea1c usb \u0111\u1eb9p c\u00f3 m\u00e0n h\u00ecnh 12v"},"content":{"rendered":"<ul>\n<li><strong>B\u1ed9 s\u1ea1c USB c\u00f3 m\u00e0n h\u00ecnh<\/strong><\/li>\n<li><strong>\u0111\u1ea7u ra<\/strong>: 5V2.4A 12WMax<\/li>\n<li><strong>\u0110i\u1ec7n \u00e1p \u0111\u1ea7u v\u00e0o:<\/strong>100-240V<\/li>\n<li><strong>T\u1ea7n s\u1ed1 \u0111\u1ea7u v\u00e0o:<\/strong>50\/60Hz<\/li>\n<li><strong>L\u1edbp n\u0103ng l\u01b0\u1ee3ng: <\/strong>VI<\/li>\n<li><strong>Ch\u1ee9ng nh\u1eadn an to\u00e0n: <\/strong>EN62368:FCC\/CCC<\/li>\n<li><strong>K\u00edch th\u01b0\u1edbc ch\u00e2n g\u1ea5p US\/CN\/JP:<\/strong> 60*26*40mm<\/li>\n<\/ul>","protected":false},"excerpt":{"rendered":"<p>B\u1ed9 s\u1ea1c m\u00e0n h\u00ecnh k\u1ef9 thu\u1eadt s\u1ed1 c\u00f3 th\u1ec3 hi\u1ec3n th\u1ecb \u0111i\u1ec7n \u00e1p v\u00e0 d\u00f2ng \u0111i\u1ec7n trong khi s\u1ea1c, t\u1ef1 \u0111\u1ed9ng t\u1eaft ngu\u1ed3n sau khi s\u1ea1c \u0111\u1ea7y, s\u1ea3n ph\u1ea9m n\u00e0y b\u00e1n \u0111\u01b0\u1ee3c v\u00e0i n\u0103m \u1edf th\u1ecb tr\u01b0\u1eddng trong n\u01b0\u1edbc v\u00e0 th\u1ecb tr\u01b0\u1eddng n\u01b0\u1edbc ngo\u00e0i<\/p>\n<p>Tr\u01b0\u1edbc khi \u0111i ng\u1ee7 ch\u00fang ta s\u1ea1c \u0111i\u1ec7n tho\u1ea1i, s\u1ea1c \u0111\u1ea7y pin s\u1ebd t\u1ef1 \u0111\u1ed9ng t\u1eaft, s\u00e1ng d\u1eady ki\u1ec3m tra \u0111i\u1ec7n tho\u1ea1i \u0111\u1ea7y pin r\u1ed3i kh\u00f4ng s\u1ea1c n\u1eefa.<\/p>\n<p>B\u1ed9 s\u1ea1c USB c\u00f3 m\u00e0n h\u00ecnh n\u00e0y kh\u00f4ng ch\u1ec9 hi\u1ec3n th\u1ecb v\u00e0 t\u00ednh n\u0103ng t\u1ef1 \u0111\u1ed9ng ng\u1eaft c\u1ee7a b\u1ed9 s\u1ea1c n\u00e0y, thi\u1ebft k\u1ebf c\u1ee7a b\u1ed9 s\u1ea1c n\u00e0y c\u0169ng \u0111\u1eb9p, kh\u00f4ng gi\u1ed1ng nh\u01b0 b\u1ed9 s\u1ea1c th\u00f4ng th\u01b0\u1eddng tr\u00ean th\u1ecb tr\u01b0\u1eddng, b\u1ed9 s\u1ea1c n\u00e0y bao g\u1ed3m 8 b\u1ed9 khu\u00f4n, chi ph\u00ed ph\u00e1t tri\u1ec3n c\u0169ng cao v\u00e0 l\u00e0m cho b\u1ed9 s\u1ea1c n\u00e0y n\u1ed5i b\u1eadt<\/p>\n<p>https:\/\/www.youtube.com\/embed\/tlPwMeR-arw<\/p>","protected":false},"featured_media":4583,"comment_status":"closed","ping_status":"closed","template":"","meta":{"rank_math_lock_modified_date":false,"site-sidebar-layout":"default","site-content-layout":"default","ast-site-content-layout":"default","site-content-style":"default","site-sidebar-style":"default","ast-global-header-display":"","ast-banner-title-visibility":"","ast-main-header-display":"","ast-hfb-above-header-display":"","ast-hfb-below-header-display":"","ast-hfb-mobile-header-display":"","site-post-title":"","ast-breadcrumbs-content":"","ast-featured-img":"","footer-sml-layout":"","ast-disable-related-posts":"","theme-transparent-header-meta":"default","adv-header-id-meta":"","stick-header-meta":"","header-above-stick-meta":"","header-main-stick-meta":"","header-below-stick-meta":"","astra-migrate-meta-layouts":"set","ast-page-background-enabled":"default","ast-page-background-meta":{"desktop":{"background-color":"","background-image":"","background-repeat":"repeat","background-position":"center center","background-size":"auto","background-attachment":"scroll","background-type":"","background-media":"","overlay-type":"","overlay-color":"","overlay-opacity":"","overlay-gradient":""},"tablet":{"background-color":"","background-image":"","background-repeat":"repeat","background-position":"center center","background-size":"auto","background-attachment":"scroll","background-type":"","background-media":"","overlay-type":"","overlay-color":"","overlay-opacity":"","overlay-gradient":""},"mobile":{"background-color":"","background-image":"","background-repeat":"repeat","background-position":"center center","background-size":"auto","background-attachment":"scroll","background-type":"","background-media":"","overlay-type":"","overlay-color":"","overlay-opacity":"","overlay-gradient":""}},"ast-content-background-meta":{"desktop":{"background-color":"var(--ast-global-color-5)","background-image":"","background-repeat":"repeat","background-position":"center center","background-size":"auto","background-attachment":"scroll","background-type":"","background-media":"","overlay-type":"","overlay-color":"","overlay-opacity":"","overlay-gradient":""},"tablet":{"background-color":"var(--ast-global-color-5)","background-image":"","background-repeat":"repeat","background-position":"center center","background-size":"auto","background-attachment":"scroll","background-type":"","background-media":"","overlay-type":"","overlay-color":"","overlay-opacity":"","overlay-gradient":""},"mobile":{"background-color":"var(--ast-global-color-5)","background-image":"","background-repeat":"repeat","background-position":"center center","background-size":"auto","background-attachment":"scroll","background-type":"","background-media":"","overlay-type":"","overlay-color":"","overlay-opacity":"","overlay-gradient":""}}},"product_cat":[43],"product_tag":[],"class_list":{"0":"post-4653","1":"product","2":"type-product","3":"status-publish","4":"has-post-thumbnail","6":"product_cat-wall-charger","7":"desktop-align-center","8":"tablet-align-center","9":"mobile-align-center","11":"first","12":"instock","13":"shipping-taxable","14":"purchasable","15":"product-type-simple"},"_links":{"self":[{"href":"https:\/\/imiapower.com\/vi\/wp-json\/wp\/v2\/product\/4653","targetHints":{"allow":["GET"]}}],"collection":[{"href":"https:\/\/imiapower.com\/vi\/wp-json\/wp\/v2\/product"}],"about":[{"href":"https:\/\/imiapower.com\/vi\/wp-json\/wp\/v2\/types\/product"}],"replies":[{"embeddable":true,"href":"https:\/\/imiapower.com\/vi\/wp-json\/wp\/v2\/comments?post=4653"}],"version-history":[{"count":5,"href":"https:\/\/imiapower.com\/vi\/wp-json\/wp\/v2\/product\/4653\/revisions"}],"predecessor-version":[{"id":8585,"href":"https:\/\/imiapower.com\/vi\/wp-json\/wp\/v2\/product\/4653\/revisions\/8585"}],"wp:featuredmedia":[{"embeddable":true,"href":"https:\/\/imiapower.com\/vi\/wp-json\/wp\/v2\/media\/4583"}],"wp:attachment":[{"href":"https:\/\/imiapower.com\/vi\/wp-json\/wp\/v2\/media?parent=4653"}],"wp:term":[{"taxonomy":"product_cat","embeddable":true,"href":"https:\/\/imiapower.com\/vi\/wp-json\/wp\/v2\/product_cat?post=4653"},{"taxonomy":"product_tag","embeddable":true,"href":"https:\/\/imiapower.com\/vi\/wp-json\/wp\/v2\/product_tag?post=4653"}],"curies":[{"name":"trang web","href":"https:\/\/api.w.org\/{rel}","templated":true}]}}