{"id":4655,"date":"2023-03-04T00:24:05","date_gmt":"2023-03-04T00:24:05","guid":{"rendered":"https:\/\/imia.com.cn\/?post_type=product&#038;p=4655"},"modified":"2024-07-25T06:30:23","modified_gmt":"2024-07-25T06:30:23","slug":"fast-phone-charger","status":"publish","type":"product","link":"https:\/\/imiapower.com\/vi\/products\/wall-charger\/fast-phone-charger\/","title":{"rendered":"B\u1ed9 s\u1ea1c \u0111i\u1ec7n tho\u1ea1i nhanh c\u00f3 th\u1ec3 g\u1eadp l\u1ea1i 18w"},"content":{"rendered":"<ul>\n<li><strong>s\u1ea1c \u0111i\u1ec7n tho\u1ea1i nhanh<\/strong><\/li>\n<li><strong>\u0110\u1ea7u ra:<\/strong>T\u1ed1i \u0111a 5V3A\/9V2A\/12V1.5A QC18W<\/li>\n<li><strong>\u0110i\u1ec7n \u00e1p \u0111\u1ea7u v\u00e0o:<\/strong>100-240V<\/li>\n<li><strong>T\u1ea7n s\u1ed1 \u0111\u1ea7u v\u00e0o:<\/strong>50\/60Hz<\/li>\n<li><strong>L\u1edbp n\u0103ng l\u01b0\u1ee3ng:<\/strong>VI<\/li>\n<li><strong>Ch\u1ee9ng nh\u1eadn an to\u00e0n:<\/strong>EN62368: FCC\/CCC<\/li>\n<li><strong>K\u00edch th\u01b0\u1edbc ch\u00e2n g\u1ea5p US\/CN\/JP:<\/strong>56*44*30mm<\/li>\n<\/ul>","protected":false},"excerpt":{"rendered":"<p>H\u1ed7 tr\u1ee3 c\u00f4ng ngh\u1ec7 Qualcomm Quick Charge 3.0 v\u00e0 cung c\u1ea5p c\u00f4ng su\u1ea5t l\u00ean t\u1edbi 18w<\/p>\n<p>B\u1ed9 s\u1ea1c QC3.0 t\u01b0\u01a1ng th\u00edch ng\u01b0\u1ee3c v\u1edbi c\u00e1c thi\u1ebft b\u1ecb s\u1eed d\u1ee5ng Quick Charge 2.0 v\u00e0 1.0. Ch\u00fang c\u0169ng t\u01b0\u01a1ng th\u00edch v\u1edbi s\u1ea1c USB ti\u00eau chu\u1ea9n, m\u1eb7c d\u00f9 kh\u00f4ng c\u00f3 l\u1ee3i \u00edch s\u1ea1c nhanh.<\/p>","protected":false},"featured_media":4589,"comment_status":"closed","ping_status":"closed","template":"","meta":{"rank_math_lock_modified_date":false,"site-sidebar-layout":"default","site-content-layout":"default","ast-site-content-layout":"default","site-content-style":"default","site-sidebar-style":"default","ast-global-header-display":"","ast-banner-title-visibility":"","ast-main-header-display":"","ast-hfb-above-header-display":"","ast-hfb-below-header-display":"","ast-hfb-mobile-header-display":"","site-post-title":"","ast-breadcrumbs-content":"","ast-featured-img":"","footer-sml-layout":"","ast-disable-related-posts":"","theme-transparent-header-meta":"default","adv-header-id-meta":"","stick-header-meta":"","header-above-stick-meta":"","header-main-stick-meta":"","header-below-stick-meta":"","astra-migrate-meta-layouts":"set","ast-page-background-enabled":"default","ast-page-background-meta":{"desktop":{"background-color":"","background-image":"","background-repeat":"repeat","background-position":"center center","background-size":"auto","background-attachment":"scroll","background-type":"","background-media":"","overlay-type":"","overlay-color":"","overlay-opacity":"","overlay-gradient":""},"tablet":{"background-color":"","background-image":"","background-repeat":"repeat","background-position":"center center","background-size":"auto","background-attachment":"scroll","background-type":"","background-media":"","overlay-type":"","overlay-color":"","overlay-opacity":"","overlay-gradient":""},"mobile":{"background-color":"","background-image":"","background-repeat":"repeat","background-position":"center center","background-size":"auto","background-attachment":"scroll","background-type":"","background-media":"","overlay-type":"","overlay-color":"","overlay-opacity":"","overlay-gradient":""}},"ast-content-background-meta":{"desktop":{"background-color":"var(--ast-global-color-5)","background-image":"","background-repeat":"repeat","background-position":"center center","background-size":"auto","background-attachment":"scroll","background-type":"","background-media":"","overlay-type":"","overlay-color":"","overlay-opacity":"","overlay-gradient":""},"tablet":{"background-color":"var(--ast-global-color-5)","background-image":"","background-repeat":"repeat","background-position":"center center","background-size":"auto","background-attachment":"scroll","background-type":"","background-media":"","overlay-type":"","overlay-color":"","overlay-opacity":"","overlay-gradient":""},"mobile":{"background-color":"var(--ast-global-color-5)","background-image":"","background-repeat":"repeat","background-position":"center center","background-size":"auto","background-attachment":"scroll","background-type":"","background-media":"","overlay-type":"","overlay-color":"","overlay-opacity":"","overlay-gradient":""}}},"product_cat":[43],"product_tag":[],"class_list":{"0":"post-4655","1":"product","2":"type-product","3":"status-publish","4":"has-post-thumbnail","6":"product_cat-wall-charger","7":"desktop-align-center","8":"tablet-align-center","9":"mobile-align-center","11":"first","12":"instock","13":"shipping-taxable","14":"purchasable","15":"product-type-simple"},"_links":{"self":[{"href":"https:\/\/imiapower.com\/vi\/wp-json\/wp\/v2\/product\/4655","targetHints":{"allow":["GET"]}}],"collection":[{"href":"https:\/\/imiapower.com\/vi\/wp-json\/wp\/v2\/product"}],"about":[{"href":"https:\/\/imiapower.com\/vi\/wp-json\/wp\/v2\/types\/product"}],"replies":[{"embeddable":true,"href":"https:\/\/imiapower.com\/vi\/wp-json\/wp\/v2\/comments?post=4655"}],"version-history":[{"count":2,"href":"https:\/\/imiapower.com\/vi\/wp-json\/wp\/v2\/product\/4655\/revisions"}],"predecessor-version":[{"id":8147,"href":"https:\/\/imiapower.com\/vi\/wp-json\/wp\/v2\/product\/4655\/revisions\/8147"}],"wp:featuredmedia":[{"embeddable":true,"href":"https:\/\/imiapower.com\/vi\/wp-json\/wp\/v2\/media\/4589"}],"wp:attachment":[{"href":"https:\/\/imiapower.com\/vi\/wp-json\/wp\/v2\/media?parent=4655"}],"wp:term":[{"taxonomy":"product_cat","embeddable":true,"href":"https:\/\/imiapower.com\/vi\/wp-json\/wp\/v2\/product_cat?post=4655"},{"taxonomy":"product_tag","embeddable":true,"href":"https:\/\/imiapower.com\/vi\/wp-json\/wp\/v2\/product_tag?post=4655"}],"curies":[{"name":"trang web","href":"https:\/\/api.w.org\/{rel}","templated":true}]}}