{"id":4661,"date":"2023-03-04T00:24:05","date_gmt":"2023-03-04T00:24:05","guid":{"rendered":"https:\/\/imia.com.cn\/?post_type=product&#038;p=4661"},"modified":"2024-08-16T09:00:33","modified_gmt":"2024-08-16T09:00:33","slug":"45w-wall-charger","status":"publish","type":"product","link":"https:\/\/imiapower.com\/vi\/products\/wall-charger\/45w-wall-charger\/","title":{"rendered":"B\u1ed9 s\u1ea1c t\u01b0\u1eddng 45W gi\u00e1 r\u1ebb t\u1eeb nh\u00e0 cung c\u1ea5p Trung Qu\u1ed1c"},"content":{"rendered":"<ul>\n<li><strong>B\u1ed9 s\u1ea1c t\u01b0\u1eddng 45W<\/strong><\/li>\n<li><strong>\u0110\u1ea7u ra:<\/strong> A+C t\u1ed1i \u0111a 45W<\/li>\n<li><strong>Lo\u1ea1i-C:<\/strong> 5V3A\/9V3A\/12V3A\/15V3A\/20V2.25A PD45W<\/li>\n<li><strong>USB-A:<\/strong>5V3A\/9V2A\/12V1.5A QC18W<\/li>\n<li><strong>\u0110\u1ea7u ra k\u00e9p:<\/strong>5V4A<\/li>\n<li><strong>\u0110i\u1ec7n \u00e1p \u0111\u1ea7u v\u00e0o:<\/strong> 100-240V<\/li>\n<li><strong>T\u1ea7n s\u1ed1 \u0111\u1ea7u v\u00e0o:<\/strong> 50\/60Hz<\/li>\n<li><strong>L\u1edbp n\u0103ng l\u01b0\u1ee3ng:<\/strong> VI<\/li>\n<li><strong>Ch\u1ee9ng nh\u1eadn an to\u00e0n:<\/strong> EN62368: FCC\/CE\/SAA<\/li>\n<li><strong>K\u00edch th\u01b0\u1edbc M\u1ef9\/CN\/JP:<\/strong> 60*26*40mm<\/li>\n<li><strong>K\u00edch th\u01b0\u1edbc EU\/KR:<\/strong> 80*27*40mm<\/li>\n<li><strong>K\u00edch th\u01b0\u1edbc V\u01b0\u01a1ng qu\u1ed1c Anh:<\/strong> 75*27*39.5mm<\/li>\n<\/ul>","protected":false},"excerpt":{"rendered":"<p>B\u1ed9 s\u1ea1c USB 45W l\u00e0 lo\u1ea1i s\u1ea1c b\u00e1n ch\u1ea1y nh\u1ea5t n\u0103m nay v\u00ec n\u00f3 s\u1ea1c nhanh, gi\u00e1 kh\u00f4ng qu\u00e1 cao, c\u00f3 th\u1ec3 s\u1eed d\u1ee5ng cho \u0111i\u1ec7n tho\u1ea1i th\u00f4ng minh v\u00e0 m\u00e1y t\u00ednh x\u00e1ch tay \u0111\u1ec3 s\u1ea1c nhanh.<\/p>\n<p>H\u1ea7u h\u1ebft c\u00e1c \u0111i\u1ec7n tho\u1ea1i th\u00f4ng minh v\u00e0 m\u00e1y t\u00ednh b\u1ea3ng hi\u1ec7n \u0111\u1ea1i \u0111\u1ec1u h\u1ed7 tr\u1ee3 s\u1ea1c nhanh qua USB-C v\u00e0 b\u1ed9 s\u1ea1c t\u01b0\u1eddng 45W n\u00e0y c\u00f3 th\u1ec3 s\u1ea1c l\u1ea1i nhanh ch\u00f3ng c\u00e1c thi\u1ebft b\u1ecb n\u00e0y.<\/p>\n<p>Nhi\u1ec1u m\u00e1y t\u00ednh x\u00e1ch tay si\u00eau m\u1ecfng (nh\u01b0 MacBook Air, Dell XPS 13 ho\u1eb7c Microsoft Surface) c\u00f3 th\u1ec3 s\u1ea1c b\u1eb1ng b\u1ed9 s\u1ea1c USB-C 45W<\/p>","protected":false},"featured_media":4586,"comment_status":"closed","ping_status":"closed","template":"","meta":{"rank_math_lock_modified_date":false,"site-sidebar-layout":"default","site-content-layout":"default","ast-site-content-layout":"default","site-content-style":"default","site-sidebar-style":"default","ast-global-header-display":"","ast-banner-title-visibility":"","ast-main-header-display":"","ast-hfb-above-header-display":"","ast-hfb-below-header-display":"","ast-hfb-mobile-header-display":"","site-post-title":"","ast-breadcrumbs-content":"","ast-featured-img":"","footer-sml-layout":"","ast-disable-related-posts":"","theme-transparent-header-meta":"default","adv-header-id-meta":"","stick-header-meta":"","header-above-stick-meta":"","header-main-stick-meta":"","header-below-stick-meta":"","astra-migrate-meta-layouts":"set","ast-page-background-enabled":"default","ast-page-background-meta":{"desktop":{"background-color":"","background-image":"","background-repeat":"repeat","background-position":"center center","background-size":"auto","background-attachment":"scroll","background-type":"","background-media":"","overlay-type":"","overlay-color":"","overlay-opacity":"","overlay-gradient":""},"tablet":{"background-color":"","background-image":"","background-repeat":"repeat","background-position":"center center","background-size":"auto","background-attachment":"scroll","background-type":"","background-media":"","overlay-type":"","overlay-color":"","overlay-opacity":"","overlay-gradient":""},"mobile":{"background-color":"","background-image":"","background-repeat":"repeat","background-position":"center center","background-size":"auto","background-attachment":"scroll","background-type":"","background-media":"","overlay-type":"","overlay-color":"","overlay-opacity":"","overlay-gradient":""}},"ast-content-background-meta":{"desktop":{"background-color":"var(--ast-global-color-5)","background-image":"","background-repeat":"repeat","background-position":"center center","background-size":"auto","background-attachment":"scroll","background-type":"","background-media":"","overlay-type":"","overlay-color":"","overlay-opacity":"","overlay-gradient":""},"tablet":{"background-color":"var(--ast-global-color-5)","background-image":"","background-repeat":"repeat","background-position":"center center","background-size":"auto","background-attachment":"scroll","background-type":"","background-media":"","overlay-type":"","overlay-color":"","overlay-opacity":"","overlay-gradient":""},"mobile":{"background-color":"var(--ast-global-color-5)","background-image":"","background-repeat":"repeat","background-position":"center center","background-size":"auto","background-attachment":"scroll","background-type":"","background-media":"","overlay-type":"","overlay-color":"","overlay-opacity":"","overlay-gradient":""}}},"product_cat":[43],"product_tag":[],"class_list":{"0":"post-4661","1":"product","2":"type-product","3":"status-publish","4":"has-post-thumbnail","6":"product_cat-wall-charger","7":"desktop-align-center","8":"tablet-align-center","9":"mobile-align-center","11":"first","12":"instock","13":"shipping-taxable","14":"purchasable","15":"product-type-simple"},"_links":{"self":[{"href":"https:\/\/imiapower.com\/vi\/wp-json\/wp\/v2\/product\/4661","targetHints":{"allow":["GET"]}}],"collection":[{"href":"https:\/\/imiapower.com\/vi\/wp-json\/wp\/v2\/product"}],"about":[{"href":"https:\/\/imiapower.com\/vi\/wp-json\/wp\/v2\/types\/product"}],"replies":[{"embeddable":true,"href":"https:\/\/imiapower.com\/vi\/wp-json\/wp\/v2\/comments?post=4661"}],"version-history":[{"count":4,"href":"https:\/\/imiapower.com\/vi\/wp-json\/wp\/v2\/product\/4661\/revisions"}],"predecessor-version":[{"id":8280,"href":"https:\/\/imiapower.com\/vi\/wp-json\/wp\/v2\/product\/4661\/revisions\/8280"}],"wp:featuredmedia":[{"embeddable":true,"href":"https:\/\/imiapower.com\/vi\/wp-json\/wp\/v2\/media\/4586"}],"wp:attachment":[{"href":"https:\/\/imiapower.com\/vi\/wp-json\/wp\/v2\/media?parent=4661"}],"wp:term":[{"taxonomy":"product_cat","embeddable":true,"href":"https:\/\/imiapower.com\/vi\/wp-json\/wp\/v2\/product_cat?post=4661"},{"taxonomy":"product_tag","embeddable":true,"href":"https:\/\/imiapower.com\/vi\/wp-json\/wp\/v2\/product_tag?post=4661"}],"curies":[{"name":"trang web","href":"https:\/\/api.w.org\/{rel}","templated":true}]}}