{"id":4663,"date":"2023-03-04T00:24:06","date_gmt":"2023-03-04T00:24:06","guid":{"rendered":"https:\/\/imia.com.cn\/?post_type=product&#038;p=4663"},"modified":"2025-09-30T03:25:26","modified_gmt":"2025-09-30T03:25:26","slug":"usb-c-laptop-charger","status":"publish","type":"product","link":"https:\/\/imiapower.com\/vi\/products\/power-adapter\/usb-c-laptop-charger\/","title":{"rendered":"Kh\u00e1m ph\u00e1 s\u1ea1c laptop usb c 65w"},"content":{"rendered":"<ul>\n<li><strong>B\u1ed9 s\u1ea1c m\u00e1y t\u00ednh x\u00e1ch tay USB C<\/strong><\/li>\n<li><strong>\u0110\u1ea7u ra\uff1a<\/strong>5V-20V 65W T\u1ed1i \u0111a<\/li>\n<li><strong>\u0110i\u1ec7n \u00e1p \u0111\u1ea7u v\u00e0o:<\/strong> 100-240V<\/li>\n<li><strong>T\u1ea7n s\u1ed1 \u0111\u1ea7u v\u00e0o:<\/strong> 50\/60Hz<\/li>\n<li><strong>L\u1edbp n\u0103ng l\u01b0\u1ee3ng:<\/strong> VI<\/li>\n<li><strong>Ch\u1ee9ng nh\u1eadn an to\u00e0n:<\/strong> EN62368: CE<\/li>\n<li><strong>Th\u1eddi gian s\u1ea3n su\u1ea5t:<\/strong> 25-30 ng\u00e0y<\/li>\n<li><strong>V\u1eadt li\u1ec7u:<\/strong> m\u00e1y t\u00ednh<\/li>\n<li><strong>C\u00e1p:<\/strong> 1,5m<\/li>\n<li><strong>Nh\u1eadn x\u00e9t: <\/strong>Th\u00edch h\u1ee3p cho t\u1ea5t c\u1ea3 c\u00e1c lo\u1ea1i \u0111i\u1ec7n tho\u1ea1i di \u0111\u1ed9ng v\u00e0 m\u00e1y t\u00ednh x\u00e1ch tay<\/li>\n<\/ul>","protected":false},"excerpt":{"rendered":"<p>B\u1ed9 chuy\u1ec3n \u0111\u1ed5i m\u00e1y t\u00ednh x\u00e1ch tay n\u00e0y c\u00f3 c\u00e1p USB, ch\u00fang t\u00f4i c\u0169ng cung c\u1ea5p nhi\u1ec1u ph\u00edch c\u1eafm kh\u00e1c nhau \u0111\u1ec3 \u0111\u00e1p \u1ee9ng c\u00e1c nh\u00e3n hi\u1ec7u m\u00e1y t\u00ednh x\u00e1ch tay kh\u00e1c nhau, s\u1ea1c nhanh l\u00e0 m\u1ed9t l\u1ef1a ch\u1ecdn t\u1ed1t \u0111\u1ec3 s\u1ea1c m\u00e1y t\u00ednh x\u00e1ch tay c\u1ee7a b\u1ea1n<\/p>","protected":false},"featured_media":4593,"comment_status":"closed","ping_status":"closed","template":"","meta":{"rank_math_lock_modified_date":false,"site-sidebar-layout":"default","site-content-layout":"default","ast-site-content-layout":"default","site-content-style":"default","site-sidebar-style":"default","ast-global-header-display":"","ast-banner-title-visibility":"","ast-main-header-display":"","ast-hfb-above-header-display":"","ast-hfb-below-header-display":"","ast-hfb-mobile-header-display":"","site-post-title":"","ast-breadcrumbs-content":"","ast-featured-img":"","footer-sml-layout":"","ast-disable-related-posts":"","theme-transparent-header-meta":"default","adv-header-id-meta":"","stick-header-meta":"","header-above-stick-meta":"","header-main-stick-meta":"","header-below-stick-meta":"","astra-migrate-meta-layouts":"set","ast-page-background-enabled":"default","ast-page-background-meta":{"desktop":{"background-color":"","background-image":"","background-repeat":"repeat","background-position":"center center","background-size":"auto","background-attachment":"scroll","background-type":"","background-media":"","overlay-type":"","overlay-color":"","overlay-opacity":"","overlay-gradient":""},"tablet":{"background-color":"","background-image":"","background-repeat":"repeat","background-position":"center center","background-size":"auto","background-attachment":"scroll","background-type":"","background-media":"","overlay-type":"","overlay-color":"","overlay-opacity":"","overlay-gradient":""},"mobile":{"background-color":"","background-image":"","background-repeat":"repeat","background-position":"center center","background-size":"auto","background-attachment":"scroll","background-type":"","background-media":"","overlay-type":"","overlay-color":"","overlay-opacity":"","overlay-gradient":""}},"ast-content-background-meta":{"desktop":{"background-color":"var(--ast-global-color-5)","background-image":"","background-repeat":"repeat","background-position":"center center","background-size":"auto","background-attachment":"scroll","background-type":"","background-media":"","overlay-type":"","overlay-color":"","overlay-opacity":"","overlay-gradient":""},"tablet":{"background-color":"var(--ast-global-color-5)","background-image":"","background-repeat":"repeat","background-position":"center center","background-size":"auto","background-attachment":"scroll","background-type":"","background-media":"","overlay-type":"","overlay-color":"","overlay-opacity":"","overlay-gradient":""},"mobile":{"background-color":"var(--ast-global-color-5)","background-image":"","background-repeat":"repeat","background-position":"center center","background-size":"auto","background-attachment":"scroll","background-type":"","background-media":"","overlay-type":"","overlay-color":"","overlay-opacity":"","overlay-gradient":""}}},"product_cat":[58],"product_tag":[],"class_list":{"0":"post-4663","1":"product","2":"type-product","3":"status-publish","4":"has-post-thumbnail","6":"product_cat-power-adapter","7":"desktop-align-center","8":"tablet-align-center","9":"mobile-align-center","11":"first","12":"instock","13":"shipping-taxable","14":"purchasable","15":"product-type-simple"},"_links":{"self":[{"href":"https:\/\/imiapower.com\/vi\/wp-json\/wp\/v2\/product\/4663","targetHints":{"allow":["GET"]}}],"collection":[{"href":"https:\/\/imiapower.com\/vi\/wp-json\/wp\/v2\/product"}],"about":[{"href":"https:\/\/imiapower.com\/vi\/wp-json\/wp\/v2\/types\/product"}],"replies":[{"embeddable":true,"href":"https:\/\/imiapower.com\/vi\/wp-json\/wp\/v2\/comments?post=4663"}],"version-history":[{"count":1,"href":"https:\/\/imiapower.com\/vi\/wp-json\/wp\/v2\/product\/4663\/revisions"}],"predecessor-version":[{"id":9377,"href":"https:\/\/imiapower.com\/vi\/wp-json\/wp\/v2\/product\/4663\/revisions\/9377"}],"wp:featuredmedia":[{"embeddable":true,"href":"https:\/\/imiapower.com\/vi\/wp-json\/wp\/v2\/media\/4593"}],"wp:attachment":[{"href":"https:\/\/imiapower.com\/vi\/wp-json\/wp\/v2\/media?parent=4663"}],"wp:term":[{"taxonomy":"product_cat","embeddable":true,"href":"https:\/\/imiapower.com\/vi\/wp-json\/wp\/v2\/product_cat?post=4663"},{"taxonomy":"product_tag","embeddable":true,"href":"https:\/\/imiapower.com\/vi\/wp-json\/wp\/v2\/product_tag?post=4663"}],"curies":[{"name":"trang web","href":"https:\/\/api.w.org\/{rel}","templated":true}]}}