{"id":4666,"date":"2023-03-04T00:24:06","date_gmt":"2023-03-04T00:24:06","guid":{"rendered":"https:\/\/imia.com.cn\/?post_type=product&#038;p=4666"},"modified":"2025-09-30T03:20:55","modified_gmt":"2025-09-30T03:20:55","slug":"12w-usb-power-adapter","status":"publish","type":"product","link":"https:\/\/imiapower.com\/vi\/products\/power-adapter\/12w-usb-power-adapter\/","title":{"rendered":"Qu\u00e0 t\u1eb7ng B\u1ed9 \u0111\u1ed5i ngu\u1ed3n USB 12w"},"content":{"rendered":"<ul>\n<li><strong>B\u1ed9 \u0111\u1ed5i ngu\u1ed3n USB 12w<\/strong><\/li>\n<li><strong>\u0110\u1ea7u ra:<\/strong> 5V1A\/5V2A\/ 5V2.4A 12W<\/li>\n<li><strong>\u0110i\u1ec7n \u00e1p \u0111\u1ea7u v\u00e0o:<\/strong> 100-240V<\/li>\n<li><strong>T\u1ea7n s\u1ed1 \u0111\u1ea7u v\u00e0o:<\/strong> 50\/60Hz<\/li>\n<li><strong>L\u1edbp n\u0103ng l\u01b0\u1ee3ng:<\/strong> VI<\/li>\n<li><strong>Ch\u1ee9ng nh\u1eadn an to\u00e0n:<\/strong> EN62368: FCC\/CE\/SAA<\/li>\n<li><strong>K\u00edch th\u01b0\u1edbc M\u1ef9\/CN\/JP:<\/strong> 60*26*40mm<\/li>\n<li><strong>K\u00edch th\u01b0\u1edbc EU\/KR:<\/strong> 80*27*40mm<\/li>\n<li><strong>K\u00edch th\u01b0\u1edbc V\u01b0\u01a1ng qu\u1ed1c Anh:<\/strong> 75*27*39.5mm<\/li>\n<\/ul>\n<div id=\"gtx-trans\" style=\"position: absolute; left: 296px; top: 283.625px;\">\n<div class=\"gtx-trans-icon\"><\/div>\n<\/div>","protected":false},"excerpt":{"rendered":"<p>B\u1ed9 \u0111\u1ed5i ngu\u1ed3n 12W v\u1edbi d\u00e2y c\u00e1p ph\u00f9 h\u1ee3p c\u00f3 th\u1ec3 c\u1ea5p ngu\u1ed3n hi\u1ec7u qu\u1ea3 cho nhi\u1ec1u lo\u1ea1i thi\u1ebft b\u1ecb nh\u1ecf, n\u00e2ng cao s\u1ef1 ti\u1ec7n l\u1ee3i v\u00e0 hi\u1ec7u qu\u1ea3. B\u1eb1ng c\u00e1ch \u0111\u1ea3m b\u1ea3o kh\u1ea3 n\u0103ng t\u01b0\u01a1ng th\u00edch v\u00e0 s\u1eed d\u1ee5ng c\u00e1c linh ki\u1ec7n ch\u1ea5t l\u01b0\u1ee3ng cao, ng\u01b0\u1eddi d\u00f9ng c\u00f3 th\u1ec3 s\u1ea1c v\u00e0 v\u1eadn h\u00e0nh thi\u1ebft b\u1ecb c\u1ee7a m\u00ecnh m\u1ed9t c\u00e1ch an to\u00e0n v\u00e0 \u0111\u00e1ng tin c\u1eady.<\/p>","protected":false},"featured_media":4595,"comment_status":"closed","ping_status":"closed","template":"","meta":{"rank_math_lock_modified_date":false,"site-sidebar-layout":"default","site-content-layout":"default","ast-site-content-layout":"default","site-content-style":"default","site-sidebar-style":"default","ast-global-header-display":"","ast-banner-title-visibility":"","ast-main-header-display":"","ast-hfb-above-header-display":"","ast-hfb-below-header-display":"","ast-hfb-mobile-header-display":"","site-post-title":"","ast-breadcrumbs-content":"","ast-featured-img":"","footer-sml-layout":"","ast-disable-related-posts":"","theme-transparent-header-meta":"default","adv-header-id-meta":"","stick-header-meta":"","header-above-stick-meta":"","header-main-stick-meta":"","header-below-stick-meta":"","astra-migrate-meta-layouts":"set","ast-page-background-enabled":"default","ast-page-background-meta":{"desktop":{"background-color":"","background-image":"","background-repeat":"repeat","background-position":"center center","background-size":"auto","background-attachment":"scroll","background-type":"","background-media":"","overlay-type":"","overlay-color":"","overlay-opacity":"","overlay-gradient":""},"tablet":{"background-color":"","background-image":"","background-repeat":"repeat","background-position":"center center","background-size":"auto","background-attachment":"scroll","background-type":"","background-media":"","overlay-type":"","overlay-color":"","overlay-opacity":"","overlay-gradient":""},"mobile":{"background-color":"","background-image":"","background-repeat":"repeat","background-position":"center center","background-size":"auto","background-attachment":"scroll","background-type":"","background-media":"","overlay-type":"","overlay-color":"","overlay-opacity":"","overlay-gradient":""}},"ast-content-background-meta":{"desktop":{"background-color":"var(--ast-global-color-5)","background-image":"","background-repeat":"repeat","background-position":"center center","background-size":"auto","background-attachment":"scroll","background-type":"","background-media":"","overlay-type":"","overlay-color":"","overlay-opacity":"","overlay-gradient":""},"tablet":{"background-color":"var(--ast-global-color-5)","background-image":"","background-repeat":"repeat","background-position":"center center","background-size":"auto","background-attachment":"scroll","background-type":"","background-media":"","overlay-type":"","overlay-color":"","overlay-opacity":"","overlay-gradient":""},"mobile":{"background-color":"var(--ast-global-color-5)","background-image":"","background-repeat":"repeat","background-position":"center center","background-size":"auto","background-attachment":"scroll","background-type":"","background-media":"","overlay-type":"","overlay-color":"","overlay-opacity":"","overlay-gradient":""}}},"product_cat":[58],"product_tag":[],"class_list":{"0":"post-4666","1":"product","2":"type-product","3":"status-publish","4":"has-post-thumbnail","6":"product_cat-power-adapter","7":"desktop-align-center","8":"tablet-align-center","9":"mobile-align-center","11":"first","12":"instock","13":"shipping-taxable","14":"purchasable","15":"product-type-simple"},"_links":{"self":[{"href":"https:\/\/imiapower.com\/vi\/wp-json\/wp\/v2\/product\/4666","targetHints":{"allow":["GET"]}}],"collection":[{"href":"https:\/\/imiapower.com\/vi\/wp-json\/wp\/v2\/product"}],"about":[{"href":"https:\/\/imiapower.com\/vi\/wp-json\/wp\/v2\/types\/product"}],"replies":[{"embeddable":true,"href":"https:\/\/imiapower.com\/vi\/wp-json\/wp\/v2\/comments?post=4666"}],"version-history":[{"count":1,"href":"https:\/\/imiapower.com\/vi\/wp-json\/wp\/v2\/product\/4666\/revisions"}],"predecessor-version":[{"id":8155,"href":"https:\/\/imiapower.com\/vi\/wp-json\/wp\/v2\/product\/4666\/revisions\/8155"}],"wp:featuredmedia":[{"embeddable":true,"href":"https:\/\/imiapower.com\/vi\/wp-json\/wp\/v2\/media\/4595"}],"wp:attachment":[{"href":"https:\/\/imiapower.com\/vi\/wp-json\/wp\/v2\/media?parent=4666"}],"wp:term":[{"taxonomy":"product_cat","embeddable":true,"href":"https:\/\/imiapower.com\/vi\/wp-json\/wp\/v2\/product_cat?post=4666"},{"taxonomy":"product_tag","embeddable":true,"href":"https:\/\/imiapower.com\/vi\/wp-json\/wp\/v2\/product_tag?post=4666"}],"curies":[{"name":"trang web","href":"https:\/\/api.w.org\/{rel}","templated":true}]}}