{"id":4668,"date":"2023-03-04T00:24:06","date_gmt":"2023-03-04T00:24:06","guid":{"rendered":"https:\/\/imia.com.cn\/?post_type=product&#038;p=4668"},"modified":"2024-07-25T07:43:43","modified_gmt":"2024-07-25T07:43:43","slug":"micro-usb-cable","status":"publish","type":"product","link":"https:\/\/imiapower.com\/vi\/products\/usb-cable\/micro-usb-cable\/","title":{"rendered":"Nh\u00e0 s\u1ea3n xu\u1ea5t c\u00e1p micro usb gi\u00e1 r\u1ebb t\u1ea1i Trung Qu\u1ed1c"},"content":{"rendered":"<ul>\n<li><strong>c\u00e1p micro USB<\/strong><\/li>\n<li><strong>C\u00e1p USB:<\/strong> USB-A \u0111\u1ebfn Micro 12WMax<\/li>\n<li><strong>S\u1ef1 ch\u1ec9 r\u00f5:<\/strong>1 tri\u1ec7u<\/li>\n<li><strong>M\u00e0u s\u1eafc: <\/strong>Tr\u1eafng \u0111en<\/li>\n<li><strong>V\u1eadt li\u1ec7u: <\/strong>TPE, d\u1ec7t, nylon<\/li>\n<li><strong>V\u1eadt li\u1ec7u c\u1eafm: <\/strong>USB \u0111\u1ed3ng c\u00f3 m\u00e0u t\u00edm.<\/li>\n<li><strong>Ch\u1ee9c n\u0103ng: <\/strong>Truy\u1ec1n d\u1eef li\u1ec7u, s\u1ea1c nhanh<\/li>\n<\/ul>","protected":false},"excerpt":{"rendered":"<p>M\u1eb7c d\u00f9 c\u00e1p micro ng\u00e0y c\u00e0ng \u00edt ph\u1ed5 bi\u1ebfn h\u01a1n c\u00e1p USB-C nh\u01b0ng ch\u00fang v\u1eabn c\u1ea7n thi\u1ebft cho nhi\u1ec1u thi\u1ebft b\u1ecb c\u0169 h\u01a1n v\u00e0 m\u1ed9t s\u1ed1 thi\u1ebft b\u1ecb nh\u1ecf c\u0169ng y\u00eau c\u1ea7u c\u00e1p Mirco \u0111\u01b0\u1ee3c b\u00e1n c\u00f9ng v\u1edbi s\u1ea3n ph\u1ea9m c\u1ee7a h\u1ecd.<\/p>\n<p>Vi\u1ec7c ch\u1ecdn c\u00e1p micro ch\u1ea5t l\u01b0\u1ee3ng cao v\u1edbi \u0111\u1ed9 d\u00e0i v\u00e0 t\u00ednh n\u0103ng ph\u00f9 h\u1ee3p s\u1ebd \u0111\u1ea3m b\u1ea3o qu\u00e1 tr\u00ecnh s\u1ea1c v\u00e0 truy\u1ec1n d\u1eef li\u1ec7u \u0111\u00e1ng tin c\u1eady.<\/p>\n<p>Cho d\u00f9 b\u1ea1n c\u1ea7n n\u00f3 cho \u0111i\u1ec7n tho\u1ea1i th\u00f4ng minh, m\u00e1y t\u00ednh b\u1ea3ng hay c\u00e1c thi\u1ebft b\u1ecb ngo\u1ea1i vi kh\u00e1c, m\u1ed9t s\u1ee3i c\u00e1p micro \u0111\u01b0\u1ee3c ch\u1ebf t\u1ea1o t\u1ed1t s\u1ebd ph\u1ee5c v\u1ee5 b\u1ea1n m\u1ed9t c\u00e1ch hi\u1ec7u qu\u1ea3<\/p>","protected":false},"featured_media":4597,"comment_status":"closed","ping_status":"closed","template":"","meta":{"rank_math_lock_modified_date":false,"site-sidebar-layout":"default","site-content-layout":"default","ast-site-content-layout":"default","site-content-style":"default","site-sidebar-style":"default","ast-global-header-display":"","ast-banner-title-visibility":"","ast-main-header-display":"","ast-hfb-above-header-display":"","ast-hfb-below-header-display":"","ast-hfb-mobile-header-display":"","site-post-title":"","ast-breadcrumbs-content":"","ast-featured-img":"","footer-sml-layout":"","ast-disable-related-posts":"","theme-transparent-header-meta":"default","adv-header-id-meta":"","stick-header-meta":"","header-above-stick-meta":"","header-main-stick-meta":"","header-below-stick-meta":"","astra-migrate-meta-layouts":"set","ast-page-background-enabled":"default","ast-page-background-meta":{"desktop":{"background-color":"","background-image":"","background-repeat":"repeat","background-position":"center center","background-size":"auto","background-attachment":"scroll","background-type":"","background-media":"","overlay-type":"","overlay-color":"","overlay-opacity":"","overlay-gradient":""},"tablet":{"background-color":"","background-image":"","background-repeat":"repeat","background-position":"center center","background-size":"auto","background-attachment":"scroll","background-type":"","background-media":"","overlay-type":"","overlay-color":"","overlay-opacity":"","overlay-gradient":""},"mobile":{"background-color":"","background-image":"","background-repeat":"repeat","background-position":"center center","background-size":"auto","background-attachment":"scroll","background-type":"","background-media":"","overlay-type":"","overlay-color":"","overlay-opacity":"","overlay-gradient":""}},"ast-content-background-meta":{"desktop":{"background-color":"var(--ast-global-color-5)","background-image":"","background-repeat":"repeat","background-position":"center center","background-size":"auto","background-attachment":"scroll","background-type":"","background-media":"","overlay-type":"","overlay-color":"","overlay-opacity":"","overlay-gradient":""},"tablet":{"background-color":"var(--ast-global-color-5)","background-image":"","background-repeat":"repeat","background-position":"center center","background-size":"auto","background-attachment":"scroll","background-type":"","background-media":"","overlay-type":"","overlay-color":"","overlay-opacity":"","overlay-gradient":""},"mobile":{"background-color":"var(--ast-global-color-5)","background-image":"","background-repeat":"repeat","background-position":"center center","background-size":"auto","background-attachment":"scroll","background-type":"","background-media":"","overlay-type":"","overlay-color":"","overlay-opacity":"","overlay-gradient":""}}},"product_cat":[60],"product_tag":[],"class_list":{"0":"post-4668","1":"product","2":"type-product","3":"status-publish","4":"has-post-thumbnail","6":"product_cat-usb-cable","7":"desktop-align-center","8":"tablet-align-center","9":"mobile-align-center","11":"first","12":"instock","13":"shipping-taxable","14":"purchasable","15":"product-type-simple"},"_links":{"self":[{"href":"https:\/\/imiapower.com\/vi\/wp-json\/wp\/v2\/product\/4668","targetHints":{"allow":["GET"]}}],"collection":[{"href":"https:\/\/imiapower.com\/vi\/wp-json\/wp\/v2\/product"}],"about":[{"href":"https:\/\/imiapower.com\/vi\/wp-json\/wp\/v2\/types\/product"}],"replies":[{"embeddable":true,"href":"https:\/\/imiapower.com\/vi\/wp-json\/wp\/v2\/comments?post=4668"}],"version-history":[{"count":3,"href":"https:\/\/imiapower.com\/vi\/wp-json\/wp\/v2\/product\/4668\/revisions"}],"predecessor-version":[{"id":8167,"href":"https:\/\/imiapower.com\/vi\/wp-json\/wp\/v2\/product\/4668\/revisions\/8167"}],"wp:featuredmedia":[{"embeddable":true,"href":"https:\/\/imiapower.com\/vi\/wp-json\/wp\/v2\/media\/4597"}],"wp:attachment":[{"href":"https:\/\/imiapower.com\/vi\/wp-json\/wp\/v2\/media?parent=4668"}],"wp:term":[{"taxonomy":"product_cat","embeddable":true,"href":"https:\/\/imiapower.com\/vi\/wp-json\/wp\/v2\/product_cat?post=4668"},{"taxonomy":"product_tag","embeddable":true,"href":"https:\/\/imiapower.com\/vi\/wp-json\/wp\/v2\/product_tag?post=4668"}],"curies":[{"name":"trang web","href":"https:\/\/api.w.org\/{rel}","templated":true}]}}