{"id":4669,"date":"2023-03-04T00:24:06","date_gmt":"2023-03-04T00:24:06","guid":{"rendered":"https:\/\/imia.com.cn\/?post_type=product&#038;p=4669"},"modified":"2024-07-25T07:49:43","modified_gmt":"2024-07-25T07:49:43","slug":"lightning-to-usb-cable","status":"publish","type":"product","link":"https:\/\/imiapower.com\/vi\/products\/usb-cable\/lightning-to-usb-cable\/","title":{"rendered":"C\u00e1p Lightning to USB m\u1ea1nh m\u1ebd t\u1eeb Trung Qu\u1ed1c"},"content":{"rendered":"<ul>\n<li><strong>b\u1eadt s\u00e1ng d\u00e2y c\u00e1p USB<\/strong><\/li>\n<li><strong>C\u00e1p s\u00e9t Huawei:<\/strong> USB-A sang Lightning t\u1ed1i \u0111a 20W<\/li>\n<li><strong>S\u1ef1 ch\u1ec9 r\u00f5:<\/strong> OD3.8, 1M<\/li>\n<li><strong>M\u00e0u s\u1eafc:<\/strong> Tr\u1eafng \u0111en.<\/li>\n<li><strong>V\u1eadt li\u1ec7u:<\/strong> TPE, d\u1ec7t, nylon.<\/li>\n<li><strong>V\u1eadt li\u1ec7u c\u1eafm:<\/strong> USB \u0111\u1ed3ng c\u00f3 m\u00e0u t\u00edm.<\/li>\n<li><strong>Ch\u1ee9c n\u0103ng:<\/strong> Truy\u1ec1n d\u1eef li\u1ec7u, s\u1ea1c nhanh<\/li>\n<\/ul>","protected":false},"excerpt":{"rendered":"<p>C\u00e1p Lightning to USB l\u00e0 ph\u1ee5 ki\u1ec7n thi\u1ebft y\u1ebfu \u0111\u1ec3 s\u1ea1c v\u00e0 \u0111\u1ed3ng b\u1ed9 h\u00f3a c\u00e1c thi\u1ebft b\u1ecb Apple. Vi\u1ec7c ch\u1ecdn c\u00e1p ch\u1ea5t l\u01b0\u1ee3ng cao \u0111\u1ea3m b\u1ea3o kh\u1ea3 n\u0103ng t\u01b0\u01a1ng th\u00edch v\u00e0 hi\u1ec7u su\u1ea5t \u0111\u00e1ng tin c\u1eady. V\u1edbi nhi\u1ec1u t\u00f9y ch\u1ecdn c\u00f3 s\u1eb5n v\u1edbi \u0111\u1ed9 d\u00e0i v\u00e0 ch\u1ea5t l\u01b0\u1ee3ng k\u1ebft c\u1ea5u kh\u00e1c nhau, b\u1ea1n c\u00f3 th\u1ec3 t\u00ecm th\u1ea5y m\u1ed9t lo\u1ea1i c\u00e1p ph\u00f9 h\u1ee3p v\u1edbi nhu c\u1ea7u s\u1eed d\u1ee5ng h\u00e0ng ng\u00e0y ho\u1eb7c \u0111i du l\u1ecbch c\u1ee7a m\u00ecnh<\/p>","protected":false},"featured_media":4598,"comment_status":"closed","ping_status":"closed","template":"","meta":{"rank_math_lock_modified_date":false,"site-sidebar-layout":"default","site-content-layout":"default","ast-site-content-layout":"default","site-content-style":"default","site-sidebar-style":"default","ast-global-header-display":"","ast-banner-title-visibility":"","ast-main-header-display":"","ast-hfb-above-header-display":"","ast-hfb-below-header-display":"","ast-hfb-mobile-header-display":"","site-post-title":"","ast-breadcrumbs-content":"","ast-featured-img":"","footer-sml-layout":"","ast-disable-related-posts":"","theme-transparent-header-meta":"default","adv-header-id-meta":"","stick-header-meta":"","header-above-stick-meta":"","header-main-stick-meta":"","header-below-stick-meta":"","astra-migrate-meta-layouts":"set","ast-page-background-enabled":"default","ast-page-background-meta":{"desktop":{"background-color":"","background-image":"","background-repeat":"repeat","background-position":"center center","background-size":"auto","background-attachment":"scroll","background-type":"","background-media":"","overlay-type":"","overlay-color":"","overlay-opacity":"","overlay-gradient":""},"tablet":{"background-color":"","background-image":"","background-repeat":"repeat","background-position":"center center","background-size":"auto","background-attachment":"scroll","background-type":"","background-media":"","overlay-type":"","overlay-color":"","overlay-opacity":"","overlay-gradient":""},"mobile":{"background-color":"","background-image":"","background-repeat":"repeat","background-position":"center center","background-size":"auto","background-attachment":"scroll","background-type":"","background-media":"","overlay-type":"","overlay-color":"","overlay-opacity":"","overlay-gradient":""}},"ast-content-background-meta":{"desktop":{"background-color":"var(--ast-global-color-5)","background-image":"","background-repeat":"repeat","background-position":"center center","background-size":"auto","background-attachment":"scroll","background-type":"","background-media":"","overlay-type":"","overlay-color":"","overlay-opacity":"","overlay-gradient":""},"tablet":{"background-color":"var(--ast-global-color-5)","background-image":"","background-repeat":"repeat","background-position":"center center","background-size":"auto","background-attachment":"scroll","background-type":"","background-media":"","overlay-type":"","overlay-color":"","overlay-opacity":"","overlay-gradient":""},"mobile":{"background-color":"var(--ast-global-color-5)","background-image":"","background-repeat":"repeat","background-position":"center center","background-size":"auto","background-attachment":"scroll","background-type":"","background-media":"","overlay-type":"","overlay-color":"","overlay-opacity":"","overlay-gradient":""}}},"product_cat":[60],"product_tag":[],"class_list":{"0":"post-4669","1":"product","2":"type-product","3":"status-publish","4":"has-post-thumbnail","6":"product_cat-usb-cable","7":"desktop-align-center","8":"tablet-align-center","9":"mobile-align-center","11":"first","12":"instock","13":"shipping-taxable","14":"purchasable","15":"product-type-simple"},"_links":{"self":[{"href":"https:\/\/imiapower.com\/vi\/wp-json\/wp\/v2\/product\/4669","targetHints":{"allow":["GET"]}}],"collection":[{"href":"https:\/\/imiapower.com\/vi\/wp-json\/wp\/v2\/product"}],"about":[{"href":"https:\/\/imiapower.com\/vi\/wp-json\/wp\/v2\/types\/product"}],"replies":[{"embeddable":true,"href":"https:\/\/imiapower.com\/vi\/wp-json\/wp\/v2\/comments?post=4669"}],"version-history":[{"count":2,"href":"https:\/\/imiapower.com\/vi\/wp-json\/wp\/v2\/product\/4669\/revisions"}],"predecessor-version":[{"id":8169,"href":"https:\/\/imiapower.com\/vi\/wp-json\/wp\/v2\/product\/4669\/revisions\/8169"}],"wp:featuredmedia":[{"embeddable":true,"href":"https:\/\/imiapower.com\/vi\/wp-json\/wp\/v2\/media\/4598"}],"wp:attachment":[{"href":"https:\/\/imiapower.com\/vi\/wp-json\/wp\/v2\/media?parent=4669"}],"wp:term":[{"taxonomy":"product_cat","embeddable":true,"href":"https:\/\/imiapower.com\/vi\/wp-json\/wp\/v2\/product_cat?post=4669"},{"taxonomy":"product_tag","embeddable":true,"href":"https:\/\/imiapower.com\/vi\/wp-json\/wp\/v2\/product_tag?post=4669"}],"curies":[{"name":"trang web","href":"https:\/\/api.w.org\/{rel}","templated":true}]}}