{"id":4670,"date":"2023-03-04T00:24:06","date_gmt":"2023-03-04T00:24:06","guid":{"rendered":"https:\/\/imia.com.cn\/?post_type=product&#038;p=4670"},"modified":"2024-11-15T09:16:34","modified_gmt":"2024-11-15T09:16:34","slug":"usb-c-to-lightning-cable","status":"publish","type":"product","link":"https:\/\/imiapower.com\/vi\/products\/usb-cable\/usb-c-to-lightning-cable\/","title":{"rendered":"Gi\u1ea3m gi\u00e1 c\u00e1p usb c sang Lightning"},"content":{"rendered":"<ul>\n<li><strong>C\u00e1p USB C sang Lightning<\/strong><\/li>\n<li><strong>C\u00e1p s\u1ea1c nhanh iPhone:<\/strong> Type-C t\u1edbi Lightning t\u1ed1i \u0111a 33W<\/li>\n<li><strong>S\u1ef1 ch\u1ec9 r\u00f5:<\/strong> 1 tri\u1ec7u<\/li>\n<li><strong>M\u00e0u s\u1eafc:<\/strong> Tr\u1eafng \u0111en.<\/li>\n<li><strong>V\u1eadt li\u1ec7u:<\/strong> TPE, d\u1ec7t, nylon.<\/li>\n<li><strong>V\u1eadt li\u1ec7u c\u1eafm:<\/strong> USB \u0111\u1ed3ng, Type-C 14pin.<\/li>\n<li><strong>Ch\u1ee9c n\u0103ng:<\/strong> Truy\u1ec1n d\u1eef li\u1ec7u, s\u1ea1c nhanh.<\/li>\n<\/ul>","protected":false},"excerpt":{"rendered":"<p>C\u00e1p USB-C to Lightning l\u00e0 ph\u1ee5 ki\u1ec7n \u0111a n\u0103ng v\u00e0 c\u1ea7n thi\u1ebft \u0111\u1ed1i v\u1edbi nhi\u1ec1u ng\u01b0\u1eddi d\u00f9ng thi\u1ebft b\u1ecb Apple. C\u00e1p n\u00e0y \u0111\u01b0\u1ee3c s\u1eed d\u1ee5ng \u0111\u1ec3 k\u1ebft n\u1ed1i c\u00e1c thi\u1ebft b\u1ecb c\u00f3 c\u1ed5ng Lightning, ch\u1eb3ng h\u1ea1n nh\u01b0 iPhone, iPad v\u00e0 iPod, v\u1edbi c\u00e1c thi\u1ebft b\u1ecb ho\u1eb7c b\u1ed9 \u0111\u1ed5i ngu\u1ed3n c\u00f3 c\u1ed5ng USB-C<\/p>","protected":false},"featured_media":4599,"comment_status":"closed","ping_status":"closed","template":"","meta":{"rank_math_lock_modified_date":false,"site-sidebar-layout":"default","site-content-layout":"default","ast-site-content-layout":"default","site-content-style":"default","site-sidebar-style":"default","ast-global-header-display":"","ast-banner-title-visibility":"","ast-main-header-display":"","ast-hfb-above-header-display":"","ast-hfb-below-header-display":"","ast-hfb-mobile-header-display":"","site-post-title":"","ast-breadcrumbs-content":"","ast-featured-img":"","footer-sml-layout":"","ast-disable-related-posts":"","theme-transparent-header-meta":"default","adv-header-id-meta":"","stick-header-meta":"","header-above-stick-meta":"","header-main-stick-meta":"","header-below-stick-meta":"","astra-migrate-meta-layouts":"set","ast-page-background-enabled":"default","ast-page-background-meta":{"desktop":{"background-color":"","background-image":"","background-repeat":"repeat","background-position":"center center","background-size":"auto","background-attachment":"scroll","background-type":"","background-media":"","overlay-type":"","overlay-color":"","overlay-opacity":"","overlay-gradient":""},"tablet":{"background-color":"","background-image":"","background-repeat":"repeat","background-position":"center center","background-size":"auto","background-attachment":"scroll","background-type":"","background-media":"","overlay-type":"","overlay-color":"","overlay-opacity":"","overlay-gradient":""},"mobile":{"background-color":"","background-image":"","background-repeat":"repeat","background-position":"center center","background-size":"auto","background-attachment":"scroll","background-type":"","background-media":"","overlay-type":"","overlay-color":"","overlay-opacity":"","overlay-gradient":""}},"ast-content-background-meta":{"desktop":{"background-color":"var(--ast-global-color-5)","background-image":"","background-repeat":"repeat","background-position":"center center","background-size":"auto","background-attachment":"scroll","background-type":"","background-media":"","overlay-type":"","overlay-color":"","overlay-opacity":"","overlay-gradient":""},"tablet":{"background-color":"var(--ast-global-color-5)","background-image":"","background-repeat":"repeat","background-position":"center center","background-size":"auto","background-attachment":"scroll","background-type":"","background-media":"","overlay-type":"","overlay-color":"","overlay-opacity":"","overlay-gradient":""},"mobile":{"background-color":"var(--ast-global-color-5)","background-image":"","background-repeat":"repeat","background-position":"center center","background-size":"auto","background-attachment":"scroll","background-type":"","background-media":"","overlay-type":"","overlay-color":"","overlay-opacity":"","overlay-gradient":""}}},"product_cat":[60],"product_tag":[],"class_list":{"0":"post-4670","1":"product","2":"type-product","3":"status-publish","4":"has-post-thumbnail","6":"product_cat-usb-cable","7":"desktop-align-center","8":"tablet-align-center","9":"mobile-align-center","11":"first","12":"instock","13":"shipping-taxable","14":"product-type-simple"},"_links":{"self":[{"href":"https:\/\/imiapower.com\/vi\/wp-json\/wp\/v2\/product\/4670","targetHints":{"allow":["GET"]}}],"collection":[{"href":"https:\/\/imiapower.com\/vi\/wp-json\/wp\/v2\/product"}],"about":[{"href":"https:\/\/imiapower.com\/vi\/wp-json\/wp\/v2\/types\/product"}],"replies":[{"embeddable":true,"href":"https:\/\/imiapower.com\/vi\/wp-json\/wp\/v2\/comments?post=4670"}],"version-history":[{"count":3,"href":"https:\/\/imiapower.com\/vi\/wp-json\/wp\/v2\/product\/4670\/revisions"}],"predecessor-version":[{"id":8158,"href":"https:\/\/imiapower.com\/vi\/wp-json\/wp\/v2\/product\/4670\/revisions\/8158"}],"wp:featuredmedia":[{"embeddable":true,"href":"https:\/\/imiapower.com\/vi\/wp-json\/wp\/v2\/media\/4599"}],"wp:attachment":[{"href":"https:\/\/imiapower.com\/vi\/wp-json\/wp\/v2\/media?parent=4670"}],"wp:term":[{"taxonomy":"product_cat","embeddable":true,"href":"https:\/\/imiapower.com\/vi\/wp-json\/wp\/v2\/product_cat?post=4670"},{"taxonomy":"product_tag","embeddable":true,"href":"https:\/\/imiapower.com\/vi\/wp-json\/wp\/v2\/product_tag?post=4670"}],"curies":[{"name":"trang web","href":"https:\/\/api.w.org\/{rel}","templated":true}]}}