{"id":5883,"date":"2023-03-24T03:11:06","date_gmt":"2023-03-24T03:11:06","guid":{"rendered":"https:\/\/imia.com.cn\/?post_type=product&#038;p=5883"},"modified":"2024-07-25T07:03:18","modified_gmt":"2024-07-25T07:03:18","slug":"usb-a-to-usb-c-cable","status":"publish","type":"product","link":"https:\/\/imiapower.com\/vi\/products\/usb-cable\/usb-a-to-usb-c-cable\/","title":{"rendered":"C\u00e1p usb a sang usb c hi\u1ec7u qu\u1ea3"},"content":{"rendered":"<ul>\n<li><strong>C\u00e1p USB a \u0111\u1ebfn USB C<\/strong><\/li>\n<li><strong>C\u00e1p s\u00e9t Huawei:<\/strong> USB-A \u0111\u1ebfn Type-C t\u1ed1i \u0111a 66W<\/li>\n<li><strong>S\u1ef1 ch\u1ec9 r\u00f5:<\/strong> OD3.8, 1M<\/li>\n<li><strong>M\u00e0u s\u1eafc:<\/strong> Tr\u1eafng \u0111en.<\/li>\n<li><strong>V\u1eadt li\u1ec7u:<\/strong> TPE, d\u1ec7t, nylon.<\/li>\n<li><strong>V\u1eadt li\u1ec7u c\u1eafm:<\/strong> USB \u0111\u1ed3ng c\u00f3 m\u00e0u t\u00edm.<\/li>\n<li><strong>Ch\u1ee9c n\u0103ng:<\/strong> truy\u1ec1n d\u1eef li\u1ec7u, s\u1ea1c nhanh.<\/li>\n<\/ul>","protected":false},"excerpt":{"rendered":"<p>Cho ph\u00e9p k\u1ebft n\u1ed1i c\u00e1c thi\u1ebft b\u1ecb USB-C nh\u01b0 \u0111i\u1ec7n tho\u1ea1i th\u00f4ng minh, m\u00e1y t\u00ednh b\u1ea3ng v\u00e0 m\u00e1y t\u00ednh x\u00e1ch tay v\u1edbi c\u1ed5ng USB-A c\u0169 h\u01a1n c\u00f3 tr\u00ean nhi\u1ec1u b\u1ed9 s\u1ea1c v\u00e0 m\u00e1y t\u00ednh.<\/p>\n<p>Th\u01b0\u1eddng \u0111\u01b0\u1ee3c s\u1eed d\u1ee5ng \u0111\u1ec3 s\u1ea1c c\u00e1c thi\u1ebft b\u1ecb v\u00e0 truy\u1ec1n d\u1eef li\u1ec7u gi\u1eefa c\u00e1c thi\u1ebft b\u1ecb c\u00f3 lo\u1ea1i c\u1ed5ng USB kh\u00e1c nhau.<\/p>","protected":false},"featured_media":5884,"comment_status":"closed","ping_status":"closed","template":"","meta":{"rank_math_lock_modified_date":false,"site-sidebar-layout":"default","site-content-layout":"default","ast-site-content-layout":"default","site-content-style":"default","site-sidebar-style":"default","ast-global-header-display":"","ast-banner-title-visibility":"","ast-main-header-display":"","ast-hfb-above-header-display":"","ast-hfb-below-header-display":"","ast-hfb-mobile-header-display":"","site-post-title":"","ast-breadcrumbs-content":"","ast-featured-img":"","footer-sml-layout":"","ast-disable-related-posts":"","theme-transparent-header-meta":"default","adv-header-id-meta":"","stick-header-meta":"","header-above-stick-meta":"","header-main-stick-meta":"","header-below-stick-meta":"","astra-migrate-meta-layouts":"set","ast-page-background-enabled":"default","ast-page-background-meta":{"desktop":{"background-color":"","background-image":"","background-repeat":"repeat","background-position":"center center","background-size":"auto","background-attachment":"scroll","background-type":"","background-media":"","overlay-type":"","overlay-color":"","overlay-opacity":"","overlay-gradient":""},"tablet":{"background-color":"","background-image":"","background-repeat":"repeat","background-position":"center center","background-size":"auto","background-attachment":"scroll","background-type":"","background-media":"","overlay-type":"","overlay-color":"","overlay-opacity":"","overlay-gradient":""},"mobile":{"background-color":"","background-image":"","background-repeat":"repeat","background-position":"center center","background-size":"auto","background-attachment":"scroll","background-type":"","background-media":"","overlay-type":"","overlay-color":"","overlay-opacity":"","overlay-gradient":""}},"ast-content-background-meta":{"desktop":{"background-color":"var(--ast-global-color-5)","background-image":"","background-repeat":"repeat","background-position":"center center","background-size":"auto","background-attachment":"scroll","background-type":"","background-media":"","overlay-type":"","overlay-color":"","overlay-opacity":"","overlay-gradient":""},"tablet":{"background-color":"var(--ast-global-color-5)","background-image":"","background-repeat":"repeat","background-position":"center center","background-size":"auto","background-attachment":"scroll","background-type":"","background-media":"","overlay-type":"","overlay-color":"","overlay-opacity":"","overlay-gradient":""},"mobile":{"background-color":"var(--ast-global-color-5)","background-image":"","background-repeat":"repeat","background-position":"center center","background-size":"auto","background-attachment":"scroll","background-type":"","background-media":"","overlay-type":"","overlay-color":"","overlay-opacity":"","overlay-gradient":""}}},"product_cat":[60],"product_tag":[],"class_list":{"0":"post-5883","1":"product","2":"type-product","3":"status-publish","4":"has-post-thumbnail","6":"product_cat-usb-cable","7":"desktop-align-center","8":"tablet-align-center","9":"mobile-align-center","11":"first","12":"instock","13":"shipping-taxable","14":"product-type-simple"},"_links":{"self":[{"href":"https:\/\/imiapower.com\/vi\/wp-json\/wp\/v2\/product\/5883","targetHints":{"allow":["GET"]}}],"collection":[{"href":"https:\/\/imiapower.com\/vi\/wp-json\/wp\/v2\/product"}],"about":[{"href":"https:\/\/imiapower.com\/vi\/wp-json\/wp\/v2\/types\/product"}],"replies":[{"embeddable":true,"href":"https:\/\/imiapower.com\/vi\/wp-json\/wp\/v2\/comments?post=5883"}],"version-history":[{"count":2,"href":"https:\/\/imiapower.com\/vi\/wp-json\/wp\/v2\/product\/5883\/revisions"}],"predecessor-version":[{"id":8153,"href":"https:\/\/imiapower.com\/vi\/wp-json\/wp\/v2\/product\/5883\/revisions\/8153"}],"wp:featuredmedia":[{"embeddable":true,"href":"https:\/\/imiapower.com\/vi\/wp-json\/wp\/v2\/media\/5884"}],"wp:attachment":[{"href":"https:\/\/imiapower.com\/vi\/wp-json\/wp\/v2\/media?parent=5883"}],"wp:term":[{"taxonomy":"product_cat","embeddable":true,"href":"https:\/\/imiapower.com\/vi\/wp-json\/wp\/v2\/product_cat?post=5883"},{"taxonomy":"product_tag","embeddable":true,"href":"https:\/\/imiapower.com\/vi\/wp-json\/wp\/v2\/product_tag?post=5883"}],"curies":[{"name":"trang web","href":"https:\/\/api.w.org\/{rel}","templated":true}]}}